{"id":1222,"date":"2021-10-11T13:14:15","date_gmt":"2021-10-11T13:14:15","guid":{"rendered":"https:\/\/legalexits.com\/terms-and-conditions\/"},"modified":"2021-10-11T13:14:15","modified_gmt":"2021-10-11T13:14:15","slug":"terms-and-conditions","status":"publish","type":"page","link":"https:\/\/legalexits.com\/de\/terms-and-conditions\/","title":{"rendered":"Gesch\u00e4ftsbedingungen"},"content":{"rendered":"<h1>Timeshare Legal verl\u00e4sst die Nutzungsbedingungen des Partnerprogramms<\/h1>\n<h2>Zustimmung<\/h2>\n<p>Indem Sie sich als Partner im Timeshare Legal Exits-Partnerprogramm (\u201eProgramm\u201c) anmelden, stimmen Sie zu, an die folgenden Bedingungen (\u201eNutzungsbedingungen\u201c) gebunden zu sein.<\/p>\n<p><strong>Rechtliche Ausg\u00e4nge von Timesharing<\/strong> beh\u00e4lt sich das Recht vor, die Nutzungsbedingungen von Zeit zu Zeit ohne Vorank\u00fcndigung zu aktualisieren und zu \u00e4ndern. Alle neuen Funktionen, die das aktuelle Programm erweitern oder verbessern, einschlie\u00dflich der Ver\u00f6ffentlichung neuer Tools und Ressourcen, unterliegen den Nutzungsbedingungen. Die fortgesetzte Nutzung des Programms nach solchen \u00c4nderungen stellt Ihre Zustimmung zu diesen \u00c4nderungen dar.<\/p>\n<p>Ein Versto\u00df gegen eine der nachstehenden Bedingungen f\u00fchrt zur K\u00fcndigung Ihres Kontos und zum Verfall aller ausstehenden Affiliate-Provisionszahlungen, die w\u00e4hrend des Versto\u00dfes verdient wurden. Sie stimmen zu, das Partnerprogramm auf eigene Gefahr zu nutzen.<\/p>\n<h2>Kontobedingungen<\/h2>\n<ul>\n<li>Sie m\u00fcssen mindestens 18 Jahre alt sein, um an diesem Programm teilnehmen zu k\u00f6nnen.<\/li>\n<li>Sie m\u00fcssen in den Vereinigten Staaten leben, um Partner zu werden.<\/li>\n<li>Du musst ein Mensch sein. Konten, die von \u201eBots\u201c oder anderen automatisierten Methoden registriert wurden, sind nicht zul\u00e4ssig.<\/li>\n<li>Sie m\u00fcssen Ihren rechtsg\u00fcltigen vollst\u00e4ndigen Namen, eine g\u00fcltige E-Mail-Adresse und alle anderen angeforderten Informationen angeben, um den Anmeldevorgang abzuschlie\u00dfen.<\/li>\n<li>Ihr Login darf nur von einer Person verwendet werden \u2013 ein einziges Login, das von mehreren Personen geteilt wird, ist nicht zul\u00e4ssig.<\/li>\n<li>Sie sind f\u00fcr die Aufrechterhaltung der Sicherheit Ihres Kontos und Passworts verantwortlich. <strong>Rechtliche Ausg\u00e4nge von Timesharing<\/strong> kann und wird nicht f\u00fcr Verluste oder Sch\u00e4den haftbar gemacht, die dadurch entstehen, dass Sie dieser Sicherheitsverpflichtung nicht nachkommen.<\/li>\n<li>Sie sind f\u00fcr alle unter Ihrem Konto geposteten Inhalte und Aktivit\u00e4ten verantwortlich.<\/li>\n<li>Eine nat\u00fcrliche oder juristische Person darf nicht mehr als ein Konto unterhalten.<\/li>\n<li>Sie d\u00fcrfen das Partnerprogramm nicht f\u00fcr illegale oder nicht autorisierte Zwecke verwenden. Sie d\u00fcrfen bei der Nutzung des Dienstes keine Gesetze in Ihrer Gerichtsbarkeit verletzen (einschlie\u00dflich, aber nicht beschr\u00e4nkt auf Urheberrechtsgesetze).<\/li>\n<li>Sie d\u00fcrfen das Partnerprogramm nicht nutzen, um selbst Geld zu verdienen <strong>Rechtliche Ausg\u00e4nge von Timesharing<\/strong> Produktkonten.<\/li>\n<\/ul>\n<h2>Links\/Grafiken auf Ihrer Website, in Ihren E-Mails oder anderen Mitteilungen<\/h2>\n<p>Sobald Sie sich f\u00fcr das Partnerprogramm angemeldet haben, wird Ihnen ein eindeutiger Partnercode zugewiesen. Sie d\u00fcrfen Links, Banner oder andere Grafiken, die wir mit Ihrem Partnercode bereitstellen, auf Ihrer Website, in Ihren E-Mails oder in anderen Mitteilungen platzieren. Wir stellen Ihnen Richtlinien, Linkstile und Grafiken zur Verf\u00fcgung, die Sie beim Verlinken verwenden k\u00f6nnen <strong>Rechtliche Ausg\u00e4nge von Timesharing<\/strong>. Wir k\u00f6nnen das Design des Bildmaterials jederzeit ohne Vorank\u00fcndigung \u00e4ndern, aber wir werden die Abmessungen der Bilder nicht ohne vorherige Ank\u00fcndigung \u00e4ndern.<\/p>\n<p>Um eine genaue Nachverfolgung, Berichterstellung und Anrechnung von Vermittlungsgeb\u00fchren zu erm\u00f6glichen, stellen wir Ihnen spezielle Linkformate zur Verf\u00fcgung, die in allen Links zwischen Ihrer Website und dem verwendet werden <strong>Rechtliche Ausg\u00e4nge von Timesharing<\/strong>. Sie m\u00fcssen sicherstellen, dass jeder der Links zwischen Ihrer Website und der <strong>Rechtliche Ausg\u00e4nge von Timesharing<\/strong> verwendet solche speziellen Linkformate richtig. Links zu den <strong>Rechtliche Ausg\u00e4nge von Timesharing<\/strong> die gem\u00e4\u00df dieser Vereinbarung auf Ihrer Website platziert werden und die solche speziellen Linkformate ordnungsgem\u00e4\u00df verwenden, werden als \u201eSpezielle Links\u201c bezeichnet. Sie verdienen Empfehlungsgeb\u00fchren nur in Bezug auf Verk\u00e4ufe auf a <strong>Rechtliche Ausg\u00e4nge von Timesharing<\/strong> Produkt, das direkt \u00fcber spezielle Links auftritt; Wir haften Ihnen gegen\u00fcber nicht f\u00fcr ein Vers\u00e4umnis von Ihnen oder jemandem, den Sie verweisen, spezielle Links zu verwenden oder Ihren Affiliate-Code falsch einzugeben, einschlie\u00dflich in dem Umfang, in dem ein solches Vers\u00e4umnis zu einer Verringerung der Betr\u00e4ge f\u00fchren kann, die andernfalls an Sie gezahlt w\u00fcrden gem\u00e4\u00df dieser Vereinbarung.<\/p>\n<p>Affiliate-Links sollten auf die Seite des beworbenen Produkts verweisen.<\/p>\n<h2>Empfehlungsgeb\u00fchren\/Provisionen und Zahlung<\/h2>\n<p>Damit ein Produktverkauf berechtigt ist, eine Empfehlungsgeb\u00fchr zu verdienen, muss der Kunde auf einen speziellen Link von Ihrer Website, E-Mail oder anderen Mitteilungen klicken <strong>https:\/\/legalexits.com<\/strong> und w\u00e4hrend dieser Sitzung eine Bestellung f\u00fcr ein Produkt abschlie\u00dfen.<\/p>\n<p>Wir zahlen nur Provisionen f\u00fcr Links, die von unseren Systemen automatisch verfolgt und gemeldet werden. Wir zahlen keine Provisionen, wenn jemand sagt, dass er gekauft hat, oder jemand sagt, dass er einen Empfehlungscode eingegeben hat, der nicht von unserem System verfolgt wurde. Wir k\u00f6nnen nur Provisionen f\u00fcr Gesch\u00e4fte zahlen, die durch ordnungsgem\u00e4\u00df formatierte spezielle Links generiert wurden, die von unseren Systemen automatisch verfolgt wurden.<\/p>\n<p>Wir behalten uns das Recht vor, Provisionen zu disqualifizieren, die durch betr\u00fcgerische, illegale oder \u00fcberm\u00e4\u00dfig aggressive, fragw\u00fcrdige Verkaufs- oder Marketingmethoden verdient wurden.<\/p>\n<p>Zahlungen beginnen erst, wenn Sie mehr als verdient haben <strong>$20<\/strong> im Affiliate-Einkommen. Wenn Ihr Affiliate-Konto die <strong>$20<\/strong> Schwelle, werden Ihre Provisionen nicht realisiert oder ausgezahlt. Wir sind nur f\u00fcr die Zahlung von Konten verantwortlich, die die \u00fcberschritten haben <strong>$20<\/strong> Schwelle.<\/p>\n<h2>Identifizieren Sie sich als Timeshare Legal Exits Affiliate<\/h2>\n<p>Sie d\u00fcrfen keine Pressemitteilung in Bezug auf diese Vereinbarung oder Ihre Teilnahme am Programm herausgeben; eine solche Handlung kann dazu f\u00fchren, dass Sie das Programm beenden. Dar\u00fcber hinaus d\u00fcrfen Sie die Beziehung zwischen uns und Ihnen in keiner Weise falsch darstellen oder versch\u00f6nern, sagen, dass Sie unsere Produkte entwickeln, sagen, dass Sie ein Teil davon sind <strong>Rechtliche Ausg\u00e4nge von Timesharing<\/strong> oder eine Beziehung oder Zugeh\u00f6rigkeit zwischen uns und Ihnen oder einer anderen nat\u00fcrlichen oder juristischen Person ausdr\u00fccken oder implizieren, es sei denn, dies ist ausdr\u00fccklich durch diese Vereinbarung gestattet (einschlie\u00dflich des ausdr\u00fccklichen oder impliziten, dass wir eine Wohlt\u00e4tigkeitsorganisation oder einen anderen Zweck unterst\u00fctzen, sponsern, unterst\u00fctzen oder Geld daf\u00fcr spenden).<\/p>\n<p>Sie d\u00fcrfen keine Produkte \u00fcber Ihre Affiliate-Links f\u00fcr Ihren eigenen Gebrauch kaufen. Solche K\u00e4ufe k\u00f6nnen (nach unserem alleinigen Ermessen) zur Einbehaltung von Vermittlungsgeb\u00fchren und\/oder zur K\u00fcndigung dieser Vereinbarung f\u00fchren.<\/p>\n<h2>Zahlungsplan<\/h2>\n<p>Solange Ihre aktuellen Affiliate-Einnahmen vorbei sind <strong>$20<\/strong>, werden Sie jeden Monat bezahlt. Wenn Sie nicht verdient haben <strong>$20<\/strong> seit Ihrer letzten Zahlung zahlen wir Ihnen im folgenden Monat, nachdem Sie den Grenzbetrag \u00fcberschritten haben.<\/p>\n<h2>Kundendefinition<\/h2>\n<p>Kunden, die Produkte \u00fcber dieses Programm kaufen, gelten als unsere Kunden. Dementsprechend gelten alle unsere Regeln, Richtlinien und Betriebsverfahren in Bezug auf Kundenbestellungen, Kundenservice und Produktverk\u00e4ufe f\u00fcr diese Kunden. Wir k\u00f6nnen unsere Richtlinien und Betriebsverfahren jederzeit \u00e4ndern. Beispielsweise werden wir die Preise f\u00fcr Produkte, die im Rahmen dieses Programms verkauft werden, in \u00dcbereinstimmung mit unseren eigenen Preisrichtlinien festlegen. Produktpreise und Verf\u00fcgbarkeit k\u00f6nnen von Zeit zu Zeit variieren. Da sich Preis\u00e4nderungen auf Produkte auswirken k\u00f6nnen, die Sie auf Ihrer Website aufgef\u00fchrt haben, sollten Sie keine Produktpreise auf Ihrer Website anzeigen. Wir werden wirtschaftlich vertretbare Anstrengungen unternehmen, um genaue Informationen zu pr\u00e4sentieren, aber wir k\u00f6nnen die Verf\u00fcgbarkeit oder den Preis eines bestimmten Produkts nicht garantieren.<\/p>\n<h2>deine Verantwortungen<\/h2>\n<p>Sie sind allein verantwortlich f\u00fcr die Entwicklung, den Betrieb und die Wartung Ihrer Website und f\u00fcr alle Materialien, die auf Ihrer Website erscheinen. Sie sind beispielsweise allein verantwortlich f\u00fcr:<\/p>\n<p>\u2013 Der technische Betrieb Ihres Standorts und aller zugeh\u00f6rigen Ger\u00e4te<br \/>\n\u2013 Sicherzustellen, dass die Anzeige von speziellen Links auf Ihrer Website keine Vereinbarung zwischen Ihnen und Dritten verletzt (einschlie\u00dflich, aber nicht beschr\u00e4nkt auf Einschr\u00e4nkungen oder Anforderungen, die Ihnen von einem Dritten auferlegt werden, der Ihre Website hostet)<br \/>\n\u2013 Die Genauigkeit, Wahrheit und Angemessenheit der auf Ihrer Website ver\u00f6ffentlichten Materialien (einschlie\u00dflich unter anderem aller produktbezogenen Materialien und aller Informationen, die Sie in spezielle Links aufnehmen oder mit diesen verkn\u00fcpfen)<br \/>\n\u2013 Sicherstellen, dass auf Ihrer Website ver\u00f6ffentlichte Materialien nicht die Rechte Dritter verletzen oder verletzen (einschlie\u00dflich beispielsweise Urheberrechte, Marken, Datenschutz oder andere pers\u00f6nliche oder Eigentumsrechte)<br \/>\n\u2013 Sicherstellen, dass auf Ihrer Website ver\u00f6ffentlichte Materialien nicht verleumderisch oder anderweitig illegal sind<br \/>\n\u2013 Sicherstellen, dass Ihre Website entweder durch eine Datenschutzrichtlinie oder auf andere Weise genau und angemessen offenlegt, wie Sie von Besuchern gesammelte Daten sammeln, verwenden, speichern und offenlegen, einschlie\u00dflich, falls zutreffend, dass Dritte (einschlie\u00dflich Werbetreibende) Inhalte bereitstellen und\/ oder Werbung und sammeln Informationen direkt von Besuchern und k\u00f6nnen Cookies in den Browsern der Besucher platzieren oder erkennen.<\/p>\n<h2>Einhaltung von Gesetzen<\/h2>\n<p>Als Bedingung f\u00fcr Ihre Teilnahme am Programm stimmen Sie zu, dass Sie als Programmteilnehmer alle Gesetze, Verordnungen, Regeln, Vorschriften, Anordnungen, Lizenzen, Genehmigungen, Urteile, Entscheidungen oder sonstigen Anforderungen einer Regierungsbeh\u00f6rde einhalten werden Gerichtsbarkeit \u00fcber Sie, unabh\u00e4ngig davon, ob diese Gesetze usw. jetzt in Kraft sind oder sp\u00e4ter w\u00e4hrend der Zeit, in der Sie Programmteilnehmer sind, in Kraft treten. Ohne die vorstehende Verpflichtung einzuschr\u00e4nken, erkl\u00e4ren Sie sich damit einverstanden, dass Sie als Bedingung f\u00fcr Ihre Teilnahme am Programm alle geltenden Gesetze (Bundes-, Landes- oder sonstige) einhalten, die Marketing-E-Mails regeln, einschlie\u00dflich, aber nicht beschr\u00e4nkt auf den CAN-SPAM Act von 2003 und alle andere Anti-Spam-Gesetze.<\/p>\n<h2>Laufzeit der Vereinbarung und des Programms<\/h2>\n<p>Die Laufzeit dieser Vereinbarung beginnt mit unserer Annahme Ihres Programmantrags und endet, wenn sie von einer der Parteien gek\u00fcndigt wird. Sowohl Sie als auch wir k\u00f6nnen diese Vereinbarung jederzeit mit oder ohne Angabe von Gr\u00fcnden k\u00fcndigen, indem Sie die andere Partei schriftlich k\u00fcndigen. Bei Beendigung dieser Vereinbarung aus irgendeinem Grund werden Sie die Nutzung unverz\u00fcglich einstellen und alle Links zu dieser Website von Ihrer Website entfernen <strong>https:\/\/legalexits.com<\/strong>, und alle unsere Marken, Handelsaufmachungen und Logos sowie alle anderen Materialien, die Ihnen von uns oder in unserem Namen gem\u00e4\u00df diesem Vertrag oder in Verbindung mit dem Programm zur Verf\u00fcgung gestellt werden. <strong>Rechtliche Ausg\u00e4nge von Timesharing<\/strong> beh\u00e4lt sich das Recht vor, das Programm jederzeit zu beenden. Bei Beendigung des Programms <strong>Rechtliche Ausg\u00e4nge von Timesharing<\/strong> zahlt alle ausstehenden Einnahmen, die oben aufgelaufen sind <strong>$20<\/strong>.<\/p>\n<h2>Beendigung<\/h2>\n<p><strong>Rechtliche Ausg\u00e4nge von Timesharing<\/strong>hat nach eigenem Ermessen das Recht, Ihr Konto zu sperren oder zu k\u00fcndigen und jede aktuelle oder zuk\u00fcnftige Nutzung des Programms oder andere zu verweigern <strong>Rechtliche Ausg\u00e4nge von Timesharing<\/strong> Service, aus welchem Grund auch immer. Eine solche Beendigung des Dienstes f\u00fchrt zur Deaktivierung oder L\u00f6schung Ihres Kontos oder Ihres Zugriffs auf Ihr Konto und zum Verfall und Verzicht auf alle potenziellen oder noch zu zahlenden Provisionen in Ihrem Konto, wenn sie durch betr\u00fcgerische, illegale oder \u00fcberm\u00e4\u00dfig aggressive, fragw\u00fcrdige Verkaufs- oder Marketingmethoden. <strong>Rechtliche Ausg\u00e4nge von Timesharing<\/strong> beh\u00e4lt sich das Recht vor, den Service jederzeit und ohne Angabe von Gr\u00fcnden zu verweigern.<\/p>\n<h2>Beziehung der Parteien<\/h2>\n<p>Sie und wir sind unabh\u00e4ngige Vertragspartner, und nichts in dieser Vereinbarung begr\u00fcndet eine Partnerschaft, ein Joint Venture, eine Agentur, ein Franchise, einen Handelsvertreter oder ein Arbeitsverh\u00e4ltnis zwischen den Parteien. Sie sind nicht befugt, Angebote oder Zusicherungen in unserem Namen zu machen oder anzunehmen. Sie werden keine Aussage machen, weder auf Ihrer Website noch anderweitig, die vern\u00fcnftigerweise irgendetwas in diesem Abschnitt widersprechen w\u00fcrde.<\/p>\n<h2>Haftungsbeschr\u00e4nkungen<\/h2>\n<p>Wir haften nicht f\u00fcr indirekte, spezielle oder Folgesch\u00e4den (oder Umsatz-, Gewinn- oder Datenverluste), die im Zusammenhang mit dieser Vereinbarung oder dem Programm entstehen, selbst wenn wir auf die M\u00f6glichkeit solcher Sch\u00e4den hingewiesen wurden. Dar\u00fcber hinaus \u00fcbersteigt unsere Gesamthaftung, die sich in Bezug auf diese Vereinbarung und das Programm ergibt, nicht die gesamten Empfehlungsgeb\u00fchren, die gem\u00e4\u00df dieser Vereinbarung an Sie gezahlt oder zu zahlen sind.<\/p>\n<h2>Haftungsausschl\u00fcsse<\/h2>\n<p>Wir geben keine ausdr\u00fccklichen oder stillschweigenden Gew\u00e4hrleistungen oder Zusicherungen in Bezug auf das Programm oder Produkte, die \u00fcber das Programm verkauft werden (einschlie\u00dflich, aber nicht beschr\u00e4nkt auf Gew\u00e4hrleistungen der Eignung, Marktg\u00e4ngigkeit, Nichtverletzung von Rechten Dritter oder stillschweigende Gew\u00e4hrleistungen, die sich aus einem Leistungsverlauf, Handel oder Handelsbrauch). Dar\u00fcber hinaus machen wir keine Zusicherung, dass der Betrieb der <strong>Rechtliche Ausg\u00e4nge von Timesharing<\/strong> ununterbrochen oder fehlerfrei sein, und wir haften nicht f\u00fcr die Folgen von Unterbrechungen oder Fehlern.<\/p>\n<h2>Unabh\u00e4ngige Untersuchung<\/h2>\n<p>SIE BEST\u00c4TIGEN, DASS SIE DIESE VEREINBARUNG GELESEN HABEN UND ALLEN IHREN BEDINGUNGEN ZUSTIMMEN. SIE ERKENNEN AN, DASS WIR JEDERZEIT (DIREKT ODER INDIREKT) EMPFEHLUNGEN VON KUNDEN ZU BEDINGUNGEN EINHOLEN K\u00d6NNEN, DIE VON DEN IN DIESER VEREINBARUNG ENTHALTENEN BEDINGUNGEN ABWEICHEN K\u00d6NNEN ODER WEBSEITEN BETREIBEN, DIE IHRER WEBSITE \u00c4HNLICH ODER MIT IHRER WEBSITE KONKURRENZIEREN. SIE HABEN UNABH\u00c4NGIG DIE W\u00dcNSCHLICHKEIT DER TEILNAHME AN DEM PROGRAMM BEWERTET UND VERLASSEN SICH AUF KEINE ANDEREN ZUSICHERUNGEN, GARANTIEN ODER ERKL\u00c4RUNGEN ALS DIE IN DIESER VEREINBARUNG FESTGELEGTEN.<\/p>\n<h2>Schiedsverfahren<\/h2>\n<p>Alle Streitigkeiten im Zusammenhang mit dieser Vereinbarung (einschlie\u00dflich tats\u00e4chlicher oder angeblicher Verletzungen dieser Vereinbarung), Transaktionen oder Aktivit\u00e4ten im Rahmen dieser Vereinbarung oder Ihrer Beziehung zu uns oder einem unserer verbundenen Unternehmen werden einem vertraulichen Schiedsverfahren unterzogen, au\u00dfer in dem Umfang, in dem Sie unsere Rechte an geistigem Eigentum in irgendeiner Weise verletzt oder zu verletzen drohten, k\u00f6nnen wir eine einstweilige Verf\u00fcgung oder einen anderen angemessenen Rechtsbehelf bei jedem staatlichen oder bundesstaatlichen Gericht (und Sie stimmen der nicht ausschlie\u00dflichen Zust\u00e4ndigkeit und dem Gerichtsstand in diesen Gerichten zu) oder jedem anderen zust\u00e4ndigen Gericht beantragen . Schiedsverfahren im Rahmen dieser Vereinbarung werden nach den jeweils geltenden Regeln der American Arbitration Association durchgef\u00fchrt. Der Schiedsspruch ist bindend und kann als Urteil bei jedem zust\u00e4ndigen Gericht eingetragen werden. Soweit nach geltendem Recht zul\u00e4ssig, darf kein Schiedsverfahren im Rahmen dieser Vereinbarung mit einem Schiedsverfahren verbunden werden, an dem eine andere Partei, die dieser Vereinbarung unterliegt, beteiligt ist, sei es durch ein Sammelschiedsverfahren oder auf andere Weise.<\/p>\n<h2>Sonstig<\/h2>\n<p>Diese Vereinbarung unterliegt den Gesetzen der Vereinigten Staaten von Amerika, ohne Bezugnahme auf Vorschriften zur Rechtswahl. Sie d\u00fcrfen diese Vereinbarung ohne unsere vorherige schriftliche Zustimmung weder kraft Gesetzes noch anderweitig abtreten. Vorbehaltlich dieser Einschr\u00e4nkung ist diese Vereinbarung f\u00fcr die Parteien und ihre jeweiligen Rechtsnachfolger und Abtretungsempf\u00e4nger bindend, kommt ihnen zugute und ist gegen sie durchsetzbar. Unser Vers\u00e4umnis, Ihre strenge Einhaltung einer Bestimmung dieser Vereinbarung durchzusetzen, stellt keinen Verzicht auf unser Recht dar, diese Bestimmung oder eine andere Bestimmung dieser Vereinbarung nachtr\u00e4glich durchzusetzen.<\/p>\n<p>Das Scheitern von <strong>Rechtliche Ausg\u00e4nge von Timesharing<\/strong> ein Recht oder eine Bestimmung der Nutzungsbedingungen auszu\u00fcben oder durchzusetzen, stellt keinen Verzicht auf dieses Recht oder diese Bestimmung dar. Die Nutzungsbedingungen stellen die gesamte Vereinbarung zwischen Ihnen und dar <strong>Rechtliche Ausg\u00e4nge von Timesharing<\/strong> und regeln Ihre Nutzung des Dienstes und ersetzen alle vorherigen Vereinbarungen zwischen Ihnen und <strong>Rechtliche Ausg\u00e4nge von Timesharing<\/strong> (einschlie\u00dflich, aber nicht beschr\u00e4nkt auf fr\u00fchere Versionen der Nutzungsbedingungen).<\/p>","protected":false},"excerpt":{"rendered":"<p>Nutzungsbedingungen des Timeshare Legal Exits-Partnerprogramms Indem Sie sich als Partner im Timeshare Legal Exits-Partnerprogramm (\u201eProgramm\u201c) anmelden, erkl\u00e4ren Sie sich mit den folgenden Bedingungen (\u201eNutzungsbedingungen\u201c) einverstanden. Timeshare Legal Exits beh\u00e4lt sich das Recht vor, die Nutzungsbedingungen von Zeit zu Zeit zu aktualisieren und zu \u00e4ndern\u2026<\/p>","protected":false},"author":12,"featured_media":0,"parent":0,"menu_order":0,"comment_status":"closed","ping_status":"closed","template":"","meta":{"ngg_post_thumbnail":0,"footnotes":""},"class_list":["post-1222","page","type-page","status-publish","hentry"],"yoast_head":"<!-- This site is optimized with the Yoast SEO plugin v26.8 - https:\/\/yoast.com\/product\/yoast-seo-wordpress\/ -->\n<title>Terms and Conditions - Timeshare Legal Exits<\/title>\n<meta name=\"robots\" content=\"index, follow, max-snippet:-1, max-image-preview:large, max-video-preview:-1\" \/>\n<link rel=\"canonical\" href=\"https:\/\/legalexits.com\/de\/terms-and-conditions\/\" \/>\n<meta property=\"og:locale\" content=\"de_DE\" \/>\n<meta property=\"og:type\" content=\"article\" \/>\n<meta property=\"og:title\" content=\"Terms and Conditions - Timeshare Legal Exits\" \/>\n<meta property=\"og:description\" content=\"Timeshare Legal Exits Affiliate Program Terms of Service Agreement By signing up to be an Affiliate in the Timeshare Legal Exits Affiliate Program (&#8220;Program&#8221;) you are agreeing to be bound by the following terms and conditions (&#8220;Terms of Service&#8221;). Timeshare Legal Exits reserves the right to update and change the Terms of Service from time...\" \/>\n<meta property=\"og:url\" content=\"https:\/\/legalexits.com\/de\/terms-and-conditions\/\" \/>\n<meta property=\"og:site_name\" content=\"Timeshare Legal Exits\" \/>\n<meta name=\"twitter:card\" content=\"summary_large_image\" \/>\n<meta name=\"twitter:label1\" content=\"Gesch\u00e4tzte Lesezeit\" \/>\n\t<meta name=\"twitter:data1\" content=\"11\u00a0Minuten\" \/>\n<script type=\"application\/ld+json\" class=\"yoast-schema-graph\">{\"@context\":\"https:\/\/schema.org\",\"@graph\":[{\"@type\":\"WebPage\",\"@id\":\"https:\/\/legalexits.com\/sv\/terms-and-conditions\/\",\"url\":\"https:\/\/legalexits.com\/sv\/terms-and-conditions\/\",\"name\":\"Terms and Conditions - Timeshare Legal Exits\",\"isPartOf\":{\"@id\":\"https:\/\/legalexits.com\/#website\"},\"datePublished\":\"2021-10-11T13:14:15+00:00\",\"breadcrumb\":{\"@id\":\"https:\/\/legalexits.com\/sv\/terms-and-conditions\/#breadcrumb\"},\"inLanguage\":\"de\",\"potentialAction\":[{\"@type\":\"ReadAction\",\"target\":[\"https:\/\/legalexits.com\/sv\/terms-and-conditions\/\"]}]},{\"@type\":\"BreadcrumbList\",\"@id\":\"https:\/\/legalexits.com\/sv\/terms-and-conditions\/#breadcrumb\",\"itemListElement\":[{\"@type\":\"ListItem\",\"position\":1,\"name\":\"Home\",\"item\":\"https:\/\/legalexits.com\/\"},{\"@type\":\"ListItem\",\"position\":2,\"name\":\"Terms and Conditions\"}]},{\"@type\":\"WebSite\",\"@id\":\"https:\/\/legalexits.com\/#website\",\"url\":\"https:\/\/legalexits.com\/\",\"name\":\"Timeshare Legal Exits\",\"description\":\"Relinquishing timeshare contracts legally\",\"potentialAction\":[{\"@type\":\"SearchAction\",\"target\":{\"@type\":\"EntryPoint\",\"urlTemplate\":\"https:\/\/legalexits.com\/?s={search_term_string}\"},\"query-input\":{\"@type\":\"PropertyValueSpecification\",\"valueRequired\":true,\"valueName\":\"search_term_string\"}}],\"inLanguage\":\"de\"}]}<\/script>\n<!-- \/ Yoast SEO plugin. -->","yoast_head_json":{"title":"Allgemeine Gesch\u00e4ftsbedingungen - Rechtliche Ausg\u00e4nge von Teilzeitnutzungsrechten","robots":{"index":"index","follow":"follow","max-snippet":"max-snippet:-1","max-image-preview":"max-image-preview:large","max-video-preview":"max-video-preview:-1"},"canonical":"https:\/\/legalexits.com\/de\/terms-and-conditions\/","og_locale":"de_DE","og_type":"article","og_title":"Terms and Conditions - Timeshare Legal Exits","og_description":"Timeshare Legal Exits Affiliate Program Terms of Service Agreement By signing up to be an Affiliate in the Timeshare Legal Exits Affiliate Program (&#8220;Program&#8221;) you are agreeing to be bound by the following terms and conditions (&#8220;Terms of Service&#8221;). Timeshare Legal Exits reserves the right to update and change the Terms of Service from time...","og_url":"https:\/\/legalexits.com\/de\/terms-and-conditions\/","og_site_name":"Timeshare Legal Exits","twitter_card":"summary_large_image","twitter_misc":{"Gesch\u00e4tzte Lesezeit":"11\u00a0Minuten"},"schema":{"@context":"https:\/\/schema.org","@graph":[{"@type":"WebPage","@id":"https:\/\/legalexits.com\/sv\/terms-and-conditions\/","url":"https:\/\/legalexits.com\/sv\/terms-and-conditions\/","name":"Allgemeine Gesch\u00e4ftsbedingungen - Rechtliche Ausg\u00e4nge von Teilzeitnutzungsrechten","isPartOf":{"@id":"https:\/\/legalexits.com\/#website"},"datePublished":"2021-10-11T13:14:15+00:00","breadcrumb":{"@id":"https:\/\/legalexits.com\/sv\/terms-and-conditions\/#breadcrumb"},"inLanguage":"de","potentialAction":[{"@type":"ReadAction","target":["https:\/\/legalexits.com\/sv\/terms-and-conditions\/"]}]},{"@type":"BreadcrumbList","@id":"https:\/\/legalexits.com\/sv\/terms-and-conditions\/#breadcrumb","itemListElement":[{"@type":"ListItem","position":1,"name":"Home","item":"https:\/\/legalexits.com\/"},{"@type":"ListItem","position":2,"name":"Terms and Conditions"}]},{"@type":"WebSite","@id":"https:\/\/legalexits.com\/#website","url":"https:\/\/legalexits.com\/","name":"Rechtliche Ausg\u00e4nge von Timesharing","description":"Rechtliche K\u00fcndigung von Timesharing-Vertr\u00e4gen","potentialAction":[{"@type":"SearchAction","target":{"@type":"EntryPoint","urlTemplate":"https:\/\/legalexits.com\/?s={search_term_string}"},"query-input":{"@type":"PropertyValueSpecification","valueRequired":true,"valueName":"search_term_string"}}],"inLanguage":"de"}]}},"_links":{"self":[{"href":"https:\/\/legalexits.com\/de\/wp-json\/wp\/v2\/pages\/1222","targetHints":{"allow":["GET"]}}],"collection":[{"href":"https:\/\/legalexits.com\/de\/wp-json\/wp\/v2\/pages"}],"about":[{"href":"https:\/\/legalexits.com\/de\/wp-json\/wp\/v2\/types\/page"}],"author":[{"embeddable":true,"href":"https:\/\/legalexits.com\/de\/wp-json\/wp\/v2\/users\/12"}],"replies":[{"embeddable":true,"href":"https:\/\/legalexits.com\/de\/wp-json\/wp\/v2\/comments?post=1222"}],"version-history":[{"count":0,"href":"https:\/\/legalexits.com\/de\/wp-json\/wp\/v2\/pages\/1222\/revisions"}],"wp:attachment":[{"href":"https:\/\/legalexits.com\/de\/wp-json\/wp\/v2\/media?parent=1222"}],"curies":[{"name":"wp","href":"https:\/\/api.w.org\/{rel}","templated":true}]}}