{"id":1764,"date":"2022-05-13T15:11:41","date_gmt":"2022-05-13T15:11:41","guid":{"rendered":"https:\/\/legalexits.com\/?page_id=1764"},"modified":"2022-05-19T13:58:05","modified_gmt":"2022-05-19T13:58:05","slug":"free-consultation-of-exit-options","status":"publish","type":"page","link":"https:\/\/legalexits.com\/de\/free-consultation-of-exit-options\/","title":{"rendered":""},"content":{"rendered":"\n<div style=\"height:100px\" aria-hidden=\"true\" class=\"wp-block-spacer\"><\/div>\n\n\n\n<!-- Calendly inline widget begin -->\n<div class=\"calendly-inline-widget\" data-url=\"https:\/\/calendly.com\/legalexits\/free-consultation-of-exit-options\" style=\"min-width:320px;height:670px;\"><\/div>\n<script type=\"text\/javascript\" src=\"https:\/\/assets.calendly.com\/assets\/external\/widget.js\" async=\"\"><\/script>\n<!-- Calendly inline widget end -->\n\n\n\n<!DOCTYPE html>\n<html>\n<head>\n<style>\n#contactform {\n  color: black;\n  text-align: center;\n}\n<\/style>\n<\/head>\n<body>\n\n<h3 id=\"contactform\">Request a call back<\/h1>\n\n<\/body>\n<\/html>\n\n\n\n<figure class=\"wp-block-table\"><table><tbody><tr><td class=\"has-text-align-center\" data-align=\"center\"><div class=\"wpforms-container wpforms-container-full\" id=\"wpforms-1777\"><form id=\"wpforms-form-1777\" class=\"wpforms-validate wpforms-form wpforms-ajax-form\" data-formid=\"1777\" method=\"post\" enctype=\"multipart\/form-data\" action=\"\/de\/wp-json\/wp\/v2\/pages\/1764\" data-token=\"f19d9fc7f6f09a09f8698faa014c8003\" data-token-time=\"1776338827\"><noscript class=\"wpforms-error-noscript\">Bitte aktiviere JavaScript in deinem Browser, um dieses Formular fertigzustellen.<\/noscript><div class=\"wpforms-field-container\"><div id=\"wpforms-1777-field_1-container\" class=\"wpforms-field wpforms-field-name\" data-field-id=\"1\"><label class=\"wpforms-field-label\">Name <span class=\"wpforms-required-label\">*<\/span><\/label><div class=\"wpforms-field-row wpforms-field-medium\"><div class=\"wpforms-field-row-block wpforms-first wpforms-one-half\"><input type=\"text\" id=\"wpforms-1777-field_1\" class=\"wpforms-field-name-first wpforms-field-required\" name=\"wpforms[fields][1][first]\" required><label for=\"wpforms-1777-field_1\" class=\"wpforms-field-sublabel after\">Vorname<\/label><\/div><div class=\"wpforms-field-row-block wpforms-one-half\"><input type=\"text\" id=\"wpforms-1777-field_1-last\" class=\"wpforms-field-name-last wpforms-field-required\" name=\"wpforms[fields][1][last]\" required><label for=\"wpforms-1777-field_1-last\" class=\"wpforms-field-sublabel after\">Nachname<\/label><\/div><\/div><\/div><div id=\"wpforms-1777-field_2-container\" class=\"wpforms-field wpforms-field-email\" data-field-id=\"2\"><label class=\"wpforms-field-label\" for=\"wpforms-1777-field_2\">Email <span class=\"wpforms-required-label\">*<\/span><\/label><input type=\"email\" id=\"wpforms-1777-field_2\" class=\"wpforms-field-medium wpforms-field-required\" name=\"wpforms[fields][2]\" spellcheck=\"false\" required><\/div><div id=\"wpforms-1777-field_3-container\" class=\"wpforms-field wpforms-field-number\" data-field-id=\"3\"><label class=\"wpforms-field-label\" for=\"wpforms-1777-field_3\">Phone Number <span class=\"wpforms-required-label\">*<\/span><\/label><input type=\"number\" id=\"wpforms-1777-field_3\" class=\"wpforms-field-medium wpforms-field-required\" name=\"wpforms[fields][3]\" step=\"any\" required><\/div><div id=\"wpforms-1777-field_4-container\" class=\"wpforms-field wpforms-field-text\" data-field-id=\"4\"><label class=\"wpforms-field-label\" for=\"wpforms-1777-field_4\">Resort Name<\/label><input type=\"text\" id=\"wpforms-1777-field_4\" class=\"wpforms-field-medium\" name=\"wpforms[fields][4]\" ><\/div><\/div><!-- .wpforms-field-container --><div class=\"wpforms-recaptcha-container wpforms-is-recaptcha wpforms-is-recaptcha-type-v2\" ><div class=\"g-recaptcha\" data-sitekey=\"6LcQAuogAAAAANRauG_3ZrUJGKtheZ0DqRovXBRi\"><\/div><input type=\"text\" name=\"g-recaptcha-hidden\" class=\"wpforms-recaptcha-hidden\" style=\"position:absolute!important;clip:rect(0,0,0,0)!important;height:1px!important;width:1px!important;border:0!important;overflow:hidden!important;padding:0!important;margin:0!important;\" data-rule-recaptcha=\"1\"><\/div><div class=\"wpforms-submit-container\" ><input type=\"hidden\" name=\"wpforms[id]\" value=\"1777\"><input type=\"hidden\" name=\"page_title\" value=\"\"><input type=\"hidden\" name=\"page_url\" value=\"https:\/\/legalexits.com\/de\/wp-json\/wp\/v2\/pages\/1764\"><input type=\"hidden\" name=\"url_referer\" value=\"\"><button type=\"submit\" name=\"wpforms[submit]\" id=\"wpforms-submit-1777\" class=\"wpforms-submit\" data-alt-text=\"Sending...\" data-submit-text=\"Submit\" aria-live=\"assertive\" value=\"wpforms-submit\">Submit<\/button><img loading=\"lazy\" decoding=\"async\" src=\"https:\/\/legalexits.com\/wp-content\/plugins\/wpforms-lite\/assets\/images\/submit-spin.svg\" class=\"wpforms-submit-spinner\" style=\"display: none;\" width=\"26\" height=\"26\" alt=\"Wird geladen\"><\/div><\/form><\/div>  <!-- .wpforms-container --><\/td><\/tr><\/tbody><\/table><\/figure>\n","protected":false},"excerpt":{"rendered":"<p>Fordern Sie einen R\u00fcckruf an<\/p>","protected":false},"author":9,"featured_media":0,"parent":0,"menu_order":0,"comment_status":"closed","ping_status":"closed","template":"","meta":{"ngg_post_thumbnail":0,"footnotes":""},"class_list":["post-1764","page","type-page","status-publish","hentry"],"yoast_head":"<!-- This site is optimized with the Yoast SEO plugin v26.8 - https:\/\/yoast.com\/product\/yoast-seo-wordpress\/ -->\n<title>- Timeshare Legal Exits<\/title>\n<meta name=\"robots\" content=\"index, follow, max-snippet:-1, max-image-preview:large, max-video-preview:-1\" \/>\n<link rel=\"canonical\" href=\"https:\/\/legalexits.com\/de\/free-consultation-of-exit-options\/\" \/>\n<meta property=\"og:locale\" content=\"de_DE\" \/>\n<meta property=\"og:type\" content=\"article\" \/>\n<meta property=\"og:title\" content=\"- Timeshare Legal Exits\" \/>\n<meta property=\"og:description\" content=\"Request a call back\" \/>\n<meta property=\"og:url\" content=\"https:\/\/legalexits.com\/de\/free-consultation-of-exit-options\/\" \/>\n<meta property=\"og:site_name\" content=\"Timeshare Legal Exits\" \/>\n<meta property=\"article:modified_time\" content=\"2022-05-19T13:58:05+00:00\" \/>\n<meta name=\"twitter:card\" content=\"summary_large_image\" \/>\n<meta name=\"twitter:label1\" content=\"Gesch\u00e4tzte Lesezeit\" \/>\n\t<meta name=\"twitter:data1\" content=\"1\u00a0Minute\" \/>\n<script type=\"application\/ld+json\" class=\"yoast-schema-graph\">{\"@context\":\"https:\/\/schema.org\",\"@graph\":[{\"@type\":\"WebPage\",\"@id\":\"https:\/\/legalexits.com\/free-consultation-of-exit-options\/\",\"url\":\"https:\/\/legalexits.com\/free-consultation-of-exit-options\/\",\"name\":\"- Timeshare Legal Exits\",\"isPartOf\":{\"@id\":\"https:\/\/legalexits.com\/#website\"},\"datePublished\":\"2022-05-13T15:11:41+00:00\",\"dateModified\":\"2022-05-19T13:58:05+00:00\",\"inLanguage\":\"de\",\"potentialAction\":[{\"@type\":\"ReadAction\",\"target\":[\"https:\/\/legalexits.com\/free-consultation-of-exit-options\/\"]}]},{\"@type\":\"WebSite\",\"@id\":\"https:\/\/legalexits.com\/#website\",\"url\":\"https:\/\/legalexits.com\/\",\"name\":\"Timeshare Legal Exits\",\"description\":\"Relinquishing timeshare contracts legally\",\"potentialAction\":[{\"@type\":\"SearchAction\",\"target\":{\"@type\":\"EntryPoint\",\"urlTemplate\":\"https:\/\/legalexits.com\/?s={search_term_string}\"},\"query-input\":{\"@type\":\"PropertyValueSpecification\",\"valueRequired\":true,\"valueName\":\"search_term_string\"}}],\"inLanguage\":\"de\"}]}<\/script>\n<!-- \/ Yoast SEO plugin. -->","yoast_head_json":{"title":"- Legale Exits f\u00fcr Teilzeitnutzungsrechte","robots":{"index":"index","follow":"follow","max-snippet":"max-snippet:-1","max-image-preview":"max-image-preview:large","max-video-preview":"max-video-preview:-1"},"canonical":"https:\/\/legalexits.com\/de\/free-consultation-of-exit-options\/","og_locale":"de_DE","og_type":"article","og_title":"- Timeshare Legal Exits","og_description":"Request a call back","og_url":"https:\/\/legalexits.com\/de\/free-consultation-of-exit-options\/","og_site_name":"Timeshare Legal Exits","article_modified_time":"2022-05-19T13:58:05+00:00","twitter_card":"summary_large_image","twitter_misc":{"Gesch\u00e4tzte Lesezeit":"1\u00a0Minute"},"schema":{"@context":"https:\/\/schema.org","@graph":[{"@type":"WebPage","@id":"https:\/\/legalexits.com\/free-consultation-of-exit-options\/","url":"https:\/\/legalexits.com\/free-consultation-of-exit-options\/","name":"- Legale Exits f\u00fcr Teilzeitnutzungsrechte","isPartOf":{"@id":"https:\/\/legalexits.com\/#website"},"datePublished":"2022-05-13T15:11:41+00:00","dateModified":"2022-05-19T13:58:05+00:00","inLanguage":"de","potentialAction":[{"@type":"ReadAction","target":["https:\/\/legalexits.com\/free-consultation-of-exit-options\/"]}]},{"@type":"WebSite","@id":"https:\/\/legalexits.com\/#website","url":"https:\/\/legalexits.com\/","name":"Rechtliche Ausg\u00e4nge von Timesharing","description":"Rechtliche K\u00fcndigung von Timesharing-Vertr\u00e4gen","potentialAction":[{"@type":"SearchAction","target":{"@type":"EntryPoint","urlTemplate":"https:\/\/legalexits.com\/?s={search_term_string}"},"query-input":{"@type":"PropertyValueSpecification","valueRequired":true,"valueName":"search_term_string"}}],"inLanguage":"de"}]}},"_links":{"self":[{"href":"https:\/\/legalexits.com\/de\/wp-json\/wp\/v2\/pages\/1764","targetHints":{"allow":["GET"]}}],"collection":[{"href":"https:\/\/legalexits.com\/de\/wp-json\/wp\/v2\/pages"}],"about":[{"href":"https:\/\/legalexits.com\/de\/wp-json\/wp\/v2\/types\/page"}],"author":[{"embeddable":true,"href":"https:\/\/legalexits.com\/de\/wp-json\/wp\/v2\/users\/9"}],"replies":[{"embeddable":true,"href":"https:\/\/legalexits.com\/de\/wp-json\/wp\/v2\/comments?post=1764"}],"version-history":[{"count":15,"href":"https:\/\/legalexits.com\/de\/wp-json\/wp\/v2\/pages\/1764\/revisions"}],"predecessor-version":[{"id":1892,"href":"https:\/\/legalexits.com\/de\/wp-json\/wp\/v2\/pages\/1764\/revisions\/1892"}],"wp:attachment":[{"href":"https:\/\/legalexits.com\/de\/wp-json\/wp\/v2\/media?parent=1764"}],"curies":[{"name":"wp","href":"https:\/\/api.w.org\/{rel}","templated":true}]}}