{"id":881,"date":"2021-05-20T14:37:31","date_gmt":"2021-05-20T14:37:31","guid":{"rendered":"https:\/\/legalexits.com\/?page_id=881"},"modified":"2022-07-15T13:51:32","modified_gmt":"2022-07-15T13:51:32","slug":"ask-a-question","status":"publish","type":"page","link":"https:\/\/legalexits.com\/de\/ask-a-question\/","title":{"rendered":"Stelle eine Frage"},"content":{"rendered":"<h2>Ask a question<\/h2>\n<p>Timeshare contracts can be very confusing. Get your questions answered by a specialist for free!<\/p>\n<p>\t\t<!-- Note :\n   - You can modify the font style and form style to suit your website. \n   - Code lines with comments Do not remove this code are required for the form to work properly, make sure that you do not remove these lines of code. \n   - The Mandatory check script can modified as to suit your business needs. \n   - It is important that you test the modified form before going live.--><br \/>\n  <meta name='viewport' content='width=device-width, initial-scale=1.0'><br \/>\n   <META HTTP-EQUIV ='content-type' CONTENT='text\/html;charset=UTF-8'><\/p>\n<form action='https:\/\/crm.zoho.eu\/crm\/WebToLeadForm' name=WebToLeads195348000034997069 method='POST' onSubmit='javascript:document.charset=\"UTF-8\"; return checkMandatory195348000034997069()' accept-charset='UTF-8'>\n <input type='text' style='display:none;' name='xnQsjsdp' value='0096430e3cbb3fb994f032a3bfd7b6d85a1fd8343f53f70da28f9d9300e42dba'><\/input><br \/>\n <input type='hidden' name='zc_gad' id='zc_gad' value=''><\/input><br \/>\n <input type='text' style='display:none;' name='xmIwtLD' value='1842ba97526b68fe74996f5916b2596015a98e736599407971d2a8406d5558ed'><\/input><br \/>\n <input type='text'  style='display:none;' name='actionType' value='TGVhZHM='><\/input><br \/>\n <input type='text' style='display:none;' name='returnURL' value='https&#x3a;&#x2f;&#x2f;legalexits.com&#x2f;' > <\/input><br \/>\n\t <!-- Do not remove this code. --><\/p>\n<style>\nhtml,body{\n\tmargin: 0px;\n}\n#crmWebToEntityForm.zcwf_lblLeft {\n\twidth:100%;\n\tpadding: 25px;\n\tmargin: 0 auto;\n\tbox-sizing: border-box;\n}\n#crmWebToEntityForm.zcwf_lblLeft * {\n\tbox-sizing: border-box;\n}\n#crmWebToEntityForm{text-align: left;}\n#crmWebToEntityForm * {\n\tdirection: ltr;\n}\n.zcwf_lblLeft .zcwf_title {\n\tword-wrap: break-word;\n\tpadding: 0px 6px 10px;\n\tfont-weight: bold;\n}\n.zcwf_lblLeft .zcwf_col_fld input[type=text], .zcwf_lblLeft .zcwf_col_fld textarea {\n\twidth: 60%;\n\tborder: 1px solid #ccc !important;\n\tresize: vertical;\n\tborder-radius: 2px;\n\tfloat: left;\n}\n.zcwf_lblLeft .zcwf_col_lab {\n\twidth: 30%;\n\tword-break: break-word;\n\tpadding: 0px 6px 0px;\n\tmargin-right: 10px;\n\tmargin-top: 5px;\n\tfloat: left;\n\tmin-height: 1px;\n}\n.zcwf_lblLeft .zcwf_col_fld {\n\tfloat: left;\n\twidth: 68%;\n\tpadding: 0px 6px 0px;\n\tposition: relative;\n\tmargin-top: 5px;\n}\n.zcwf_lblLeft .zcwf_privacy{padding: 6px;}\n.zcwf_lblLeft .wfrm_fld_dpNn{display: none;}\n.dIB{display: inline-block;}\n.zcwf_lblLeft .zcwf_col_fld_slt {\n\twidth: 60%;\n\tborder: 1px solid #ccc;\n\tbackground: #fff;\n\tborder-radius: 4px;\n\tfont-size: 14px;\n\tfloat: left;\n\tresize: vertical;\n\tpadding: 2px 5px;\n}\n.zcwf_lblLeft .zcwf_row:after, .zcwf_lblLeft .zcwf_col_fld:after {\n\tcontent: '';\n\tdisplay: table;\n\tclear: both;\n}\n.zcwf_lblLeft .zcwf_col_help {\n\tfloat: left;\n\tmargin-left: 7px;\n\tfont-size: 14px;\n\tmax-width: 35%;\n\tword-break: break-word;\n}\n.zcwf_lblLeft .zcwf_help_icon {\n\tcursor: pointer;\n\twidth: 16px;\n\theight: 16px;\n\tdisplay: inline-block;\n\tbackground: #fff;\n\tborder: 1px solid #ccc;\n\tcolor: #ccc;\n\ttext-align: center;\n\tfont-size: 11px;\n\tline-height: 16px;\n\tfont-weight: bold;\n\tborder-radius: 50%;\n}\n.zcwf_lblLeft .zcwf_row {margin: 15px 0px;}\n.zcwf_lblLeft .formsubmit {\n\tmargin-right: 5px;\n\tcursor: pointer;\n\tcolor: #333;\n\tfont-size: 14px;\n}\n.zcwf_lblLeft .zcwf_privacy_txt {\n\twidth: 90%;\n\tcolor: rgb(0, 0, 0);\n\tfont-size: 14px;\n\tfont-family: Arial;\n\tdisplay: inline-block;\n\tvertical-align: top;\n\tcolor: #333;\n\tpadding-top: 2px;\n\tmargin-left: 6px;\n}\n.zcwf_lblLeft .zcwf_button {\n\tfont-size: 14px;\n\tcolor: #333;\n\tborder: 1px solid #ccc;\n\tpadding: 3px 9px;\n\tborder-radius: 4px;\n\tcursor: pointer;\n\tmax-width: 120px;\n\toverflow: hidden;\n\ttext-overflow: ellipsis;\n\twhite-space: nowrap;\n}\n.zcwf_lblLeft .zcwf_tooltip_over{\n\tposition: relative;\n}\n.zcwf_lblLeft .zcwf_tooltip_ctn{\n\tposition: absolute;\n\tbackground: #dedede;\n\tpadding: 3px 6px;\n\ttop: 3px;\n\tborder-radius: 4px;word-break: break-word;\n\tmin-width: 100px;\n\tmax-width: 150px;\n\tcolor: #333;\n\tz-index: 100;\n}\n.zcwf_lblLeft .zcwf_ckbox{\n\tfloat: left;\n}\n.zcwf_lblLeft .zcwf_file{\n\twidth: 55%;\n\tbox-sizing: border-box;\n\tfloat: left;\n}\n.clearB:after{\n\tcontent:'';\n\tdisplay: block;\n\tclear: both;\n}\n@media all and (max-width: 600px) {\n\t.zcwf_lblLeft .zcwf_col_lab, .zcwf_lblLeft .zcwf_col_fld {\n\t\twidth: auto;\n\t\tfloat: none !important;\n\t}\n\t.zcwf_lblLeft .zcwf_col_help {width: 40%;}\n}\n<\/style>\n<p>Legal Exits &#8211; Contact us<br \/>\n<label for='LEADCF33'>Lead Source Code<\/label><select class='zcwf_col_fld_slt' id='LEADCF33' name='LEADCF33'  ><option value='-None-'>-None-<\/option><option value='Albert&#x20;Haug'>Albert Haug<\/option><option value='Allan&#x20;Juhani&#x20;Leppanen'>Allan Juhani Leppanen<\/option><option value='Campaign&#x20;Referral'>Campaign Referral<\/option><option value='Christopher&#x20;Landberg'>Christopher Landberg<\/option><option value='Client&#x20;Referral'>Client Referral<\/option><option value='DIMARB'>DIMARB<\/option><option value='ELPP'>ELPP<\/option><option value='Ext.&#x20;010&#x20;&#x28;Unidentified&#x20;Data&#x29;'>Ext. 010 &#x28;Unidentified Data&#x29;<\/option><option value='Ext.&#x20;020&#x20;&#x28;Unidentified&#x20;Data&#x29;'>Ext. 020 &#x28;Unidentified Data&#x29;<\/option><option value='Ext.&#x20;Italian&#x20;Styler'>Ext. Italian Styler<\/option><option value='External&#x20;001'>External 001<\/option><option value='External&#x20;002'>External 002<\/option><option value='External&#x20;003'>External 003<\/option><option value='External&#x20;004'>External 004<\/option><option value='External&#x20;005'>External 005<\/option><option value='External&#x20;006'>External 006<\/option><option value='External&#x20;007'>External 007<\/option><option value='External&#x20;008'>External 008<\/option><option value='External&#x20;009'>External 009<\/option><option value='External&#x20;011'>External 011<\/option><option value='External&#x20;012'>External 012<\/option><option value='External&#x20;013'>External 013<\/option><option value='External&#x20;014'>External 014<\/option><option value='External&#x20;015'>External 015<\/option><option value='External&#x20;016'>External 016<\/option><option value='External&#x20;017'>External 017<\/option><option value='External&#x20;018'>External 018<\/option><option value='External&#x20;019'>External 019<\/option><option value='External&#x20;021&#x20;&lt;MH&gt;'>External 021 &lt;MH&gt;<\/option><option value='External&#x20;021&#x20;&lt;PDLE&gt;'>External 021 &lt;PDLE&gt;<\/option><option value='External&#x20;022'>External 022<\/option><option value='External&#x20;023'>External 023<\/option><option value='External&#x20;024'>External 024<\/option><option value='External&#x20;025'>External 025<\/option><option value='External&#x20;099'>External 099<\/option><option value='Facebook'>Facebook<\/option><option value='FL1'>FL1<\/option><option value='FRENCH&#x20;428&#x20;March&#x20;21'>FRENCH 428 March 21<\/option><option value='French&#x20;482&#x20;March&#x20;21'>French 482 March 21<\/option><option value='In&#x20;House&#x20;Digital&#x20;Marketing'>In House Digital Marketing<\/option><option value='INFI21'>INFI21<\/option><option value='IT-Team&#x20;FB'>IT-Team FB<\/option><option value='JT&#x27;s&#x20;Bill&#x20;Board&#x20;Adverts'>JT&#x27;s Bill Board Adverts<\/option><option value='Kader&#x20;Gaye'>Kader Gaye<\/option><option value='Lead&#x20;Referral'>Lead Referral<\/option><option value='Lifestyle&#x20;Plus'>Lifestyle Plus<\/option><option value='Ma-FB'>Ma-FB<\/option><option value='Markus&#x20;Ricken'>Markus Ricken<\/option><option value='Mayan&#x20;Palace&#x20;-&#x20;America'>Mayan Palace &#8211; America<\/option><option value='Mike&#x20;Farhoud'>Mike Farhoud<\/option><option value='PBT'>PBT<\/option><option value='RCI-J'>RCI-J<\/option><option value='Real&#x20;Estate'>Real Estate<\/option><option value='Tenerife&#x20;Airport&#x20;Advertising'>Tenerife Airport Advertising<\/option><option value='Tenerife&#x20;Airport&#x20;Collected'>Tenerife Airport Collected<\/option><option value='THE&#x20;SUITES'>THE SUITES<\/option><option value='Toini&#x20;Tikka'>Toini Tikka<\/option><option value='TS&#x20;Lead'>TS Lead<\/option><option value='Ulises&#x20;Petresis'>Ulises Petresis<\/option><option value='Viking&#x20;Real&#x20;Estate&#x20;Website'>Viking Real Estate Website<\/option><option value='Viking&#x20;Web&#x20;Landing&#x20;Page'>Viking Web Landing Page<\/option><option value='Web&#x20;-&#x20;Best&#x20;Way&#x20;Global'>Web &#8211; Best Way Global<\/option><option selected value='Web&#x20;-&#x20;Legal&#x20;Exits'>Web &#8211; Legal Exits<\/option><option value='Web&#x20;-&#x20;Portfolio'>Web &#8211; Portfolio<\/option><option value='Web&#x20;-&#x20;Promo'>Web &#8211; Promo<\/option><option value='Web&#x20;-&#x20;Viking&#x20;Group'>Web &#8211; Viking Group<\/option><option value='Web&#x20;-&#x20;Viking&#x20;Real&#x20;Estate'>Web &#8211; Viking Real Estate<\/option><option value='Wifi&#x20;Best&#x20;Way&#x20;Global'>Wifi Best Way Global<\/option><option value='Wifi&#x20;Viking&#x20;Real&#x20;Estate'>Wifi Viking Real Estate<\/option><\/select><br \/>\n<label for='LEADCF186'>Lead Source Sub-Type<\/label><select class='zcwf_col_fld_slt' id='LEADCF186' name='LEADCF186'  ><option value='-None-'>-None-<\/option><option value='Airp_2016_2018'>Airp_2016_2018<\/option><option value='None'>None<\/option><option value='21042022MF'>21042022MF<\/option><option value='Office&#x20;-&#x20;Walk&#x20;in'>Office &#8211; Walk in<\/option><option value='Jeff'>Jeff<\/option><option value='Holidays&#x20;&ndash;&#x20;Discounts&#x20;&#x28;BWG&#x29;'>Holidays &ndash; Discounts &#x28;BWG&#x29;<\/option><option value='04042022&#x20;MF'>04042022 MF<\/option><option value='2021-655'>2021-655<\/option><option value='Client_Visit_8883&#x20;Unique'>Client_Visit_8883 Unique<\/option><option value='Fly-Buys&#x20;booked-cancelled&#x20;or&#x20;rejected_Mkt_Cancellation'>Fly-Buys booked-cancelled or rejected_Mkt_Cancellation<\/option><option value='Heights&#x20;Fract&#x20;and&#x20;Owners'>Heights Fract and Owners<\/option><option value='Last3_Years_RCI_11870'>Last3_Years_RCI_11870<\/option><option value='Matt&#x20;-&#x20;Silverpoint_240220'>Matt &#8211; Silverpoint_240220<\/option><option value='Matt&#x20;-&#x20;Test&#x20;Campaign'>Matt &#8211; Test Campaign<\/option><option value='Mike&#x27;s&#x20;Friends&#x20;&amp;&#x20;Family'>Mike&#x27;s Friends &amp; Family<\/option><option value='Owners_List_10897'>Owners_List_10897<\/option><option value='eWaterways-1000&#x20;Swedish&#x20;Mix'>eWaterways-1000 Swedish Mix<\/option><option value='eWaterways-Anfi&#x20;UK'>eWaterways-Anfi UK<\/option><option value='eWaterways-Azure'>eWaterways-Azure<\/option><option value='eWaterways-CLC'>eWaterways-CLC<\/option><option value='eWaterways-CP.'>eWaterways-CP.<\/option><option value='eWaterways-Finnish&#x20;Owners-Mix'>eWaterways-Finnish Owners-Mix<\/option><option value='eWaterways-Norwegian&#x20;Mixed&#x20;Owners'>eWaterways-Norwegian Mixed Owners<\/option><option value='eWaterways-RP'>eWaterways-RP<\/option><option value='Anthony&#x20;Bugg'>Anthony Bugg<\/option><option value='Contact&#x20;Form'>Contact Form<\/option><option value='Home&#x20;Page&#x20;Form'>Home Page Form<\/option><option value='In&#x20;House&#x20;Lawyers&#x20;Form'>In House Lawyers Form<\/option><option value='Collaborating&#x20;Property&#x20;Lawyers&#x20;Form'>Collaborating Property Lawyers Form<\/option><option value='Golden&#x20;Visa&#x20;Spain&#x20;Form'>Golden Visa Spain Form<\/option><option value='Legal&#x20;Assistance&#x20;Form'>Legal Assistance Form<\/option><option value='Renting&#x20;Property&#x20;Form'>Renting Property Form<\/option><option value='Buying&#x20;Property&#x20;Form'>Buying Property Form<\/option><option value='Selling&#x20;Property&#x20;Form'>Selling Property Form<\/option><option value='Contact-us'>Contact-us<\/option><option value='Investments-in-Tenerife'>Investments-in-Tenerife<\/option><option value='Investments-in-Dubai'>Investments-in-Dubai<\/option><option value='Mortgages'>Mortgages<\/option><option value='Investments-in-Marbella'>Investments-in-Marbella<\/option><option value='Legal-services'>Legal-services<\/option><option value='Ask-a-question'>Ask-a-question<\/option><option value='Compensation-calculator'>Compensation-calculator<\/option><option value='Timeshare-relinquishment'>Timeshare-relinquishment<\/option><option value='Marketing-Give-Away'>Marketing-Give-Away<\/option><option value='Properties'>Properties<\/option><option value='Marketing-Campaigns'>Marketing-Campaigns<\/option><option value='Looking&#x20;for&#x20;house&#x20;Tenerife&#x20;20&#x25;'>Looking for house Tenerife 20&#x25;<\/option><option value='BWG-&#x20;Campaigns'>BWG- Campaigns<\/option><option selected value='LE&#x20;-&#x28;CP&#x29;&#x20;Contact&#x20;us'>LE -&#x28;CP&#x29; Contact us<\/option><option value='Testimonials'>Testimonials<\/option><option value='VIP&#x20;Card&#x20;BGW'>VIP Card BGW<\/option><option value='Looking&#x20;a&#x20;new&#x20;house&#x20;Tenerife'>Looking a new house Tenerife<\/option><\/select><br \/>\n<label for='LEADCF157'>Name*<\/label><input type='text' id='LEADCF157' name='LEADCF157' maxlength='255'><\/input><br \/>\n<label for='Last_Name'>Last name*<\/label><input type='text' id='Last_Name' name='Last Name' maxlength='80'><\/input><br \/>\n<label for='LEADCF130'>Nationality*<\/label><select class='zcwf_col_fld_slt' id='LEADCF130' name='LEADCF130'  ><option value='-None-'>-None-<\/option><option value='Albanian'>Albanian<\/option><option value='American'>American<\/option><option value='Arab'>Arab<\/option><option value='Australian'>Australian<\/option><option value='Austrian'>Austrian<\/option><option value='Belarusian'>Belarusian<\/option><option value='Belgian'>Belgian<\/option><option value='Canadian'>Canadian<\/option><option value='Croatian'>Croatian<\/option><option value='Danish'>Danish<\/option><option value='Dutch'>Dutch<\/option><option value='Egyptian'>Egyptian<\/option><option value='English'>English<\/option><option value='Finnish'>Finnish<\/option><option value='French'>French<\/option><option value='German'>German<\/option><option value='Gibraltarians'>Gibraltarians<\/option><option value='Greek'>Greek<\/option><option value='Icelandic'>Icelandic<\/option><option value='Irish'>Irish<\/option><option value='Italian'>Italian<\/option><option value='Latvian'>Latvian<\/option><option value='Luxembourgish'>Luxembourgish<\/option><option value='Malaysian'>Malaysian<\/option><option value='Moroccan'>Moroccan<\/option><option value='New&#x20;Zealander'>New Zealander<\/option><option value='Northern&#x20;Irish'>Northern Irish<\/option><option value='Norwegian'>Norwegian<\/option><option value='Other'>Other<\/option><option value='Russian'>Russian<\/option><option value='Slovak'>Slovak<\/option><option value='Slovenian'>Slovenian<\/option><option value='South&#x20;African'>South African<\/option><option value='Spanish'>Spanish<\/option><option value='Swedish'>Swedish<\/option><option value='Swiss'>Swiss<\/option><option value='Tunisian'>Tunisian<\/option><option value='Turkish'>Turkish<\/option><option value='UK'>UK<\/option><option value='Ukrainian'>Ukrainian<\/option><\/select><br \/>\n<label for='Email'>Email*<\/label><input type='text' ftype='email' id='Email' name='Email' maxlength='100'><\/input><br \/>\n<label for='Mobile'>Phone*<\/label><input type='text' id='Mobile' name='Mobile' maxlength='30'><\/input><br \/>\n<label for='LEADCF2'>Comments<\/label><textarea id='LEADCF2' name='LEADCF2'><\/textarea> Captcha validation failed. If you are not a robot then please try again.<label class='newCustomchkbox-md dIB w100per'><input autocomplete='off' id='privacyTool195348000034997069' type='checkbox' name='privacyTool' onclick='disableErr195348000034997069()'><\/label>By checking the box I agree to the Privacy policy and the Data Protection that I can <a href='https:\/\/legalexits.com\/proteccion-de-datos\/' title='https:\/\/legalexits.com\/proteccion-de-datos\/' target='_blank' rel=\"noopener\">read here<\/a>. Please accept this<input type='submit' id='formsubmit' class='formsubmit zcwf_button' value='SUBMIT' title='SUBMIT'><input type='reset' class='zcwf_button' name='reset' value='Delete' title='Delete'><br \/>\n\t<!-- Do not remove this --- Analytics Tracking code starts --><!-- Do not remove this --- Analytics Tracking code ends. --><\/form>\n","protected":false},"excerpt":{"rendered":"<p>Stellen Sie eine Frage Timesharing-Vertr\u00e4ge k\u00f6nnen sehr verwirrend sein. Lassen Sie sich Ihre Fragen kostenlos von einem Spezialisten beantworten! Rechtliche Ausstiege \u2013 Kontaktieren Sie uns Lead Source Code-None-Albert HaugAllan Juhani LeppanenKampagnenempfehlungChristopher LandbergKundenempfehlungDIMARBELPPExt. 010 (Nicht identifizierte Daten)Ext. 020 (Nicht identifizierte Daten)Ext. Italian StylerExtern 001Extern 002Extern 003Extern 004Extern 005Extern 006Extern 007Extern 008Extern 009Extern 011Extern 012Extern 013Extern 014Extern 015Extern 016Extern\u2026<\/p>","protected":false},"author":12,"featured_media":0,"parent":0,"menu_order":0,"comment_status":"closed","ping_status":"closed","template":"","meta":{"ngg_post_thumbnail":0,"footnotes":""},"class_list":["post-881","page","type-page","status-publish","hentry"],"yoast_head":"<!-- This site is optimized with the Yoast SEO plugin v26.8 - https:\/\/yoast.com\/product\/yoast-seo-wordpress\/ -->\n<title>Ask a Question - Timeshare Legal Exits<\/title>\n<meta name=\"robots\" content=\"index, follow, max-snippet:-1, max-image-preview:large, max-video-preview:-1\" \/>\n<link rel=\"canonical\" href=\"https:\/\/legalexits.com\/de\/ask-a-question\/\" \/>\n<meta property=\"og:locale\" content=\"de_DE\" \/>\n<meta property=\"og:type\" content=\"article\" \/>\n<meta property=\"og:title\" content=\"Ask a Question - Timeshare Legal Exits\" \/>\n<meta property=\"og:description\" content=\"Ask a question Timeshare contracts can be very confusing. Get your questions answered by a specialist for free! Legal Exits &#8211; Contact us Lead Source Code-None-Albert HaugAllan Juhani LeppanenCampaign ReferralChristopher LandbergClient ReferralDIMARBELPPExt. 010 &#x28;Unidentified Data&#x29;Ext. 020 &#x28;Unidentified Data&#x29;Ext. Italian StylerExternal 001External 002External 003External 004External 005External 006External 007External 008External 009External 011External 012External 013External 014External 015External 016External...\" \/>\n<meta property=\"og:url\" content=\"https:\/\/legalexits.com\/de\/ask-a-question\/\" \/>\n<meta property=\"og:site_name\" content=\"Timeshare Legal Exits\" \/>\n<meta property=\"article:modified_time\" content=\"2022-07-15T13:51:32+00:00\" \/>\n<meta property=\"og:image\" content=\"https:\/\/legalexits.com\/wp-content\/uploads\/2022\/04\/L.png\" \/>\n\t<meta property=\"og:image:width\" content=\"1200\" \/>\n\t<meta property=\"og:image:height\" content=\"630\" \/>\n\t<meta property=\"og:image:type\" content=\"image\/png\" \/>\n<meta name=\"twitter:card\" content=\"summary_large_image\" \/>\n<meta name=\"twitter:image\" content=\"https:\/\/legalexits.com\/wp-content\/uploads\/2022\/04\/L.png\" \/>\n<meta name=\"twitter:label1\" content=\"Gesch\u00e4tzte Lesezeit\" \/>\n\t<meta name=\"twitter:data1\" content=\"4\u00a0Minuten\" \/>\n<script type=\"application\/ld+json\" class=\"yoast-schema-graph\">{\"@context\":\"https:\/\/schema.org\",\"@graph\":[{\"@type\":\"WebPage\",\"@id\":\"https:\/\/legalexits.com\/sv\/ask-a-question\/\",\"url\":\"https:\/\/legalexits.com\/sv\/ask-a-question\/\",\"name\":\"Ask a Question - Timeshare Legal Exits\",\"isPartOf\":{\"@id\":\"https:\/\/legalexits.com\/#website\"},\"datePublished\":\"2021-05-20T14:37:31+00:00\",\"dateModified\":\"2022-07-15T13:51:32+00:00\",\"breadcrumb\":{\"@id\":\"https:\/\/legalexits.com\/sv\/ask-a-question\/#breadcrumb\"},\"inLanguage\":\"de\",\"potentialAction\":[{\"@type\":\"ReadAction\",\"target\":[\"https:\/\/legalexits.com\/sv\/ask-a-question\/\"]}]},{\"@type\":\"BreadcrumbList\",\"@id\":\"https:\/\/legalexits.com\/sv\/ask-a-question\/#breadcrumb\",\"itemListElement\":[{\"@type\":\"ListItem\",\"position\":1,\"name\":\"Home\",\"item\":\"https:\/\/legalexits.com\/\"},{\"@type\":\"ListItem\",\"position\":2,\"name\":\"Ask a Question\"}]},{\"@type\":\"WebSite\",\"@id\":\"https:\/\/legalexits.com\/#website\",\"url\":\"https:\/\/legalexits.com\/\",\"name\":\"Timeshare Legal Exits\",\"description\":\"Relinquishing timeshare contracts legally\",\"potentialAction\":[{\"@type\":\"SearchAction\",\"target\":{\"@type\":\"EntryPoint\",\"urlTemplate\":\"https:\/\/legalexits.com\/?s={search_term_string}\"},\"query-input\":{\"@type\":\"PropertyValueSpecification\",\"valueRequired\":true,\"valueName\":\"search_term_string\"}}],\"inLanguage\":\"de\"}]}<\/script>\n<!-- \/ Yoast SEO plugin. -->","yoast_head_json":{"title":"Stellen Sie eine Frage - Timeshare Legal Exits","robots":{"index":"index","follow":"follow","max-snippet":"max-snippet:-1","max-image-preview":"max-image-preview:large","max-video-preview":"max-video-preview:-1"},"canonical":"https:\/\/legalexits.com\/de\/ask-a-question\/","og_locale":"de_DE","og_type":"article","og_title":"Ask a Question - Timeshare Legal Exits","og_description":"Ask a question Timeshare contracts can be very confusing. Get your questions answered by a specialist for free! Legal Exits &#8211; Contact us Lead Source Code-None-Albert HaugAllan Juhani LeppanenCampaign ReferralChristopher LandbergClient ReferralDIMARBELPPExt. 010 &#x28;Unidentified Data&#x29;Ext. 020 &#x28;Unidentified Data&#x29;Ext. Italian StylerExternal 001External 002External 003External 004External 005External 006External 007External 008External 009External 011External 012External 013External 014External 015External 016External...","og_url":"https:\/\/legalexits.com\/de\/ask-a-question\/","og_site_name":"Timeshare Legal Exits","article_modified_time":"2022-07-15T13:51:32+00:00","og_image":[{"width":1200,"height":630,"url":"https:\/\/legalexits.com\/wp-content\/uploads\/2022\/04\/L.png","type":"image\/png"}],"twitter_card":"summary_large_image","twitter_image":"https:\/\/legalexits.com\/wp-content\/uploads\/2022\/04\/L.png","twitter_misc":{"Gesch\u00e4tzte Lesezeit":"4\u00a0Minuten"},"schema":{"@context":"https:\/\/schema.org","@graph":[{"@type":"WebPage","@id":"https:\/\/legalexits.com\/sv\/ask-a-question\/","url":"https:\/\/legalexits.com\/sv\/ask-a-question\/","name":"Stellen Sie eine Frage - Timeshare Legal Exits","isPartOf":{"@id":"https:\/\/legalexits.com\/#website"},"datePublished":"2021-05-20T14:37:31+00:00","dateModified":"2022-07-15T13:51:32+00:00","breadcrumb":{"@id":"https:\/\/legalexits.com\/sv\/ask-a-question\/#breadcrumb"},"inLanguage":"de","potentialAction":[{"@type":"ReadAction","target":["https:\/\/legalexits.com\/sv\/ask-a-question\/"]}]},{"@type":"BreadcrumbList","@id":"https:\/\/legalexits.com\/sv\/ask-a-question\/#breadcrumb","itemListElement":[{"@type":"ListItem","position":1,"name":"Home","item":"https:\/\/legalexits.com\/"},{"@type":"ListItem","position":2,"name":"Ask a Question"}]},{"@type":"WebSite","@id":"https:\/\/legalexits.com\/#website","url":"https:\/\/legalexits.com\/","name":"Rechtliche Ausg\u00e4nge von Timesharing","description":"Rechtliche K\u00fcndigung von Timesharing-Vertr\u00e4gen","potentialAction":[{"@type":"SearchAction","target":{"@type":"EntryPoint","urlTemplate":"https:\/\/legalexits.com\/?s={search_term_string}"},"query-input":{"@type":"PropertyValueSpecification","valueRequired":true,"valueName":"search_term_string"}}],"inLanguage":"de"}]}},"_links":{"self":[{"href":"https:\/\/legalexits.com\/de\/wp-json\/wp\/v2\/pages\/881","targetHints":{"allow":["GET"]}}],"collection":[{"href":"https:\/\/legalexits.com\/de\/wp-json\/wp\/v2\/pages"}],"about":[{"href":"https:\/\/legalexits.com\/de\/wp-json\/wp\/v2\/types\/page"}],"author":[{"embeddable":true,"href":"https:\/\/legalexits.com\/de\/wp-json\/wp\/v2\/users\/12"}],"replies":[{"embeddable":true,"href":"https:\/\/legalexits.com\/de\/wp-json\/wp\/v2\/comments?post=881"}],"version-history":[{"count":26,"href":"https:\/\/legalexits.com\/de\/wp-json\/wp\/v2\/pages\/881\/revisions"}],"predecessor-version":[{"id":1869,"href":"https:\/\/legalexits.com\/de\/wp-json\/wp\/v2\/pages\/881\/revisions\/1869"}],"wp:attachment":[{"href":"https:\/\/legalexits.com\/de\/wp-json\/wp\/v2\/media?parent=881"}],"curies":[{"name":"wp","href":"https:\/\/api.w.org\/{rel}","templated":true}]}}