{"id":12,"date":"2021-02-26T11:49:24","date_gmt":"2021-02-26T11:49:24","guid":{"rendered":"https:\/\/legalexits.com\/?page_id=12"},"modified":"2026-03-18T14:35:43","modified_gmt":"2026-03-18T14:35:43","slug":"home","status":"publish","type":"page","link":"https:\/\/legalexits.com\/es\/","title":{"rendered":"Casa"},"content":{"rendered":"<section class=\"l-section wpb_row us_custom_165d319d height_huge width_full color_primary with_img with_shape\"><div class=\"l-section-img\" role=\"img\" aria-label=\"Imagen\" data-img-width=\"1900\" data-img-height=\"1200\" style=\"background-image: url(https:\/\/legalexits.com\/wp-content\/uploads\/2021\/03\/d4_slide_01.jpg);background-position: top center;\"><\/div><div class=\"l-section-shape type_custom pos_top\" style=\"height:1vh;color:#ffffff\"><svg xmlns=\"http:\/\/www.w3.org\/2000\/svg\" viewbox=\"0 0 64 8\" preserveaspectratio=\"none\" width=\"100%\" height=\"100%\">\r\n\t<path fill=\"currentColor\" d=\"M64 8 L0 8 L0 0 L64 0 Z\"\/>\r\n<\/svg><\/div><div class=\"l-section-shape type_custom pos_bottom\" style=\"height:3vh;color:#ffffff\"><svg xmlns=\"http:\/\/www.w3.org\/2000\/svg\" viewbox=\"0 0 64 8\" preserveaspectratio=\"none\" width=\"100%\" height=\"100%\">\r\n\t<path fill=\"currentColor\" d=\"M64 8 L0 8 L0 0 L64 0 Z\"\/>\r\n<\/svg><\/div><div class=\"l-section-h i-cf\"><div class=\"g-cols vc_row via_flex valign_top type_default stacking_default\"><div class=\"vc_col-sm-12 wpb_column vc_column_container\"><div class=\"vc_column-inner\"><div class=\"wpb_wrapper\"><div class=\"w-separator size_custom\" style=\"height:150px\" id=\"oa8a\"><style>@media(max-width:714px){ #oa8a{height:100px!important}}<\/style><\/div><\/div><\/div><\/div><div class=\"vc_col-sm-12 wpb_column vc_column_container\"><div class=\"vc_column-inner\"><div class=\"wpb_wrapper\"><div class=\"wpb_text_column us_custom_975078c2\"><div class=\"wpb_wrapper\"><h1 style=\"text-align: center;\">Bienvenido a Salidas Legales<\/h1>\n<\/div><\/div><div class=\"w-separator size_custom\" style=\"height:10px\"><\/div><div class=\"w-btn-wrapper align_center\"><a class=\"w-btn us-btn-style_1 us_custom_206df7d9 icon_atleft\" title=\"Ver Folleto\" target=\"_blank\" rel=\"nofollow\" href=\"https:\/\/legalexits.com\/wp-content\/uploads\/2021\/04\/Legal-Exits-Worldwide-v1.pdf\"><i class=\"material-icons\">descripci\u00f3n<\/i><span class=\"w-btn-label\">Ver Folleto<\/span><\/a><\/div><div class=\"w-separator size_custom\" style=\"height:50px\"><\/div><\/div><\/div><\/div><\/div><\/div><\/section><section class=\"l-section wpb_row height_auto\"><div class=\"l-section-h i-cf\"><div class=\"g-cols vc_row via_flex valign_top type_default stacking_default\"><div class=\"vc_col-sm-12 wpb_column vc_column_container\"><div class=\"vc_column-inner\"><div class=\"wpb_wrapper\"><div class=\"wpb_text_column us_custom_bdf96d4d has_text_color\"><div class=\"wpb_wrapper\"><p style=\"text-align: left;\"><strong><span style=\"text-decoration: underline;\">Bienvenido a Salidas Legales<\/span><\/strong>, su socio legal de confianza en Tenerife. Nuestra firma est\u00e1 dedicada a luchar por los derechos de nuestros clientes con un firme compromiso con la justicia y la integridad.<\/p>\n<p style=\"text-align: left;\">Con a\u00f1os de experiencia y un equipo de abogados de primer nivel, nos especializamos en resolver asuntos legales complejos, incluidas las Liquidaciones en curso. Nuestra misi\u00f3n es brindar representaci\u00f3n legal incomparable y orientaci\u00f3n estrat\u00e9gica adaptada a las necesidades \u00fanicas de cada cliente.<\/p>\n<\/div><\/div><\/div><\/div><\/div><\/div><\/div><\/section><section class=\"l-section wpb_row height_auto\"><div class=\"l-section-h i-cf\"><div class=\"g-cols vc_row via_flex valign_top type_default stacking_default\"><div class=\"vc_col-sm-6 wpb_column vc_column_container\"><div class=\"vc_column-inner\"><div class=\"wpb_wrapper\"><div class=\"wpb_text_column us_custom_e8c76630 has_text_color\"><div class=\"wpb_wrapper\"><p style=\"text-align: left;\"><strong><span style=\"text-decoration: underline;\">Conozca a Nuestros Abogados:<\/span><\/strong> Obtenga m\u00e1s informaci\u00f3n sobre los profesionales calificados que conforman nuestro estimado equipo de abogados.<\/p>\n<\/div><\/div><div class=\"w-btn-wrapper align_none\"><a class=\"w-btn us-btn-style_1\" title=\"Nuestros abogados\" target=\"_blank\" rel=\"nofollow\" href=\"https:\/\/legalexits.com\/es\/our-lawyers\/\"><span class=\"w-btn-label\">Nuestros abogados<\/span><\/a><\/div><\/div><\/div><\/div><div class=\"vc_col-sm-6 wpb_column vc_column_container\"><div class=\"vc_column-inner\"><div class=\"wpb_wrapper\"><div class=\"wpb_text_column us_custom_e8c76630 has_text_color\"><div class=\"wpb_wrapper\"><p style=\"text-align: left;\"><span style=\"text-decoration: underline;\"><strong>Nuestra misi\u00f3n:<\/strong><\/span> Descubra los valores fundamentales de nuestra firma y su compromiso con la excelencia en la defensa legal.<\/p>\n<\/div><\/div><div class=\"w-btn-wrapper align_none\"><a class=\"w-btn us-btn-style_1 us_custom_50cc7d67\" title=\"Nuestros abogados\" target=\"_blank\" rel=\"nofollow\" href=\"https:\/\/legalexits.com\/es\/our-company\/\"><span class=\"w-btn-label\">Nuestra misi\u00f3n<\/span><\/a><\/div><\/div><\/div><\/div><\/div><\/div><\/section><section class=\"l-section wpb_row height_auto\"><div class=\"l-section-h i-cf\"><div class=\"g-cols vc_row via_flex valign_top type_default stacking_default\"><div class=\"vc_col-sm-12 wpb_column vc_column_container\"><div class=\"vc_column-inner\"><div class=\"wpb_wrapper\"><div class=\"wpb_text_column us_custom_f5e8d523 has_text_color\"><div class=\"wpb_wrapper\"><p style=\"text-align: left;\">En Legal Exits creemos en la transparencia, la comunicaci\u00f3n y los resultados. Conf\u00ede en nosotros para defender ferozmente su nombre y proteger sus derechos en cada paso del camino.<\/p>\n<\/div><\/div><\/div><\/div><\/div><div class=\"vc_col-sm-12 wpb_column vc_column_container\"><div class=\"vc_column-inner\"><div class=\"wpb_wrapper\"><\/div><\/div><\/div><\/div><\/div><\/section><section class=\"l-section wpb_row height_custom with_img\"><div class=\"l-section-img\" role=\"img\" aria-label=\"Imagen\" data-img-width=\"2560\" data-img-height=\"1708\" style=\"background-image: url(https:\/\/legalexits.com\/wp-content\/uploads\/2021\/03\/AdobeStock_315418289-purchased-scaled.jpeg);background-position: top center;\"><\/div><div class=\"l-section-overlay\" style=\"background:rgba(0,0,77,0.75)\"><\/div><div class=\"l-section-h i-cf\"><div class=\"g-cols vc_row via_flex valign_top type_default stacking_default\"><div class=\"vc_col-sm-12 wpb_column vc_column_container\"><div class=\"vc_column-inner\"><div class=\"wpb_wrapper\"><div class=\"wpb_text_column us_custom_6df4bc3a has_text_color\"><div class=\"wpb_wrapper\"><h1 style=\"text-align: center;\">\u00a1Haz tu consulta hoy!<\/h1>\n<p>&nbsp;<\/p>\n<\/div><\/div><div class=\"w-separator size_medium\"><\/div><div class=\"g-cols wpb_row via_flex valign_top type_default stacking_default\"><div class=\"vc_col-sm-4 wpb_column vc_column_container\"><div class=\"vc_column-inner\"><div class=\"wpb_wrapper\"><div class=\"w-iconbox us_custom_6df4bc3a has_text_color iconpos_top style_outlined color_custom align_center\"><div class=\"w-iconbox-icon\" style=\"font-size:2rem;--icon-color:#ffffff;--icon-bg-color:#ffffff;\"><i class=\"fas fa-gavel\"><\/i><\/div><div class=\"w-iconbox-meta\"><h4 class=\"w-iconbox-title\">Renuncias de tiempo compartido<\/h4><div class=\"w-iconbox-text\"><p style=\"text-align: center;\">Si desea renunciar a su tiempo compartido, utilice nuestro formulario de renuncia y recibir\u00e1 m\u00e1s informaci\u00f3n espec\u00edfica sobre su propiedad.<\/p>\n<p>\u00a0<\/p>\n<\/div><\/div><\/div><\/div><\/div><\/div><div class=\"vc_col-sm-4 wpb_column vc_column_container\"><div class=\"vc_column-inner\"><div class=\"wpb_wrapper\"><\/div><\/div><\/div><div class=\"vc_col-sm-4 wpb_column vc_column_container\"><div class=\"vc_column-inner\"><div class=\"wpb_wrapper\"><div class=\"w-iconbox us_custom_6df4bc3a has_text_color iconpos_top style_outlined color_custom align_center\"><div class=\"w-iconbox-icon\" style=\"font-size:2rem;--icon-color:#ffffff;--icon-bg-color:#ffffff;\"><i class=\"fas fa-balance-scale\"><\/i><\/div><div class=\"w-iconbox-meta\"><h4 class=\"w-iconbox-title\">Elegibilidad de compensaci\u00f3n<\/h4><div class=\"w-iconbox-text\"><p style=\"text-align: center;\">\u00a1Compruebe y vea si es elegible para recibir una compensaci\u00f3n hoy! Simplemente haga clic en el bot\u00f3n a continuaci\u00f3n para programar una llamada gratuita y sin compromiso.<\/p>\n<p>\u00a0<\/p>\n<\/div><\/div><\/div><\/div><\/div><\/div><div class=\"vc_col-sm-12 wpb_column vc_column_container\"><div class=\"vc_column-inner\"><div class=\"wpb_wrapper\"><\/div><\/div><\/div><\/div><div class=\"w-separator size_large\"><\/div><div class=\"g-cols wpb_row via_flex valign_middle type_default stacking_default\"><div class=\"vc_col-sm-6 wpb_column vc_column_container\"><div class=\"vc_column-inner\"><div class=\"wpb_wrapper\"><div class=\"w-actionbox us_custom_bcfd46c8 color_primary controls_bottom\"><div class=\"w-actionbox-text\"><h2 class=\"w-actionbox-title\">Formulario de renuncia<\/h2><\/div><div class=\"w-actionbox-controls\"><a class=\"w-btn us-btn-style_3\" href=\"https:\/\/legalexits.com\/es\/timeshare-relinquishment-form\/\"><span class=\"w-btn-label\">Forma completa<\/span><\/a><\/div><\/div><\/div><\/div><\/div><div class=\"vc_col-sm-6 wpb_column vc_column_container\"><div class=\"vc_column-inner\"><div class=\"wpb_wrapper\"><div class=\"w-actionbox us_custom_bcfd46c8 color_primary controls_bottom\"><div class=\"w-actionbox-text\"><h2 class=\"w-actionbox-title\">Elegibilidad de compensaci\u00f3n<\/h2><\/div><div class=\"w-actionbox-controls\"><a class=\"w-btn us-btn-style_3\" href=\"https:\/\/legalexits.com\/es\/compensation-eligibility\/\"><span class=\"w-btn-label\">Verificar elegibilidad<\/span><\/a><\/div><\/div><\/div><\/div><\/div><\/div><\/div><\/div><\/div><\/div><\/div><\/section><section class=\"l-section wpb_row us_custom_8cd4af33 height_small width_full\"><div class=\"l-section-h i-cf\"><div class=\"g-cols vc_row via_flex valign_top type_default stacking_default\"><div class=\"vc_col-sm-12 wpb_column vc_column_container has_bg_color stretched\"><div class=\"vc_column-inner us_custom_8cd4af33\"><div class=\"wpb_wrapper\"><div class=\"w-separator size_medium\"><\/div><div class=\"w-actionbox us_custom_0998e206 has_text_color color_primary controls_bottom\"><div class=\"w-actionbox-text\"><h2 class=\"w-actionbox-title\">Solicite su consulta<\/h2><\/div><div class=\"w-actionbox-controls\"><a class=\"w-btn us-btn-style_3\" href=\"https:\/\/legalexits.com\/es\/contact-us\/\"><span class=\"w-btn-label\">Haga clic aqu\u00ed<\/span><\/a><\/div><\/div><\/div><\/div><\/div><\/div><\/div><\/section>","protected":false},"excerpt":{"rendered":"Bienvenido a la descripci\u00f3n de Legal ExitsVer Folleto Bienvenido a Legal Exits, su socio jur\u00eddico de confianza en Tenerife. Nuestra firma est\u00e1 dedicada a luchar por los derechos de nuestros clientes con un firme compromiso con la justicia y la integridad. Con a\u00f1os de experiencia y un equipo de abogados de primer nivel, nos especializamos en manejar asuntos legales complejos, incluyendo...","protected":false},"author":12,"featured_media":1816,"parent":0,"menu_order":0,"comment_status":"closed","ping_status":"closed","template":"","meta":{"ngg_post_thumbnail":0,"footnotes":""},"class_list":["post-12","page","type-page","status-publish","has-post-thumbnail","hentry"],"yoast_head":"<!-- This site is optimized with the Yoast SEO plugin v26.8 - https:\/\/yoast.com\/product\/yoast-seo-wordpress\/ -->\n<title>Home - Timeshare Legal Exits<\/title>\n<meta name=\"description\" content=\"If you wish to relinquish your timeshare, use our relinquishment form and you will receive further information specific to your ownership\" \/>\n<meta name=\"robots\" content=\"index, follow, max-snippet:-1, max-image-preview:large, max-video-preview:-1\" \/>\n<link rel=\"canonical\" href=\"https:\/\/legalexits.com\/es\/\" \/>\n<meta property=\"og:locale\" content=\"es_ES\" \/>\n<meta property=\"og:type\" content=\"article\" \/>\n<meta property=\"og:title\" content=\"Home - Timeshare Legal Exits\" \/>\n<meta property=\"og:description\" content=\"If you wish to relinquish your timeshare, use our relinquishment form and you will receive further information specific to your ownership\" \/>\n<meta property=\"og:url\" content=\"https:\/\/legalexits.com\/es\/\" \/>\n<meta property=\"og:site_name\" content=\"Timeshare Legal Exits\" \/>\n<meta property=\"article:modified_time\" content=\"2026-03-18T14:35:43+00:00\" \/>\n<meta property=\"og:image\" content=\"https:\/\/legalexits.com\/wp-content\/uploads\/2022\/06\/Diseno-sin-titulo-20.png\" \/>\n\t<meta property=\"og:image:width\" content=\"1200\" \/>\n\t<meta property=\"og:image:height\" content=\"630\" \/>\n\t<meta property=\"og:image:type\" content=\"image\/png\" \/>\n<meta name=\"twitter:card\" content=\"summary_large_image\" \/>\n<meta name=\"twitter:image\" content=\"https:\/\/legalexits.com\/wp-content\/uploads\/2022\/06\/Diseno-sin-titulo-20.png\" \/>\n<meta name=\"twitter:label1\" content=\"Tiempo de lectura\" \/>\n\t<meta name=\"twitter:data1\" content=\"3 minutos\" \/>\n<script type=\"application\/ld+json\" class=\"yoast-schema-graph\">{\"@context\":\"https:\/\/schema.org\",\"@graph\":[{\"@type\":\"WebPage\",\"@id\":\"https:\/\/legalexits.com\/\",\"url\":\"https:\/\/legalexits.com\/\",\"name\":\"Home - Timeshare Legal Exits\",\"isPartOf\":{\"@id\":\"https:\/\/legalexits.com\/#website\"},\"primaryImageOfPage\":{\"@id\":\"https:\/\/legalexits.com\/#primaryimage\"},\"image\":{\"@id\":\"https:\/\/legalexits.com\/#primaryimage\"},\"thumbnailUrl\":\"https:\/\/legalexits.com\/wp-content\/uploads\/2022\/06\/Diseno-sin-titulo-20.png\",\"datePublished\":\"2021-02-26T11:49:24+00:00\",\"dateModified\":\"2026-03-18T14:35:43+00:00\",\"description\":\"If you wish to relinquish your timeshare, use our relinquishment form and you will receive further information specific to your ownership\",\"breadcrumb\":{\"@id\":\"https:\/\/legalexits.com\/#breadcrumb\"},\"inLanguage\":\"es\",\"potentialAction\":[{\"@type\":\"ReadAction\",\"target\":[\"https:\/\/legalexits.com\/\"]}]},{\"@type\":\"ImageObject\",\"inLanguage\":\"es\",\"@id\":\"https:\/\/legalexits.com\/#primaryimage\",\"url\":\"https:\/\/legalexits.com\/wp-content\/uploads\/2022\/06\/Diseno-sin-titulo-20.png\",\"contentUrl\":\"https:\/\/legalexits.com\/wp-content\/uploads\/2022\/06\/Diseno-sin-titulo-20.png\",\"width\":1200,\"height\":630},{\"@type\":\"BreadcrumbList\",\"@id\":\"https:\/\/legalexits.com\/#breadcrumb\",\"itemListElement\":[{\"@type\":\"ListItem\",\"position\":1,\"name\":\"Home\",\"item\":\"https:\/\/legalexits.com\/\"},{\"@type\":\"ListItem\",\"position\":2,\"name\":\"Home\"}]},{\"@type\":\"WebSite\",\"@id\":\"https:\/\/legalexits.com\/#website\",\"url\":\"https:\/\/legalexits.com\/\",\"name\":\"Timeshare Legal Exits\",\"description\":\"Relinquishing timeshare contracts legally\",\"potentialAction\":[{\"@type\":\"SearchAction\",\"target\":{\"@type\":\"EntryPoint\",\"urlTemplate\":\"https:\/\/legalexits.com\/?s={search_term_string}\"},\"query-input\":{\"@type\":\"PropertyValueSpecification\",\"valueRequired\":true,\"valueName\":\"search_term_string\"}}],\"inLanguage\":\"es\"}]}<\/script>\n<!-- \/ Yoast SEO plugin. -->","yoast_head_json":{"title":"Inicio - Tiempo Compartido Salidas Legales","description":"Si desea renunciar a su tiempo compartido, utilice nuestro formulario de renuncia y recibir\u00e1 m\u00e1s informaci\u00f3n espec\u00edfica sobre su propiedad.","robots":{"index":"index","follow":"follow","max-snippet":"max-snippet:-1","max-image-preview":"max-image-preview:large","max-video-preview":"max-video-preview:-1"},"canonical":"https:\/\/legalexits.com\/es\/","og_locale":"es_ES","og_type":"article","og_title":"Home - Timeshare Legal Exits","og_description":"If you wish to relinquish your timeshare, use our relinquishment form and you will receive further information specific to your ownership","og_url":"https:\/\/legalexits.com\/es\/","og_site_name":"Timeshare Legal Exits","article_modified_time":"2026-03-18T14:35:43+00:00","og_image":[{"width":1200,"height":630,"url":"https:\/\/legalexits.com\/wp-content\/uploads\/2022\/06\/Diseno-sin-titulo-20.png","type":"image\/png"}],"twitter_card":"summary_large_image","twitter_image":"https:\/\/legalexits.com\/wp-content\/uploads\/2022\/06\/Diseno-sin-titulo-20.png","twitter_misc":{"Tiempo de lectura":"3 minutos"},"schema":{"@context":"https:\/\/schema.org","@graph":[{"@type":"WebPage","@id":"https:\/\/legalexits.com\/","url":"https:\/\/legalexits.com\/","name":"Inicio - Tiempo Compartido Salidas Legales","isPartOf":{"@id":"https:\/\/legalexits.com\/#website"},"primaryImageOfPage":{"@id":"https:\/\/legalexits.com\/#primaryimage"},"image":{"@id":"https:\/\/legalexits.com\/#primaryimage"},"thumbnailUrl":"https:\/\/legalexits.com\/wp-content\/uploads\/2022\/06\/Diseno-sin-titulo-20.png","datePublished":"2021-02-26T11:49:24+00:00","dateModified":"2026-03-18T14:35:43+00:00","description":"Si desea renunciar a su tiempo compartido, utilice nuestro formulario de renuncia y recibir\u00e1 m\u00e1s informaci\u00f3n espec\u00edfica sobre su propiedad.","breadcrumb":{"@id":"https:\/\/legalexits.com\/#breadcrumb"},"inLanguage":"es","potentialAction":[{"@type":"ReadAction","target":["https:\/\/legalexits.com\/"]}]},{"@type":"ImageObject","inLanguage":"es","@id":"https:\/\/legalexits.com\/#primaryimage","url":"https:\/\/legalexits.com\/wp-content\/uploads\/2022\/06\/Diseno-sin-titulo-20.png","contentUrl":"https:\/\/legalexits.com\/wp-content\/uploads\/2022\/06\/Diseno-sin-titulo-20.png","width":1200,"height":630},{"@type":"BreadcrumbList","@id":"https:\/\/legalexits.com\/#breadcrumb","itemListElement":[{"@type":"ListItem","position":1,"name":"Home","item":"https:\/\/legalexits.com\/"},{"@type":"ListItem","position":2,"name":"Home"}]},{"@type":"WebSite","@id":"https:\/\/legalexits.com\/#website","url":"https:\/\/legalexits.com\/","name":"Salidas Legales de Tiempo Compartido","description":"Renunciar legalmente a los contratos de tiempo compartido","potentialAction":[{"@type":"SearchAction","target":{"@type":"EntryPoint","urlTemplate":"https:\/\/legalexits.com\/?s={search_term_string}"},"query-input":{"@type":"PropertyValueSpecification","valueRequired":true,"valueName":"search_term_string"}}],"inLanguage":"es"}]}},"_links":{"self":[{"href":"https:\/\/legalexits.com\/es\/wp-json\/wp\/v2\/pages\/12","targetHints":{"allow":["GET"]}}],"collection":[{"href":"https:\/\/legalexits.com\/es\/wp-json\/wp\/v2\/pages"}],"about":[{"href":"https:\/\/legalexits.com\/es\/wp-json\/wp\/v2\/types\/page"}],"author":[{"embeddable":true,"href":"https:\/\/legalexits.com\/es\/wp-json\/wp\/v2\/users\/12"}],"replies":[{"embeddable":true,"href":"https:\/\/legalexits.com\/es\/wp-json\/wp\/v2\/comments?post=12"}],"version-history":[{"count":196,"href":"https:\/\/legalexits.com\/es\/wp-json\/wp\/v2\/pages\/12\/revisions"}],"predecessor-version":[{"id":2406,"href":"https:\/\/legalexits.com\/es\/wp-json\/wp\/v2\/pages\/12\/revisions\/2406"}],"wp:featuredmedia":[{"embeddable":true,"href":"https:\/\/legalexits.com\/es\/wp-json\/wp\/v2\/media\/1816"}],"wp:attachment":[{"href":"https:\/\/legalexits.com\/es\/wp-json\/wp\/v2\/media?parent=12"}],"curies":[{"name":"wp","href":"https:\/\/api.w.org\/{rel}","templated":true}]}}