{"id":654,"date":"2021-04-07T11:33:17","date_gmt":"2021-04-07T11:33:17","guid":{"rendered":"https:\/\/legalexits.com\/?page_id=654"},"modified":"2021-09-30T14:14:48","modified_gmt":"2021-09-30T14:14:48","slug":"proteccion-de-datos","status":"publish","type":"page","link":"https:\/\/legalexits.com\/es\/proteccion-de-datos\/","title":{"rendered":"Protecci\u00f3n de datos"},"content":{"rendered":"<section class=\"l-section wpb_row height_custom\"><div class=\"l-section-h i-cf\"><div class=\"g-cols vc_row via_flex valign_top type_default stacking_default\"><div class=\"vc_col-sm-12 wpb_column vc_column_container\"><div class=\"vc_column-inner\"><div class=\"wpb_wrapper\"><div class=\"wpb_text_column\"><div class=\"wpb_wrapper\"><p><strong><em>Protecci\u00f3n de Datos<\/em><\/strong><\/p>\n<p><em>&nbsp;<\/em><\/p>\n<p><em>Al marcar la casilla, usted est\u00e1 aceptando la pol\u00edtica de protecci\u00f3n de datos.<\/em><\/p>\n<p><em>En cumplimiento de la normativa vigente de Protecci\u00f3n de Datos de Car\u00e1cter Personal, le informamos que los datos aportados en el formulario as\u00ed como su direcci\u00f3n de correo electr\u00f3nico, forman parte de la base de datos de Viking Real Estate &amp; Consultants S.L.U.<\/em><\/p>\n<p><em>La finalidad es para la gesti\u00f3n interna, profesional, comercial y su fidelizaci\u00f3n, as\u00ed como dar respuesta a la\/s consulta\/s planteadas. De igual modo, su cuenta de correo electr\u00f3nico, ser\u00e1 almacenada para el env\u00edo de informaci\u00f3n sobre nuestra actividad. <\/em><\/p>\n<p><em>Su cuenta de correo electr\u00f3nico, se mantendr\u00e1n de forma indefinida en tanto no solicite su supresi\u00f3n.<\/em><\/p>\n<p><em>Si usted no desea recibir m\u00e1s informaci\u00f3n, m\u00e1s adelante, sobre nuestros productos o servicios, puede darse de baja en la siguiente direcci\u00f3n de correo electr\u00f3nico dpd@viking-realestate.com , indicando en el asunto \u201cbaja\u201d o \u201cno enviar correos\u201d, o siguiendo las instrucciones a pie del correo electr\u00f3nico recibido o en el formato recibido.<\/em><\/p>\n<p><em>Puede consultar la informaci\u00f3n adicional y detallada sobre Protecci\u00f3n de Datos en nuestra p\u00e1gina web: <\/em><a href=\"http:\/\/vikingrealestates.avisolegal.info\/\"><em>http:\/\/vikingrealestates.avisolegal.info\/<\/em><\/a><em>. <\/em><\/p>\n<\/div><\/div><\/div><\/div><\/div><\/div><\/div><\/section>","protected":false},"excerpt":{"rendered":"Protecci\u00f3n de datos Al marcar la casilla est\u00e1s aceptando la pol\u00edtica de protecci\u00f3n de datos. En cumplimiento de la normativa vigente en Protecci\u00f3n de Datos de Car\u00e1cter Personal, le informamos que los datos facilitados en el formulario as\u00ed como su direcci\u00f3n de correo electr\u00f3nico, forman parte de la base de datos de Viking Real Estate &amp; Consultants SLU La finalidad...","protected":false},"author":12,"featured_media":0,"parent":0,"menu_order":0,"comment_status":"closed","ping_status":"closed","template":"","meta":{"ngg_post_thumbnail":0,"footnotes":""},"class_list":["post-654","page","type-page","status-publish","hentry"],"yoast_head":"<!-- This site is optimized with the Yoast SEO plugin v26.8 - https:\/\/yoast.com\/product\/yoast-seo-wordpress\/ -->\n<title>Data Protection - Timeshare Legal Exits<\/title>\n<meta name=\"robots\" content=\"index, follow, max-snippet:-1, max-image-preview:large, max-video-preview:-1\" \/>\n<link rel=\"canonical\" href=\"https:\/\/legalexits.com\/es\/proteccion-de-datos\/\" \/>\n<meta property=\"og:locale\" content=\"es_ES\" \/>\n<meta property=\"og:type\" content=\"article\" \/>\n<meta property=\"og:title\" content=\"Data Protection - Timeshare Legal Exits\" \/>\n<meta property=\"og:url\" content=\"https:\/\/legalexits.com\/es\/proteccion-de-datos\/\" \/>\n<meta property=\"og:site_name\" content=\"Timeshare Legal Exits\" \/>\n<meta property=\"article:modified_time\" content=\"2021-09-30T14:14:48+00:00\" \/>\n<meta name=\"twitter:card\" content=\"summary_large_image\" \/>\n<meta name=\"twitter:label1\" content=\"Tiempo de lectura\" \/>\n\t<meta name=\"twitter:data1\" content=\"1 minuto\" \/>\n<script type=\"application\/ld+json\" class=\"yoast-schema-graph\">{\"@context\":\"https:\/\/schema.org\",\"@graph\":[{\"@type\":\"WebPage\",\"@id\":\"https:\/\/legalexits.com\/es\/proteccion-de-datos\/\",\"url\":\"https:\/\/legalexits.com\/es\/proteccion-de-datos\/\",\"name\":\"Data Protection - Timeshare Legal Exits\",\"isPartOf\":{\"@id\":\"https:\/\/legalexits.com\/#website\"},\"datePublished\":\"2021-04-07T11:33:17+00:00\",\"dateModified\":\"2021-09-30T14:14:48+00:00\",\"breadcrumb\":{\"@id\":\"https:\/\/legalexits.com\/es\/proteccion-de-datos\/#breadcrumb\"},\"inLanguage\":\"es\",\"potentialAction\":[{\"@type\":\"ReadAction\",\"target\":[\"https:\/\/legalexits.com\/es\/proteccion-de-datos\/\"]}]},{\"@type\":\"BreadcrumbList\",\"@id\":\"https:\/\/legalexits.com\/es\/proteccion-de-datos\/#breadcrumb\",\"itemListElement\":[{\"@type\":\"ListItem\",\"position\":1,\"name\":\"Home\",\"item\":\"https:\/\/legalexits.com\/\"},{\"@type\":\"ListItem\",\"position\":2,\"name\":\"Data Protection\"}]},{\"@type\":\"WebSite\",\"@id\":\"https:\/\/legalexits.com\/#website\",\"url\":\"https:\/\/legalexits.com\/\",\"name\":\"Timeshare Legal Exits\",\"description\":\"Relinquishing timeshare contracts legally\",\"potentialAction\":[{\"@type\":\"SearchAction\",\"target\":{\"@type\":\"EntryPoint\",\"urlTemplate\":\"https:\/\/legalexits.com\/?s={search_term_string}\"},\"query-input\":{\"@type\":\"PropertyValueSpecification\",\"valueRequired\":true,\"valueName\":\"search_term_string\"}}],\"inLanguage\":\"es\"}]}<\/script>\n<!-- \/ Yoast SEO plugin. -->","yoast_head_json":{"title":"Protecci\u00f3n de Datos - Salidas Legales de Tiempo Compartido","robots":{"index":"index","follow":"follow","max-snippet":"max-snippet:-1","max-image-preview":"max-image-preview:large","max-video-preview":"max-video-preview:-1"},"canonical":"https:\/\/legalexits.com\/es\/proteccion-de-datos\/","og_locale":"es_ES","og_type":"article","og_title":"Data Protection - Timeshare Legal Exits","og_url":"https:\/\/legalexits.com\/es\/proteccion-de-datos\/","og_site_name":"Timeshare Legal Exits","article_modified_time":"2021-09-30T14:14:48+00:00","twitter_card":"summary_large_image","twitter_misc":{"Tiempo de lectura":"1 minuto"},"schema":{"@context":"https:\/\/schema.org","@graph":[{"@type":"WebPage","@id":"https:\/\/legalexits.com\/es\/proteccion-de-datos\/","url":"https:\/\/legalexits.com\/es\/proteccion-de-datos\/","name":"Protecci\u00f3n de Datos - Salidas Legales de Tiempo Compartido","isPartOf":{"@id":"https:\/\/legalexits.com\/#website"},"datePublished":"2021-04-07T11:33:17+00:00","dateModified":"2021-09-30T14:14:48+00:00","breadcrumb":{"@id":"https:\/\/legalexits.com\/es\/proteccion-de-datos\/#breadcrumb"},"inLanguage":"es","potentialAction":[{"@type":"ReadAction","target":["https:\/\/legalexits.com\/es\/proteccion-de-datos\/"]}]},{"@type":"BreadcrumbList","@id":"https:\/\/legalexits.com\/es\/proteccion-de-datos\/#breadcrumb","itemListElement":[{"@type":"ListItem","position":1,"name":"Home","item":"https:\/\/legalexits.com\/"},{"@type":"ListItem","position":2,"name":"Data Protection"}]},{"@type":"WebSite","@id":"https:\/\/legalexits.com\/#website","url":"https:\/\/legalexits.com\/","name":"Salidas Legales de Tiempo Compartido","description":"Renunciar legalmente a los contratos de tiempo compartido","potentialAction":[{"@type":"SearchAction","target":{"@type":"EntryPoint","urlTemplate":"https:\/\/legalexits.com\/?s={search_term_string}"},"query-input":{"@type":"PropertyValueSpecification","valueRequired":true,"valueName":"search_term_string"}}],"inLanguage":"es"}]}},"_links":{"self":[{"href":"https:\/\/legalexits.com\/es\/wp-json\/wp\/v2\/pages\/654","targetHints":{"allow":["GET"]}}],"collection":[{"href":"https:\/\/legalexits.com\/es\/wp-json\/wp\/v2\/pages"}],"about":[{"href":"https:\/\/legalexits.com\/es\/wp-json\/wp\/v2\/types\/page"}],"author":[{"embeddable":true,"href":"https:\/\/legalexits.com\/es\/wp-json\/wp\/v2\/users\/12"}],"replies":[{"embeddable":true,"href":"https:\/\/legalexits.com\/es\/wp-json\/wp\/v2\/comments?post=654"}],"version-history":[{"count":6,"href":"https:\/\/legalexits.com\/es\/wp-json\/wp\/v2\/pages\/654\/revisions"}],"predecessor-version":[{"id":1894,"href":"https:\/\/legalexits.com\/es\/wp-json\/wp\/v2\/pages\/654\/revisions\/1894"}],"wp:attachment":[{"href":"https:\/\/legalexits.com\/es\/wp-json\/wp\/v2\/media?parent=654"}],"curies":[{"name":"wp","href":"https:\/\/api.w.org\/{rel}","templated":true}]}}