{"id":1222,"date":"2021-10-11T13:14:15","date_gmt":"2021-10-11T13:14:15","guid":{"rendered":"https:\/\/legalexits.com\/terms-and-conditions\/"},"modified":"2021-10-11T13:14:15","modified_gmt":"2021-10-11T13:14:15","slug":"terms-and-conditions","status":"publish","type":"page","link":"https:\/\/legalexits.com\/fi\/terms-and-conditions\/","title":{"rendered":"K\u00e4ytt\u00f6ehdot"},"content":{"rendered":"<h1>Timeshare Legal Exit Affiliate Program Palveluehdot<\/h1>\n<h2>sopimus<\/h2>\n<p>Rekister\u00f6itym\u00e4ll\u00e4 Tyt\u00e4ryhti\u00f6ksi Timeshare Legal Exits -kumppaniohjelmaan (&quot;Ohjelma&quot;) sitoudut noudattamaan seuraavia ehtoja (&quot;Palveluehdot&quot;).<\/p>\n<p><strong>Timeshare Legal Exit<\/strong> pid\u00e4tt\u00e4\u00e4 oikeuden p\u00e4ivitt\u00e4\u00e4 ja muuttaa Palveluehtoja aika ajoin ilman erillist\u00e4 ilmoitusta. Kaikki uudet ominaisuudet, jotka t\u00e4ydent\u00e4v\u00e4t tai parantavat nykyist\u00e4 Ohjelmaa, mukaan lukien uusien ty\u00f6kalujen ja resurssien julkaiseminen, ovat palveluehtojen alaisia. Ohjelman k\u00e4yt\u00f6n jatkaminen t\u00e4llaisten muutosten j\u00e4lkeen merkitsee suostumustasi t\u00e4llaisiin muutoksiin.<\/p>\n<p>Mink\u00e4 tahansa alla olevien ehtojen rikkominen johtaa tilisi sulkemiseen ja rikkomisen aikana ansaittujen maksamattomien kumppanipalkkioiden menett\u00e4miseen. Suostut k\u00e4ytt\u00e4m\u00e4\u00e4n kumppaniohjelmaa omalla vastuullasi.<\/p>\n<h2>Tilin ehdot<\/h2>\n<ul>\n<li>Sinun on oltava v\u00e4hint\u00e4\u00e4n 18-vuotias voidaksesi osallistua t\u00e4h\u00e4n ohjelmaan.<\/li>\n<li>Sinun on asuttava Yhdysvalloissa voidaksesi olla tyt\u00e4ryhti\u00f6.<\/li>\n<li>Sinun t\u00e4ytyy olla ihminen. &quot;Bottien&quot; tai muiden automaattisten menetelmien rekister\u00f6imi\u00e4 tilej\u00e4 ei sallita.<\/li>\n<li>Sinun on annettava virallinen koko nimesi, voimassa oleva s\u00e4hk\u00f6postiosoitteesi ja kaikki muut pyydetyt tiedot rekister\u00f6itymisprosessin viimeistelemiseksi.<\/li>\n<li>Kirjautumistunnuksiasi voi k\u00e4ytt\u00e4\u00e4 vain yksi henkil\u00f6 \u2013 useiden ihmisten yhteinen kirjautumistunnus ei ole sallittu.<\/li>\n<li>Olet vastuussa tilisi ja salasanasi turvallisuuden yll\u00e4pit\u00e4misest\u00e4. <strong>Timeshare Legal Exit<\/strong> ei voi eik\u00e4 ole vastuussa mist\u00e4\u00e4n menetyksist\u00e4 tai vahingoista, jotka johtuvat t\u00e4m\u00e4n turvallisuusvelvoitteen noudattamatta j\u00e4tt\u00e4misest\u00e4.<\/li>\n<li>Olet vastuussa kaikesta tilill\u00e4si l\u00e4hetetyst\u00e4 sis\u00e4ll\u00f6st\u00e4 ja toiminnasta.<\/li>\n<li>Yksi henkil\u00f6 tai oikeushenkil\u00f6 voi yll\u00e4pit\u00e4\u00e4 enint\u00e4\u00e4n yht\u00e4 tili\u00e4.<\/li>\n<li>Et saa k\u00e4ytt\u00e4\u00e4 Kumppanuusohjelmaa mihink\u00e4\u00e4n laittomaan tai luvattomaan tarkoitukseen. Et saa Palvelua k\u00e4ytt\u00e4ess\u00e4si rikkoa mit\u00e4\u00e4n laink\u00e4ytt\u00f6alueesi lakeja (mukaan lukien tekij\u00e4noikeuslakeja, mutta ei niihin rajoittuen).<\/li>\n<li>Et saa k\u00e4ytt\u00e4\u00e4 kumppaniohjelmaa ansaitaksesi rahaa itse <strong>Timeshare Legal Exit<\/strong> tuotetilit.<\/li>\n<\/ul>\n<h2>Linkit\/grafiikka sivustollasi, s\u00e4hk\u00f6posteissasi tai muussa viestinn\u00e4ss\u00e4<\/h2>\n<p>Kun olet rekister\u00f6itynyt kumppaniohjelmaan, sinulle annetaan yksil\u00f6llinen kumppanikoodi. Sinulla on lupa sijoittaa linkkej\u00e4, bannereita tai muuta grafiikkaa, jonka tarjoamme yhteisty\u00f6kumppanikoodisi kanssa sivustollesi, s\u00e4hk\u00f6postiisi tai muuhun viestint\u00e4\u00e4n. Tarjoamme sinulle ohjeita, linkitystyylej\u00e4 ja graafista taidetta, joita voit k\u00e4ytt\u00e4\u00e4 linkitt\u00e4misess\u00e4 <strong>Timeshare Legal Exit<\/strong>. Voimme muuttaa taideteoksen ulkoasua milloin tahansa ilman ennakkoilmoitusta, mutta emme muuta kuvien mittoja ilman asianmukaista ilmoitusta.<\/p>\n<p>Tarkan seurannan, raportoinnin ja viittausmaksujen kertymisen mahdollistamiseksi tarjoamme sinulle erityisi\u00e4 linkkimuotoja, joita k\u00e4ytet\u00e4\u00e4n kaikissa sivustosi ja sivustosi v\u00e4lisiss\u00e4 linkeiss\u00e4. <strong>Timeshare Legal Exit<\/strong>. Sinun on varmistettava, ett\u00e4 jokainen sivustosi ja sivustosi v\u00e4linen linkki <strong>Timeshare Legal Exit<\/strong> k\u00e4ytt\u00e4\u00e4 oikein t\u00e4llaisia erityisi\u00e4 linkkimuotoja. Linkkej\u00e4 kohteeseen <strong>Timeshare Legal Exit<\/strong> jotka on sijoitettu sivustollesi t\u00e4m\u00e4n sopimuksen mukaisesti ja jotka k\u00e4ytt\u00e4v\u00e4t asianmukaisesti t\u00e4llaisia erityisi\u00e4 linkkimuotoja, kutsutaan &quot;erikoislinkeiksi&quot;. Ansaitset viittausmaksuja vain a <strong>Timeshare Legal Exit<\/strong> tuote esiintyy suoraan erityisten linkkien kautta; emme ole vastuussa sinulle mist\u00e4\u00e4n laiminly\u00f6nnist\u00e4, jonka sin\u00e4 tai joku mainitsemasi henkil\u00f6 k\u00e4ytt\u00e4\u00e4 erikoislinkkej\u00e4 tai kirjoitat v\u00e4\u00e4rin yhteisty\u00f6kumppanikoodisi, mukaan lukien silt\u00e4 osin kuin t\u00e4llainen ep\u00e4onnistuminen voi johtaa sinulle muutoin maksettavien summien pienenemiseen t\u00e4m\u00e4n sopimuksen mukaisesti.<\/p>\n<p>Affiliate-linkkien tulee osoittaa mainostettavan tuotteen sivulle.<\/p>\n<h2>Suosituspalkkiot\/palkkiot ja maksu<\/h2>\n<p>Jotta tuotteen myynti voi ansaita suositusmaksun, asiakkaan on napsautettava erikoislinkki\u00e4 sivustoltasi, s\u00e4hk\u00f6postistasi tai muusta viestinn\u00e4st\u00e4si <strong>https:\/\/legalexits.com<\/strong> ja tee tuotteen tilaus kyseisen istunnon aikana.<\/p>\n<p>Maksamme palkkioita vain linkeist\u00e4, joita j\u00e4rjestelm\u00e4mme seuraavat ja raportoivat automaattisesti. Emme maksa palkkioita, jos joku sanoo ostaneensa tai joku sanoo sy\u00f6tt\u00e4neens\u00e4 viittauskoodin, jos j\u00e4rjestelm\u00e4mme ei seurannut sit\u00e4. Voimme maksaa vain palkkioita liiketoiminnasta, joka on luotu oikein muotoiltujen erityislinkkien kautta, joita j\u00e4rjestelm\u00e4mme seurasivat automaattisesti.<\/p>\n<p>Pid\u00e4t\u00e4mme oikeuden hyl\u00e4t\u00e4 palkkiot, jotka on ansaittu vilpillisill\u00e4, laittomilla tai liian aggressiivisilla, kyseenalaisilla myynti- tai markkinointimenetelmill\u00e4.<\/p>\n<p>Maksut alkavat vasta, kun olet ansainnut enemm\u00e4n kuin <strong>$20<\/strong> tyt\u00e4ryhti\u00f6iden tuloissa. Jos kumppanitilisi ei koskaan ylit\u00e4 <strong>$20<\/strong> kynnysarvoa, palkkioitasi ei realisoida tai makseta. Olemme vastuussa vain maksutileist\u00e4, jotka ovat ylitt\u00e4neet <strong>$20<\/strong> kynnys.<\/p>\n<h2>Tunnistaudut Timeshare Legal Exit -kumppaniksi<\/h2>\n<p>Et saa antaa lehdist\u00f6tiedotteita t\u00e4st\u00e4 sopimuksesta tai osallistumisestasi Ohjelmaan; t\u00e4llainen toiminta voi johtaa ohjelman lopettamiseen. Et my\u00f6sk\u00e4\u00e4n saa mill\u00e4\u00e4n tavalla v\u00e4\u00e4rist\u00e4\u00e4 tai kaunistaa meid\u00e4n ja sinun v\u00e4list\u00e4 suhdetta, sanoa, ett\u00e4 kehit\u00e4t tuotteitamme tai v\u00e4it\u00e4 olevasi osa <strong>Timeshare Legal Exit<\/strong> tai ilmaista tai vihjaa mit\u00e4 tahansa suhdetta tai yhteytt\u00e4 meid\u00e4n ja sinun tai mink\u00e4 tahansa muun henkil\u00f6n tai yhteis\u00f6n v\u00e4lill\u00e4 paitsi t\u00e4ss\u00e4 sopimuksessa nimenomaisesti sallitulla tavalla (mukaan lukien ilmaisemalla tai vihjaamalla, ett\u00e4 tuemme, sponsoroimme, tuemme tai lahjoitamme rahaa mihin tahansa hyv\u00e4ntekev\u00e4isyyteen tai muuhun tarkoitukseen).<\/p>\n<p>Et voi ostaa tuotteita kumppanilinkkien kautta omaan k\u00e4ytt\u00f6\u00f6n. T\u00e4llaiset ostot voivat johtaa (oman harkintamme mukaan) viittausmaksujen pid\u00e4tt\u00e4miseen ja\/tai t\u00e4m\u00e4n sopimuksen irtisanomiseen.<\/p>\n<h2>Maksuaikataulu<\/h2>\n<p>Niin kauan kuin nykyiset tyt\u00e4ryhti\u00f6si tulot ovat ohi <strong>$20<\/strong>, sinulle maksetaan kuukausittain. Jos et ole ansainnut <strong>$20<\/strong> edellisen maksusi j\u00e4lkeen, maksamme sinulle seuraavan kuukauden kuluttua kynnyksen ylitt\u00e4misest\u00e4.<\/p>\n<h2>Asiakkaan m\u00e4\u00e4ritelm\u00e4<\/h2>\n<p>Asiakkaita, jotka ostavat tuotteita t\u00e4m\u00e4n ohjelman kautta, pidet\u00e4\u00e4n asiakkaistamme. N\u00e4in ollen kaikki asiakastilauksia, asiakaspalvelua ja tuotemyynti\u00e4 koskevat s\u00e4\u00e4nt\u00f6mme, k\u00e4yt\u00e4nt\u00f6mme ja toimintatavat koskevat n\u00e4it\u00e4 asiakkaita. Voimme muuttaa k\u00e4yt\u00e4nt\u00f6j\u00e4mme ja toimintatapojamme milloin tahansa. M\u00e4\u00e4rit\u00e4mme esimerkiksi t\u00e4m\u00e4n Ohjelman puitteissa myyt\u00e4vist\u00e4 tuotteista veloitettavat hinnat omien hinnoitteluk\u00e4yt\u00e4nt\u00f6jemme mukaisesti. Tuotteiden hinnat ja saatavuus voivat vaihdella ajoittain. Koska hintamuutokset voivat vaikuttaa tuotteisiin, jotka olet listannut sivustollesi, sinun ei pit\u00e4isi n\u00e4ytt\u00e4\u00e4 tuotteiden hintoja sivustossasi. Pyrimme kaupallisesti kohtuullisin keinoin esitt\u00e4m\u00e4\u00e4n tarkkoja tietoja, mutta emme voi taata mink\u00e4\u00e4n tietyn tuotteen saatavuutta tai hintaa.<\/p>\n<h2>Sinun velvollisuutesi<\/h2>\n<p>Olet yksin vastuussa sivustosi kehitt\u00e4misest\u00e4, toiminnasta ja yll\u00e4pidosta sek\u00e4 kaikesta sivustollasi n\u00e4kyv\u00e4st\u00e4 materiaalista. Olet esimerkiksi yksin vastuussa seuraavista:<\/p>\n<p>\u2013 sivustosi tekninen toiminta ja kaikki siihen liittyv\u00e4t laitteet<br \/>\n\u2013 Erityislinkkien n\u00e4ytt\u00e4misen varmistaminen sivustollasi ei riko mit\u00e4\u00e4n sinun ja mink\u00e4\u00e4n kolmannen osapuolen v\u00e4list\u00e4 sopimusta (mukaan lukien rajoituksetta sivustoasi is\u00e4nn\u00f6iv\u00e4n kolmannen osapuolen sinulle asettamat rajoitukset tai vaatimukset)<br \/>\n\u2013 Sivustollesi l\u00e4hetettyjen materiaalien tarkkuus, totuus ja asianmukaisuus (mukaan lukien muun muassa kaikki Tuotteisiin liittyv\u00e4t materiaalit ja kaikki tiedot, jotka lis\u00e4\u00e4t erityislinkkeihin tai liit\u00e4t niihin)<br \/>\n\u2013 Varmistaa, ett\u00e4 sivustollesi l\u00e4hetetty materiaali ei loukkaa tai loukkaa mink\u00e4\u00e4n kolmannen osapuolen oikeuksia (mukaan lukien esimerkiksi tekij\u00e4noikeudet, tavaramerkit, yksityisyys tai muut henkil\u00f6kohtaiset tai omistusoikeudet)<br \/>\n\u2013 Varmistaa, ett\u00e4 sivustollesi l\u00e4hetetty materiaali ei ole herjaavaa tai muuten laitonta<br \/>\n\u2013 Varmistaa, ett\u00e4 sivustosi paljastaa tarkasti ja riitt\u00e4v\u00e4sti joko tietosuojak\u00e4yt\u00e4nn\u00f6n kautta tai muuten, kuinka ker\u00e4\u00e4t, k\u00e4yt\u00e4t, tallennat ja paljastat vierailijoilta ker\u00e4ttyj\u00e4 tietoja, mukaan lukien soveltuvin osin, ett\u00e4 kolmannet osapuolet (mukaan lukien mainostajat) voivat tarjota sis\u00e4lt\u00f6\u00e4 ja\/ tai mainoksia ja ker\u00e4\u00e4 tietoja suoraan vierailijoilta ja saattaa sijoittaa tai tunnistaa ev\u00e4steit\u00e4 vierailijoiden selaimiin.<\/p>\n<h2>Lakien noudattaminen<\/h2>\n<p>Edellytyksen\u00e4 osallistumisellesi Ohjelmaan hyv\u00e4ksyt, ett\u00e4 osallistuessasi ohjelmaan noudatat kaikkia lakeja, m\u00e4\u00e4r\u00e4yksi\u00e4, s\u00e4\u00e4nt\u00f6j\u00e4, m\u00e4\u00e4r\u00e4yksi\u00e4, m\u00e4\u00e4r\u00e4yksi\u00e4, lisenssej\u00e4, lupia, tuomioita, p\u00e4\u00e4t\u00f6ksi\u00e4 tai muita vaatimuksia mink\u00e4 tahansa valtion viranomaisen, jolla on laink\u00e4ytt\u00f6valtaa, olivatpa kyseiset lait jne. voimassa nyt vai tulevat voimaan my\u00f6hemmin sin\u00e4 aikana, kun olet Ohjelman osallistuja. Rajoittamatta edell\u00e4 mainittua velvoitetta, hyv\u00e4ksyt, ett\u00e4 osallistumisesi Ohjelmaan edellytyksen\u00e4 on, ett\u00e4 noudatat kaikkia soveltuvia lakeja (liittovaltion, osavaltion tai muita), jotka s\u00e4\u00e4telev\u00e4t markkinointis\u00e4hk\u00f6postia, mukaan lukien rajoituksetta vuoden 2003 CAN-SPAM-laki ja kaikki muut roskapostin vastaiset lait.<\/p>\n<h2>Sopimuksen ja ohjelman voimassaoloaika<\/h2>\n<p>T\u00e4m\u00e4n sopimuksen voimassaolo alkaa, kun hyv\u00e4ksymme ohjelmahakemuksesi, ja p\u00e4\u00e4ttyy, kun jompikumpi osapuoli irtisanoo sen. Joko sin\u00e4 tai me voimme irtisanoa t\u00e4m\u00e4n Sopimuksen milloin tahansa syyst\u00e4 tai ilman syyt\u00e4 ilmoittamalla toiselle osapuolelle kirjallisesti irtisanomisesta. Kun t\u00e4m\u00e4 sopimus irtisanotaan mist\u00e4 tahansa syyst\u00e4, lopetat v\u00e4litt\u00f6m\u00e4sti sivuston k\u00e4yt\u00f6n ja poistat sivustoltasi kaikki linkit <strong>https:\/\/legalexits.com<\/strong>, ja kaikki tavaramerkkimme, kauppapukumme ja logomme sek\u00e4 kaikki muu materiaali, jonka olemme toimittaneet meille tai jotka olemme toimittaneet sinulle t\u00e4m\u00e4n sopimuksen mukaisesti tai Ohjelman yhteydess\u00e4. <strong>Timeshare Legal Exit<\/strong> pid\u00e4tt\u00e4\u00e4 oikeuden lopettaa Ohjelma milloin tahansa. Ohjelman p\u00e4\u00e4ttyess\u00e4, <strong>Timeshare Legal Exit<\/strong> maksaa kaikki edell\u00e4 kertyneet j\u00e4\u00e4neet tulot <strong>$20<\/strong>.<\/p>\n<h2>Irtisanominen<\/h2>\n<p><strong>Timeshare Legal Exit<\/strong>, oman harkintansa mukaan, on oikeus keskeytt\u00e4\u00e4 tai lopettaa tilisi ja kielt\u00e4yty\u00e4 kaikesta Ohjelman nykyisest\u00e4 tai tulevasta k\u00e4yt\u00f6st\u00e4 tai muusta <strong>Timeshare Legal Exit<\/strong> palvelua mist\u00e4 tahansa syyst\u00e4 milloin tahansa. Palvelun lopettaminen johtaa tilisi tai tilisi k\u00e4ytt\u00f6oikeutesi deaktivointiin tai poistamiseen sek\u00e4 kaikkien tilill\u00e4si olevien mahdollisten tai maksettavien palkkioiden menett\u00e4miseen ja luopumiseen, jos ne on ansaittu vilpillisesti, laittomasti tai liian aggressiivisia, kyseenalaisia myynti- tai markkinointimenetelmi\u00e4. <strong>Timeshare Legal Exit<\/strong> pid\u00e4tt\u00e4\u00e4 oikeuden kielt\u00e4yty\u00e4 palvelusta kenelt\u00e4 tahansa mist\u00e4 tahansa syyst\u00e4 milloin tahansa.<\/p>\n<h2>Osapuolten suhde<\/h2>\n<p>Sin\u00e4 ja me olemme itsen\u00e4isi\u00e4 alihankkijoita, eik\u00e4 mik\u00e4\u00e4n t\u00e4ss\u00e4 sopimuksessa luo kumppanuutta, yhteisyrityst\u00e4, edustajaa, franchising-sopimusta, myyntiedustajaa tai ty\u00f6suhdetta osapuolten v\u00e4lille. Sinulla ei ole valtuuksia tehd\u00e4 tai hyv\u00e4ksy\u00e4 tarjouksia tai esityksi\u00e4 puolestamme. Et anna sivustollasi tai muuten mit\u00e4\u00e4n lausuntoa, joka olisi kohtuudella ristiriidassa t\u00e4m\u00e4n osion kanssa.<\/p>\n<h2>Vastuun rajoitukset<\/h2>\n<p>Emme ole vastuussa ep\u00e4suorista, erityisist\u00e4 tai v\u00e4lillisist\u00e4 vahingoista (tai tulojen, voittojen tai tietojen menetyksest\u00e4), jotka aiheutuvat t\u00e4m\u00e4n sopimuksen tai Ohjelman yhteydess\u00e4, vaikka meille olisi ilmoitettu t\u00e4llaisten vahinkojen mahdollisuudesta. Lis\u00e4ksi t\u00e4h\u00e4n Sopimukseen ja Ohjelmaan liittyv\u00e4 kokonaisvastuumme ei ylit\u00e4 t\u00e4m\u00e4n Sopimuksen perusteella sinulle maksettujen tai maksettavien suositusmaksujen kokonaism\u00e4\u00e4r\u00e4\u00e4.<\/p>\n<h2>Vastuuvapauslausekkeet<\/h2>\n<p>Emme anna mit\u00e4\u00e4n nimenomaisia tai oletettuja takuita tai esityksi\u00e4 Ohjelmasta tai ohjelman kautta myyt\u00e4vist\u00e4 tuotteista (mukaan lukien rajoituksetta takuut sopivuudesta, kaupallisuudesta, loukkaamattomuudesta tai mitk\u00e4\u00e4n oletetut takuut, jotka johtuvat suorituskyvyst\u00e4, kaupank\u00e4ynnist\u00e4 tai kaupan k\u00e4ytt\u00f6). Lis\u00e4ksi emme esit\u00e4, ett\u00e4 toiminnan <strong>Timeshare Legal Exit<\/strong> on keskeytym\u00e4t\u00f6n tai virheet\u00f6n, emmek\u00e4 ole vastuussa keskeytyksist\u00e4 tai virheist\u00e4 aiheutuvista seurauksista.<\/p>\n<h2>Riippumaton tutkinta<\/h2>\n<p>HYV\u00c4KSYT, ETT\u00c4 OLET LUKENUT T\u00c4M\u00c4N SOPIMUKSEN JA HYV\u00c4KSYNN\u00c4 KAIKKI SEN EHDOT. YMM\u00c4RR\u00c4T, ETT\u00c4 SAATTAMME MILLOIN AIKANA (SUORAAN TAI EP\u00c4SUORAAN) PYYD\u00c4 ASIAKASVIITTEET EHDOT, JOTKA VOIVAT ER\u00c4IT\u00c4 T\u00c4M\u00c4N SOPIMUKSEN EHDOT TAI K\u00c4YTT\u00c4V\u00c4T VERKKOSIVUSTOJA, JOTKA OVAT SAMALLAISESTI SINUA OLET RIIPPUMATTOMASTA ARVIOINTI OHJELMAAN OSALLISTUMISEN TOIVOTTAVUUTTA ETEK\u00c4 LUOTTA MIHIN MUIHIN KUIN T\u00c4SS\u00c4 SOPIMUKSESSA M\u00c4\u00c4R\u00c4TYISIIN VAKUUTUKSIIN, TAKUUEISIIN TAI LAUSUNTOIHIN.<\/p>\n<h2>v\u00e4limiesmenettely<\/h2>\n<p>Kaikki t\u00e4h\u00e4n sopimukseen mill\u00e4\u00e4n tavalla liittyv\u00e4t kiistat (mukaan lukien todellinen tai v\u00e4itetty t\u00e4m\u00e4n sopimuksen rikkominen), t\u00e4m\u00e4n sopimuksen mukaisiin liiketoimiin tai toimiin tai suhteeseenne meihin tai mihin tahansa tyt\u00e4ryritykseemme tulee alistaa luottamukselliselle v\u00e4limiesmenettelylle, paitsi silt\u00e4 osin kuin sin\u00e4 olet mill\u00e4\u00e4n tavalla loukannut tai uhannut loukata immateriaalioikeuksiamme, voimme hakea kieltom\u00e4\u00e4r\u00e4yst\u00e4 tai muuta asianmukaista apua miss\u00e4 tahansa osavaltion tai liittovaltion tuomioistuimessa (ja hyv\u00e4ksyt ei-yksinomaisen toimivallan ja paikkakunnan t\u00e4llaisissa tuomioistuimissa) tai miss\u00e4 tahansa muussa toimivaltaisessa tuomioistuimessa . T\u00e4m\u00e4n sopimuksen mukainen v\u00e4limiesmenettely suoritetaan American Arbitration Associationin silloin voimassa olevien s\u00e4\u00e4nt\u00f6jen mukaisesti. V\u00e4limiehen tuomio on sitova, ja se voidaan antaa tuomiona miss\u00e4 tahansa toimivaltaisessa tuomioistuimessa. Soveltuvan lain sallimassa laajuudessa mit\u00e4\u00e4n t\u00e4m\u00e4n sopimuksen mukaista v\u00e4limiesmenettely\u00e4 ei saa liitt\u00e4\u00e4 v\u00e4limiesmenettelyyn, johon osallistuu jokin muu t\u00e4m\u00e4n Sopimuksen alainen osapuoli, joko ryhm\u00e4v\u00e4limiesmenettelyn kautta tai muuten.<\/p>\n<h2>Sekalaista<\/h2>\n<p>T\u00e4h\u00e4n Sopimukseen sovelletaan Yhdysvaltojen lakeja ilman viittausta lainvalintaa koskeviin s\u00e4\u00e4nt\u00f6ihin. Et voi siirt\u00e4\u00e4 t\u00e4t\u00e4 sopimusta lain nojalla tai muuten ilman kirjallista lupaamme. T\u00e4m\u00e4n rajoituksen mukaisesti t\u00e4m\u00e4 sopimus sitoo osapuolia ja heid\u00e4n seuraajiaan ja luovuttajiaan ja on t\u00e4yt\u00e4nt\u00f6\u00f6npanokelpoinen niit\u00e4 vastaan. Se, ett\u00e4 emme pysty panemaan tiukasti t\u00e4yt\u00e4nt\u00f6\u00f6n mink\u00e4 tahansa t\u00e4m\u00e4n sopimuksen m\u00e4\u00e4r\u00e4yksen, ei tarkoita luopumista oikeudestamme panna my\u00f6hemmin t\u00e4yt\u00e4nt\u00f6\u00f6n kyseinen m\u00e4\u00e4r\u00e4ys tai jokin muu t\u00e4m\u00e4n sopimuksen m\u00e4\u00e4r\u00e4ys.<\/p>\n<p>Ep\u00e4onnistuminen <strong>Timeshare Legal Exit<\/strong> Palveluehtojen jonkin oikeuden tai m\u00e4\u00e4r\u00e4yksen k\u00e4ytt\u00e4minen tai t\u00e4yt\u00e4nt\u00f6\u00f6npano ei tarkoita luopumista kyseisest\u00e4 oikeudesta tai m\u00e4\u00e4r\u00e4yksest\u00e4. Palveluehdot muodostavat koko sopimuksen sinun ja <strong>Timeshare Legal Exit<\/strong> ja s\u00e4\u00e4telev\u00e4t Palvelun k\u00e4ytt\u00f6\u00e4si, ohittaen kaikki aikaisemmat sopimukset sinun ja sinun v\u00e4lill\u00e4si <strong>Timeshare Legal Exit<\/strong> (mukaan lukien, mutta ei rajoittuen, kaikki aiemmat k\u00e4ytt\u00f6ehtojen versiot).<\/p>","protected":false},"excerpt":{"rendered":"<p>Timeshare Legal Exits -kumppanuusohjelman k\u00e4ytt\u00f6ehdot Ilmoittautumalla kumppaniksi Timeshare Legal Exits -kumppaniohjelmaan (&quot;Ohjelma&quot;) sitoudut noudattamaan seuraavia ehtoja (&quot;Palveluehdot&quot;). Timeshare Legal Exits pid\u00e4tt\u00e4\u00e4 oikeuden p\u00e4ivitt\u00e4\u00e4 ja muuttaa palveluehtoja aika ajoin\u2026<\/p>","protected":false},"author":12,"featured_media":0,"parent":0,"menu_order":0,"comment_status":"closed","ping_status":"closed","template":"","meta":{"ngg_post_thumbnail":0,"footnotes":""},"class_list":["post-1222","page","type-page","status-publish","hentry"],"yoast_head":"<!-- This site is optimized with the Yoast SEO plugin v26.8 - https:\/\/yoast.com\/product\/yoast-seo-wordpress\/ -->\n<title>Terms and Conditions - Timeshare Legal Exits<\/title>\n<meta name=\"robots\" content=\"index, follow, max-snippet:-1, max-image-preview:large, max-video-preview:-1\" \/>\n<link rel=\"canonical\" href=\"https:\/\/legalexits.com\/fi\/terms-and-conditions\/\" \/>\n<meta property=\"og:locale\" content=\"fi_FI\" \/>\n<meta property=\"og:type\" content=\"article\" \/>\n<meta property=\"og:title\" content=\"Terms and Conditions - Timeshare Legal Exits\" \/>\n<meta property=\"og:description\" content=\"Timeshare Legal Exits Affiliate Program Terms of Service Agreement By signing up to be an Affiliate in the Timeshare Legal Exits Affiliate Program (&#8220;Program&#8221;) you are agreeing to be bound by the following terms and conditions (&#8220;Terms of Service&#8221;). Timeshare Legal Exits reserves the right to update and change the Terms of Service from time...\" \/>\n<meta property=\"og:url\" content=\"https:\/\/legalexits.com\/fi\/terms-and-conditions\/\" \/>\n<meta property=\"og:site_name\" content=\"Timeshare Legal Exits\" \/>\n<meta name=\"twitter:card\" content=\"summary_large_image\" \/>\n<meta name=\"twitter:label1\" content=\"Arvioitu lukuaika\" \/>\n\t<meta name=\"twitter:data1\" content=\"11 minuuttia\" \/>\n<script type=\"application\/ld+json\" class=\"yoast-schema-graph\">{\"@context\":\"https:\/\/schema.org\",\"@graph\":[{\"@type\":\"WebPage\",\"@id\":\"https:\/\/legalexits.com\/sv\/terms-and-conditions\/\",\"url\":\"https:\/\/legalexits.com\/sv\/terms-and-conditions\/\",\"name\":\"Terms and Conditions - Timeshare Legal Exits\",\"isPartOf\":{\"@id\":\"https:\/\/legalexits.com\/#website\"},\"datePublished\":\"2021-10-11T13:14:15+00:00\",\"breadcrumb\":{\"@id\":\"https:\/\/legalexits.com\/sv\/terms-and-conditions\/#breadcrumb\"},\"inLanguage\":\"fi\",\"potentialAction\":[{\"@type\":\"ReadAction\",\"target\":[\"https:\/\/legalexits.com\/sv\/terms-and-conditions\/\"]}]},{\"@type\":\"BreadcrumbList\",\"@id\":\"https:\/\/legalexits.com\/sv\/terms-and-conditions\/#breadcrumb\",\"itemListElement\":[{\"@type\":\"ListItem\",\"position\":1,\"name\":\"Home\",\"item\":\"https:\/\/legalexits.com\/\"},{\"@type\":\"ListItem\",\"position\":2,\"name\":\"Terms and Conditions\"}]},{\"@type\":\"WebSite\",\"@id\":\"https:\/\/legalexits.com\/#website\",\"url\":\"https:\/\/legalexits.com\/\",\"name\":\"Timeshare Legal Exits\",\"description\":\"Relinquishing timeshare contracts legally\",\"potentialAction\":[{\"@type\":\"SearchAction\",\"target\":{\"@type\":\"EntryPoint\",\"urlTemplate\":\"https:\/\/legalexits.com\/?s={search_term_string}\"},\"query-input\":{\"@type\":\"PropertyValueSpecification\",\"valueRequired\":true,\"valueName\":\"search_term_string\"}}],\"inLanguage\":\"fi\"}]}<\/script>\n<!-- \/ Yoast SEO plugin. -->","yoast_head_json":{"title":"Ehdot - Timeshare Legal Exits","robots":{"index":"index","follow":"follow","max-snippet":"max-snippet:-1","max-image-preview":"max-image-preview:large","max-video-preview":"max-video-preview:-1"},"canonical":"https:\/\/legalexits.com\/fi\/terms-and-conditions\/","og_locale":"fi_FI","og_type":"article","og_title":"Terms and Conditions - Timeshare Legal Exits","og_description":"Timeshare Legal Exits Affiliate Program Terms of Service Agreement By signing up to be an Affiliate in the Timeshare Legal Exits Affiliate Program (&#8220;Program&#8221;) you are agreeing to be bound by the following terms and conditions (&#8220;Terms of Service&#8221;). Timeshare Legal Exits reserves the right to update and change the Terms of Service from time...","og_url":"https:\/\/legalexits.com\/fi\/terms-and-conditions\/","og_site_name":"Timeshare Legal Exits","twitter_card":"summary_large_image","twitter_misc":{"Arvioitu lukuaika":"11 minuuttia"},"schema":{"@context":"https:\/\/schema.org","@graph":[{"@type":"WebPage","@id":"https:\/\/legalexits.com\/sv\/terms-and-conditions\/","url":"https:\/\/legalexits.com\/sv\/terms-and-conditions\/","name":"Ehdot - Timeshare Legal Exits","isPartOf":{"@id":"https:\/\/legalexits.com\/#website"},"datePublished":"2021-10-11T13:14:15+00:00","breadcrumb":{"@id":"https:\/\/legalexits.com\/sv\/terms-and-conditions\/#breadcrumb"},"inLanguage":"fi","potentialAction":[{"@type":"ReadAction","target":["https:\/\/legalexits.com\/sv\/terms-and-conditions\/"]}]},{"@type":"BreadcrumbList","@id":"https:\/\/legalexits.com\/sv\/terms-and-conditions\/#breadcrumb","itemListElement":[{"@type":"ListItem","position":1,"name":"Home","item":"https:\/\/legalexits.com\/"},{"@type":"ListItem","position":2,"name":"Terms and Conditions"}]},{"@type":"WebSite","@id":"https:\/\/legalexits.com\/#website","url":"https:\/\/legalexits.com\/","name":"Timeshare Legal Exit","description":"Aikaosuussopimuksista luopuminen laillisesti","potentialAction":[{"@type":"SearchAction","target":{"@type":"EntryPoint","urlTemplate":"https:\/\/legalexits.com\/?s={search_term_string}"},"query-input":{"@type":"PropertyValueSpecification","valueRequired":true,"valueName":"search_term_string"}}],"inLanguage":"fi"}]}},"_links":{"self":[{"href":"https:\/\/legalexits.com\/fi\/wp-json\/wp\/v2\/pages\/1222","targetHints":{"allow":["GET"]}}],"collection":[{"href":"https:\/\/legalexits.com\/fi\/wp-json\/wp\/v2\/pages"}],"about":[{"href":"https:\/\/legalexits.com\/fi\/wp-json\/wp\/v2\/types\/page"}],"author":[{"embeddable":true,"href":"https:\/\/legalexits.com\/fi\/wp-json\/wp\/v2\/users\/12"}],"replies":[{"embeddable":true,"href":"https:\/\/legalexits.com\/fi\/wp-json\/wp\/v2\/comments?post=1222"}],"version-history":[{"count":0,"href":"https:\/\/legalexits.com\/fi\/wp-json\/wp\/v2\/pages\/1222\/revisions"}],"wp:attachment":[{"href":"https:\/\/legalexits.com\/fi\/wp-json\/wp\/v2\/media?parent=1222"}],"curies":[{"name":"wp","href":"https:\/\/api.w.org\/{rel}","templated":true}]}}