{"id":650,"date":"2021-04-07T10:49:03","date_gmt":"2021-04-07T10:49:03","guid":{"rendered":"https:\/\/legalexits.com\/?page_id=650"},"modified":"2022-02-07T16:10:09","modified_gmt":"2022-02-07T16:10:09","slug":"aviso-legal","status":"publish","type":"page","link":"https:\/\/legalexits.com\/fi\/aviso-legal\/","title":{"rendered":"Lakitiedot"},"content":{"rendered":"<section class=\"l-section wpb_row height_custom\"><div class=\"l-section-h i-cf\"><div class=\"g-cols vc_row via_flex valign_top type_default stacking_default\"><div class=\"vc_col-sm-12 wpb_column vc_column_container\"><div class=\"vc_column-inner\"><div class=\"wpb_wrapper\"><div class=\"wpb_text_column\"><div class=\"wpb_wrapper\"><p>El presente sitio &quot;web&quot; on julkaissut Legal Exits Worldwide SL:n, para dar a conocer y lupair el acceso general de todos los Usuarios a la informaci\u00f3n, Actividades, Productos y Services diversos, propios o de terceros, ofertados.<\/p>\n<p>El presente texto, regula e informa de:<\/p>\n<ol>\n<li>Verkkotunnuksen tunnistetiedot<\/li>\n<li>m\u00e4\u00e4ritelm\u00e4t<\/li>\n<li>Yksityisyyspolitiikka<\/li>\n<li>Disponibilidad de la p\u00e1gina<\/li>\n<li>Condiciones de uso<\/li>\n<li>Disponibilidad de contenidos<\/li>\n<li>Responsabilidad de contenidos<\/li>\n<li>Reproducci\u00f3n de contenidos<\/li>\n<li>Propiedad teollista ja \u00e4lyllist\u00e4<\/li>\n<li>Medidas de seguridad<\/li>\n<li>Protecci\u00f3n de datos de car\u00e1cter personal<\/li>\n<li>Publicidad<\/li>\n<li>Limitaci\u00f3n de responsabilidad<\/li>\n<li>Nulidad parcial<\/li>\n<li>Jurisdicci\u00f3n<\/li>\n<li>Sovellettava lains\u00e4\u00e4d\u00e4nt\u00f6<\/li>\n<\/ol>\n<p><strong>1. DATOS IDENTIFICATIVOS DEL TITULAR DE LA WEB<\/strong><\/p>\n<p>En cumplimiento del deber de informaci\u00f3n, Legal Exits Worldwide SL (en lo sucesivo El Titular) en calidad de titular del www.legalexits.com (en lo sucesivo LA WEB) comunicarles los datos identificativos:<\/p>\n<ul>\n<li>Sosiaalinen nimitys: Legal Exits Worldwide SL<\/li>\n<li>Cif: B67766295<\/li>\n<li>Correo elektroniikka: dpd @ legalexits.com<\/li>\n<li>Domicilio: \u2022Avda. Bruselas CC Fa\u00f1abe Plaza 332 \u2013 38660 \u2013 Adeje<\/li>\n<\/ul>\n<p>La presente informaci\u00f3n conforma y regula las condiciones de uso, las limitaciones de responsabilidad y las obligaciones que los usuarios de la p\u00e1gina Web que se publica bajo el nombre\/s de dominio asumen y se comprometen a respetar.<\/p>\n<p><strong>2. M\u00c4\u00c4RITELM\u00c4T<\/strong><\/p>\n<p>Entre otros t\u00e9rminos, se usea;<\/p>\n<p>&quot;P\u00e1gina&quot;; Dominio\/s que se pone a disposici\u00f3n de los Usuarios de Internet.<\/p>\n<p>&quot;Usuario&quot;; Persona f\u00edsica o jur\u00eddica que usea o navega por la Pagina.<\/p>\n<p>&quot;Contenido&quot;; Son las p\u00e1ginas que conforman la totalidad del dominio, las cuales conforman la informaci\u00f3n y los servicios que el titular pone a disposici\u00f3n de los Usuarios de Internet. En ellas se contienen los mensajes, textos, valokuvat, grafikot, ikonit, logot, teknologiat, linkit, tekstuurit, dibujos, arkistot de sonido y\/o imagen, grabaciones, ohjelmistot, aspektit, dise\u00f1o gr\u00e1fico y c\u00f3digos fuente, c\u00f3digos fuente, quier fuente clase de material contenido en la Pagina.<\/p>\n<p>&quot;Web&quot;; Palabra t\u00e9cnica que kuvaa el j\u00e4rjestelm\u00e4\u00e4 de acceso a la informaci\u00f3n Internetin kautta, que se configura por de medio de confeccionadas confeccionadas con kielell\u00e4 HTML, ASP tai vastaava, y mecanismos de programmation tales como Java, Javascript, PHP, u otros jne\u2026 En estas p\u00e1ginas dise\u00f1adas y publicadas bajo un nombre de domininio Internet son el resultado de la informaci\u00f3n que el titular pone a disposici\u00f3n de los Usuarios de Internet.<\/p>\n<p>&quot;Enlaces, Links, V\u00ednculos jne..&quot;; T\u00e9cnica por la cual un Usuario puede navegar por diferentes pagenas de la Web, tai por Internet, con un simple click sobre el texto, icono, bot\u00f3n o indicativo que contiene el enlace.<\/p>\n<p>&quot;Keksit&quot;; Medio t\u00e9cnico para la trazabilidad y seguimiento de la navegaci\u00f3n en los sitios Web. Son peque\u00f1os ficheros de texto que se escriben en el ordenador del Usuario.<\/p>\n<p><strong>3. POL\u00cdTICA DE PRIVACIDAD<\/strong><\/p>\n<p>A trav\u00e9s de este sitio web no se recaban datos de car\u00e1cter personal de los usuarios sin su conocimiento, ni se ceden a terceros.<\/p>\n<p>Con la finalidad de ofrecerle el mejor servicio y con el objeto de facilitar el uso, se analizan el n\u00famero de p\u00e1ginas visitadas, el n\u00famero de visitas, as\u00ed como la actividad de los visitantes y su frecuencia de utilizaci\u00f3n. A estos efectos, la Legal Exits Worldwide SL k\u00e4ytt\u00e4\u00e4 internetin todisteiden tai palveluiden yksityiskohtaista tietoa.<\/p>\n<p>La Legal Exits Worldwide SL ei k\u00e4yt\u00e4 ev\u00e4steit\u00e4 para recoger information de los usearios, ni registra las direcciones ip de acceso. En aquellos casos que se utilices cookies, el usuario ser\u00e1 advertido en el primer acceso a la p\u00e1gina inform\u00e1ndole de su uso y pol\u00edtica de uso.<\/p>\n<p>Legal Exits Worldwide SL:n nimellinen portaali sis\u00e4lt\u00e4\u00e4 terceros-sivuston, joka sis\u00e4lt\u00e4\u00e4 yksityisyydensuojan ja Legal Exits Worldwide SL:n. Al acceder a tales sitios web usted puede decidir si acepta sus pol\u00edticas de privacidad y de de cookies. Con car\u00e1cter general, si navega por internet usted puede aceptar o rechazar las cookies de terceros desde las opciones de configuraci\u00f3n de su navegador.<\/p>\n<p><strong>4. DISPONIBILIDAD DE LA P\u00c1GINA<\/strong><\/p>\n<p>El titular no garantiza la inexistencia de interrupciones o errores en el acceso a la P\u00e1gina oa sus Contenidos, ni que \u00e9stos se encuentren aktualizados, aunque desarrollar\u00e1 sus mejores esfuerzos para, en su caso, evitarloslos, subsizarloslos Por consiguiente, el titular no se responsabiliza de los da\u00f1os o perjuicios de cualquier tipo producidos en el Usuario que tengan causa de fallos o desconexiones en las redes de telecomunicaciones que produzcan la suspensi\u00f3n la delmo delsta presponsional delmo servi n miscelaci\u00f3n con car\u00e1cter edellinen.<\/p>\n<p>El titular excluye, con las excepciones contempladas en la legislaci\u00f3n vigente, cualquier responsabilidad por los da\u00f1os y perjuicios de toda naturaleza que puedan deberse a la falta de disponibilidad, continuidad o calidady de la funcionina expectativa de utilidad que los Usuarios hubieren podido atribuir a la Pagina ya los Contenidos.<\/p>\n<p>El acceso a la P\u00e1gina no impplica la obligaci\u00f3n por parte del titular de controlar la ausencia de virus, gusanos o cualquier otro elemento inform\u00e1tico da\u00f1ino. Corresponde al Usuario, en todo caso, la disponibilidad de herramientas adecuadas para la detecci\u00f3n y desinfecci\u00f3n de programas inform\u00e1ticos da\u00f1inos. Por lo tanto, el titular no se hace responsable de los posibles errores de seguridad que se puedan producir durante la prestaci\u00f3n del servicio de la P\u00e1gina, ni de los posibles da\u00f1os que puedan causarse al system inform\u00e1tico del usuario o de terceros) (laitteisto) , los ficheros o documentos almacenados en el mismo, como consecuencia de la presencia de virus en el ordenador del usuario useado para la conexi\u00f3n a los servicios y contenidos de la Web, de un mal funcionamiento del navegador o del uso de versiones no mismo .<\/p>\n<p><strong>5. CONDICIONES DE USO<\/strong><\/p>\n<p>La simple y mera utilizaci\u00f3n de la P\u00e1gina otorga la condici\u00f3n de Usuario, bien sea persona f\u00edsica o jur\u00eddica, y obligatoriamente implica la aceptaci\u00f3n completa, plena y sin reservas de todas y cada una de las cl\u00e1usulaso generalesesal y elcluion. Si el Usuario no estuviera conforme con las cl\u00e1usulas y condiciones de uso de este Aviso Legal, se abstendr\u00e1 de utilizar la P\u00e1gina.<\/p>\n<p>Este Aviso Legal on sujeto a cambios y aktualizaciones por lo que la version publicada por el titular puede ser diferente en cada momento en que el Usuario acceda al Portal. Port tanto, el Usuario debe leer el Aviso Legal en todas y cada una de las ocasiones en que acceda a la P\u00e1gina.<\/p>\n<p>A trav\u00e9s de la P\u00e1gina, el titular facilita a los Usuarios el acceso y la utilizaci\u00f3n de diversos Contenidos publicados por medio de Internet por el titular o por terceros autorizados.<\/p>\n<p>El Usuario est\u00e1 obligado y se compromete a utilizar la P\u00e1gina y los Contenidos de conformidad con la legislaci\u00f3n vigente, el Aviso Legal, y cualquier otro aviso o instrucciones puestos en su conocimiento, bien sea por medio de este avisoual legal den de los contenidos que conforman la P\u00e1gina, as\u00ed como con las normas de convivencia, la moral y buenas costumbres generalmente aceptadas.<\/p>\n<p>A tal efecto, el Usuario se obliga y compromete a NO utilizar cualquiera de los Contenidos con fines o efectos il\u00edcitos, prohibidos en el Aviso Legal o por la legislaci\u00f3n vigente, lesivos de los derechos e intereses de terceros de terceros, da\u00f1arque , inutilizar, sobrecargar,<\/p>\n<p>deteriorar o esteir la normal useaci\u00f3n de los Contenidos, los equipos inform\u00e1ticos o los documentos, archivos y toda clase de contenidos almacenados en cualquier equipo inform\u00e1tico propios o contratados por el titular, de otros Usuarios o de cual (quier Usuarios o de cual).<\/p>\n<p><strong>6. DISPONIBILIDAD DE LOS CONTENIDOS<\/strong><\/p>\n<p>La prestaci\u00f3n del servicio de la P\u00e1gina y de los Contenidos tiene, en principio, duraci\u00f3n indefinida. El titular, no obstante, podr\u00e1 dar por terminada o suspender la prestaci\u00f3n del servicio de la p\u00e1gina y\/o de cualquiera de los contenidos en cualquier momento.<\/p>\n<p><strong>7. RESPONSABILIDAD DE LOS CONTENIDOS<\/strong><\/p>\n<p>La funci\u00f3n de los links, enlaces jne., que aparecen en esta Web es exclusivamente la de informar al Usuario acerca de la egzistencia de otras Web que contienen informaci\u00f3n sobre la materia. Esto no constituye sugerencia ni recomendaci\u00f3n alguna.<\/p>\n<p>El titular no se hace responsable de la legalidad de otros sitios web de terceros desde los que pueda accederse al portal. Tampoco answere por la legalidad de otros sitios web de terceros, que pudieran estar vinculados o enlazados desde este sitio.<\/p>\n<p>El titular no se hace responsable de los contenidos de dichas p\u00e1ginas enlazadas, del funcionamiento, utilidad o resultado de los Hiperenlaces, ni garantiza la ausencia de virus u otros elementos en los mismos que puedan producir inform\u00e1tico en el sistema documentos o los ficheros del Usuario, excluyendo cualquier responsabilidad por los da\u00f1os causados al Usuario por cualquiera de estos motivos.<\/p>\n<p><strong>8. REPRODUCCI\u00d3N DE CONTENIDOS<\/strong><\/p>\n<p>El Usuario se obliga y se compromete a no transferir, difundir o poner a disposici\u00f3n de terceros cualquier clase de material contenido en la P\u00e1gina, tales como informaciones, textos, datos, contenidos, mensajes, graficos, dibujos, archivos\/de image , valokuvat, grabaciones, ohjelmistot, logot, marcas, ikonit, teknologiat, valokuvat, ohjelmistot, enlaces, dise\u00f1o grafico y c\u00f3digos fuente, o cualquier otro materiaali al que tuviera acceso en su condici\u00f3n de la P\u00e1gina, e sin\u00e1c numeraci\u00f3n de la P\u00e1gina limitativo.<\/p>\n<p>Asimismo, de conformidad con todo ello, el Usuario no podr\u00e1:<\/p>\n<ul>\n<li>Reproducir, copiar, distribuir, poner a disposici\u00f3n de cualquier forma, comunicar p\u00fablicamente, transformar o modificar los Contenidos, a menos que se cuente con la autorizaci\u00f3n escrita y expl\u00edcita del titular, que es responsable de bisposici\u00f3n de los schoespondentite,elloeoretulos lupa.<\/li>\n<li>Suprimir, manipular o de cualquier forma, alterar el \u201ccopyright\u201d y dem\u00e1s datos identificativos de la reserva de derechos del titular o de sus titulares, de las huellas y\/o identificadores digitales, o de cualesquieras medios t\u00e9cnicos suolocios para estable.<\/li>\n<\/ul>\n<p>El Usuario deber\u00e1 abstenerse de obtener e incluso de intentar obtenerlos Contenidos empleando para ello medios o procedimientos distintos de los que, seg\u00fan los casos, se hayan puesto a su disposici\u00f3n o se hayan indicado general, \u00e1ginas web dont de las renmos , de los que se empleen habitualmente en Internet a este efecto, siempre que no entra\u00f1en un riesgo de da\u00f1o o inutilizaci\u00f3n de la P\u00e1gina, y\/o de los Contenidos.<\/p>\n<p><strong>9. PROPIEDAD INDUSTRIAL E INTELECTUAL<\/strong><\/p>\n<p>Derechos de propiedad intellectual e industrial son todos los derechos reconocidos por la legislaci\u00f3n de propiedad intelectual que tengan car\u00e1cter patrimonial o de explotaci\u00f3n para cualquier finalidad y para cualquier industrial, proposencismbci\u00f3d de uso, as\u00ed derechosrecho to la legludad de uso, as\u00ed derechos de como to la legislaci\u00f3n casos la facultad de solicitar los registros e inscripciones oportunos para la obtenci\u00f3n o protecci\u00f3n de estos derechos (en adelante, los &quot;Derechos de Propiedad Intelectual e Industrial&quot;).<\/p>\n<p>Queda estrictamente prohibido la utilizaci\u00f3n de todos los elementos objeto de propiedad industrial e intellectual con fines comerciales as\u00ed como su distribuci\u00f3n, modificaci\u00f3n, alteraci\u00f3n o descompilaci\u00f3n.<\/p>\n<p>Cualesquiera denominaciones, dise\u00f1os y\/o logotipos, as\u00ed como cualquier producto o servicio ofrecidos y reflejados en esta p\u00e1gina Web, son marcas registradas o propiedad de Legal Exits Worldwide SL, o de terceros. No est\u00e1 permitido el uso de las mismas por persones diferentes de su leg\u00edtimo titular y sin el acceptimiento de \u00e9ste.<\/p>\n<p>Los derechos de propiedad intelectual y marcas de terceros ser\u00e1n respetados por el usuario, el cual ser\u00e1 el \u00fanico responsable de uso que haga de los mismos.<\/p>\n<p>La infracci\u00f3n de cualquiera de los citados derechos puede constituir una vulneraci\u00f3n de las presentes disposiciones, as\u00ed como un delito castigado de acuerdo con legislaci\u00f3n espa\u00f1ola.<\/p>\n<p><strong>10. MEDIDAS DE SEGURIDAD<\/strong><\/p>\n<p>El titular ha adoptado los niveles de seguridad de protecci\u00f3n de los Datos Personales legalmente requeridos, y procuran instalar aquellos otros medios y medidas t\u00e9cnicas adicionales a su alcance para evitar la p\u00e9rdida, mal uso, alteraci\u00f3n ita personalo de autoritos, accloses . El titular no ser\u00e1 responsable de posibles da\u00f1os o perjuicios que se pudieran derivar de interferencias, omisiones, interruptciones, virus inform\u00e1ticos, aver\u00edas telef\u00f3nicas o desconexiones en el funcionamiento operativo de este sistema electr\u00f3nico, motivadas de retrasos o bloqueos en el uso del presente sistema electr\u00f3nico causados por deficiencias o sobrecargas de l\u00edneas telef\u00f3nicas o sobrecargas en el Centro de Procesos de Datos, en el sistema de Internet o en otros de sistemas electr\u00f3nicos, as pueddaanoscomo de sistemas electr\u00f3nicos, as personas mediante intromisiones ileg\u00edtimas fuera del control del titular. No obstante, el Usuario debe ser consciente de que las medidas de seguridad no son inexpunables.<\/p>\n<p><strong>11. PROTECCI\u00d3N DE DATOS DE CAR\u00c1CTER PERSONAL<\/strong><\/p>\n<p>Durante la navegaci\u00f3n a trav\u00e9s de LA WEB es posible s\u00e9 que soliciten datos de car\u00e1cter personal a trav\u00e9s de diferentes formularios web dispuestos al efecto o por correo electr\u00f3nico. Dichos datos formar\u00e1n parte de los pertinentes ficheros en funci\u00f3n de la finalidad determinada y concreta que motiva el recabo de los mismos, la cual le ser\u00e1 informada en el momento de recabar los datos personales. De esta forma, la informaci\u00f3n specific de cada tratamiento de datos se aportar\u00e1 junto a los formularios web o correo electr\u00f3nico, siendo com\u00fan a todos ellos el responsable del fichero: Legal Exits Worldwide SL.<\/p>\n<p>De acuerdo con los derechos que le confiere la normativa vigente en protecci\u00f3n de datos, podr\u00e1 ejercer los derechos de acceso, rectificaci\u00f3n, limitaci\u00f3n de tratamiento, supresi\u00f3n, portabilidad y oposici\u00f3n al tratamiento de suster datos, as elsta\u00eda parmiento de suster datos tratamiento de los mismos, dirigiendo su petici\u00f3n a Legal Exits Worldwide SL REF: Protecci\u00f3n de Datos con domicilio en \u2022Avda. Bruselas CC Fa\u00f1abe Plaza 332 \u2013 38660 \u2013 Adeje o al correo electr\u00f3nico dpd@legalexits.com.<\/p>\n<p>Cualquier persona tiene derecho a obtener vahvistus on sobre si en Legal Exits Worldwide SL estamos tratando datos personales que les conciernan, o no. Las personas interesadas tienen derecho al acceso de sus datos personales, a solicitar la rectificaci\u00f3n de los datos inexactos o, en su caso, solicitar su supresi\u00f3n cuando, entre otros motivos, los datos ya no sean necesarios rectificaci\u00f3n para fuloser.<\/p>\n<p>En determinadas circunstancias, y por motivos relacionados con su situaci\u00f3n specific, los interesados podr\u00e1n solicitar la limitaci\u00f3n u oposici\u00f3n del tratamiento de sus datos, en cuyo caso Legal Exits Worldwide SL \u00fanicamente motiveimpestamente porquiios de conservoos leg, por la administraci\u00f3n, o el ejercicio o la defensa de posibles reclamaciones.<\/p>\n<p>Paras informaci\u00f3n sobre el tratamiento de datos personales, puede visitar la web http:\/\/legalexits.avisolegal.info\/.<\/p>\n<p><strong>12. PUBLICIDAD<\/strong><\/p>\n<p>Parte del sitio &quot;web&quot; puede albergar contenidos publicitarios o estar patrocinado. Los anunciantes y patrocinadores son los \u00fanicos responsables de asegurarse que el material remitido para su inclusi\u00f3n en el sitio &quot;web&quot; cumple con las leyes que en cada caso puedan ser de aplicaci\u00f3n. Legal Exits Worldwide SL ei sera reponsable de cualquier error, ep\u00e4tarkka tai ep\u00e4s\u00e4\u00e4nn\u00f6llinen que puedan contener los contenidos publicitarios tai de los patrocinadores.<\/p>\n<p>En todo caso, para interponer cualquier reclamaci\u00f3n relacionada con los Contenidos publicitarios insertados en este sitio &quot;web&quot; pueden dirigirse a la siguiente direcci\u00f3n de correo electr\u00f3nico: dpd @ legalexits.com<\/p>\n<p><strong>13. LIMITACI\u00d3N DE RESPONSABILIDAD<\/strong><\/p>\n<p>El titular excluye toda responsabilidad por las Decisiones que el Usuario pueda tomar basado en esta informaci\u00f3n, as\u00ed como por los posibles errores tipogr\u00e1ficos que puedan contener los documentos y gr\u00e1ficos de la P\u00e1gina. La informaci\u00f3n est\u00e1 sometida a posibles cambios peri\u00f3dicos sin previo aviso de su contenido por ampliaci\u00f3n, mejora, correcci\u00f3n o aktualizaci\u00f3n de los Contenidos.<\/p>\n<p>En la presente p\u00e1gina Web puede haber publicidad de terceros y\/o links que facilitan el enlace a paginas Web de terceros. Legal Exits Worldwide SL en todos estos casos no es responsable los servicios que estos terceros ofrezcan, ni de las condiciones specifices o generales que requieran, ni de los contenidos de las p\u00e1ginas Web a los que se acceda porlacescid de estable en.<\/p>\n<p>El titular no answere de la veracidad de las informaciones que no sean de elaboraci\u00f3n propia y de las que indique otra fuente, por lo que tampoco oleme responsabilidad alguna en cuanto a hipot\u00e9ticos perjuicios que pudieran originarse por el uso de dicha informaci\u00f3n. El titular se reserva el derecho a aktualizar, modificar o eliminar la informaci\u00f3n contenida en sus p\u00e1ginas web pudiendo incluso limitar o no permitir el acceso a tal informaci\u00f3n. Se exonera al titular de responsabilidad ante cualquier da\u00f1o o perjuicio que pudiera sufrir el Usuario como consecuencia de errores, defectos u omisiones, en la informaci\u00f3n facilitada por el titular siempre que proceda de fuentes ajenas.<\/p>\n<p><strong>14. NULIDAD PARCIAL<\/strong><\/p>\n<p>Si parte de estas condiciones generales de contrataci\u00f3n fuera contraria a derecho, y port tanto, inv\u00e1lida, no afectar\u00e1 a las otras disposiciones que son conforme a derecho, por lo tanto, las partes se comprometen a renegociar aquellas nudicciolasque del oservran ya incorporarlas al resto de las condiciones v\u00e1lidas.<\/p>\n<p><strong>15. JURISDICCI\u00d3N<\/strong><\/p>\n<p>Para cuantas cuestiones se susciten sobre la interpretaci\u00f3n, aplicaci\u00f3n y cumplimiento de este Aviso Legal, as\u00ed como de las reclamaciones que puedan derivarse de su uso, todos las partes intervinientes se someten a los Jueces y Tribunales de Sformaun de formado de forma expresa cualquier otro fuero que pudiera kirjeenvaihtajat.<\/p>\n<p><strong>16. LEGISLACI\u00d3N SOVELLETTAVA<\/strong><\/p>\n<p>El Aviso Legal se rige por la ley espa\u00f1ola.<\/p>\n<p>Reservados todos los derechos de autor por las leyes y tratados internacionales de propiedad intelectual. Queda expresamente prohibida su copia, reproducci\u00f3n o difusi\u00f3n, total o parcial, por calquier medio.<\/p>\n<\/div><\/div><\/div><\/div><\/div><\/div><\/div><\/section>","protected":false},"excerpt":{"rendered":"El presente sitio &quot;web&quot; on julkaissut Legal Exits Worldwide SL:n, para dar a conocer y lupair el acceso general de todos los Usuarios a la informaci\u00f3n, Actividades, Productos y Services diversos, propios o de terceros, ofertados. El presente texto, regula e informa de: Datos identificativos del titular de la web Definiciones Pol\u00edtica de...","protected":false},"author":12,"featured_media":0,"parent":0,"menu_order":0,"comment_status":"closed","ping_status":"closed","template":"","meta":{"ngg_post_thumbnail":0,"footnotes":""},"class_list":["post-650","page","type-page","status-publish","hentry"],"yoast_head":"<!-- This site is optimized with the Yoast SEO plugin v26.8 - https:\/\/yoast.com\/product\/yoast-seo-wordpress\/ -->\n<title>AVISO LEGAL - Timeshare Legal Exits<\/title>\n<meta name=\"robots\" content=\"index, follow, max-snippet:-1, max-image-preview:large, max-video-preview:-1\" \/>\n<link rel=\"canonical\" href=\"https:\/\/legalexits.com\/fi\/aviso-legal\/\" \/>\n<meta property=\"og:locale\" content=\"fi_FI\" \/>\n<meta property=\"og:type\" content=\"article\" \/>\n<meta property=\"og:title\" content=\"AVISO LEGAL - Timeshare Legal Exits\" \/>\n<meta property=\"og:url\" content=\"https:\/\/legalexits.com\/fi\/aviso-legal\/\" \/>\n<meta property=\"og:site_name\" content=\"Timeshare Legal Exits\" \/>\n<meta property=\"article:modified_time\" content=\"2022-02-07T16:10:09+00:00\" \/>\n<meta name=\"twitter:card\" content=\"summary_large_image\" \/>\n<meta name=\"twitter:label1\" content=\"Arvioitu lukuaika\" \/>\n\t<meta name=\"twitter:data1\" content=\"13 minuuttia\" \/>\n<script type=\"application\/ld+json\" class=\"yoast-schema-graph\">{\"@context\":\"https:\/\/schema.org\",\"@graph\":[{\"@type\":\"WebPage\",\"@id\":\"https:\/\/legalexits.com\/de\/aviso-legal\/\",\"url\":\"https:\/\/legalexits.com\/de\/aviso-legal\/\",\"name\":\"AVISO LEGAL - Timeshare Legal Exits\",\"isPartOf\":{\"@id\":\"https:\/\/legalexits.com\/#website\"},\"datePublished\":\"2021-04-07T10:49:03+00:00\",\"dateModified\":\"2022-02-07T16:10:09+00:00\",\"breadcrumb\":{\"@id\":\"https:\/\/legalexits.com\/de\/aviso-legal\/#breadcrumb\"},\"inLanguage\":\"fi\",\"potentialAction\":[{\"@type\":\"ReadAction\",\"target\":[\"https:\/\/legalexits.com\/de\/aviso-legal\/\"]}]},{\"@type\":\"BreadcrumbList\",\"@id\":\"https:\/\/legalexits.com\/de\/aviso-legal\/#breadcrumb\",\"itemListElement\":[{\"@type\":\"ListItem\",\"position\":1,\"name\":\"Home\",\"item\":\"https:\/\/legalexits.com\/\"},{\"@type\":\"ListItem\",\"position\":2,\"name\":\"AVISO LEGAL\"}]},{\"@type\":\"WebSite\",\"@id\":\"https:\/\/legalexits.com\/#website\",\"url\":\"https:\/\/legalexits.com\/\",\"name\":\"Timeshare Legal Exits\",\"description\":\"Relinquishing timeshare contracts legally\",\"potentialAction\":[{\"@type\":\"SearchAction\",\"target\":{\"@type\":\"EntryPoint\",\"urlTemplate\":\"https:\/\/legalexits.com\/?s={search_term_string}\"},\"query-input\":{\"@type\":\"PropertyValueSpecification\",\"valueRequired\":true,\"valueName\":\"search_term_string\"}}],\"inLanguage\":\"fi\"}]}<\/script>\n<!-- \/ Yoast SEO plugin. -->","yoast_head_json":{"title":"AVISO LEGAL - Timeshare Legal Exit","robots":{"index":"index","follow":"follow","max-snippet":"max-snippet:-1","max-image-preview":"max-image-preview:large","max-video-preview":"max-video-preview:-1"},"canonical":"https:\/\/legalexits.com\/fi\/aviso-legal\/","og_locale":"fi_FI","og_type":"article","og_title":"AVISO LEGAL - Timeshare Legal Exits","og_url":"https:\/\/legalexits.com\/fi\/aviso-legal\/","og_site_name":"Timeshare Legal Exits","article_modified_time":"2022-02-07T16:10:09+00:00","twitter_card":"summary_large_image","twitter_misc":{"Arvioitu lukuaika":"13 minuuttia"},"schema":{"@context":"https:\/\/schema.org","@graph":[{"@type":"WebPage","@id":"https:\/\/legalexits.com\/de\/aviso-legal\/","url":"https:\/\/legalexits.com\/de\/aviso-legal\/","name":"AVISO LEGAL - Timeshare Legal Exit","isPartOf":{"@id":"https:\/\/legalexits.com\/#website"},"datePublished":"2021-04-07T10:49:03+00:00","dateModified":"2022-02-07T16:10:09+00:00","breadcrumb":{"@id":"https:\/\/legalexits.com\/de\/aviso-legal\/#breadcrumb"},"inLanguage":"fi","potentialAction":[{"@type":"ReadAction","target":["https:\/\/legalexits.com\/de\/aviso-legal\/"]}]},{"@type":"BreadcrumbList","@id":"https:\/\/legalexits.com\/de\/aviso-legal\/#breadcrumb","itemListElement":[{"@type":"ListItem","position":1,"name":"Home","item":"https:\/\/legalexits.com\/"},{"@type":"ListItem","position":2,"name":"AVISO LEGAL"}]},{"@type":"WebSite","@id":"https:\/\/legalexits.com\/#website","url":"https:\/\/legalexits.com\/","name":"Timeshare Legal Exit","description":"Aikaosuussopimuksista luopuminen laillisesti","potentialAction":[{"@type":"SearchAction","target":{"@type":"EntryPoint","urlTemplate":"https:\/\/legalexits.com\/?s={search_term_string}"},"query-input":{"@type":"PropertyValueSpecification","valueRequired":true,"valueName":"search_term_string"}}],"inLanguage":"fi"}]}},"_links":{"self":[{"href":"https:\/\/legalexits.com\/fi\/wp-json\/wp\/v2\/pages\/650","targetHints":{"allow":["GET"]}}],"collection":[{"href":"https:\/\/legalexits.com\/fi\/wp-json\/wp\/v2\/pages"}],"about":[{"href":"https:\/\/legalexits.com\/fi\/wp-json\/wp\/v2\/types\/page"}],"author":[{"embeddable":true,"href":"https:\/\/legalexits.com\/fi\/wp-json\/wp\/v2\/users\/12"}],"replies":[{"embeddable":true,"href":"https:\/\/legalexits.com\/fi\/wp-json\/wp\/v2\/comments?post=650"}],"version-history":[{"count":8,"href":"https:\/\/legalexits.com\/fi\/wp-json\/wp\/v2\/pages\/650\/revisions"}],"predecessor-version":[{"id":1754,"href":"https:\/\/legalexits.com\/fi\/wp-json\/wp\/v2\/pages\/650\/revisions\/1754"}],"wp:attachment":[{"href":"https:\/\/legalexits.com\/fi\/wp-json\/wp\/v2\/media?parent=650"}],"curies":[{"name":"wp","href":"https:\/\/api.w.org\/{rel}","templated":true}]}}