{"id":677,"date":"2021-04-14T14:01:02","date_gmt":"2021-04-14T14:01:02","guid":{"rendered":"https:\/\/legalexits.com\/?page_id=677"},"modified":"2021-04-14T14:01:02","modified_gmt":"2021-04-14T14:01:02","slug":"test","status":"publish","type":"page","link":"https:\/\/legalexits.com\/fi\/test\/","title":{"rendered":"testata"},"content":{"rendered":"<div class=\"ec-shortcode-outer-wrap ec-template1\" style=\"background-color: \" >\r\n\t\t<div class=\"ec-counter-items-wrap ec-column-3 clearfix\" >\r\n\t\t\t\t\t<div class='ec-counter-item ec-counter-item-1' >\r\n\t\t\t\t<div class='ec-top-container'>\r\n\t\t\t\t\t<div class=\"ec-top-inner-wrap\">\r\n\t\t\t\t\t\t\t\t\t<div class=\"ec-featured-item\"><span><i class=\"fa fa-file-text-o\"><\/i><\/span><\/div>\r\n\t\t\t\t<div class=\"ec-count-title\">Onnistuneet tapaukset<\/div>\r\n\t\t\t\t\t\t<\/div>\r\n\t\t\t\t<\/div>\r\n\t\t\t\t<div class=\"ec-bottom-container\">\r\n\t\t\t\t\t\t<div class=\"ec-count-content\"><span class=\"ec-count-number\" data-enable='on'data-duration='400' >1654<\/span><\/div>\r\n\t\t<div class=\"ec-count-subtitle\"> Katso mit\u00e4 asiakkaamme sanovat!<\/div>\r\n\t\t<div class=\"ec-count-button\">\r\n\t\t<a href=\"https:\/\/legalexits.com\/fi\/timeshare-relinquishment-testimonials\/\" target=\"&#039;_blank&#039;\" >Lue lis\u00e4\u00e4<\/a>\r\n\t<\/div>\r\n\t\t\t\t\t<\/div>\r\n\t\t\t<\/div>\r\n\t\t\t\t\t\t<div class='ec-counter-item ec-counter-item-2' >\r\n\t\t\t\t<div class='ec-top-container'>\r\n\t\t\t\t\t<div class=\"ec-top-inner-wrap\">\r\n\t\t\t\t\t\t\t\t\t<div class=\"ec-featured-item\"><span><i class=\"fa fa-legal\"><\/i><\/span><\/div>\r\n\t\t\t\t<div class=\"ec-count-title\">Onnistuneet tapaukset<\/div>\r\n\t\t\t\t\t\t<\/div>\r\n\t\t\t\t<\/div>\r\n\t\t\t\t<div class=\"ec-bottom-container\">\r\n\t\t\t\t\t\t<div class=\"ec-count-content\"><span class=\"ec-count-number\" data-enable='on'data-duration='400' >1266<\/span><\/div>\r\n\t\t<div class=\"ec-count-subtitle\"> Katso mit\u00e4 asiakkaamme sanovat!<\/div>\r\n\t\t<div class=\"ec-count-button\">\r\n\t\t<a href=\"https:\/\/legalexits.com\/fi\/timeshare-claims-testimonials\/\" target=\"&#039;_blank&#039;\" >Lue lis\u00e4\u00e4<\/a>\r\n\t<\/div>\r\n\t\t\t\t\t<\/div>\r\n\t\t\t<\/div>\r\n\t\t\t\t\t\t<div class='ec-counter-item ec-counter-item-3' >\r\n\t\t\t\t<div class='ec-top-container'>\r\n\t\t\t\t\t<div class=\"ec-top-inner-wrap\">\r\n\t\t\t\t\t\t\t\t\t<div class=\"ec-featured-item\"><span><i class=\"fa fa-briefcase\"><\/i><\/span><\/div>\r\n\t\t\t\t<div class=\"ec-count-title\">T\u00e4m\u00e4n hetkiset tapaukset<\/div>\r\n\t\t\t\t\t\t<\/div>\r\n\t\t\t\t<\/div>\r\n\t\t\t\t<div class=\"ec-bottom-container\">\r\n\t\t\t\t\t\t<div class=\"ec-count-content\"><span class=\"ec-count-number\" data-enable='on'data-duration='300' >571<\/span><\/div>\r\n\t\t<div class=\"ec-count-subtitle\"> Lue lis\u00e4\u00e4 ja katso voitko sin\u00e4 tehd\u00e4 onnistuneen reklamaation!<\/div>\r\n\t\t<div class=\"ec-count-button\">\r\n\t\t<a href=\"https:\/\/legalexits.com\/fi\/contact-us\/\" target=\"&#039;_blank&#039;\" >Pyyd\u00e4 yhteydenottoa<\/a>\r\n\t<\/div>\r\n\t\t\t\t\t<\/div>\r\n\t\t\t<\/div>\r\n\t\t\t\t<\/div>\r\n<\/div>\t<style type='text\/css' media='all'>\r\n\t\t\t\t\t.ec-template1 .ec-counter-item-1 .ec-featured-item span {  }\r\n\t\t\t.ec-template1 .ec-counter-item-1 .ec-featured-item span i { color:#ffffff; }\r\n\t\t\t\t.ec-template1 .ec-counter-item-1 .ec-count-title { color: #ffffff; }\r\n\t\t.ec-template1 .ec-counter-item-1 .ec-count-content .ec-count-number {  }\r\n\r\n\t\t.ec-template1 .ec-counter-item-1 .ec-count-subtitle {  }\r\n\t\t.ec-template1 .ec-counter-item-1 .ec-count-button a {  }\r\n\t\t\t\t.ec-template1 .ec-counter-item-2 .ec-featured-item span {  }\r\n\t\t\t.ec-template1 .ec-counter-item-2 .ec-featured-item span i { color:#ffffff; }\r\n\t\t\t\t.ec-template1 .ec-counter-item-2 .ec-count-title { color: #ffffff; }\r\n\t\t.ec-template1 .ec-counter-item-2 .ec-count-content .ec-count-number {  }\r\n\r\n\t\t.ec-template1 .ec-counter-item-2 .ec-count-subtitle {  }\r\n\t\t.ec-template1 .ec-counter-item-2 .ec-count-button a { color: #ffffff; }\r\n\t\t\t\t.ec-template1 .ec-counter-item-3 .ec-featured-item span {  }\r\n\t\t\t.ec-template1 .ec-counter-item-3 .ec-featured-item span i { color:#ffffff; }\r\n\t\t\t\t.ec-template1 .ec-counter-item-3 .ec-count-title {  }\r\n\t\t.ec-template1 .ec-counter-item-3 .ec-count-content .ec-count-number {  }\r\n\r\n\t\t.ec-template1 .ec-counter-item-3 .ec-count-subtitle {  }\r\n\t\t.ec-template1 .ec-counter-item-3 .ec-count-button a {  }\r\n\t\t<\/style>","protected":false},"excerpt":{"rendered":"Onnistuneet luovutukset 1654 Ota selv\u00e4\u00e4, mit\u00e4 asiakkaamme sanovat! TUTUSTU LIS\u00c4\u00c4 Onnistuneet korvaukset 1266 Ota selv\u00e4\u00e4, mit\u00e4 asiakkaamme sanovat! TUTUSTU LIS\u00c4\u00c4 Meneill\u00e4\u00e4n olevat tapaukset 571 Ota selv\u00e4\u00e4, oletko oikeutettu l\u00e4hett\u00e4m\u00e4\u00e4n vaatimuksen PYYD\u00c4 SOITTO","protected":false},"author":12,"featured_media":0,"parent":0,"menu_order":0,"comment_status":"closed","ping_status":"closed","template":"","meta":{"ngg_post_thumbnail":0,"footnotes":""},"class_list":["post-677","page","type-page","status-publish","hentry"],"yoast_head":"<!-- This site is optimized with the Yoast SEO plugin v26.8 - https:\/\/yoast.com\/product\/yoast-seo-wordpress\/ -->\n<title>test - Timeshare Legal Exits<\/title>\n<meta name=\"robots\" content=\"index, follow, max-snippet:-1, max-image-preview:large, max-video-preview:-1\" \/>\n<link rel=\"canonical\" href=\"https:\/\/legalexits.com\/fi\/test\/\" \/>\n<meta property=\"og:locale\" content=\"fi_FI\" \/>\n<meta property=\"og:type\" content=\"article\" \/>\n<meta property=\"og:title\" content=\"test - Timeshare Legal Exits\" \/>\n<meta property=\"og:url\" content=\"https:\/\/legalexits.com\/fi\/test\/\" \/>\n<meta property=\"og:site_name\" content=\"Timeshare Legal Exits\" \/>\n<meta name=\"twitter:card\" content=\"summary_large_image\" \/>\n<script type=\"application\/ld+json\" class=\"yoast-schema-graph\">{\"@context\":\"https:\/\/schema.org\",\"@graph\":[{\"@type\":\"WebPage\",\"@id\":\"https:\/\/legalexits.com\/de\/test\/\",\"url\":\"https:\/\/legalexits.com\/de\/test\/\",\"name\":\"test - Timeshare Legal Exits\",\"isPartOf\":{\"@id\":\"https:\/\/legalexits.com\/#website\"},\"datePublished\":\"2021-04-14T14:01:02+00:00\",\"breadcrumb\":{\"@id\":\"https:\/\/legalexits.com\/de\/test\/#breadcrumb\"},\"inLanguage\":\"fi\",\"potentialAction\":[{\"@type\":\"ReadAction\",\"target\":[\"https:\/\/legalexits.com\/de\/test\/\"]}]},{\"@type\":\"BreadcrumbList\",\"@id\":\"https:\/\/legalexits.com\/de\/test\/#breadcrumb\",\"itemListElement\":[{\"@type\":\"ListItem\",\"position\":1,\"name\":\"Home\",\"item\":\"https:\/\/legalexits.com\/\"},{\"@type\":\"ListItem\",\"position\":2,\"name\":\"test\"}]},{\"@type\":\"WebSite\",\"@id\":\"https:\/\/legalexits.com\/#website\",\"url\":\"https:\/\/legalexits.com\/\",\"name\":\"Timeshare Legal Exits\",\"description\":\"Relinquishing timeshare contracts legally\",\"potentialAction\":[{\"@type\":\"SearchAction\",\"target\":{\"@type\":\"EntryPoint\",\"urlTemplate\":\"https:\/\/legalexits.com\/?s={search_term_string}\"},\"query-input\":{\"@type\":\"PropertyValueSpecification\",\"valueRequired\":true,\"valueName\":\"search_term_string\"}}],\"inLanguage\":\"fi\"}]}<\/script>\n<!-- \/ Yoast SEO plugin. -->","yoast_head_json":{"title":"testi - Timeshare Legal Exit","robots":{"index":"index","follow":"follow","max-snippet":"max-snippet:-1","max-image-preview":"max-image-preview:large","max-video-preview":"max-video-preview:-1"},"canonical":"https:\/\/legalexits.com\/fi\/test\/","og_locale":"fi_FI","og_type":"article","og_title":"test - Timeshare Legal Exits","og_url":"https:\/\/legalexits.com\/fi\/test\/","og_site_name":"Timeshare Legal Exits","twitter_card":"summary_large_image","schema":{"@context":"https:\/\/schema.org","@graph":[{"@type":"WebPage","@id":"https:\/\/legalexits.com\/de\/test\/","url":"https:\/\/legalexits.com\/de\/test\/","name":"testi - Timeshare Legal Exit","isPartOf":{"@id":"https:\/\/legalexits.com\/#website"},"datePublished":"2021-04-14T14:01:02+00:00","breadcrumb":{"@id":"https:\/\/legalexits.com\/de\/test\/#breadcrumb"},"inLanguage":"fi","potentialAction":[{"@type":"ReadAction","target":["https:\/\/legalexits.com\/de\/test\/"]}]},{"@type":"BreadcrumbList","@id":"https:\/\/legalexits.com\/de\/test\/#breadcrumb","itemListElement":[{"@type":"ListItem","position":1,"name":"Home","item":"https:\/\/legalexits.com\/"},{"@type":"ListItem","position":2,"name":"test"}]},{"@type":"WebSite","@id":"https:\/\/legalexits.com\/#website","url":"https:\/\/legalexits.com\/","name":"Timeshare Legal Exit","description":"Aikaosuussopimuksista luopuminen laillisesti","potentialAction":[{"@type":"SearchAction","target":{"@type":"EntryPoint","urlTemplate":"https:\/\/legalexits.com\/?s={search_term_string}"},"query-input":{"@type":"PropertyValueSpecification","valueRequired":true,"valueName":"search_term_string"}}],"inLanguage":"fi"}]}},"_links":{"self":[{"href":"https:\/\/legalexits.com\/fi\/wp-json\/wp\/v2\/pages\/677","targetHints":{"allow":["GET"]}}],"collection":[{"href":"https:\/\/legalexits.com\/fi\/wp-json\/wp\/v2\/pages"}],"about":[{"href":"https:\/\/legalexits.com\/fi\/wp-json\/wp\/v2\/types\/page"}],"author":[{"embeddable":true,"href":"https:\/\/legalexits.com\/fi\/wp-json\/wp\/v2\/users\/12"}],"replies":[{"embeddable":true,"href":"https:\/\/legalexits.com\/fi\/wp-json\/wp\/v2\/comments?post=677"}],"version-history":[{"count":2,"href":"https:\/\/legalexits.com\/fi\/wp-json\/wp\/v2\/pages\/677\/revisions"}],"predecessor-version":[{"id":679,"href":"https:\/\/legalexits.com\/fi\/wp-json\/wp\/v2\/pages\/677\/revisions\/679"}],"wp:attachment":[{"href":"https:\/\/legalexits.com\/fi\/wp-json\/wp\/v2\/media?parent=677"}],"curies":[{"name":"wp","href":"https:\/\/api.w.org\/{rel}","templated":true}]}}