{"id":12,"date":"2021-02-26T11:49:24","date_gmt":"2021-02-26T11:49:24","guid":{"rendered":"https:\/\/legalexits.com\/?page_id=12"},"modified":"2026-03-18T14:35:43","modified_gmt":"2026-03-18T14:35:43","slug":"home","status":"publish","type":"page","link":"https:\/\/legalexits.com\/fr\/","title":{"rendered":"Accueil"},"content":{"rendered":"<section class=\"l-section wpb_row us_custom_165d319d height_huge width_full color_primary with_img with_shape\"><div class=\"l-section-img\" role=\"img\" aria-label=\"Image\" data-img-width=\"1900\" data-img-height=\"1200\" style=\"background-image: url(https:\/\/legalexits.com\/wp-content\/uploads\/2021\/03\/d4_slide_01.jpg);background-position: top center;\"><\/div><div class=\"l-section-shape type_custom pos_top\" style=\"height:1vh;color:#ffffff\"><svg xmlns=\"http:\/\/www.w3.org\/2000\/svg\" viewbox=\"0 0 64 8\" preserveaspectratio=\"none\" width=\"100%\" height=\"100%\">\r\n\t<path fill=\"currentColor\" d=\"M64 8 L0 8 L0 0 L64 0 Z\"\/>\r\n<\/svg><\/div><div class=\"l-section-shape type_custom pos_bottom\" style=\"height:3vh;color:#ffffff\"><svg xmlns=\"http:\/\/www.w3.org\/2000\/svg\" viewbox=\"0 0 64 8\" preserveaspectratio=\"none\" width=\"100%\" height=\"100%\">\r\n\t<path fill=\"currentColor\" d=\"M64 8 L0 8 L0 0 L64 0 Z\"\/>\r\n<\/svg><\/div><div class=\"l-section-h i-cf\"><div class=\"g-cols vc_row via_flex valign_top type_default stacking_default\"><div class=\"vc_col-sm-12 wpb_column vc_column_container\"><div class=\"vc_column-inner\"><div class=\"wpb_wrapper\"><div class=\"w-separator size_custom\" style=\"height:150px\" id=\"mcba\"><style>@media(max-width:714px){ #mcba{height:100px!important}}<\/style><\/div><\/div><\/div><\/div><div class=\"vc_col-sm-12 wpb_column vc_column_container\"><div class=\"vc_column-inner\"><div class=\"wpb_wrapper\"><div class=\"wpb_text_column us_custom_975078c2\"><div class=\"wpb_wrapper\"><h1 style=\"text-align: center;\">Bienvenue sur les sorties l\u00e9gales<\/h1>\n<\/div><\/div><div class=\"w-separator size_custom\" style=\"height:10px\"><\/div><div class=\"w-btn-wrapper align_center\"><a class=\"w-btn us-btn-style_1 us_custom_206df7d9 icon_atleft\" title=\"Voir la brochure\" target=\"_blank\" rel=\"nofollow\" href=\"https:\/\/legalexits.com\/wp-content\/uploads\/2021\/04\/Legal-Exits-Worldwide-v1.pdf\"><i class=\"material-icons\">description<\/i><span class=\"w-btn-label\">Voir la brochure<\/span><\/a><\/div><div class=\"w-separator size_custom\" style=\"height:50px\"><\/div><\/div><\/div><\/div><\/div><\/div><\/section><section class=\"l-section wpb_row height_auto\"><div class=\"l-section-h i-cf\"><div class=\"g-cols vc_row via_flex valign_top type_default stacking_default\"><div class=\"vc_col-sm-12 wpb_column vc_column_container\"><div class=\"vc_column-inner\"><div class=\"wpb_wrapper\"><div class=\"wpb_text_column us_custom_bdf96d4d has_text_color\"><div class=\"wpb_wrapper\"><p style=\"text-align: left;\"><strong><span style=\"text-decoration: underline;\">Bienvenue sur les sorties l\u00e9gales<\/span><\/strong>, votre partenaire juridique de confiance \u00e0 Tenerife. Notre cabinet se consacre \u00e0 lutter pour les droits de nos clients avec un engagement ferme en faveur de la justice et de l&#039;int\u00e9grit\u00e9.<\/p>\n<p style=\"text-align: left;\">Forts de plusieurs ann\u00e9es d\u2019exp\u00e9rience et d\u2019une \u00e9quipe d\u2019avocats de haut niveau, nous sommes sp\u00e9cialis\u00e9s dans la gestion de questions juridiques complexes, y compris les liquidations en cours. Notre mission est de fournir une repr\u00e9sentation juridique in\u00e9gal\u00e9e et des conseils strat\u00e9giques adapt\u00e9s aux besoins uniques de chaque client.<\/p>\n<\/div><\/div><\/div><\/div><\/div><\/div><\/div><\/section><section class=\"l-section wpb_row height_auto\"><div class=\"l-section-h i-cf\"><div class=\"g-cols vc_row via_flex valign_top type_default stacking_default\"><div class=\"vc_col-sm-6 wpb_column vc_column_container\"><div class=\"vc_column-inner\"><div class=\"wpb_wrapper\"><div class=\"wpb_text_column us_custom_e8c76630 has_text_color\"><div class=\"wpb_wrapper\"><p style=\"text-align: left;\"><strong><span style=\"text-decoration: underline;\">Rencontrez nos avocats\u00a0:<\/span><\/strong> Apprenez-en davantage sur les professionnels qualifi\u00e9s qui composent notre estim\u00e9e \u00e9quipe d\u2019avocats.<\/p>\n<\/div><\/div><div class=\"w-btn-wrapper align_none\"><a class=\"w-btn us-btn-style_1\" title=\"Nos avocats\" target=\"_blank\" rel=\"nofollow\" href=\"https:\/\/legalexits.com\/fr\/our-lawyers\/\"><span class=\"w-btn-label\">Nos avocats<\/span><\/a><\/div><\/div><\/div><\/div><div class=\"vc_col-sm-6 wpb_column vc_column_container\"><div class=\"vc_column-inner\"><div class=\"wpb_wrapper\"><div class=\"wpb_text_column us_custom_e8c76630 has_text_color\"><div class=\"wpb_wrapper\"><p style=\"text-align: left;\"><span style=\"text-decoration: underline;\"><strong>Notre mission:<\/strong><\/span> D\u00e9couvrez les valeurs fondamentales de notre cabinet et son engagement envers l&#039;excellence en mati\u00e8re de d\u00e9fense juridique.<\/p>\n<\/div><\/div><div class=\"w-btn-wrapper align_none\"><a class=\"w-btn us-btn-style_1 us_custom_50cc7d67\" title=\"Nos avocats\" target=\"_blank\" rel=\"nofollow\" href=\"https:\/\/legalexits.com\/fr\/our-company\/\"><span class=\"w-btn-label\">Notre mission et nos objectifs<\/span><\/a><\/div><\/div><\/div><\/div><\/div><\/div><\/section><section class=\"l-section wpb_row height_auto\"><div class=\"l-section-h i-cf\"><div class=\"g-cols vc_row via_flex valign_top type_default stacking_default\"><div class=\"vc_col-sm-12 wpb_column vc_column_container\"><div class=\"vc_column-inner\"><div class=\"wpb_wrapper\"><div class=\"wpb_text_column us_custom_f5e8d523 has_text_color\"><div class=\"wpb_wrapper\"><p style=\"text-align: left;\">Chez Legal Exits, nous croyons \u00e0 la transparence, \u00e0 la communication et aux r\u00e9sultats. Faites-nous confiance pour d\u00e9fendre farouchement vos int\u00e9r\u00eats et prot\u00e9ger vos droits \u00e0 chaque \u00e9tape du processus.<\/p>\n<\/div><\/div><\/div><\/div><\/div><div class=\"vc_col-sm-12 wpb_column vc_column_container\"><div class=\"vc_column-inner\"><div class=\"wpb_wrapper\"><\/div><\/div><\/div><\/div><\/div><\/section><section class=\"l-section wpb_row height_custom with_img\"><div class=\"l-section-img\" role=\"img\" aria-label=\"Image\" data-img-width=\"2560\" data-img-height=\"1708\" style=\"background-image: url(https:\/\/legalexits.com\/wp-content\/uploads\/2021\/03\/AdobeStock_315418289-purchased-scaled.jpeg);background-position: top center;\"><\/div><div class=\"l-section-overlay\" style=\"background:rgba(0,0,77,0.75)\"><\/div><div class=\"l-section-h i-cf\"><div class=\"g-cols vc_row via_flex valign_top type_default stacking_default\"><div class=\"vc_col-sm-12 wpb_column vc_column_container\"><div class=\"vc_column-inner\"><div class=\"wpb_wrapper\"><div class=\"wpb_text_column us_custom_6df4bc3a has_text_color\"><div class=\"wpb_wrapper\"><h1 style=\"text-align: center;\">Commencez votre enqu\u00eate aujourd'hui !<\/h1>\n<p>&nbsp;<\/p>\n<\/div><\/div><div class=\"w-separator size_medium\"><\/div><div class=\"g-cols wpb_row via_flex valign_top type_default stacking_default\"><div class=\"vc_col-sm-4 wpb_column vc_column_container\"><div class=\"vc_column-inner\"><div class=\"wpb_wrapper\"><div class=\"w-iconbox us_custom_6df4bc3a has_text_color iconpos_top style_outlined color_custom align_center\"><div class=\"w-iconbox-icon\" style=\"font-size:2rem;--icon-color:#ffffff;--icon-bg-color:#ffffff;\"><i class=\"fas fa-gavel\"><\/i><\/div><div class=\"w-iconbox-meta\"><h4 class=\"w-iconbox-title\">Renonciation \u00e0 la multipropri\u00e9t\u00e9<\/h4><div class=\"w-iconbox-text\"><p style=\"text-align: center;\">Si vous souhaitez renoncer \u00e0 votre multipropri\u00e9t\u00e9, utilisez notre formulaire de renonciation et vous recevrez des informations compl\u00e9mentaires sp\u00e9cifiques \u00e0 votre propri\u00e9t\u00e9.<\/p>\n<p>\u00a0<\/p>\n<\/div><\/div><\/div><\/div><\/div><\/div><div class=\"vc_col-sm-4 wpb_column vc_column_container\"><div class=\"vc_column-inner\"><div class=\"wpb_wrapper\"><\/div><\/div><\/div><div class=\"vc_col-sm-4 wpb_column vc_column_container\"><div class=\"vc_column-inner\"><div class=\"wpb_wrapper\"><div class=\"w-iconbox us_custom_6df4bc3a has_text_color iconpos_top style_outlined color_custom align_center\"><div class=\"w-iconbox-icon\" style=\"font-size:2rem;--icon-color:#ffffff;--icon-bg-color:#ffffff;\"><i class=\"fas fa-balance-scale\"><\/i><\/div><div class=\"w-iconbox-meta\"><h4 class=\"w-iconbox-title\">Admissibilit\u00e9 \u00e0 l\u2019indemnisation<\/h4><div class=\"w-iconbox-text\"><p style=\"text-align: center;\">V\u00e9rifiez et voyez si vous avez droit \u00e0 une indemnisation d\u00e8s aujourd\u2019hui\u00a0! Cliquez simplement sur le bouton ci-dessous pour planifier un appel gratuit et sans engagement.<\/p>\n<p>\u00a0<\/p>\n<\/div><\/div><\/div><\/div><\/div><\/div><div class=\"vc_col-sm-12 wpb_column vc_column_container\"><div class=\"vc_column-inner\"><div class=\"wpb_wrapper\"><\/div><\/div><\/div><\/div><div class=\"w-separator size_large\"><\/div><div class=\"g-cols wpb_row via_flex valign_middle type_default stacking_default\"><div class=\"vc_col-sm-6 wpb_column vc_column_container\"><div class=\"vc_column-inner\"><div class=\"wpb_wrapper\"><div class=\"w-actionbox us_custom_bcfd46c8 color_primary controls_bottom\"><div class=\"w-actionbox-text\"><h2 class=\"w-actionbox-title\">Formulaire de renonciation \u00e0 la multipropri\u00e9t\u00e9<\/h2><\/div><div class=\"w-actionbox-controls\"><a class=\"w-btn us-btn-style_3\" href=\"https:\/\/legalexits.com\/fr\/timeshare-relinquishment-form\/\"><span class=\"w-btn-label\">Remplir le formulaire<\/span><\/a><\/div><\/div><\/div><\/div><\/div><div class=\"vc_col-sm-6 wpb_column vc_column_container\"><div class=\"vc_column-inner\"><div class=\"wpb_wrapper\"><div class=\"w-actionbox us_custom_bcfd46c8 color_primary controls_bottom\"><div class=\"w-actionbox-text\"><h2 class=\"w-actionbox-title\">Admissibilit\u00e9 \u00e0 l\u2019indemnisation<\/h2><\/div><div class=\"w-actionbox-controls\"><a class=\"w-btn us-btn-style_3\" href=\"https:\/\/legalexits.com\/fr\/compensation-eligibility\/\"><span class=\"w-btn-label\">V\u00e9rifier l&#039;\u00e9ligibilit\u00e9<\/span><\/a><\/div><\/div><\/div><\/div><\/div><\/div><\/div><\/div><\/div><\/div><\/div><\/section><section class=\"l-section wpb_row us_custom_8cd4af33 height_small width_full\"><div class=\"l-section-h i-cf\"><div class=\"g-cols vc_row via_flex valign_top type_default stacking_default\"><div class=\"vc_col-sm-12 wpb_column vc_column_container has_bg_color stretched\"><div class=\"vc_column-inner us_custom_8cd4af33\"><div class=\"wpb_wrapper\"><div class=\"w-separator size_medium\"><\/div><div class=\"w-actionbox us_custom_0998e206 has_text_color color_primary controls_bottom\"><div class=\"w-actionbox-text\"><h2 class=\"w-actionbox-title\">Sollicitez votre consultation !<\/h2><\/div><div class=\"w-actionbox-controls\"><a class=\"w-btn us-btn-style_3\" href=\"https:\/\/legalexits.com\/fr\/contact-us\/\"><span class=\"w-btn-label\">Cliquez-moi<\/span><\/a><\/div><\/div><\/div><\/div><\/div><\/div><\/div><\/section>","protected":false},"excerpt":{"rendered":"Welcome to Legal Exits descriptionSee Brochure Welcome to Legal Exits, your trusted legal partner in Tenerife. Our firm is dedicated to fighting for the rights of our clients with a steadfast commitment to justice and integrity. With years of experience and a team of top-tier lawyers, we specialize in navigating complex legal matters, including the...","protected":false},"author":12,"featured_media":1816,"parent":0,"menu_order":0,"comment_status":"closed","ping_status":"closed","template":"","meta":{"ngg_post_thumbnail":0,"footnotes":""},"class_list":["post-12","page","type-page","status-publish","has-post-thumbnail","hentry"],"yoast_head":"<!-- This site is optimized with the Yoast SEO plugin v26.8 - https:\/\/yoast.com\/product\/yoast-seo-wordpress\/ -->\n<title>Home - Timeshare Legal Exits<\/title>\n<meta name=\"description\" content=\"If you wish to relinquish your timeshare, use our relinquishment form and you will receive further information specific to your ownership\" \/>\n<meta name=\"robots\" content=\"index, follow, max-snippet:-1, max-image-preview:large, max-video-preview:-1\" \/>\n<link rel=\"canonical\" href=\"https:\/\/legalexits.com\/fr\/\" \/>\n<meta property=\"og:locale\" content=\"fr_FR\" \/>\n<meta property=\"og:type\" content=\"article\" \/>\n<meta property=\"og:title\" content=\"Home - Timeshare Legal Exits\" \/>\n<meta property=\"og:description\" content=\"If you wish to relinquish your timeshare, use our relinquishment form and you will receive further information specific to your ownership\" \/>\n<meta property=\"og:url\" content=\"https:\/\/legalexits.com\/fr\/\" \/>\n<meta property=\"og:site_name\" content=\"Timeshare Legal Exits\" \/>\n<meta property=\"article:modified_time\" content=\"2026-03-18T14:35:43+00:00\" \/>\n<meta property=\"og:image\" content=\"https:\/\/legalexits.com\/wp-content\/uploads\/2022\/06\/Diseno-sin-titulo-20.png\" \/>\n\t<meta property=\"og:image:width\" content=\"1200\" \/>\n\t<meta property=\"og:image:height\" content=\"630\" \/>\n\t<meta property=\"og:image:type\" content=\"image\/png\" \/>\n<meta name=\"twitter:card\" content=\"summary_large_image\" \/>\n<meta name=\"twitter:image\" content=\"https:\/\/legalexits.com\/wp-content\/uploads\/2022\/06\/Diseno-sin-titulo-20.png\" \/>\n<meta name=\"twitter:label1\" content=\"Dur\u00e9e de lecture estim\u00e9e\" \/>\n\t<meta name=\"twitter:data1\" content=\"3 minutes\" \/>\n<script type=\"application\/ld+json\" class=\"yoast-schema-graph\">{\"@context\":\"https:\/\/schema.org\",\"@graph\":[{\"@type\":\"WebPage\",\"@id\":\"https:\/\/legalexits.com\/\",\"url\":\"https:\/\/legalexits.com\/\",\"name\":\"Home - Timeshare Legal Exits\",\"isPartOf\":{\"@id\":\"https:\/\/legalexits.com\/#website\"},\"primaryImageOfPage\":{\"@id\":\"https:\/\/legalexits.com\/#primaryimage\"},\"image\":{\"@id\":\"https:\/\/legalexits.com\/#primaryimage\"},\"thumbnailUrl\":\"https:\/\/legalexits.com\/wp-content\/uploads\/2022\/06\/Diseno-sin-titulo-20.png\",\"datePublished\":\"2021-02-26T11:49:24+00:00\",\"dateModified\":\"2026-03-18T14:35:43+00:00\",\"description\":\"If you wish to relinquish your timeshare, use our relinquishment form and you will receive further information specific to your ownership\",\"breadcrumb\":{\"@id\":\"https:\/\/legalexits.com\/#breadcrumb\"},\"inLanguage\":\"fr-FR\",\"potentialAction\":[{\"@type\":\"ReadAction\",\"target\":[\"https:\/\/legalexits.com\/\"]}]},{\"@type\":\"ImageObject\",\"inLanguage\":\"fr-FR\",\"@id\":\"https:\/\/legalexits.com\/#primaryimage\",\"url\":\"https:\/\/legalexits.com\/wp-content\/uploads\/2022\/06\/Diseno-sin-titulo-20.png\",\"contentUrl\":\"https:\/\/legalexits.com\/wp-content\/uploads\/2022\/06\/Diseno-sin-titulo-20.png\",\"width\":1200,\"height\":630},{\"@type\":\"BreadcrumbList\",\"@id\":\"https:\/\/legalexits.com\/#breadcrumb\",\"itemListElement\":[{\"@type\":\"ListItem\",\"position\":1,\"name\":\"Home\",\"item\":\"https:\/\/legalexits.com\/\"},{\"@type\":\"ListItem\",\"position\":2,\"name\":\"Home\"}]},{\"@type\":\"WebSite\",\"@id\":\"https:\/\/legalexits.com\/#website\",\"url\":\"https:\/\/legalexits.com\/\",\"name\":\"Timeshare Legal Exits\",\"description\":\"Relinquishing timeshare contracts legally\",\"potentialAction\":[{\"@type\":\"SearchAction\",\"target\":{\"@type\":\"EntryPoint\",\"urlTemplate\":\"https:\/\/legalexits.com\/?s={search_term_string}\"},\"query-input\":{\"@type\":\"PropertyValueSpecification\",\"valueRequired\":true,\"valueName\":\"search_term_string\"}}],\"inLanguage\":\"fr-FR\"}]}<\/script>\n<!-- \/ Yoast SEO plugin. -->","yoast_head_json":{"title":"Accueil - Sorties l\u00e9gales en multipropri\u00e9t\u00e9","description":"Si vous souhaitez renoncer \u00e0 votre temps partag\u00e9, utilisez notre formulaire de renonciation et vous recevrez de plus amples informations sp\u00e9cifiques \u00e0 votre propri\u00e9t\u00e9","robots":{"index":"index","follow":"follow","max-snippet":"max-snippet:-1","max-image-preview":"max-image-preview:large","max-video-preview":"max-video-preview:-1"},"canonical":"https:\/\/legalexits.com\/fr\/","og_locale":"fr_FR","og_type":"article","og_title":"Home - Timeshare Legal Exits","og_description":"If you wish to relinquish your timeshare, use our relinquishment form and you will receive further information specific to your ownership","og_url":"https:\/\/legalexits.com\/fr\/","og_site_name":"Timeshare Legal Exits","article_modified_time":"2026-03-18T14:35:43+00:00","og_image":[{"width":1200,"height":630,"url":"https:\/\/legalexits.com\/wp-content\/uploads\/2022\/06\/Diseno-sin-titulo-20.png","type":"image\/png"}],"twitter_card":"summary_large_image","twitter_image":"https:\/\/legalexits.com\/wp-content\/uploads\/2022\/06\/Diseno-sin-titulo-20.png","twitter_misc":{"Dur\u00e9e de lecture estim\u00e9e":"3 minutes"},"schema":{"@context":"https:\/\/schema.org","@graph":[{"@type":"WebPage","@id":"https:\/\/legalexits.com\/","url":"https:\/\/legalexits.com\/","name":"Accueil - Sorties l\u00e9gales en multipropri\u00e9t\u00e9","isPartOf":{"@id":"https:\/\/legalexits.com\/#website"},"primaryImageOfPage":{"@id":"https:\/\/legalexits.com\/#primaryimage"},"image":{"@id":"https:\/\/legalexits.com\/#primaryimage"},"thumbnailUrl":"https:\/\/legalexits.com\/wp-content\/uploads\/2022\/06\/Diseno-sin-titulo-20.png","datePublished":"2021-02-26T11:49:24+00:00","dateModified":"2026-03-18T14:35:43+00:00","description":"Si vous souhaitez renoncer \u00e0 votre temps partag\u00e9, utilisez notre formulaire de renonciation et vous recevrez de plus amples informations sp\u00e9cifiques \u00e0 votre propri\u00e9t\u00e9","breadcrumb":{"@id":"https:\/\/legalexits.com\/#breadcrumb"},"inLanguage":"fr-FR","potentialAction":[{"@type":"ReadAction","target":["https:\/\/legalexits.com\/"]}]},{"@type":"ImageObject","inLanguage":"fr-FR","@id":"https:\/\/legalexits.com\/#primaryimage","url":"https:\/\/legalexits.com\/wp-content\/uploads\/2022\/06\/Diseno-sin-titulo-20.png","contentUrl":"https:\/\/legalexits.com\/wp-content\/uploads\/2022\/06\/Diseno-sin-titulo-20.png","width":1200,"height":630},{"@type":"BreadcrumbList","@id":"https:\/\/legalexits.com\/#breadcrumb","itemListElement":[{"@type":"ListItem","position":1,"name":"Home","item":"https:\/\/legalexits.com\/"},{"@type":"ListItem","position":2,"name":"Home"}]},{"@type":"WebSite","@id":"https:\/\/legalexits.com\/#website","url":"https:\/\/legalexits.com\/","name":"Sorties l\u00e9gales en multipropri\u00e9t\u00e9","description":"Renoncer l\u00e9galement aux contrats de multipropri\u00e9t\u00e9","potentialAction":[{"@type":"SearchAction","target":{"@type":"EntryPoint","urlTemplate":"https:\/\/legalexits.com\/?s={search_term_string}"},"query-input":{"@type":"PropertyValueSpecification","valueRequired":true,"valueName":"search_term_string"}}],"inLanguage":"fr-FR"}]}},"_links":{"self":[{"href":"https:\/\/legalexits.com\/fr\/wp-json\/wp\/v2\/pages\/12","targetHints":{"allow":["GET"]}}],"collection":[{"href":"https:\/\/legalexits.com\/fr\/wp-json\/wp\/v2\/pages"}],"about":[{"href":"https:\/\/legalexits.com\/fr\/wp-json\/wp\/v2\/types\/page"}],"author":[{"embeddable":true,"href":"https:\/\/legalexits.com\/fr\/wp-json\/wp\/v2\/users\/12"}],"replies":[{"embeddable":true,"href":"https:\/\/legalexits.com\/fr\/wp-json\/wp\/v2\/comments?post=12"}],"version-history":[{"count":196,"href":"https:\/\/legalexits.com\/fr\/wp-json\/wp\/v2\/pages\/12\/revisions"}],"predecessor-version":[{"id":2406,"href":"https:\/\/legalexits.com\/fr\/wp-json\/wp\/v2\/pages\/12\/revisions\/2406"}],"wp:featuredmedia":[{"embeddable":true,"href":"https:\/\/legalexits.com\/fr\/wp-json\/wp\/v2\/media\/1816"}],"wp:attachment":[{"href":"https:\/\/legalexits.com\/fr\/wp-json\/wp\/v2\/media?parent=12"}],"curies":[{"name":"wp","href":"https:\/\/api.w.org\/{rel}","templated":true}]}}