{"id":1222,"date":"2021-10-11T13:14:15","date_gmt":"2021-10-11T13:14:15","guid":{"rendered":"https:\/\/legalexits.com\/terms-and-conditions\/"},"modified":"2021-10-11T13:14:15","modified_gmt":"2021-10-11T13:14:15","slug":"terms-and-conditions","status":"publish","type":"page","link":"https:\/\/legalexits.com\/fr\/terms-and-conditions\/","title":{"rendered":"Termes et conditions"},"content":{"rendered":"<h1>Conditions d&#039;utilisation du programme d&#039;affiliation de Timeshare Legal Exits<\/h1>\n<h2>Accord<\/h2>\n<p>En vous inscrivant comme affili\u00e9 au programme d&#039;affiliation Timeshare Legal Exits (&quot;Programme&quot;), vous acceptez d&#039;\u00eatre li\u00e9 par les termes et conditions suivants (&quot;Conditions d&#039;utilisation&quot;).<\/p>\n<p><strong>Sorties l\u00e9gales en multipropri\u00e9t\u00e9<\/strong> se r\u00e9serve le droit de mettre \u00e0 jour et de modifier les conditions d&#039;utilisation de temps \u00e0 autre sans pr\u00e9avis. Toute nouvelle fonctionnalit\u00e9 qui augmente ou am\u00e9liore le programme actuel, y compris la publication de nouveaux outils et ressources, sera soumise aux conditions d&#039;utilisation. L&#039;utilisation continue du programme apr\u00e8s de tels changements constituera votre consentement \u00e0 ces changements.<\/p>\n<p>La violation de l&#039;une des conditions ci-dessous entra\u00eenera la r\u00e9siliation de votre compte et la confiscation de tout paiement de commission d&#039;affiliation en cours gagn\u00e9 pendant la violation. Vous acceptez d&#039;utiliser le programme d&#039;affiliation \u00e0 vos propres risques.<\/p>\n<h2>Termes du compte<\/h2>\n<ul>\n<li>Vous devez avoir 18 ans ou plus pour faire partie de ce programme.<\/li>\n<li>Vous devez vivre aux \u00c9tats-Unis pour \u00eatre affili\u00e9.<\/li>\n<li>Vous devez \u00eatre un humain. Les comptes enregistr\u00e9s par des &quot;bots&quot; ou d&#039;autres m\u00e9thodes automatis\u00e9es ne sont pas autoris\u00e9s.<\/li>\n<li>Vous devez fournir votre nom l\u00e9gal complet, une adresse e-mail valide et toute autre information demand\u00e9e afin de terminer le processus d&#039;inscription.<\/li>\n<li>Votre identifiant ne peut \u00eatre utilis\u00e9 que par une seule personne - un identifiant unique partag\u00e9 par plusieurs personnes n&#039;est pas autoris\u00e9.<\/li>\n<li>Vous \u00eates responsable du maintien de la s\u00e9curit\u00e9 de votre compte et de votre mot de passe. <strong>Sorties l\u00e9gales en multipropri\u00e9t\u00e9<\/strong> ne peut pas et ne sera pas responsable de toute perte ou dommage r\u00e9sultant de votre non-respect de cette obligation de s\u00e9curit\u00e9.<\/li>\n<li>Vous \u00eates responsable de tout le contenu publi\u00e9 et de l&#039;activit\u00e9 qui se produit sous votre compte.<\/li>\n<li>Une m\u00eame personne physique ou morale ne peut d\u00e9tenir plus d&#039;un compte.<\/li>\n<li>Vous ne pouvez pas utiliser le programme d&#039;affiliation \u00e0 des fins ill\u00e9gales ou non autoris\u00e9es. Vous ne devez pas, dans l&#039;utilisation du Service, violer les lois de votre juridiction (y compris, mais sans s&#039;y limiter, les lois sur le droit d&#039;auteur).<\/li>\n<li>Vous ne pouvez pas utiliser le programme d&#039;affiliation pour gagner de l&#039;argent par vous-m\u00eame <strong>Sorties l\u00e9gales en multipropri\u00e9t\u00e9<\/strong> comptes de produits.<\/li>\n<\/ul>\n<h2>Liens\/graphiques sur votre site, dans vos e-mails ou autres communications<\/h2>\n<p>Une fois inscrit au programme d&#039;affiliation, un code d&#039;affiliation unique vous sera attribu\u00e9. Vous \u00eates autoris\u00e9 \u00e0 placer des liens, des banni\u00e8res ou d&#039;autres graphiques que nous fournissons avec votre code d&#039;affiliation sur votre site, dans vos e-mails ou dans d&#039;autres communications. Nous vous fournirons des directives, des styles de liens et des illustrations graphiques \u00e0 utiliser pour cr\u00e9er des liens vers <strong>Sorties l\u00e9gales en multipropri\u00e9t\u00e9<\/strong>. Nous pouvons modifier la conception de l&#039;illustration \u00e0 tout moment sans pr\u00e9avis, mais nous ne modifierons pas les dimensions des images sans pr\u00e9avis.<\/p>\n<p>Pour permettre un suivi pr\u00e9cis, des rapports et une accumulation des frais de r\u00e9f\u00e9rence, nous vous fournirons des formats de liens sp\u00e9ciaux \u00e0 utiliser dans tous les liens entre votre site et le <strong>Sorties l\u00e9gales en multipropri\u00e9t\u00e9<\/strong>. Vous devez vous assurer que chacun des liens entre votre site et le <strong>Sorties l\u00e9gales en multipropri\u00e9t\u00e9<\/strong> utilise correctement ces formats de liens sp\u00e9ciaux. Liens vers le <strong>Sorties l\u00e9gales en multipropri\u00e9t\u00e9<\/strong> plac\u00e9s sur votre site conform\u00e9ment au pr\u00e9sent accord et qui utilisent correctement ces formats de liens sp\u00e9ciaux sont appel\u00e9s \u00ab\u00a0liens sp\u00e9ciaux\u00a0\u00bb. Vous gagnerez des commissions de parrainage uniquement en ce qui concerne les ventes sur un <strong>Sorties l\u00e9gales en multipropri\u00e9t\u00e9<\/strong> produit survenant directement via des liens sp\u00e9ciaux\u00a0; nous ne serons pas responsables envers vous en cas de manquement de votre part ou d&#039;une personne que vous r\u00e9f\u00e9rez \u00e0 l&#039;utilisation de liens sp\u00e9ciaux ou \u00e0 la saisie incorrecte de votre code d&#039;affiliation, y compris dans la mesure o\u00f9 un tel manquement peut entra\u00eener une r\u00e9duction des montants qui vous seraient autrement vers\u00e9s conform\u00e9ment au pr\u00e9sent Accord.<\/p>\n<p>Les liens d&#039;affiliation doivent pointer vers la page du produit faisant l&#039;objet de la promotion.<\/p>\n<h2>Frais de recommandation\/commissions et paiement<\/h2>\n<p>Pour qu&#039;une vente de produit soit \u00e9ligible pour gagner une commission de parrainage, le client doit cliquer sur un lien sp\u00e9cial de votre site, envoyer un e-mail ou d&#039;autres communications pour <strong>https:\/\/legalexits.com<\/strong> et terminer une commande pour un produit au cours de cette session.<\/p>\n<p>Nous ne paierons des commissions que sur les liens qui sont automatiquement suivis et signal\u00e9s par nos syst\u00e8mes. Nous ne paierons pas de commissions si quelqu&#039;un dit avoir achet\u00e9 ou quelqu&#039;un dit avoir entr\u00e9 un code de parrainage s&#039;il n&#039;a pas \u00e9t\u00e9 suivi par notre syst\u00e8me. Nous ne pouvons payer des commissions que sur les affaires g\u00e9n\u00e9r\u00e9es par le biais de liens sp\u00e9ciaux correctement format\u00e9s qui ont \u00e9t\u00e9 automatiquement suivis par nos syst\u00e8mes.<\/p>\n<p>Nous nous r\u00e9servons le droit de disqualifier les commissions gagn\u00e9es par des m\u00e9thodes de vente ou de marketing frauduleuses, ill\u00e9gales ou trop agressives et douteuses.<\/p>\n<p>Les paiements ne commencent que lorsque vous avez gagn\u00e9 plus de <strong>$20<\/strong> dans les revenus d&#039;affiliation. Si votre compte affili\u00e9 ne franchit jamais le <strong>$20<\/strong> seuil, vos commissions ne seront ni r\u00e9alis\u00e9es ni pay\u00e9es. Nous ne sommes responsables que du paiement des comptes qui ont franchi le <strong>$20<\/strong> au seuil.<\/p>\n<h2>S&#039;identifier en tant qu&#039;affili\u00e9 de Timeshare Legal Exits<\/h2>\n<p>Vous ne pouvez publier aucun communiqu\u00e9 de presse concernant le pr\u00e9sent Contrat ou votre participation au Programme\u00a0; une telle action peut entra\u00eener votre r\u00e9siliation du programme. En outre, vous ne pouvez en aucune mani\u00e8re d\u00e9former ou embellir la relation entre nous et vous, dire que vous d\u00e9veloppez nos produits, dire que vous faites partie de <strong>Sorties l\u00e9gales en multipropri\u00e9t\u00e9<\/strong> ou exprimer ou impliquer toute relation ou affiliation entre nous et vous ou toute autre personne ou entit\u00e9, sauf dans la mesure express\u00e9ment autoris\u00e9e par le pr\u00e9sent accord (y compris en exprimant ou en impliquant que nous soutenons, parrainons, approuvons ou contribuons de l&#039;argent \u00e0 une \u0153uvre de bienfaisance ou autre cause).<\/p>\n<p>Vous ne pouvez pas acheter de produits via vos liens d&#039;affiliation pour votre propre usage. De tels achats peuvent entra\u00eener (\u00e0 notre seule discr\u00e9tion) la retenue des frais de recommandation et\/ou la r\u00e9siliation du pr\u00e9sent Contrat.<\/p>\n<h2>Calendrier de paiement<\/h2>\n<p>Tant que vos revenus d&#039;affiliation actuels sont termin\u00e9s <strong>$20<\/strong>, vous serez pay\u00e9 chaque mois. Si vous n&#039;avez pas gagn\u00e9 <strong>$20<\/strong> depuis votre dernier paiement, nous vous paierons le mois suivant apr\u00e8s que vous ayez franchi le seuil.<\/p>\n<h2>D\u00e9finition du client<\/h2>\n<p>Les clients qui ach\u00e8tent des produits via ce programme seront consid\u00e9r\u00e9s comme nos clients. En cons\u00e9quence, toutes nos r\u00e8gles, politiques et proc\u00e9dures d&#039;exploitation concernant les commandes des clients, le service client et les ventes de produits s&#039;appliqueront \u00e0 ces clients. Nous pouvons modifier nos politiques et nos proc\u00e9dures d&#039;exploitation \u00e0 tout moment. Par exemple, nous d\u00e9terminerons les prix \u00e0 facturer pour les produits vendus dans le cadre de ce programme conform\u00e9ment \u00e0 nos propres politiques de tarification. Les prix et la disponibilit\u00e9 des produits peuvent varier de temps \u00e0 autre. \u00c9tant donn\u00e9 que les modifications de prix peuvent affecter les produits que vous avez r\u00e9pertori\u00e9s sur votre site, vous ne devez pas afficher les prix des produits sur votre site. Nous d\u00e9ploierons des efforts commercialement raisonnables pour pr\u00e9senter des informations exactes, mais nous ne pouvons garantir la disponibilit\u00e9 ou le prix d&#039;un produit particulier.<\/p>\n<h2>vos responsabilit\u00e9s<\/h2>\n<p>Vous serez seul responsable du d\u00e9veloppement, de l&#039;exploitation et de la maintenance de votre site et de tout le mat\u00e9riel qui appara\u00eet sur votre site. Par exemple, vous serez seul responsable de :<\/p>\n<p>\u2013 L\u2019exploitation technique de votre site et de tous les \u00e9quipements associ\u00e9s<br \/>\n\u2013 S&#039;assurer que l&#039;affichage de liens sp\u00e9ciaux sur votre site ne viole aucun accord entre vous et un tiers (y compris, sans s&#039;y limiter, toute restriction ou exigence impos\u00e9e par un tiers qui h\u00e9berge votre site)<br \/>\n- L&#039;exactitude, la v\u00e9racit\u00e9 et la pertinence des \u00e9l\u00e9ments publi\u00e9s sur votre site (y compris, entre autres, tous les \u00e9l\u00e9ments li\u00e9s aux produits et toute information que vous incluez ou associez \u00e0 des liens sp\u00e9ciaux)<br \/>\n\u2013 S&#039;assurer que les documents publi\u00e9s sur votre site ne violent ni n&#039;enfreignent les droits d&#039;un tiers (y compris, par exemple, les droits d&#039;auteur, les marques de commerce, la confidentialit\u00e9 ou d&#039;autres droits personnels ou de propri\u00e9t\u00e9)<br \/>\n\u2013 S&#039;assurer que les documents publi\u00e9s sur votre site ne sont pas diffamatoires ou autrement ill\u00e9gaux<br \/>\n\u2013 Veiller \u00e0 ce que votre site divulgue de mani\u00e8re pr\u00e9cise et ad\u00e9quate, soit par le biais d&#039;une politique de confidentialit\u00e9 ou autrement, comment vous collectez, utilisez, stockez et divulguez les donn\u00e9es collect\u00e9es aupr\u00e8s des visiteurs, y compris, le cas \u00e9ch\u00e9ant, que des tiers (y compris les annonceurs) peuvent diffuser du contenu et \/ ou des publicit\u00e9s et collecter des informations directement aupr\u00e8s des visiteurs et peut placer ou reconna\u00eetre des cookies sur les navigateurs des visiteurs.<\/p>\n<h2>En accord avec les lois<\/h2>\n<p>Comme condition de votre participation au programme, vous acceptez que pendant que vous \u00eates un participant au programme, vous vous conformerez \u00e0 toutes les lois, ordonnances, r\u00e8gles, r\u00e8glements, ordonnances, licences, permis, jugements, d\u00e9cisions ou autres exigences de toute autorit\u00e9 gouvernementale qui a juridiction sur vous, si ces lois, etc. sont actuellement en vigueur ou entreront en vigueur ult\u00e9rieurement pendant la p\u00e9riode o\u00f9 vous participez au Programme. Sans limiter l&#039;obligation qui pr\u00e9c\u00e8de, vous acceptez que, comme condition de votre participation au programme, vous vous conformiez \u00e0 toutes les lois applicables (f\u00e9d\u00e9rales, \u00e9tatiques ou autres) qui r\u00e9gissent les e-mails marketing, y compris, sans s&#039;y limiter, la loi CAN-SPAM de 2003 et toutes autres lois anti-spam.<\/p>\n<h2>Dur\u00e9e de l&#039;accord et du programme<\/h2>\n<p>La dur\u00e9e du pr\u00e9sent Accord commencera d\u00e8s notre acceptation de votre candidature au Programme et prendra fin lorsqu&#039;elle sera r\u00e9sili\u00e9e par l&#039;une ou l&#039;autre des parties. Vous ou nous pouvons r\u00e9silier le pr\u00e9sent accord \u00e0 tout moment, avec ou sans motif, en donnant \u00e0 l&#039;autre partie un avis de r\u00e9siliation \u00e9crit. \u00c0 la r\u00e9siliation du pr\u00e9sent accord pour quelque raison que ce soit, vous cesserez imm\u00e9diatement d&#039;utiliser et supprimerez de votre site tous les liens vers <strong>https:\/\/legalexits.com<\/strong>, et toutes nos marques, habillages commerciaux et logos, et tous les autres \u00e9l\u00e9ments fournis par nous ou en notre nom conform\u00e9ment aux pr\u00e9sentes ou en relation avec le Programme. <strong>Sorties l\u00e9gales en multipropri\u00e9t\u00e9<\/strong> se r\u00e9serve le droit de mettre fin au programme \u00e0 tout moment. \u00c0 la fin du programme, <strong>Sorties l\u00e9gales en multipropri\u00e9t\u00e9<\/strong> paiera tous les revenus impay\u00e9s accumul\u00e9s ci-dessus <strong>$20<\/strong>.<\/p>\n<h2>R\u00e9siliation<\/h2>\n<p><strong>Sorties l\u00e9gales en multipropri\u00e9t\u00e9<\/strong>, \u00e0 sa seule discr\u00e9tion, a le droit de suspendre ou de r\u00e9silier votre compte et de refuser toute utilisation actuelle ou future du programme, ou de tout autre <strong>Sorties l\u00e9gales en multipropri\u00e9t\u00e9<\/strong> service, pour quelque raison que ce soit et \u00e0 tout moment. Une telle r\u00e9siliation du Service entra\u00eenera la d\u00e9sactivation ou la suppression de votre Compte ou de votre acc\u00e8s \u00e0 votre Compte, ainsi que la confiscation et l&#039;abandon de toutes les commissions potentielles ou \u00e0 payer sur votre Compte si elles ont \u00e9t\u00e9 gagn\u00e9es par des moyens frauduleux, ill\u00e9gaux ou des m\u00e9thodes de vente ou de marketing trop agressives et douteuses. <strong>Sorties l\u00e9gales en multipropri\u00e9t\u00e9<\/strong> se r\u00e9serve le droit de refuser le service \u00e0 quiconque pour quelque raison que ce soit et \u00e0 tout moment.<\/p>\n<h2>Relation des parties<\/h2>\n<p>Vous et nous sommes des entrepreneurs ind\u00e9pendants, et rien dans le pr\u00e9sent Accord ne cr\u00e9era un partenariat, une coentreprise, une agence, une franchise, un repr\u00e9sentant commercial ou une relation de travail entre les parties. Vous n&#039;aurez aucune autorit\u00e9 pour faire ou accepter des offres ou des repr\u00e9sentations en notre nom. Vous ne ferez aucune d\u00e9claration, que ce soit sur votre site ou autrement, qui contredirait raisonnablement quoi que ce soit dans cette section.<\/p>\n<h2>Limitations de responsabilit\u00e9<\/h2>\n<p>Nous ne serons pas responsables des dommages indirects, sp\u00e9ciaux ou cons\u00e9cutifs (ou de toute perte de revenus, de b\u00e9n\u00e9fices ou de donn\u00e9es) d\u00e9coulant du pr\u00e9sent Contrat ou du Programme, m\u00eame si nous avons \u00e9t\u00e9 inform\u00e9s de la possibilit\u00e9 de tels dommages. De plus, notre responsabilit\u00e9 globale d\u00e9coulant du pr\u00e9sent Contrat et du Programme ne d\u00e9passera pas le total des commissions de recommandation qui vous sont pay\u00e9es ou qui vous sont payables en vertu du pr\u00e9sent Contrat.<\/p>\n<h2>Avis de non-responsabilit\u00e9<\/h2>\n<p>Nous n&#039;offrons aucune garantie ou repr\u00e9sentation expresse ou implicite concernant le programme ou tout produit vendu par le biais du programme (y compris, sans s&#039;y limiter, les garanties d&#039;ad\u00e9quation, de qualit\u00e9 marchande, de non-contrefa\u00e7on ou toute garantie implicite d\u00e9coulant d&#039;un cours de performance, de transaction ou usage commercial). De plus, nous ne garantissons pas que le fonctionnement du <strong>Sorties l\u00e9gales en multipropri\u00e9t\u00e9<\/strong> sera ininterrompu ou sans erreur, et nous ne serons pas responsables des cons\u00e9quences de toute interruption ou erreur.<\/p>\n<h2>Enqu\u00eate ind\u00e9pendante<\/h2>\n<p>VOUS RECONNAISSEZ AVOIR LU CET ACCORD ET ACCEPTER TOUS SES TERMES ET CONDITIONS. VOUS COMPRENEZ QUE NOUS POUVONS \u00c0 TOUT MOMENT (DIRECTEMENT OU INDIRECTEMENT) DEMANDER DES R\u00c9F\u00c9RENCES DE CLIENTS \u00c0 DES CONDITIONS QUI PEUVENT DIFF\u00c9RER DE CELLES CONTENUES DANS LE PR\u00c9SENT CONTRAT OU OP\u00c9RER DES SITES WEB SIMILAIRES \u00c0 VOTRE SITE WEB OU EN CONCURRENCE. VOUS AVEZ \u00c9VALU\u00c9 DE FA\u00c7ON IND\u00c9PENDANTE L&#039;OPPORTUNIT\u00c9 DE PARTICIPER AU PROGRAMME ET NE VOUS FIEZ \u00c0 AUCUNE REPR\u00c9SENTATION, GARANTIE OU D\u00c9CLARATION AUTRE QUE CELLES \u00c9NONC\u00c9ES DANS LE PR\u00c9SENT CONTRAT.<\/p>\n<h2>Arbitrage<\/h2>\n<p>Tout litige li\u00e9 de quelque mani\u00e8re que ce soit au pr\u00e9sent Accord (y compris toute violation r\u00e9elle ou all\u00e9gu\u00e9e de celui-ci), \u00e0 toute transaction ou activit\u00e9 en vertu du pr\u00e9sent Accord ou \u00e0 votre relation avec nous ou l&#039;un de nos affili\u00e9s sera soumis \u00e0 un arbitrage confidentiel, sauf que, dans la mesure o\u00f9 vous ont de quelque mani\u00e8re que ce soit viol\u00e9 ou menac\u00e9 de violer nos droits de propri\u00e9t\u00e9 intellectuelle, nous pouvons demander une injonction ou toute autre mesure de redressement appropri\u00e9e aupr\u00e8s de tout tribunal d&#039;\u00c9tat ou f\u00e9d\u00e9ral (et vous consentez \u00e0 la comp\u00e9tence et au lieu non exclusifs de ces tribunaux) ou \u00e0 tout autre tribunal comp\u00e9tent . L&#039;arbitrage en vertu du pr\u00e9sent accord sera men\u00e9 selon les r\u00e8gles alors en vigueur de l&#039;American Arbitration Association. La d\u00e9cision de l&#039;arbitre est ex\u00e9cutoire et peut \u00eatre inscrite comme jugement devant tout tribunal comp\u00e9tent. Dans toute la mesure permise par la loi applicable, aucun arbitrage en vertu du pr\u00e9sent Accord ne sera joint \u00e0 un arbitrage impliquant toute autre partie soumise au pr\u00e9sent Accord, que ce soit par le biais d&#039;une proc\u00e9dure d&#039;arbitrage collectif ou autrement.<\/p>\n<h2>Divers<\/h2>\n<p>Le pr\u00e9sent Accord sera r\u00e9gi par les lois des \u00c9tats-Unis, sans r\u00e9f\u00e9rence aux r\u00e8gles r\u00e9gissant le choix des lois. Vous ne pouvez pas c\u00e9der le pr\u00e9sent Accord, par effet de la loi ou autrement, sans notre consentement \u00e9crit pr\u00e9alable. Sous r\u00e9serve de cette restriction, le pr\u00e9sent Contrat liera, s&#039;appliquera au profit de, et sera opposable aux parties et \u00e0 leurs successeurs et ayants droit respectifs. Notre incapacit\u00e9 \u00e0 faire respecter votre stricte ex\u00e9cution de toute disposition du pr\u00e9sent Accord ne constituera pas une renonciation \u00e0 notre droit d&#039;appliquer ult\u00e9rieurement cette disposition ou toute autre disposition du pr\u00e9sent Accord.<\/p>\n<p>L&#039;\u00e9chec de <strong>Sorties l\u00e9gales en multipropri\u00e9t\u00e9<\/strong> exercer ou appliquer tout droit ou disposition des Conditions d&#039;utilisation ne constitue pas une renonciation \u00e0 ce droit ou \u00e0 cette disposition. Les conditions d&#039;utilisation constituent l&#039;int\u00e9gralit\u00e9 de l&#039;accord entre vous et <strong>Sorties l\u00e9gales en multipropri\u00e9t\u00e9<\/strong> et r\u00e9gissent votre utilisation du Service, rempla\u00e7ant tout accord ant\u00e9rieur entre vous et <strong>Sorties l\u00e9gales en multipropri\u00e9t\u00e9<\/strong> (y compris, mais sans s&#039;y limiter, toute version ant\u00e9rieure des Conditions d&#039;utilisation).<\/p>","protected":false},"excerpt":{"rendered":"<p>Accord sur les conditions d&#039;utilisation du programme d&#039;affiliation de Timeshare Legal Exits En vous inscrivant en tant qu&#039;affili\u00e9 au programme d&#039;affiliation de Timeshare Legal Exits (&quot;Programme&quot;), vous acceptez d&#039;\u00eatre li\u00e9 par les termes et conditions suivants (&quot;Conditions d&#039;utilisation&quot;). Timeshare Legal Exits se r\u00e9serve le droit de mettre \u00e0 jour et de modifier les conditions d&#039;utilisation de temps \u00e0 autre\u2026<\/p>","protected":false},"author":12,"featured_media":0,"parent":0,"menu_order":0,"comment_status":"closed","ping_status":"closed","template":"","meta":{"ngg_post_thumbnail":0,"footnotes":""},"class_list":["post-1222","page","type-page","status-publish","hentry"],"yoast_head":"<!-- This site is optimized with the Yoast SEO plugin v26.8 - https:\/\/yoast.com\/product\/yoast-seo-wordpress\/ -->\n<title>Terms and Conditions - Timeshare Legal Exits<\/title>\n<meta name=\"robots\" content=\"index, follow, max-snippet:-1, max-image-preview:large, max-video-preview:-1\" \/>\n<link rel=\"canonical\" href=\"https:\/\/legalexits.com\/fr\/terms-and-conditions\/\" \/>\n<meta property=\"og:locale\" content=\"fr_FR\" \/>\n<meta property=\"og:type\" content=\"article\" \/>\n<meta property=\"og:title\" content=\"Terms and Conditions - Timeshare Legal Exits\" \/>\n<meta property=\"og:description\" content=\"Timeshare Legal Exits Affiliate Program Terms of Service Agreement By signing up to be an Affiliate in the Timeshare Legal Exits Affiliate Program (&#8220;Program&#8221;) you are agreeing to be bound by the following terms and conditions (&#8220;Terms of Service&#8221;). Timeshare Legal Exits reserves the right to update and change the Terms of Service from time...\" \/>\n<meta property=\"og:url\" content=\"https:\/\/legalexits.com\/fr\/terms-and-conditions\/\" \/>\n<meta property=\"og:site_name\" content=\"Timeshare Legal Exits\" \/>\n<meta name=\"twitter:card\" content=\"summary_large_image\" \/>\n<meta name=\"twitter:label1\" content=\"Dur\u00e9e de lecture estim\u00e9e\" \/>\n\t<meta name=\"twitter:data1\" content=\"11 minutes\" \/>\n<script type=\"application\/ld+json\" class=\"yoast-schema-graph\">{\"@context\":\"https:\/\/schema.org\",\"@graph\":[{\"@type\":\"WebPage\",\"@id\":\"https:\/\/legalexits.com\/sv\/terms-and-conditions\/\",\"url\":\"https:\/\/legalexits.com\/sv\/terms-and-conditions\/\",\"name\":\"Terms and Conditions - Timeshare Legal Exits\",\"isPartOf\":{\"@id\":\"https:\/\/legalexits.com\/#website\"},\"datePublished\":\"2021-10-11T13:14:15+00:00\",\"breadcrumb\":{\"@id\":\"https:\/\/legalexits.com\/sv\/terms-and-conditions\/#breadcrumb\"},\"inLanguage\":\"fr-FR\",\"potentialAction\":[{\"@type\":\"ReadAction\",\"target\":[\"https:\/\/legalexits.com\/sv\/terms-and-conditions\/\"]}]},{\"@type\":\"BreadcrumbList\",\"@id\":\"https:\/\/legalexits.com\/sv\/terms-and-conditions\/#breadcrumb\",\"itemListElement\":[{\"@type\":\"ListItem\",\"position\":1,\"name\":\"Home\",\"item\":\"https:\/\/legalexits.com\/\"},{\"@type\":\"ListItem\",\"position\":2,\"name\":\"Terms and Conditions\"}]},{\"@type\":\"WebSite\",\"@id\":\"https:\/\/legalexits.com\/#website\",\"url\":\"https:\/\/legalexits.com\/\",\"name\":\"Timeshare Legal Exits\",\"description\":\"Relinquishing timeshare contracts legally\",\"potentialAction\":[{\"@type\":\"SearchAction\",\"target\":{\"@type\":\"EntryPoint\",\"urlTemplate\":\"https:\/\/legalexits.com\/?s={search_term_string}\"},\"query-input\":{\"@type\":\"PropertyValueSpecification\",\"valueRequired\":true,\"valueName\":\"search_term_string\"}}],\"inLanguage\":\"fr-FR\"}]}<\/script>\n<!-- \/ Yoast SEO plugin. -->","yoast_head_json":{"title":"Termes et conditions - Sorties l\u00e9gales en multipropri\u00e9t\u00e9","robots":{"index":"index","follow":"follow","max-snippet":"max-snippet:-1","max-image-preview":"max-image-preview:large","max-video-preview":"max-video-preview:-1"},"canonical":"https:\/\/legalexits.com\/fr\/terms-and-conditions\/","og_locale":"fr_FR","og_type":"article","og_title":"Terms and Conditions - Timeshare Legal Exits","og_description":"Timeshare Legal Exits Affiliate Program Terms of Service Agreement By signing up to be an Affiliate in the Timeshare Legal Exits Affiliate Program (&#8220;Program&#8221;) you are agreeing to be bound by the following terms and conditions (&#8220;Terms of Service&#8221;). Timeshare Legal Exits reserves the right to update and change the Terms of Service from time...","og_url":"https:\/\/legalexits.com\/fr\/terms-and-conditions\/","og_site_name":"Timeshare Legal Exits","twitter_card":"summary_large_image","twitter_misc":{"Dur\u00e9e de lecture estim\u00e9e":"11 minutes"},"schema":{"@context":"https:\/\/schema.org","@graph":[{"@type":"WebPage","@id":"https:\/\/legalexits.com\/sv\/terms-and-conditions\/","url":"https:\/\/legalexits.com\/sv\/terms-and-conditions\/","name":"Termes et conditions - Sorties l\u00e9gales en multipropri\u00e9t\u00e9","isPartOf":{"@id":"https:\/\/legalexits.com\/#website"},"datePublished":"2021-10-11T13:14:15+00:00","breadcrumb":{"@id":"https:\/\/legalexits.com\/sv\/terms-and-conditions\/#breadcrumb"},"inLanguage":"fr-FR","potentialAction":[{"@type":"ReadAction","target":["https:\/\/legalexits.com\/sv\/terms-and-conditions\/"]}]},{"@type":"BreadcrumbList","@id":"https:\/\/legalexits.com\/sv\/terms-and-conditions\/#breadcrumb","itemListElement":[{"@type":"ListItem","position":1,"name":"Home","item":"https:\/\/legalexits.com\/"},{"@type":"ListItem","position":2,"name":"Terms and Conditions"}]},{"@type":"WebSite","@id":"https:\/\/legalexits.com\/#website","url":"https:\/\/legalexits.com\/","name":"Sorties l\u00e9gales en multipropri\u00e9t\u00e9","description":"Renoncer l\u00e9galement aux contrats de multipropri\u00e9t\u00e9","potentialAction":[{"@type":"SearchAction","target":{"@type":"EntryPoint","urlTemplate":"https:\/\/legalexits.com\/?s={search_term_string}"},"query-input":{"@type":"PropertyValueSpecification","valueRequired":true,"valueName":"search_term_string"}}],"inLanguage":"fr-FR"}]}},"_links":{"self":[{"href":"https:\/\/legalexits.com\/fr\/wp-json\/wp\/v2\/pages\/1222","targetHints":{"allow":["GET"]}}],"collection":[{"href":"https:\/\/legalexits.com\/fr\/wp-json\/wp\/v2\/pages"}],"about":[{"href":"https:\/\/legalexits.com\/fr\/wp-json\/wp\/v2\/types\/page"}],"author":[{"embeddable":true,"href":"https:\/\/legalexits.com\/fr\/wp-json\/wp\/v2\/users\/12"}],"replies":[{"embeddable":true,"href":"https:\/\/legalexits.com\/fr\/wp-json\/wp\/v2\/comments?post=1222"}],"version-history":[{"count":0,"href":"https:\/\/legalexits.com\/fr\/wp-json\/wp\/v2\/pages\/1222\/revisions"}],"wp:attachment":[{"href":"https:\/\/legalexits.com\/fr\/wp-json\/wp\/v2\/media?parent=1222"}],"curies":[{"name":"wp","href":"https:\/\/api.w.org\/{rel}","templated":true}]}}