{"id":3,"date":"2021-02-26T11:29:29","date_gmt":"2021-02-26T11:29:29","guid":{"rendered":"https:\/\/legalexits.com\/?page_id=3"},"modified":"2022-02-07T16:14:59","modified_gmt":"2022-02-07T16:14:59","slug":"privacy-policy","status":"publish","type":"page","link":"https:\/\/legalexits.com\/fr\/privacy-policy\/","title":{"rendered":"Politique de confidentialit\u00e9"},"content":{"rendered":"<section class=\"l-section wpb_row height_custom\"><div class=\"l-section-h i-cf\"><div class=\"g-cols vc_row via_flex valign_top type_default stacking_default\"><div class=\"vc_col-sm-12 wpb_column vc_column_container\"><div class=\"vc_column-inner\"><div class=\"wpb_wrapper\"><div class=\"wpb_text_column\"><div class=\"wpb_wrapper\"><p><strong>POL\u00cdTICA DE PRIVACIDAD<\/strong><\/p>\n<p>L&#039;entit\u00e9 Legal Exits Worldwide SL, est sp\u00e9cialement sensibilis\u00e9e \u00e0 la protection des donn\u00e9es de caract\u00e8re personnel de los\/las Usuarios\/as de los servicios del site Web.<\/p>\n<p>M\u00e9diante la pr\u00e9sente Pol\u00edtica de Privacidad (o Pol\u00edtica de Protecci\u00f3n de Datos) Legal Exits Worldwide SL informa a los\/las USUARIOS\/AS del sitio web www.legalexits.com de los usos a los que se someten los datos de car\u00e1cter personal que se recaban en site Web, con el fin de que decidan, libre y volontairement, si desean facilitar la informaci\u00f3n solicitada.<\/p>\n<p>Legal Exits Worldwide SL, se r\u00e9serve la facult\u00e9 de modifier cette politique avec l&#039;objet de l&#039;adaptation aux nouveaut\u00e9s l\u00e9gislatives, aux crit\u00e8res jurisprudentiels, aux pratiques du secteur ou aux int\u00e9r\u00eats de l&#039;entit\u00e9. Pour ello, este Aviso Legal est\u00e1 sujeto a cambios y actualizaciones por lo que la version publicada puede ser diferente en cada momento en que el\/la Usuario\/a acceda. Por tanto, el\/la Usuario\/a debe leerlo en todas y cada una de las ocasiones en que acceda.<\/p>\n<p><strong>RESPONSABLE<\/strong><\/p>\n<p>Le responsable du traitement des donn\u00e9es de caract\u00e8re personnel et de Legal Exits Worldwide SL, avec la direction de ses effets sur l&#039;Avda. Bruselas CC Fa\u00f1abe Plaza 332 \u2013 38660 \u2013 Adeje<\/p>\n<ul>\n<li>Courriel : dpd@legalexits.com<\/li>\n<\/ul>\n<p><strong>FINALIT\u00c9 DU TRAITEMENT<\/strong><\/p>\n<p>Legal Exits Worldwide SL tratar\u00e1 los datos aportados por los\/las usuarios\/as con el fin de gestionar la solicitud que se realice por los mismos.<\/p>\n<p><strong>PRINCIPES D&#039;APPLICATION AU TRAITEMENT DE LOS DATOS<\/strong><\/p>\n<p>En el tratamiento de los datos personales ser\u00e1n de aplicaci\u00f3n los siguientes principios\u00a0:<\/p>\n<ul>\n<li>Los datos personales deben ser tratados de forma l\u00edcita, leal y transparente.<\/li>\n<li>Los datos personales deben ser recogidos con fines determinados expl\u00edcitos y leg\u00edtimos.<\/li>\n<li>Los datos personales deben ser adecuados, applicables y limitados a lo necesario en relaci\u00f3n con el tratamiento.<\/li>\n<li>Los datos personales deben ser exactos y estar siempre actualizados.<\/li>\n<li>Los datos personales deben mantenerse de forma que se permita la identificaci\u00f3n de los interesados durante no m\u00e1s tiempo del necesario para los fines del tratamiento.<\/li>\n<li>Los datos personales deben ser tratados de tal manera que se garantissent su seguridad.<\/li>\n<\/ul>\n<p><strong>LEGITIMACI\u00d3N PARA EL TRATAMIENTO DE LOS DATOS<\/strong><\/p>\n<p>Legal Exits Worldwide SL est legitimado al tratamiento de datos personales, en base al consentimiento otorgado por el interesado\/a mediante la firma ou l&#039;acceptation de los formularios applicables y\/o documentos, para uno o varios fines espec\u00edficos.<\/p>\n<p><strong>COMMUNICATIONS DE DATOS \u2013 DESTINATAIRES<\/strong><\/p>\n<p>No habr\u00e1 cesi\u00f3n de datos personales a terceros, salvo obligaci\u00f3n legal o previa autorizaci\u00f3n del interesado\/a consintiendo de forma clara, inequ\u00edvoca y expresa. Aucun habr\u00e1 transferencias internaciones de datos.<\/p>\n<p>En tout cas, se communiquant ou ceder\u00e1n datos bajo petici\u00f3n, a\u00a0:<\/p>\n<ul>\n<li>\u00d3rganos juridiccionales.<\/li>\n<li>Administracion General del Estado, de las Comunidades Aut\u00f3nomas, Local e Instituciones de car\u00e1cter p\u00fablico competentes, para el ejercicio de competences similares o cuando as\u00ed lo establezca una ley.<\/li>\n<li>Entidades p\u00fablicas que le vengan impuestas en norma de ley.<\/li>\n<li>Cualquier otra que resulte de la normativa vigente.<\/li>\n<\/ul>\n<p><strong>PLACE DE CONSERVATION<\/strong><\/p>\n<p>Dependiendo la tipolog\u00eda de datos objeto de tratamiento, con car\u00e1cter enunciativo y no limitativo, los datos personales proporcionados se conservar\u00e1n durante el plazo correspondiente para cumplir con las obligaciones legales, mientras no se oponga al tratamiento or revoque el consentmiento\u00a0:<\/p>\n<ul>\n<li>Una vez extinguida la relaci\u00f3n contractuelle y\/o profesional, los mantendremos bloqueados durante los plazos de prescripci\u00f3n legal.<\/li>\n<\/ul>\n<p><strong>EXACTITUDE DE LOS DATOS<\/strong><\/p>\n<p>Por otro lado, con el fin de que los datos obrantes en nuestros registros y ficheros, inform\u00e1ticos y\/o en papel, siempre correspondan, se tratar\u00e1 de mantener actualizados. De manera que, a estos efectos, el\/la interesado\/a deber\u00e1 comunicar cualquier cambio y\/o modificaci\u00f3n a Legal Exits Worldwide SL<\/p>\n<p><strong>DESTINATAIRES<\/strong><\/p>\n<p>Los datos personales no ser\u00e1n cedidos o comunicados a terceros, salvo en los supuestos necesarios para el desarrollo, control y cumplimiento de la\/s finalidad\/es expresada\/s, en los supuestos previstos, seg\u00fan Ley.<\/p>\n<p><strong>DERECHOS DE LOS USUARIOS<\/strong><\/p>\n<p>No obstante, el\/la interesado\/a de los datos personales en todo caso podr\u00e1 ejercitar los derechos que le asisten, de acuerdo con el Reglamento General de Protecci\u00f3n de Datos, y que son\u00a0:<\/p>\n<ul>\n<li>Derecho de Informaci\u00f3n\u00a0: tiene derecho a ser informado de forma clara ANTES de que sus datos sean recogidos y\/o recabados, sobre aquellos que ser\u00e1n tratados, con qu\u00e9 finalidad se tratan, donde se han obtenido y\/o recabados y las posibles comunicaciones.<\/li>\n<li>Derecho de Acceso\u00a0: para conocer qu\u00e9 datos est\u00e1n siendo tratados, con qu\u00e9 finalidad se tratan, donde se han obtenido y\/o recabados y las posibles comunicaciones.<\/li>\n<li>Derecho de Rectificaci\u00f3n\u00a0: para modificar aquellos datos inexactos o incompletos.<\/li>\n<li>Derecho de Cancelaci\u00f3n\u00a0: para cancelar datos inadecuados o excesivos.<\/li>\n<li>Derecho de Opposici\u00f3n\u00a0: para evitar que se traten datos o que dejen de tratarse, aunque s\u00f3lo en los supuestos que establece la ley.<\/li>\n<li>Derecho de Limitaci\u00f3n de Tratamiento: para solicitar que se suspenda el tratamiento de datos en los supuestos que establece la ley.<\/li>\n<li>Derecho a la Portabilidad de los Datos: para poder recibir datos facilitados in un format electr\u00f3nico estructurado y de uso habituel y poder transmitirlos a otro responsable.<\/li>\n<li>Derecho a no ser Objeto de Decisiones Individualizadas\u00a0: con el fin de que no se tome una decisi\u00f3n sobre sus datos, que produzca efectos jur\u00eddicos o afecte al interesado\/a, basada solo en el tratamiento.<\/li>\n<\/ul>\n<p>El\/La interesado\/a podr\u00e1 ejercitar tales derechos mediante solicitud acompa\u00f1ada de una fotocopia de su DNI, a la direcci\u00f3n: Avda. Bruselas CC Fa\u00f1abe Plaza 332 \u2013 38660 \u2013 Adeje ou la direction de correo electr\u00f3nico : dpd@legalexits.com<\/p>\n<p>Dans caso de considerar vulnerado su derecho a la protecci\u00f3n de datos personales, podr\u00e1 interponer una reclamaci\u00f3n (Tutela de derechos) ante la Agencia Espa\u00f1ola de Protecci\u00f3n de Datos (www.agpd.es).<\/p>\n<p><strong>M\u00c9DIAS DE S\u00c9CURIT\u00c9<\/strong><\/p>\n<p>Enfin, se informa que Legal Exits Worldwide SL, adoptar\u00e1 en su sistema de informaci\u00f3n las medidas t\u00e9cnicas y organizativas adecuadas, dando cumplimiento al principio de responsabilidad proactiva, a fin de garantir la seguridad y confidencialidad de los datos almacenados, evitando as\u00ed, su alteraci\u00f3n, p\u00e9rdida , tratamiento o acceso no autorizado\u00a0; teniendo en cuenta el estado de la t\u00e9cnica, los costes de aplicaci\u00f3n, y la naturaleza, el alcance, el contexto y los fines del tratamiento, as\u00ed como riesgos de probabilidad y gravedad variables asociadas a cada uno de los tratamientos.<\/p>\n<p><strong>MAS INFORMACI\u00d3N EN EL TRATAMIENTO DE DATOS<\/strong><\/p>\n<p>Si tiene alguna pregunta sobre esta Pol\u00edtica de Privacidad, rogamos que se ponga en contacto enviando un email a dpd@legalexits.com<\/p>\n<p>Pour consulter l&#039;information suppl\u00e9mentaire et d\u00e9taill\u00e9e sur la protection des donn\u00e9es sur la page Web nuestra\u00a0: http:\/\/legalexits.avisolegal.info\/<\/p>\n<p>Puede consultar la NORMATIVA VIGENTE DE PROTECCI\u00d3N DE DATOS PERSONALES en: http:\/\/normativa.avisolegal.info.<\/p>\n<\/div><\/div><\/div><\/div><\/div><\/div><\/div><\/section>","protected":false},"excerpt":{"rendered":"POL\u00cdTICA DE PRIVACIDAD L&#039;entit\u00e9 Legal Exits Worldwide SL, est sp\u00e9cialement sensibilis\u00e9e \u00e0 la protection des donn\u00e9es de caract\u00e8re personnel de los\/las Usuarios\/as de los servicios del sitio Web. M\u00e9diante la pr\u00e9sente Pol\u00edtica de Privacidad (o Pol\u00edtica de Protecci\u00f3n de Datos) Legal Exits Worldwide SL informa a los\/las USUARIOS\/AS del sitio web www.legalexits.com de los...","protected":false},"author":12,"featured_media":0,"parent":0,"menu_order":0,"comment_status":"closed","ping_status":"open","template":"","meta":{"ngg_post_thumbnail":0,"footnotes":""},"class_list":["post-3","page","type-page","status-publish","hentry"],"yoast_head":"<!-- This site is optimized with the Yoast SEO plugin v26.8 - https:\/\/yoast.com\/product\/yoast-seo-wordpress\/ -->\n<title>Privacy Policy - Timeshare Legal Exits<\/title>\n<meta name=\"robots\" content=\"index, follow, max-snippet:-1, max-image-preview:large, max-video-preview:-1\" \/>\n<link rel=\"canonical\" href=\"https:\/\/legalexits.com\/fr\/privacy-policy\/\" \/>\n<meta property=\"og:locale\" content=\"fr_FR\" \/>\n<meta property=\"og:type\" content=\"article\" \/>\n<meta property=\"og:title\" content=\"Privacy Policy - Timeshare Legal Exits\" \/>\n<meta property=\"og:url\" content=\"https:\/\/legalexits.com\/fr\/privacy-policy\/\" \/>\n<meta property=\"og:site_name\" content=\"Timeshare Legal Exits\" \/>\n<meta property=\"article:modified_time\" content=\"2022-02-07T16:14:59+00:00\" \/>\n<meta name=\"twitter:card\" content=\"summary_large_image\" \/>\n<meta name=\"twitter:label1\" content=\"Dur\u00e9e de lecture estim\u00e9e\" \/>\n\t<meta name=\"twitter:data1\" content=\"4 minutes\" \/>\n<script type=\"application\/ld+json\" class=\"yoast-schema-graph\">{\"@context\":\"https:\/\/schema.org\",\"@graph\":[{\"@type\":\"WebPage\",\"@id\":\"https:\/\/legalexits.com\/privacy-policy\/\",\"url\":\"https:\/\/legalexits.com\/privacy-policy\/\",\"name\":\"Privacy Policy - Timeshare Legal Exits\",\"isPartOf\":{\"@id\":\"https:\/\/legalexits.com\/#website\"},\"datePublished\":\"2021-02-26T11:29:29+00:00\",\"dateModified\":\"2022-02-07T16:14:59+00:00\",\"breadcrumb\":{\"@id\":\"https:\/\/legalexits.com\/privacy-policy\/#breadcrumb\"},\"inLanguage\":\"fr-FR\",\"potentialAction\":[{\"@type\":\"ReadAction\",\"target\":[\"https:\/\/legalexits.com\/privacy-policy\/\"]}]},{\"@type\":\"BreadcrumbList\",\"@id\":\"https:\/\/legalexits.com\/privacy-policy\/#breadcrumb\",\"itemListElement\":[{\"@type\":\"ListItem\",\"position\":1,\"name\":\"Home\",\"item\":\"https:\/\/legalexits.com\/\"},{\"@type\":\"ListItem\",\"position\":2,\"name\":\"Privacy Policy\"}]},{\"@type\":\"WebSite\",\"@id\":\"https:\/\/legalexits.com\/#website\",\"url\":\"https:\/\/legalexits.com\/\",\"name\":\"Timeshare Legal Exits\",\"description\":\"Relinquishing timeshare contracts legally\",\"potentialAction\":[{\"@type\":\"SearchAction\",\"target\":{\"@type\":\"EntryPoint\",\"urlTemplate\":\"https:\/\/legalexits.com\/?s={search_term_string}\"},\"query-input\":{\"@type\":\"PropertyValueSpecification\",\"valueRequired\":true,\"valueName\":\"search_term_string\"}}],\"inLanguage\":\"fr-FR\"}]}<\/script>\n<!-- \/ Yoast SEO plugin. -->","yoast_head_json":{"title":"Politique de confidentialit\u00e9 - Timeshare Legal Exits","robots":{"index":"index","follow":"follow","max-snippet":"max-snippet:-1","max-image-preview":"max-image-preview:large","max-video-preview":"max-video-preview:-1"},"canonical":"https:\/\/legalexits.com\/fr\/privacy-policy\/","og_locale":"fr_FR","og_type":"article","og_title":"Privacy Policy - Timeshare Legal Exits","og_url":"https:\/\/legalexits.com\/fr\/privacy-policy\/","og_site_name":"Timeshare Legal Exits","article_modified_time":"2022-02-07T16:14:59+00:00","twitter_card":"summary_large_image","twitter_misc":{"Dur\u00e9e de lecture estim\u00e9e":"4 minutes"},"schema":{"@context":"https:\/\/schema.org","@graph":[{"@type":"WebPage","@id":"https:\/\/legalexits.com\/privacy-policy\/","url":"https:\/\/legalexits.com\/privacy-policy\/","name":"Politique de confidentialit\u00e9 - Timeshare Legal Exits","isPartOf":{"@id":"https:\/\/legalexits.com\/#website"},"datePublished":"2021-02-26T11:29:29+00:00","dateModified":"2022-02-07T16:14:59+00:00","breadcrumb":{"@id":"https:\/\/legalexits.com\/privacy-policy\/#breadcrumb"},"inLanguage":"fr-FR","potentialAction":[{"@type":"ReadAction","target":["https:\/\/legalexits.com\/privacy-policy\/"]}]},{"@type":"BreadcrumbList","@id":"https:\/\/legalexits.com\/privacy-policy\/#breadcrumb","itemListElement":[{"@type":"ListItem","position":1,"name":"Home","item":"https:\/\/legalexits.com\/"},{"@type":"ListItem","position":2,"name":"Privacy Policy"}]},{"@type":"WebSite","@id":"https:\/\/legalexits.com\/#website","url":"https:\/\/legalexits.com\/","name":"Sorties l\u00e9gales en multipropri\u00e9t\u00e9","description":"Renoncer l\u00e9galement aux contrats de multipropri\u00e9t\u00e9","potentialAction":[{"@type":"SearchAction","target":{"@type":"EntryPoint","urlTemplate":"https:\/\/legalexits.com\/?s={search_term_string}"},"query-input":{"@type":"PropertyValueSpecification","valueRequired":true,"valueName":"search_term_string"}}],"inLanguage":"fr-FR"}]}},"_links":{"self":[{"href":"https:\/\/legalexits.com\/fr\/wp-json\/wp\/v2\/pages\/3","targetHints":{"allow":["GET"]}}],"collection":[{"href":"https:\/\/legalexits.com\/fr\/wp-json\/wp\/v2\/pages"}],"about":[{"href":"https:\/\/legalexits.com\/fr\/wp-json\/wp\/v2\/types\/page"}],"author":[{"embeddable":true,"href":"https:\/\/legalexits.com\/fr\/wp-json\/wp\/v2\/users\/12"}],"replies":[{"embeddable":true,"href":"https:\/\/legalexits.com\/fr\/wp-json\/wp\/v2\/comments?post=3"}],"version-history":[{"count":6,"href":"https:\/\/legalexits.com\/fr\/wp-json\/wp\/v2\/pages\/3\/revisions"}],"predecessor-version":[{"id":1577,"href":"https:\/\/legalexits.com\/fr\/wp-json\/wp\/v2\/pages\/3\/revisions\/1577"}],"wp:attachment":[{"href":"https:\/\/legalexits.com\/fr\/wp-json\/wp\/v2\/media?parent=3"}],"curies":[{"name":"wp","href":"https:\/\/api.w.org\/{rel}","templated":true}]}}