{"id":344,"date":"2021-03-02T15:25:30","date_gmt":"2021-03-02T15:25:30","guid":{"rendered":"https:\/\/legalexits.com\/?page_id=344"},"modified":"2021-12-06T13:06:21","modified_gmt":"2021-12-06T13:06:21","slug":"las-americas-office","status":"publish","type":"page","link":"https:\/\/legalexits.com\/fr\/las-americas-office\/","title":{"rendered":"Bureau Las Americas"},"content":{"rendered":"<section class=\"l-section wpb_row height_custom\"><div class=\"l-section-h i-cf\"><div class=\"g-cols vc_row via_flex valign_top type_default stacking_default\"><div class=\"vc_col-sm-12 wpb_column vc_column_container\"><div class=\"vc_column-inner\"><div class=\"wpb_wrapper\"><div class=\"wpb_text_column us_custom_4050af49 has_text_color\"><div class=\"wpb_wrapper\"><h2>Bureau de Playa de Las Americas<\/h2>\n<\/div><\/div><div class=\"w-separator size_medium\"><\/div><div class=\"g-cols wpb_row via_flex valign_top type_default stacking_default\"><div class=\"vc_col-sm-6 wpb_column vc_column_container\"><div class=\"vc_column-inner\"><div class=\"wpb_wrapper\"><div class=\"w-separator size_small\"><\/div><div class=\"w-image align_none\"><div class=\"w-image-h\"><img decoding=\"async\" width=\"1024\" height=\"683\" src=\"https:\/\/legalexits.com\/wp-content\/uploads\/2021\/03\/AdobeStock_315418289-purchased-1024x683.jpeg\" class=\"attachment-large size-large\" alt=\"\" loading=\"lazy\" srcset=\"https:\/\/legalexits.com\/wp-content\/uploads\/2021\/03\/AdobeStock_315418289-purchased-1024x683.jpeg 1024w, https:\/\/legalexits.com\/wp-content\/uploads\/2021\/03\/AdobeStock_315418289-purchased-300x200.jpeg 300w, https:\/\/legalexits.com\/wp-content\/uploads\/2021\/03\/AdobeStock_315418289-purchased-1536x1025.jpeg 1536w, https:\/\/legalexits.com\/wp-content\/uploads\/2021\/03\/AdobeStock_315418289-purchased-400x267.jpeg 400w, https:\/\/legalexits.com\/wp-content\/uploads\/2021\/03\/AdobeStock_315418289-purchased-16x12.jpeg 16w\" sizes=\"auto, (max-width: 1024px) 100vw, 1024px\" \/><\/div><\/div><\/div><\/div><\/div><div class=\"vc_col-sm-6 wpb_column vc_column_container\"><div class=\"vc_column-inner\"><div class=\"wpb_wrapper\"><div class=\"w-iconbox us_custom_4050af49 has_text_color iconpos_top style_default color_custom align_center\"><div class=\"w-iconbox-icon\" style=\"font-size:2rem;--icon-color:#00004d;\"><i class=\"fas fa-map-marker-alt\"><\/i><\/div><div class=\"w-iconbox-meta\"><h4 class=\"w-iconbox-title\">Bureau 1<\/h4><div class=\"w-iconbox-text\"><p style=\"text-align: center;\">CC Palm Beach \u2013 Local N\u00ba19 \u2013 Av. Rafael Puig LLuvina. 38660 \u2013 Playa de las Am\u00e9ricas, T\u00e9n\u00e9rife<\/p>\n<\/div><\/div><\/div><div class=\"w-iconbox us_custom_4050af49 has_text_color iconpos_top style_default color_custom align_center\"><div class=\"w-iconbox-icon\" style=\"font-size:2rem;--icon-color:#00004d;\"><i class=\"fas fa-map-marker-alt\"><\/i><\/div><div class=\"w-iconbox-meta\"><h4 class=\"w-iconbox-title\">Bureau 2<\/h4><div class=\"w-iconbox-text\"><p style=\"text-align: center;\">CC Palm Beach \u2013 Local N\u00ba14-16 \u2013 Av. Rafael Puig LLuvina. 38660 \u2013 Playa de las Am\u00e9ricas, T\u00e9n\u00e9rife<\/p>\n<\/div><\/div><\/div><div class=\"w-iconbox us_custom_4050af49 has_text_color iconpos_top style_default color_custom align_center\"><div class=\"w-iconbox-icon\" style=\"font-size:2rem;--icon-color:#00004d;\"><i class=\"fas fa-map-marker-alt\"><\/i><\/div><div class=\"w-iconbox-meta\"><h4 class=\"w-iconbox-title\">T\u00e9l\u00e9phone<\/h4><div class=\"w-iconbox-text\"><p style=\"text-align: center;\"><strong><a href=\"tel:+34922945126\">+34 922 945 126<\/a>&nbsp;\u2013&nbsp;<a href=\"tel:+442030265738\">+44 2030 265 738<\/a><\/strong><\/p>\n<\/div><\/div><\/div><\/div><\/div><\/div><\/div><div class=\"w-separator size_medium\"><\/div><div class=\"wpb_text_column us_custom_4050af49 has_text_color\"><div class=\"wpb_wrapper\"><h2>Galerie de photos<\/h2>\n<\/div><\/div><div class=\"wpb_text_column\"><div class=\"wpb_wrapper\">ngg_shortcode_0_placeholder\n<\/div><\/div><\/div><\/div><\/div><\/div><\/div><\/section><section class=\"l-section wpb_row us_custom_8cd4af33 height_custom\"><div class=\"l-section-h i-cf\"><div class=\"g-cols vc_row via_flex valign_top type_default stacking_default\"><div class=\"vc_col-sm-12 wpb_column vc_column_container\"><div class=\"vc_column-inner\"><div class=\"wpb_wrapper\"><\/div><\/div><\/div><\/div><\/div><\/section>","protected":false},"excerpt":{"rendered":"Bureau de Playa de Las Americas Bureau 1CC Palm Beach \u2013 Local N\u00ba19 \u2013 Av. Rafael Puig LLuvina. 38660 \u2013 Playa de las Am\u00e9ricas, Bureau de Tenerife 2CC Palm Beach \u2013 Local N\u00ba14-16 \u2013 Av. Rafael Puig LLuvina. 38660 \u2013 Playa de las Am\u00e9ricas, Tenerife T\u00e9l\u00e9phone+34 922 945 126 \u2013 +44 2030 265 738 Galerie","protected":false},"author":12,"featured_media":0,"parent":0,"menu_order":0,"comment_status":"closed","ping_status":"closed","template":"","meta":{"ngg_post_thumbnail":0,"footnotes":""},"class_list":["post-344","page","type-page","status-publish","hentry"],"yoast_head":"<!-- This site is optimized with the Yoast SEO plugin v26.8 - https:\/\/yoast.com\/product\/yoast-seo-wordpress\/ -->\n<title>Las Americas Office - Timeshare Legal Exits<\/title>\n<meta name=\"robots\" content=\"index, follow, max-snippet:-1, max-image-preview:large, max-video-preview:-1\" \/>\n<link rel=\"canonical\" href=\"https:\/\/legalexits.com\/fr\/las-americas-office\/\" \/>\n<meta property=\"og:locale\" content=\"fr_FR\" \/>\n<meta property=\"og:type\" content=\"article\" \/>\n<meta property=\"og:title\" content=\"Las Americas Office - Timeshare Legal Exits\" \/>\n<meta property=\"og:url\" content=\"https:\/\/legalexits.com\/fr\/las-americas-office\/\" \/>\n<meta property=\"og:site_name\" content=\"Timeshare Legal Exits\" \/>\n<meta property=\"article:modified_time\" content=\"2021-12-06T13:06:21+00:00\" \/>\n<meta name=\"twitter:card\" content=\"summary_large_image\" \/>\n<meta name=\"twitter:label1\" content=\"Dur\u00e9e de lecture estim\u00e9e\" \/>\n\t<meta name=\"twitter:data1\" content=\"1 minute\" \/>\n<script type=\"application\/ld+json\" class=\"yoast-schema-graph\">{\"@context\":\"https:\/\/schema.org\",\"@graph\":[{\"@type\":\"WebPage\",\"@id\":\"https:\/\/legalexits.com\/de\/las-americas-office\/\",\"url\":\"https:\/\/legalexits.com\/de\/las-americas-office\/\",\"name\":\"Las Americas Office - Timeshare Legal Exits\",\"isPartOf\":{\"@id\":\"https:\/\/legalexits.com\/#website\"},\"datePublished\":\"2021-03-02T15:25:30+00:00\",\"dateModified\":\"2021-12-06T13:06:21+00:00\",\"breadcrumb\":{\"@id\":\"https:\/\/legalexits.com\/de\/las-americas-office\/#breadcrumb\"},\"inLanguage\":\"fr-FR\",\"potentialAction\":[{\"@type\":\"ReadAction\",\"target\":[\"https:\/\/legalexits.com\/de\/las-americas-office\/\"]}]},{\"@type\":\"BreadcrumbList\",\"@id\":\"https:\/\/legalexits.com\/de\/las-americas-office\/#breadcrumb\",\"itemListElement\":[{\"@type\":\"ListItem\",\"position\":1,\"name\":\"Home\",\"item\":\"https:\/\/legalexits.com\/\"},{\"@type\":\"ListItem\",\"position\":2,\"name\":\"Las Americas Office\"}]},{\"@type\":\"WebSite\",\"@id\":\"https:\/\/legalexits.com\/#website\",\"url\":\"https:\/\/legalexits.com\/\",\"name\":\"Timeshare Legal Exits\",\"description\":\"Relinquishing timeshare contracts legally\",\"potentialAction\":[{\"@type\":\"SearchAction\",\"target\":{\"@type\":\"EntryPoint\",\"urlTemplate\":\"https:\/\/legalexits.com\/?s={search_term_string}\"},\"query-input\":{\"@type\":\"PropertyValueSpecification\",\"valueRequired\":true,\"valueName\":\"search_term_string\"}}],\"inLanguage\":\"fr-FR\"}]}<\/script>\n<!-- \/ Yoast SEO plugin. -->","yoast_head_json":{"title":"Bureau de Las Americas - Sorties l\u00e9gales en multipropri\u00e9t\u00e9","robots":{"index":"index","follow":"follow","max-snippet":"max-snippet:-1","max-image-preview":"max-image-preview:large","max-video-preview":"max-video-preview:-1"},"canonical":"https:\/\/legalexits.com\/fr\/las-americas-office\/","og_locale":"fr_FR","og_type":"article","og_title":"Las Americas Office - Timeshare Legal Exits","og_url":"https:\/\/legalexits.com\/fr\/las-americas-office\/","og_site_name":"Timeshare Legal Exits","article_modified_time":"2021-12-06T13:06:21+00:00","twitter_card":"summary_large_image","twitter_misc":{"Dur\u00e9e de lecture estim\u00e9e":"1 minute"},"schema":{"@context":"https:\/\/schema.org","@graph":[{"@type":"WebPage","@id":"https:\/\/legalexits.com\/de\/las-americas-office\/","url":"https:\/\/legalexits.com\/de\/las-americas-office\/","name":"Bureau de Las Americas - Sorties l\u00e9gales en multipropri\u00e9t\u00e9","isPartOf":{"@id":"https:\/\/legalexits.com\/#website"},"datePublished":"2021-03-02T15:25:30+00:00","dateModified":"2021-12-06T13:06:21+00:00","breadcrumb":{"@id":"https:\/\/legalexits.com\/de\/las-americas-office\/#breadcrumb"},"inLanguage":"fr-FR","potentialAction":[{"@type":"ReadAction","target":["https:\/\/legalexits.com\/de\/las-americas-office\/"]}]},{"@type":"BreadcrumbList","@id":"https:\/\/legalexits.com\/de\/las-americas-office\/#breadcrumb","itemListElement":[{"@type":"ListItem","position":1,"name":"Home","item":"https:\/\/legalexits.com\/"},{"@type":"ListItem","position":2,"name":"Las Americas Office"}]},{"@type":"WebSite","@id":"https:\/\/legalexits.com\/#website","url":"https:\/\/legalexits.com\/","name":"Sorties l\u00e9gales en multipropri\u00e9t\u00e9","description":"Renoncer l\u00e9galement aux contrats de multipropri\u00e9t\u00e9","potentialAction":[{"@type":"SearchAction","target":{"@type":"EntryPoint","urlTemplate":"https:\/\/legalexits.com\/?s={search_term_string}"},"query-input":{"@type":"PropertyValueSpecification","valueRequired":true,"valueName":"search_term_string"}}],"inLanguage":"fr-FR"}]}},"_links":{"self":[{"href":"https:\/\/legalexits.com\/fr\/wp-json\/wp\/v2\/pages\/344","targetHints":{"allow":["GET"]}}],"collection":[{"href":"https:\/\/legalexits.com\/fr\/wp-json\/wp\/v2\/pages"}],"about":[{"href":"https:\/\/legalexits.com\/fr\/wp-json\/wp\/v2\/types\/page"}],"author":[{"embeddable":true,"href":"https:\/\/legalexits.com\/fr\/wp-json\/wp\/v2\/users\/12"}],"replies":[{"embeddable":true,"href":"https:\/\/legalexits.com\/fr\/wp-json\/wp\/v2\/comments?post=344"}],"version-history":[{"count":5,"href":"https:\/\/legalexits.com\/fr\/wp-json\/wp\/v2\/pages\/344\/revisions"}],"predecessor-version":[{"id":1404,"href":"https:\/\/legalexits.com\/fr\/wp-json\/wp\/v2\/pages\/344\/revisions\/1404"}],"wp:attachment":[{"href":"https:\/\/legalexits.com\/fr\/wp-json\/wp\/v2\/media?parent=344"}],"curies":[{"name":"wp","href":"https:\/\/api.w.org\/{rel}","templated":true}]}}