{"id":654,"date":"2021-04-07T11:33:17","date_gmt":"2021-04-07T11:33:17","guid":{"rendered":"https:\/\/legalexits.com\/?page_id=654"},"modified":"2021-09-30T14:14:48","modified_gmt":"2021-09-30T14:14:48","slug":"proteccion-de-datos","status":"publish","type":"page","link":"https:\/\/legalexits.com\/fr\/proteccion-de-datos\/","title":{"rendered":"Protection des donn\u00e9es"},"content":{"rendered":"<section class=\"l-section wpb_row height_custom\"><div class=\"l-section-h i-cf\"><div class=\"g-cols vc_row via_flex valign_top type_default stacking_default\"><div class=\"vc_col-sm-12 wpb_column vc_column_container\"><div class=\"vc_column-inner\"><div class=\"wpb_wrapper\"><div class=\"wpb_text_column\"><div class=\"wpb_wrapper\"><p><strong><em>Protection des donn\u00e9es<\/em><\/strong><\/p>\n<p><em>&nbsp;<\/em><\/p>\n<p><em>En cochant la case, vous acceptez la politique de protection des donn\u00e9es.<\/em><\/p>\n<p><em>Conform\u00e9ment \u00e0 la r\u00e9glementation en vigueur en mati\u00e8re de protection des donn\u00e9es \u00e0 caract\u00e8re personnel, nous vous informons que les donn\u00e9es fournies dans le formulaire ainsi que votre adresse e-mail font partie de la base de donn\u00e9es Viking Real Estate &amp; Consultants S.L.U.<\/em><\/p>\n<p><em>Le but est la gestion interne, professionnelle, commerciale et sa fid\u00e9lisation, ainsi que la r\u00e9ponse aux consultations pos\u00e9es. De m\u00eame, votre compte e-mail sera stock\u00e9 pour l\u2019envoi d\u2019informations sur notre activit\u00e9. <\/em><\/p>\n<p><em>Votre compte e-mail sera conserv\u00e9 ind\u00e9finiment tant que vous ne demanderez pas leur suppression.<\/em><\/p>\n<p><em>Si vous ne souhaitez pas recevoir plus d\u2019informations ult\u00e9rieures sur nos produits ou services, vous pouvez vous d\u00e9sabonner \u00e0 l\u2019adresse e-mail suivante dpd@viking-realestate.com , en indiquant dans l\u2019objet \u00ab faible \u00bb ou \u00ab ne pas envoyer de courrier \u00bb, ou en suivant les instructions de l\u2019e-mail re\u00e7u ou dans le format re\u00e7u.<\/em><\/p>\n<p><em>Vous pouvez consulter des informations suppl\u00e9mentaires et d\u00e9taill\u00e9es sur la protection des donn\u00e9es sur notre site web: <\/em><a href=\"http:\/\/vikingrealestates.avisolegal.info\/\"><em>http:\/\/vikingrealestates.avisolegal.info\/<\/em><\/a><em>. <\/em><\/p>\n<\/div><\/div><\/div><\/div><\/div><\/div><\/div><\/section>","protected":false},"excerpt":{"rendered":"Protection des donn\u00e9es En cochant la case, vous acceptez la politique de protection des donn\u00e9es. Conform\u00e9ment \u00e0 la r\u00e9glementation en vigueur sur la protection des donn\u00e9es personnelles, nous vous informons que les donn\u00e9es fournies dans le formulaire ainsi que votre adresse e-mail font partie de la base de donn\u00e9es de Viking Real Estate &amp; Consultants SLU L&#039;objectif...","protected":false},"author":12,"featured_media":0,"parent":0,"menu_order":0,"comment_status":"closed","ping_status":"closed","template":"","meta":{"ngg_post_thumbnail":0,"footnotes":""},"class_list":["post-654","page","type-page","status-publish","hentry"],"yoast_head":"<!-- This site is optimized with the Yoast SEO plugin v26.8 - https:\/\/yoast.com\/product\/yoast-seo-wordpress\/ -->\n<title>Data Protection - Timeshare Legal Exits<\/title>\n<meta name=\"robots\" content=\"index, follow, max-snippet:-1, max-image-preview:large, max-video-preview:-1\" \/>\n<link rel=\"canonical\" href=\"https:\/\/legalexits.com\/fr\/proteccion-de-datos\/\" \/>\n<meta property=\"og:locale\" content=\"fr_FR\" \/>\n<meta property=\"og:type\" content=\"article\" \/>\n<meta property=\"og:title\" content=\"Data Protection - Timeshare Legal Exits\" \/>\n<meta property=\"og:url\" content=\"https:\/\/legalexits.com\/fr\/proteccion-de-datos\/\" \/>\n<meta property=\"og:site_name\" content=\"Timeshare Legal Exits\" \/>\n<meta property=\"article:modified_time\" content=\"2021-09-30T14:14:48+00:00\" \/>\n<meta name=\"twitter:card\" content=\"summary_large_image\" \/>\n<meta name=\"twitter:label1\" content=\"Dur\u00e9e de lecture estim\u00e9e\" \/>\n\t<meta name=\"twitter:data1\" content=\"1 minute\" \/>\n<script type=\"application\/ld+json\" class=\"yoast-schema-graph\">{\"@context\":\"https:\/\/schema.org\",\"@graph\":[{\"@type\":\"WebPage\",\"@id\":\"https:\/\/legalexits.com\/es\/proteccion-de-datos\/\",\"url\":\"https:\/\/legalexits.com\/es\/proteccion-de-datos\/\",\"name\":\"Data Protection - Timeshare Legal Exits\",\"isPartOf\":{\"@id\":\"https:\/\/legalexits.com\/#website\"},\"datePublished\":\"2021-04-07T11:33:17+00:00\",\"dateModified\":\"2021-09-30T14:14:48+00:00\",\"breadcrumb\":{\"@id\":\"https:\/\/legalexits.com\/es\/proteccion-de-datos\/#breadcrumb\"},\"inLanguage\":\"fr-FR\",\"potentialAction\":[{\"@type\":\"ReadAction\",\"target\":[\"https:\/\/legalexits.com\/es\/proteccion-de-datos\/\"]}]},{\"@type\":\"BreadcrumbList\",\"@id\":\"https:\/\/legalexits.com\/es\/proteccion-de-datos\/#breadcrumb\",\"itemListElement\":[{\"@type\":\"ListItem\",\"position\":1,\"name\":\"Home\",\"item\":\"https:\/\/legalexits.com\/\"},{\"@type\":\"ListItem\",\"position\":2,\"name\":\"Data Protection\"}]},{\"@type\":\"WebSite\",\"@id\":\"https:\/\/legalexits.com\/#website\",\"url\":\"https:\/\/legalexits.com\/\",\"name\":\"Timeshare Legal Exits\",\"description\":\"Relinquishing timeshare contracts legally\",\"potentialAction\":[{\"@type\":\"SearchAction\",\"target\":{\"@type\":\"EntryPoint\",\"urlTemplate\":\"https:\/\/legalexits.com\/?s={search_term_string}\"},\"query-input\":{\"@type\":\"PropertyValueSpecification\",\"valueRequired\":true,\"valueName\":\"search_term_string\"}}],\"inLanguage\":\"fr-FR\"}]}<\/script>\n<!-- \/ Yoast SEO plugin. -->","yoast_head_json":{"title":"Protection des donn\u00e9es - Sorties l\u00e9gales en multipropri\u00e9t\u00e9","robots":{"index":"index","follow":"follow","max-snippet":"max-snippet:-1","max-image-preview":"max-image-preview:large","max-video-preview":"max-video-preview:-1"},"canonical":"https:\/\/legalexits.com\/fr\/proteccion-de-datos\/","og_locale":"fr_FR","og_type":"article","og_title":"Data Protection - Timeshare Legal Exits","og_url":"https:\/\/legalexits.com\/fr\/proteccion-de-datos\/","og_site_name":"Timeshare Legal Exits","article_modified_time":"2021-09-30T14:14:48+00:00","twitter_card":"summary_large_image","twitter_misc":{"Dur\u00e9e de lecture estim\u00e9e":"1 minute"},"schema":{"@context":"https:\/\/schema.org","@graph":[{"@type":"WebPage","@id":"https:\/\/legalexits.com\/es\/proteccion-de-datos\/","url":"https:\/\/legalexits.com\/es\/proteccion-de-datos\/","name":"Protection des donn\u00e9es - Sorties l\u00e9gales en multipropri\u00e9t\u00e9","isPartOf":{"@id":"https:\/\/legalexits.com\/#website"},"datePublished":"2021-04-07T11:33:17+00:00","dateModified":"2021-09-30T14:14:48+00:00","breadcrumb":{"@id":"https:\/\/legalexits.com\/es\/proteccion-de-datos\/#breadcrumb"},"inLanguage":"fr-FR","potentialAction":[{"@type":"ReadAction","target":["https:\/\/legalexits.com\/es\/proteccion-de-datos\/"]}]},{"@type":"BreadcrumbList","@id":"https:\/\/legalexits.com\/es\/proteccion-de-datos\/#breadcrumb","itemListElement":[{"@type":"ListItem","position":1,"name":"Home","item":"https:\/\/legalexits.com\/"},{"@type":"ListItem","position":2,"name":"Data Protection"}]},{"@type":"WebSite","@id":"https:\/\/legalexits.com\/#website","url":"https:\/\/legalexits.com\/","name":"Sorties l\u00e9gales en multipropri\u00e9t\u00e9","description":"Renoncer l\u00e9galement aux contrats de multipropri\u00e9t\u00e9","potentialAction":[{"@type":"SearchAction","target":{"@type":"EntryPoint","urlTemplate":"https:\/\/legalexits.com\/?s={search_term_string}"},"query-input":{"@type":"PropertyValueSpecification","valueRequired":true,"valueName":"search_term_string"}}],"inLanguage":"fr-FR"}]}},"_links":{"self":[{"href":"https:\/\/legalexits.com\/fr\/wp-json\/wp\/v2\/pages\/654","targetHints":{"allow":["GET"]}}],"collection":[{"href":"https:\/\/legalexits.com\/fr\/wp-json\/wp\/v2\/pages"}],"about":[{"href":"https:\/\/legalexits.com\/fr\/wp-json\/wp\/v2\/types\/page"}],"author":[{"embeddable":true,"href":"https:\/\/legalexits.com\/fr\/wp-json\/wp\/v2\/users\/12"}],"replies":[{"embeddable":true,"href":"https:\/\/legalexits.com\/fr\/wp-json\/wp\/v2\/comments?post=654"}],"version-history":[{"count":6,"href":"https:\/\/legalexits.com\/fr\/wp-json\/wp\/v2\/pages\/654\/revisions"}],"predecessor-version":[{"id":1894,"href":"https:\/\/legalexits.com\/fr\/wp-json\/wp\/v2\/pages\/654\/revisions\/1894"}],"wp:attachment":[{"href":"https:\/\/legalexits.com\/fr\/wp-json\/wp\/v2\/media?parent=654"}],"curies":[{"name":"wp","href":"https:\/\/api.w.org\/{rel}","templated":true}]}}