{"id":12,"date":"2021-02-26T11:49:24","date_gmt":"2021-02-26T11:49:24","guid":{"rendered":"https:\/\/legalexits.com\/?page_id=12"},"modified":"2026-03-18T14:35:43","modified_gmt":"2026-03-18T14:35:43","slug":"home","status":"publish","type":"page","link":"https:\/\/legalexits.com\/it\/","title":{"rendered":"Casa"},"content":{"rendered":"<section class=\"l-section wpb_row us_custom_165d319d height_huge width_full color_primary with_img with_shape\"><div class=\"l-section-img\" role=\"img\" aria-label=\"Immagine\" data-img-width=\"1900\" data-img-height=\"1200\" style=\"background-image: url(https:\/\/legalexits.com\/wp-content\/uploads\/2021\/03\/d4_slide_01.jpg);background-position: top center;\"><\/div><div class=\"l-section-shape type_custom pos_top\" style=\"height:1vh;color:#ffffff\"><svg xmlns=\"http:\/\/www.w3.org\/2000\/svg\" viewbox=\"0 0 64 8\" preserveaspectratio=\"none\" width=\"100%\" height=\"100%\">\r\n\t<path fill=\"currentColor\" d=\"M64 8 L0 8 L0 0 L64 0 Z\"\/>\r\n<\/svg><\/div><div class=\"l-section-shape type_custom pos_bottom\" style=\"height:3vh;color:#ffffff\"><svg xmlns=\"http:\/\/www.w3.org\/2000\/svg\" viewbox=\"0 0 64 8\" preserveaspectratio=\"none\" width=\"100%\" height=\"100%\">\r\n\t<path fill=\"currentColor\" d=\"M64 8 L0 8 L0 0 L64 0 Z\"\/>\r\n<\/svg><\/div><div class=\"l-section-h i-cf\"><div class=\"g-cols vc_row via_flex valign_top type_default stacking_default\"><div class=\"vc_col-sm-12 wpb_column vc_column_container\"><div class=\"vc_column-inner\"><div class=\"wpb_wrapper\"><div class=\"w-separator size_custom\" style=\"height:150px\" id=\"ebd4\"><style>@media(max-width:714px){ #ebd4{height:100px!important}}<\/style><\/div><\/div><\/div><\/div><div class=\"vc_col-sm-12 wpb_column vc_column_container\"><div class=\"vc_column-inner\"><div class=\"wpb_wrapper\"><div class=\"wpb_text_column us_custom_975078c2\"><div class=\"wpb_wrapper\"><h1 style=\"text-align: center;\">Benvenuti alle uscite legali<\/h1>\n<\/div><\/div><div class=\"w-separator size_custom\" style=\"height:10px\"><\/div><div class=\"w-btn-wrapper align_center\"><a class=\"w-btn us-btn-style_1 us_custom_206df7d9 icon_atleft\" title=\"Vedi la brochure\" target=\"_blank\" rel=\"nofollow\" href=\"https:\/\/legalexits.com\/wp-content\/uploads\/2021\/04\/Legal-Exits-Worldwide-v1.pdf\"><i class=\"material-icons\">descrizione<\/i><span class=\"w-btn-label\">Vedi la brochure<\/span><\/a><\/div><div class=\"w-separator size_custom\" style=\"height:50px\"><\/div><\/div><\/div><\/div><\/div><\/div><\/section><section class=\"l-section wpb_row height_auto\"><div class=\"l-section-h i-cf\"><div class=\"g-cols vc_row via_flex valign_top type_default stacking_default\"><div class=\"vc_col-sm-12 wpb_column vc_column_container\"><div class=\"vc_column-inner\"><div class=\"wpb_wrapper\"><div class=\"wpb_text_column us_custom_bdf96d4d has_text_color\"><div class=\"wpb_wrapper\"><p style=\"text-align: left;\"><strong><span style=\"text-decoration: underline;\">Benvenuti alle uscite legali<\/span><\/strong>, il tuo partner legale di fiducia a Tenerife. La nostra azienda \u00e8 impegnata nella lotta per i diritti dei nostri clienti con un impegno costante per la giustizia e l\u2019integrit\u00e0.<\/p>\n<p style=\"text-align: left;\">Con anni di esperienza e un team di avvocati di alto livello, siamo specializzati nella gestione di questioni legali complesse, comprese le liquidazioni in corso. La nostra missione \u00e8 fornire una rappresentanza legale senza precedenti e una guida strategica su misura per le esigenze specifiche di ciascun cliente.<\/p>\n<\/div><\/div><\/div><\/div><\/div><\/div><\/div><\/section><section class=\"l-section wpb_row height_auto\"><div class=\"l-section-h i-cf\"><div class=\"g-cols vc_row via_flex valign_top type_default stacking_default\"><div class=\"vc_col-sm-6 wpb_column vc_column_container\"><div class=\"vc_column-inner\"><div class=\"wpb_wrapper\"><div class=\"wpb_text_column us_custom_e8c76630 has_text_color\"><div class=\"wpb_wrapper\"><p style=\"text-align: left;\"><strong><span style=\"text-decoration: underline;\">Incontra i nostri avvocati:<\/span><\/strong> Scopri di pi\u00f9 sui professionisti qualificati che compongono il nostro stimato team di avvocati.<\/p>\n<\/div><\/div><div class=\"w-btn-wrapper align_none\"><a class=\"w-btn us-btn-style_1\" title=\"I nostri avvocati\" target=\"_blank\" rel=\"nofollow\" href=\"https:\/\/legalexits.com\/it\/our-lawyers\/\"><span class=\"w-btn-label\">I nostri avvocati<\/span><\/a><\/div><\/div><\/div><\/div><div class=\"vc_col-sm-6 wpb_column vc_column_container\"><div class=\"vc_column-inner\"><div class=\"wpb_wrapper\"><div class=\"wpb_text_column us_custom_e8c76630 has_text_color\"><div class=\"wpb_wrapper\"><p style=\"text-align: left;\"><span style=\"text-decoration: underline;\"><strong>La nostra missione:<\/strong><\/span> Scopri i valori fondamentali della nostra azienda e l&#039;impegno per l&#039;eccellenza nella difesa legale.<\/p>\n<\/div><\/div><div class=\"w-btn-wrapper align_none\"><a class=\"w-btn us-btn-style_1 us_custom_50cc7d67\" title=\"I nostri avvocati\" target=\"_blank\" rel=\"nofollow\" href=\"https:\/\/legalexits.com\/it\/our-company\/\"><span class=\"w-btn-label\">La nostra missione<\/span><\/a><\/div><\/div><\/div><\/div><\/div><\/div><\/section><section class=\"l-section wpb_row height_auto\"><div class=\"l-section-h i-cf\"><div class=\"g-cols vc_row via_flex valign_top type_default stacking_default\"><div class=\"vc_col-sm-12 wpb_column vc_column_container\"><div class=\"vc_column-inner\"><div class=\"wpb_wrapper\"><div class=\"wpb_text_column us_custom_f5e8d523 has_text_color\"><div class=\"wpb_wrapper\"><p style=\"text-align: left;\">Noi di Legal Exits crediamo nella trasparenza, nella comunicazione e nei risultati. Affidati a noi per difendere ferocemente il tuo nome e proteggere i tuoi diritti in ogni fase del processo.<\/p>\n<\/div><\/div><\/div><\/div><\/div><div class=\"vc_col-sm-12 wpb_column vc_column_container\"><div class=\"vc_column-inner\"><div class=\"wpb_wrapper\"><\/div><\/div><\/div><\/div><\/div><\/section><section class=\"l-section wpb_row height_custom with_img\"><div class=\"l-section-img\" role=\"img\" aria-label=\"Immagine\" data-img-width=\"2560\" data-img-height=\"1708\" style=\"background-image: url(https:\/\/legalexits.com\/wp-content\/uploads\/2021\/03\/AdobeStock_315418289-purchased-scaled.jpeg);background-position: top center;\"><\/div><div class=\"l-section-overlay\" style=\"background:rgba(0,0,77,0.75)\"><\/div><div class=\"l-section-h i-cf\"><div class=\"g-cols vc_row via_flex valign_top type_default stacking_default\"><div class=\"vc_col-sm-12 wpb_column vc_column_container\"><div class=\"vc_column-inner\"><div class=\"wpb_wrapper\"><div class=\"wpb_text_column us_custom_6df4bc3a has_text_color\"><div class=\"wpb_wrapper\"><h1 style=\"text-align: center;\">Inizia la tua richiesta oggi stesso!<\/h1>\n<p>&nbsp;<\/p>\n<\/div><\/div><div class=\"w-separator size_medium\"><\/div><div class=\"g-cols wpb_row via_flex valign_top type_default stacking_default\"><div class=\"vc_col-sm-4 wpb_column vc_column_container\"><div class=\"vc_column-inner\"><div class=\"wpb_wrapper\"><div class=\"w-iconbox us_custom_6df4bc3a has_text_color iconpos_top style_outlined color_custom align_center\"><div class=\"w-iconbox-icon\" style=\"font-size:2rem;--icon-color:#ffffff;--icon-bg-color:#ffffff;\"><i class=\"fas fa-gavel\"><\/i><\/div><div class=\"w-iconbox-meta\"><h4 class=\"w-iconbox-title\">Diritto di riscatto<\/h4><div class=\"w-iconbox-text\"><p style=\"text-align: center;\">Se desiderate cedere la vostra multipropriet\u00e0, utilizzate il nostro  formulario e a continuazione riceverete ulteriori informazioni specifiche riguardanti la vostra titolarit\u00e0.<\/p>\n<p>\u00a0<\/p>\n<\/div><\/div><\/div><\/div><\/div><\/div><div class=\"vc_col-sm-4 wpb_column vc_column_container\"><div class=\"vc_column-inner\"><div class=\"wpb_wrapper\"><\/div><\/div><\/div><div class=\"vc_col-sm-4 wpb_column vc_column_container\"><div class=\"vc_column-inner\"><div class=\"wpb_wrapper\"><div class=\"w-iconbox us_custom_6df4bc3a has_text_color iconpos_top style_outlined color_custom align_center\"><div class=\"w-iconbox-icon\" style=\"font-size:2rem;--icon-color:#ffffff;--icon-bg-color:#ffffff;\"><i class=\"fas fa-balance-scale\"><\/i><\/div><div class=\"w-iconbox-meta\"><h4 class=\"w-iconbox-title\">Idoneit\u00e0 al compenso<\/h4><div class=\"w-iconbox-text\"><p style=\"text-align: center;\">Controlla e vedi se hai diritto al risarcimento oggi! Basta fare clic sul pulsante qui sotto per programmare una chiamata gratuita e senza impegno.<\/p>\n<p>\u00a0<\/p>\n<\/div><\/div><\/div><\/div><\/div><\/div><div class=\"vc_col-sm-12 wpb_column vc_column_container\"><div class=\"vc_column-inner\"><div class=\"wpb_wrapper\"><\/div><\/div><\/div><\/div><div class=\"w-separator size_large\"><\/div><div class=\"g-cols wpb_row via_flex valign_middle type_default stacking_default\"><div class=\"vc_col-sm-6 wpb_column vc_column_container\"><div class=\"vc_column-inner\"><div class=\"wpb_wrapper\"><div class=\"w-actionbox us_custom_bcfd46c8 color_primary controls_bottom\"><div class=\"w-actionbox-text\"><h2 class=\"w-actionbox-title\">Modulo di riscatto della multipropriet\u00e0<\/h2><\/div><div class=\"w-actionbox-controls\"><a class=\"w-btn us-btn-style_3\" href=\"https:\/\/legalexits.com\/it\/timeshare-relinquishment-form\/\"><span class=\"w-btn-label\">Modulo completo<\/span><\/a><\/div><\/div><\/div><\/div><\/div><div class=\"vc_col-sm-6 wpb_column vc_column_container\"><div class=\"vc_column-inner\"><div class=\"wpb_wrapper\"><div class=\"w-actionbox us_custom_bcfd46c8 color_primary controls_bottom\"><div class=\"w-actionbox-text\"><h2 class=\"w-actionbox-title\">Idoneit\u00e0 al compenso<\/h2><\/div><div class=\"w-actionbox-controls\"><a class=\"w-btn us-btn-style_3\" href=\"https:\/\/legalexits.com\/it\/compensation-eligibility\/\"><span class=\"w-btn-label\">Controlla l&#039;idoneit\u00e0<\/span><\/a><\/div><\/div><\/div><\/div><\/div><\/div><\/div><\/div><\/div><\/div><\/div><\/section><section class=\"l-section wpb_row us_custom_8cd4af33 height_small width_full\"><div class=\"l-section-h i-cf\"><div class=\"g-cols vc_row via_flex valign_top type_default stacking_default\"><div class=\"vc_col-sm-12 wpb_column vc_column_container has_bg_color stretched\"><div class=\"vc_column-inner us_custom_8cd4af33\"><div class=\"wpb_wrapper\"><div class=\"w-separator size_medium\"><\/div><div class=\"w-actionbox us_custom_0998e206 has_text_color color_primary controls_bottom\"><div class=\"w-actionbox-text\"><h2 class=\"w-actionbox-title\">Richiedete la vostra consulenza!<\/h2><\/div><div class=\"w-actionbox-controls\"><a class=\"w-btn us-btn-style_3\" href=\"https:\/\/legalexits.com\/it\/contact-us\/\"><span class=\"w-btn-label\">Clicca qui<\/span><\/a><\/div><\/div><\/div><\/div><\/div><\/div><\/div><\/section>","protected":false},"excerpt":{"rendered":"Benvenuto in Legal Exits descrizioneVedi brochure Benvenuto in Legal Exits, il tuo partner legale di fiducia a Tenerife. La nostra azienda \u00e8 impegnata nella lotta per i diritti dei nostri clienti con un impegno costante per la giustizia e l\u2019integrit\u00e0. Con anni di esperienza e un team di avvocati di alto livello, siamo specializzati nella gestione di questioni legali complesse, tra cui...","protected":false},"author":12,"featured_media":1816,"parent":0,"menu_order":0,"comment_status":"closed","ping_status":"closed","template":"","meta":{"ngg_post_thumbnail":0,"footnotes":""},"class_list":["post-12","page","type-page","status-publish","has-post-thumbnail","hentry"],"yoast_head":"<!-- This site is optimized with the Yoast SEO plugin v26.8 - https:\/\/yoast.com\/product\/yoast-seo-wordpress\/ -->\n<title>Home - Timeshare Legal Exits<\/title>\n<meta name=\"description\" content=\"If you wish to relinquish your timeshare, use our relinquishment form and you will receive further information specific to your ownership\" \/>\n<meta name=\"robots\" content=\"index, follow, max-snippet:-1, max-image-preview:large, max-video-preview:-1\" \/>\n<link rel=\"canonical\" href=\"https:\/\/legalexits.com\/it\/\" \/>\n<meta property=\"og:locale\" content=\"it_IT\" \/>\n<meta property=\"og:type\" content=\"article\" \/>\n<meta property=\"og:title\" content=\"Home - Timeshare Legal Exits\" \/>\n<meta property=\"og:description\" content=\"If you wish to relinquish your timeshare, use our relinquishment form and you will receive further information specific to your ownership\" \/>\n<meta property=\"og:url\" content=\"https:\/\/legalexits.com\/it\/\" \/>\n<meta property=\"og:site_name\" content=\"Timeshare Legal Exits\" \/>\n<meta property=\"article:modified_time\" content=\"2026-03-18T14:35:43+00:00\" \/>\n<meta property=\"og:image\" content=\"https:\/\/legalexits.com\/wp-content\/uploads\/2022\/06\/Diseno-sin-titulo-20.png\" \/>\n\t<meta property=\"og:image:width\" content=\"1200\" \/>\n\t<meta property=\"og:image:height\" content=\"630\" \/>\n\t<meta property=\"og:image:type\" content=\"image\/png\" \/>\n<meta name=\"twitter:card\" content=\"summary_large_image\" \/>\n<meta name=\"twitter:image\" content=\"https:\/\/legalexits.com\/wp-content\/uploads\/2022\/06\/Diseno-sin-titulo-20.png\" \/>\n<meta name=\"twitter:label1\" content=\"Tempo di lettura stimato\" \/>\n\t<meta name=\"twitter:data1\" content=\"3 minuti\" \/>\n<script type=\"application\/ld+json\" class=\"yoast-schema-graph\">{\"@context\":\"https:\/\/schema.org\",\"@graph\":[{\"@type\":\"WebPage\",\"@id\":\"https:\/\/legalexits.com\/\",\"url\":\"https:\/\/legalexits.com\/\",\"name\":\"Home - Timeshare Legal Exits\",\"isPartOf\":{\"@id\":\"https:\/\/legalexits.com\/#website\"},\"primaryImageOfPage\":{\"@id\":\"https:\/\/legalexits.com\/#primaryimage\"},\"image\":{\"@id\":\"https:\/\/legalexits.com\/#primaryimage\"},\"thumbnailUrl\":\"https:\/\/legalexits.com\/wp-content\/uploads\/2022\/06\/Diseno-sin-titulo-20.png\",\"datePublished\":\"2021-02-26T11:49:24+00:00\",\"dateModified\":\"2026-03-18T14:35:43+00:00\",\"description\":\"If you wish to relinquish your timeshare, use our relinquishment form and you will receive further information specific to your ownership\",\"breadcrumb\":{\"@id\":\"https:\/\/legalexits.com\/#breadcrumb\"},\"inLanguage\":\"it-IT\",\"potentialAction\":[{\"@type\":\"ReadAction\",\"target\":[\"https:\/\/legalexits.com\/\"]}]},{\"@type\":\"ImageObject\",\"inLanguage\":\"it-IT\",\"@id\":\"https:\/\/legalexits.com\/#primaryimage\",\"url\":\"https:\/\/legalexits.com\/wp-content\/uploads\/2022\/06\/Diseno-sin-titulo-20.png\",\"contentUrl\":\"https:\/\/legalexits.com\/wp-content\/uploads\/2022\/06\/Diseno-sin-titulo-20.png\",\"width\":1200,\"height\":630},{\"@type\":\"BreadcrumbList\",\"@id\":\"https:\/\/legalexits.com\/#breadcrumb\",\"itemListElement\":[{\"@type\":\"ListItem\",\"position\":1,\"name\":\"Home\",\"item\":\"https:\/\/legalexits.com\/\"},{\"@type\":\"ListItem\",\"position\":2,\"name\":\"Home\"}]},{\"@type\":\"WebSite\",\"@id\":\"https:\/\/legalexits.com\/#website\",\"url\":\"https:\/\/legalexits.com\/\",\"name\":\"Timeshare Legal Exits\",\"description\":\"Relinquishing timeshare contracts legally\",\"potentialAction\":[{\"@type\":\"SearchAction\",\"target\":{\"@type\":\"EntryPoint\",\"urlTemplate\":\"https:\/\/legalexits.com\/?s={search_term_string}\"},\"query-input\":{\"@type\":\"PropertyValueSpecification\",\"valueRequired\":true,\"valueName\":\"search_term_string\"}}],\"inLanguage\":\"it-IT\"}]}<\/script>\n<!-- \/ Yoast SEO plugin. -->","yoast_head_json":{"title":"Home - Uscite legali in multipropriet\u00e0","description":"Se desideri rinunciare alla tua multipropriet\u00e0, utilizza il nostro modulo di rinuncia e riceverai ulteriori informazioni specifiche sulla tua propriet\u00e0","robots":{"index":"index","follow":"follow","max-snippet":"max-snippet:-1","max-image-preview":"max-image-preview:large","max-video-preview":"max-video-preview:-1"},"canonical":"https:\/\/legalexits.com\/it\/","og_locale":"it_IT","og_type":"article","og_title":"Home - Timeshare Legal Exits","og_description":"If you wish to relinquish your timeshare, use our relinquishment form and you will receive further information specific to your ownership","og_url":"https:\/\/legalexits.com\/it\/","og_site_name":"Timeshare Legal Exits","article_modified_time":"2026-03-18T14:35:43+00:00","og_image":[{"width":1200,"height":630,"url":"https:\/\/legalexits.com\/wp-content\/uploads\/2022\/06\/Diseno-sin-titulo-20.png","type":"image\/png"}],"twitter_card":"summary_large_image","twitter_image":"https:\/\/legalexits.com\/wp-content\/uploads\/2022\/06\/Diseno-sin-titulo-20.png","twitter_misc":{"Tempo di lettura stimato":"3 minuti"},"schema":{"@context":"https:\/\/schema.org","@graph":[{"@type":"WebPage","@id":"https:\/\/legalexits.com\/","url":"https:\/\/legalexits.com\/","name":"Home - Uscite legali in multipropriet\u00e0","isPartOf":{"@id":"https:\/\/legalexits.com\/#website"},"primaryImageOfPage":{"@id":"https:\/\/legalexits.com\/#primaryimage"},"image":{"@id":"https:\/\/legalexits.com\/#primaryimage"},"thumbnailUrl":"https:\/\/legalexits.com\/wp-content\/uploads\/2022\/06\/Diseno-sin-titulo-20.png","datePublished":"2021-02-26T11:49:24+00:00","dateModified":"2026-03-18T14:35:43+00:00","description":"Se desideri rinunciare alla tua multipropriet\u00e0, utilizza il nostro modulo di rinuncia e riceverai ulteriori informazioni specifiche sulla tua propriet\u00e0","breadcrumb":{"@id":"https:\/\/legalexits.com\/#breadcrumb"},"inLanguage":"it-IT","potentialAction":[{"@type":"ReadAction","target":["https:\/\/legalexits.com\/"]}]},{"@type":"ImageObject","inLanguage":"it-IT","@id":"https:\/\/legalexits.com\/#primaryimage","url":"https:\/\/legalexits.com\/wp-content\/uploads\/2022\/06\/Diseno-sin-titulo-20.png","contentUrl":"https:\/\/legalexits.com\/wp-content\/uploads\/2022\/06\/Diseno-sin-titulo-20.png","width":1200,"height":630},{"@type":"BreadcrumbList","@id":"https:\/\/legalexits.com\/#breadcrumb","itemListElement":[{"@type":"ListItem","position":1,"name":"Home","item":"https:\/\/legalexits.com\/"},{"@type":"ListItem","position":2,"name":"Home"}]},{"@type":"WebSite","@id":"https:\/\/legalexits.com\/#website","url":"https:\/\/legalexits.com\/","name":"Uscite legali in multipropriet\u00e0","description":"Rinunciare legalmente ai contratti di multipropriet\u00e0","potentialAction":[{"@type":"SearchAction","target":{"@type":"EntryPoint","urlTemplate":"https:\/\/legalexits.com\/?s={search_term_string}"},"query-input":{"@type":"PropertyValueSpecification","valueRequired":true,"valueName":"search_term_string"}}],"inLanguage":"it-IT"}]}},"_links":{"self":[{"href":"https:\/\/legalexits.com\/it\/wp-json\/wp\/v2\/pages\/12","targetHints":{"allow":["GET"]}}],"collection":[{"href":"https:\/\/legalexits.com\/it\/wp-json\/wp\/v2\/pages"}],"about":[{"href":"https:\/\/legalexits.com\/it\/wp-json\/wp\/v2\/types\/page"}],"author":[{"embeddable":true,"href":"https:\/\/legalexits.com\/it\/wp-json\/wp\/v2\/users\/12"}],"replies":[{"embeddable":true,"href":"https:\/\/legalexits.com\/it\/wp-json\/wp\/v2\/comments?post=12"}],"version-history":[{"count":196,"href":"https:\/\/legalexits.com\/it\/wp-json\/wp\/v2\/pages\/12\/revisions"}],"predecessor-version":[{"id":2406,"href":"https:\/\/legalexits.com\/it\/wp-json\/wp\/v2\/pages\/12\/revisions\/2406"}],"wp:featuredmedia":[{"embeddable":true,"href":"https:\/\/legalexits.com\/it\/wp-json\/wp\/v2\/media\/1816"}],"wp:attachment":[{"href":"https:\/\/legalexits.com\/it\/wp-json\/wp\/v2\/media?parent=12"}],"curies":[{"name":"wp","href":"https:\/\/api.w.org\/{rel}","templated":true}]}}