{"id":139,"date":"2021-03-01T14:36:04","date_gmt":"2021-03-01T14:36:04","guid":{"rendered":"https:\/\/legalexits.com\/?page_id=139"},"modified":"2024-05-27T20:46:28","modified_gmt":"2024-05-27T20:46:28","slug":"our-company","status":"publish","type":"page","link":"https:\/\/legalexits.com\/it\/our-company\/","title":{"rendered":"La nostra azienda"},"content":{"rendered":"<section class=\"l-section wpb_row height_medium full_height valign_top with_img\"><div class=\"l-section-img\" role=\"img\" aria-label=\"Immagine\" data-img-width=\"900\" data-img-height=\"600\" style=\"background-image: url(https:\/\/legalexits.com\/wp-content\/uploads\/2021\/03\/gallery_03-900x600-1.jpg);\"><\/div><div class=\"l-section-overlay\" style=\"background:rgba(255,255,255,0.60)\"><\/div><div class=\"l-section-h i-cf\"><div class=\"g-cols vc_row via_flex valign_top type_default stacking_default\"><div class=\"vc_col-sm-12 wpb_column vc_column_container\"><div class=\"vc_column-inner\"><div class=\"wpb_wrapper\"><div class=\"w-separator size_custom\" style=\"height:600px\"><\/div><div class=\"wpb_text_column\"><div class=\"wpb_wrapper\"><h3 style=\"text-align: center;\">\u2018\u2019Good information leads to good decisions, which leads to good results.\u2019\u2019<\/h3>\n<\/div><\/div><\/div><\/div><\/div><\/div><\/div><\/section><section class=\"l-section wpb_row height_small\"><div class=\"l-section-h i-cf\"><div class=\"g-cols vc_row via_flex valign_top type_default stacking_default\"><div class=\"vc_col-sm-12 wpb_column vc_column_container\"><div class=\"vc_column-inner\"><div class=\"wpb_wrapper\"><div class=\"wpb_text_column\"><div class=\"wpb_wrapper\"><h2>Our Mission<\/h2>\n<\/div><\/div><div class=\"g-cols wpb_row via_flex valign_top type_default stacking_default\"><div class=\"vc_col-sm-12 wpb_column vc_column_container\"><div class=\"vc_column-inner\"><div class=\"wpb_wrapper\"><div class=\"wpb_text_column\"><div class=\"wpb_wrapper\"><p style=\"text-align: justify;\">From Fractional and Vacation ownership, Legal Exits are now seen as one of Europe\u2019s leading advisors in all areas of the Holiday Ownership and Timeshare Business.<\/p>\n<p style=\"text-align: justify;\">In Europe alone, around 1.5 million European households are timeshare owners, more than a third of which are from the UK and Ireland, with the largest number of resorts in Spain.<\/p>\n<p style=\"text-align: justify;\">Property, Real Estate and Fractional Ownerships have changed enormously in the last 20 years and in the last year alone, Legal Exits has successfully assisted over 1000 multinational Clients.<\/p>\n<p style=\"text-align: justify;\">Given the current climate it has never been more important to get good advice if you are thinking of buying or selling a property or relinquishing or claiming compensation on an ownership and we encourage you to get as much information as possible from our complimentary no obligation consultations.<\/p>\n<p style=\"text-align: justify;\">Our team of in-house lawyers collaborate with a network of law firms, international lawyers, legal scholars and contract lawyers. All are experienced experts in timeshare related contracts worldwide.<\/p>\n<\/div><\/div><div class=\"wpb_text_column us_custom_826ec6e4 has_text_color\"><div class=\"wpb_wrapper\"><p class=\"x_MsoNormal\" style=\"text-align: center;\">Formed by Industry professionals with over 30 years of experience in the Holiday Ownership business our services are there to provide information and support.&nbsp;<\/p>\n<p class=\"x_MsoNormal\" style=\"text-align: center;\">Our In House Lawyers and Associate International Law firms, Barristers, Notary and Claim Management companies form one of the largest teams in Europe, who are there to guide in all types of ownership from fixed weeks, points, floating, fractional or club systems.&nbsp;<\/p>\n<\/div><\/div><\/div><\/div><\/div><\/div><\/div><\/div><\/div><\/div><\/div><\/section><section class=\"l-section wpb_row height_custom\"><div class=\"l-section-h i-cf\"><div class=\"g-cols vc_row via_flex valign_top type_default stacking_default\"><div class=\"vc_col-sm-12 wpb_column vc_column_container\"><div class=\"vc_column-inner\"><div class=\"wpb_wrapper\"><div class=\"wpb_text_column\"><div class=\"wpb_wrapper\"><h2>Contact Us:<\/h2>\n<\/div><\/div><div class=\"wpb_text_column\"><div class=\"wpb_wrapper\"><p><!-- Note : - You can modify the font style and form style to suit your website. - Code lines with comments Do not remove this code are required for the form to work properly, make sure that you do not remove these lines of code. - The Mandatory check script can modified as to suit your business needs. - It is important that you test the modified form before going live.--><\/p>\n<form accept-charset=\"UTF-8\" action=\"https:\/\/crm.zoho.eu\/crm\/WebToLeadForm\" method=\"POST\" name=\"WebToLeads195348000034997069\"><div class=\"wpforms-container wpforms-container-full\" id=\"wpforms-1777\"><form id=\"wpforms-form-1777\" class=\"wpforms-validate wpforms-form wpforms-ajax-form\" data-formid=\"1777\" method=\"post\" enctype=\"multipart\/form-data\" action=\"\/it\/wp-json\/wp\/v2\/pages\/139\" data-token=\"0e6a5288020889ff3e96a22efdb0e974\" data-token-time=\"1775926568\"><noscript class=\"wpforms-error-noscript\">Abilita JavaScript nel browser per completare questo modulo.<\/noscript><div class=\"wpforms-field-container\"><div id=\"wpforms-1777-field_1-container\" class=\"wpforms-field wpforms-field-name\" data-field-id=\"1\"><label class=\"wpforms-field-label\">Name <span class=\"wpforms-required-label\">*<\/span><\/label><div class=\"wpforms-field-row wpforms-field-medium\"><div class=\"wpforms-field-row-block wpforms-first wpforms-one-half\"><input type=\"text\" id=\"wpforms-1777-field_1\" class=\"wpforms-field-name-first wpforms-field-required\" name=\"wpforms[fields][1][first]\" required><label for=\"wpforms-1777-field_1\" class=\"wpforms-field-sublabel after\">Nome<\/label><\/div><div class=\"wpforms-field-row-block wpforms-one-half\"><input type=\"text\" id=\"wpforms-1777-field_1-last\" class=\"wpforms-field-name-last wpforms-field-required\" name=\"wpforms[fields][1][last]\" required><label for=\"wpforms-1777-field_1-last\" class=\"wpforms-field-sublabel after\">Cognome<\/label><\/div><\/div><\/div><div id=\"wpforms-1777-field_2-container\" class=\"wpforms-field wpforms-field-email\" data-field-id=\"2\"><label class=\"wpforms-field-label\" for=\"wpforms-1777-field_2\">Email <span class=\"wpforms-required-label\">*<\/span><\/label><input type=\"email\" id=\"wpforms-1777-field_2\" class=\"wpforms-field-medium wpforms-field-required\" name=\"wpforms[fields][2]\" spellcheck=\"false\" required><\/div><div id=\"wpforms-1777-field_3-container\" class=\"wpforms-field wpforms-field-number\" data-field-id=\"3\"><label class=\"wpforms-field-label\" for=\"wpforms-1777-field_3\">Phone Number <span class=\"wpforms-required-label\">*<\/span><\/label><input type=\"number\" id=\"wpforms-1777-field_3\" class=\"wpforms-field-medium wpforms-field-required\" name=\"wpforms[fields][3]\" step=\"any\" required><\/div><div id=\"wpforms-1777-field_4-container\" class=\"wpforms-field wpforms-field-text\" data-field-id=\"4\"><label class=\"wpforms-field-label\" for=\"wpforms-1777-field_4\">Resort Name<\/label><input type=\"text\" id=\"wpforms-1777-field_4\" class=\"wpforms-field-medium\" name=\"wpforms[fields][4]\" ><\/div><\/div><!-- .wpforms-field-container --><div class=\"wpforms-recaptcha-container wpforms-is-recaptcha wpforms-is-recaptcha-type-v2\" ><div class=\"g-recaptcha\" data-sitekey=\"6LcQAuogAAAAANRauG_3ZrUJGKtheZ0DqRovXBRi\"><\/div><input type=\"text\" name=\"g-recaptcha-hidden\" class=\"wpforms-recaptcha-hidden\" style=\"position:absolute!important;clip:rect(0,0,0,0)!important;height:1px!important;width:1px!important;border:0!important;overflow:hidden!important;padding:0!important;margin:0!important;\" data-rule-recaptcha=\"1\"><\/div><div class=\"wpforms-submit-container\" ><input type=\"hidden\" name=\"wpforms[id]\" value=\"1777\"><input type=\"hidden\" name=\"page_title\" value=\"\"><input type=\"hidden\" name=\"page_url\" value=\"https:\/\/legalexits.com\/it\/wp-json\/wp\/v2\/pages\/139\"><input type=\"hidden\" name=\"url_referer\" value=\"\"><button type=\"submit\" name=\"wpforms[submit]\" id=\"wpforms-submit-1777\" class=\"wpforms-submit\" data-alt-text=\"Sending...\" data-submit-text=\"Submit\" aria-live=\"assertive\" value=\"wpforms-submit\">Submit<\/button><img loading=\"lazy\" decoding=\"async\" src=\"https:\/\/legalexits.com\/wp-content\/plugins\/wpforms-lite\/assets\/images\/submit-spin.svg\" class=\"wpforms-submit-spinner\" style=\"display: none;\" width=\"26\" height=\"26\" alt=\"Caricamento\"><\/div><\/form><\/div>  <!-- .wpforms-container --><br \/>\n<\/form>\n<\/div><\/div><\/div><\/div><\/div><\/div><\/div><\/section>\n","protected":false},"excerpt":{"rendered":"&#039;&#039;Una buona informazione porta a buone decisioni, che portano a buoni risultati.&#039;&#039; La nostra missione Dalla propriet\u00e0 frazionata e per le vacanze, Legal Exits \u00e8 ora considerata uno dei consulenti leader in Europa in tutte le aree della propriet\u00e0 di vacanze e del business della multipropriet\u00e0. Solo in Europa, circa 1,5 milioni di famiglie europee sono proprietarie di multipropriet\u00e0, pi\u00f9 di un terzo...","protected":false},"author":12,"featured_media":0,"parent":0,"menu_order":0,"comment_status":"closed","ping_status":"closed","template":"","meta":{"ngg_post_thumbnail":0,"footnotes":""},"class_list":["post-139","page","type-page","status-publish","hentry"],"yoast_head":"<!-- This site is optimized with the Yoast SEO plugin v26.8 - https:\/\/yoast.com\/product\/yoast-seo-wordpress\/ -->\n<title>Our Company - Timeshare Legal Exits<\/title>\n<meta name=\"robots\" content=\"index, follow, max-snippet:-1, max-image-preview:large, max-video-preview:-1\" \/>\n<link rel=\"canonical\" href=\"https:\/\/legalexits.com\/it\/our-company\/\" \/>\n<meta property=\"og:locale\" content=\"it_IT\" \/>\n<meta property=\"og:type\" content=\"article\" \/>\n<meta property=\"og:title\" content=\"Our Company - Timeshare Legal Exits\" \/>\n<meta property=\"og:url\" content=\"https:\/\/legalexits.com\/it\/our-company\/\" \/>\n<meta property=\"og:site_name\" content=\"Timeshare Legal Exits\" \/>\n<meta property=\"article:modified_time\" content=\"2024-05-27T20:46:28+00:00\" \/>\n<meta name=\"twitter:card\" content=\"summary_large_image\" \/>\n<meta name=\"twitter:label1\" content=\"Tempo di lettura stimato\" \/>\n\t<meta name=\"twitter:data1\" content=\"2 minuti\" \/>\n<script type=\"application\/ld+json\" class=\"yoast-schema-graph\">{\"@context\":\"https:\/\/schema.org\",\"@graph\":[{\"@type\":\"WebPage\",\"@id\":\"https:\/\/legalexits.com\/our-company\/\",\"url\":\"https:\/\/legalexits.com\/our-company\/\",\"name\":\"Our Company - Timeshare Legal Exits\",\"isPartOf\":{\"@id\":\"https:\/\/legalexits.com\/#website\"},\"datePublished\":\"2021-03-01T14:36:04+00:00\",\"dateModified\":\"2024-05-27T20:46:28+00:00\",\"breadcrumb\":{\"@id\":\"https:\/\/legalexits.com\/our-company\/#breadcrumb\"},\"inLanguage\":\"it-IT\",\"potentialAction\":[{\"@type\":\"ReadAction\",\"target\":[\"https:\/\/legalexits.com\/our-company\/\"]}]},{\"@type\":\"BreadcrumbList\",\"@id\":\"https:\/\/legalexits.com\/our-company\/#breadcrumb\",\"itemListElement\":[{\"@type\":\"ListItem\",\"position\":1,\"name\":\"Home\",\"item\":\"https:\/\/legalexits.com\/\"},{\"@type\":\"ListItem\",\"position\":2,\"name\":\"Our Company\"}]},{\"@type\":\"WebSite\",\"@id\":\"https:\/\/legalexits.com\/#website\",\"url\":\"https:\/\/legalexits.com\/\",\"name\":\"Timeshare Legal Exits\",\"description\":\"Relinquishing timeshare contracts legally\",\"potentialAction\":[{\"@type\":\"SearchAction\",\"target\":{\"@type\":\"EntryPoint\",\"urlTemplate\":\"https:\/\/legalexits.com\/?s={search_term_string}\"},\"query-input\":{\"@type\":\"PropertyValueSpecification\",\"valueRequired\":true,\"valueName\":\"search_term_string\"}}],\"inLanguage\":\"it-IT\"}]}<\/script>\n<!-- \/ Yoast SEO plugin. -->","yoast_head_json":{"title":"La nostra azienda - Uscite legali multipropriet\u00e0","robots":{"index":"index","follow":"follow","max-snippet":"max-snippet:-1","max-image-preview":"max-image-preview:large","max-video-preview":"max-video-preview:-1"},"canonical":"https:\/\/legalexits.com\/it\/our-company\/","og_locale":"it_IT","og_type":"article","og_title":"Our Company - Timeshare Legal Exits","og_url":"https:\/\/legalexits.com\/it\/our-company\/","og_site_name":"Timeshare Legal Exits","article_modified_time":"2024-05-27T20:46:28+00:00","twitter_card":"summary_large_image","twitter_misc":{"Tempo di lettura stimato":"2 minuti"},"schema":{"@context":"https:\/\/schema.org","@graph":[{"@type":"WebPage","@id":"https:\/\/legalexits.com\/our-company\/","url":"https:\/\/legalexits.com\/our-company\/","name":"La nostra azienda - Uscite legali multipropriet\u00e0","isPartOf":{"@id":"https:\/\/legalexits.com\/#website"},"datePublished":"2021-03-01T14:36:04+00:00","dateModified":"2024-05-27T20:46:28+00:00","breadcrumb":{"@id":"https:\/\/legalexits.com\/our-company\/#breadcrumb"},"inLanguage":"it-IT","potentialAction":[{"@type":"ReadAction","target":["https:\/\/legalexits.com\/our-company\/"]}]},{"@type":"BreadcrumbList","@id":"https:\/\/legalexits.com\/our-company\/#breadcrumb","itemListElement":[{"@type":"ListItem","position":1,"name":"Home","item":"https:\/\/legalexits.com\/"},{"@type":"ListItem","position":2,"name":"Our Company"}]},{"@type":"WebSite","@id":"https:\/\/legalexits.com\/#website","url":"https:\/\/legalexits.com\/","name":"Uscite legali in multipropriet\u00e0","description":"Rinunciare legalmente ai contratti di multipropriet\u00e0","potentialAction":[{"@type":"SearchAction","target":{"@type":"EntryPoint","urlTemplate":"https:\/\/legalexits.com\/?s={search_term_string}"},"query-input":{"@type":"PropertyValueSpecification","valueRequired":true,"valueName":"search_term_string"}}],"inLanguage":"it-IT"}]}},"_links":{"self":[{"href":"https:\/\/legalexits.com\/it\/wp-json\/wp\/v2\/pages\/139","targetHints":{"allow":["GET"]}}],"collection":[{"href":"https:\/\/legalexits.com\/it\/wp-json\/wp\/v2\/pages"}],"about":[{"href":"https:\/\/legalexits.com\/it\/wp-json\/wp\/v2\/types\/page"}],"author":[{"embeddable":true,"href":"https:\/\/legalexits.com\/it\/wp-json\/wp\/v2\/users\/12"}],"replies":[{"embeddable":true,"href":"https:\/\/legalexits.com\/it\/wp-json\/wp\/v2\/comments?post=139"}],"version-history":[{"count":52,"href":"https:\/\/legalexits.com\/it\/wp-json\/wp\/v2\/pages\/139\/revisions"}],"predecessor-version":[{"id":2185,"href":"https:\/\/legalexits.com\/it\/wp-json\/wp\/v2\/pages\/139\/revisions\/2185"}],"wp:attachment":[{"href":"https:\/\/legalexits.com\/it\/wp-json\/wp\/v2\/media?parent=139"}],"curies":[{"name":"wp","href":"https:\/\/api.w.org\/{rel}","templated":true}]}}