{"id":650,"date":"2021-04-07T10:49:03","date_gmt":"2021-04-07T10:49:03","guid":{"rendered":"https:\/\/legalexits.com\/?page_id=650"},"modified":"2022-02-07T16:10:09","modified_gmt":"2022-02-07T16:10:09","slug":"aviso-legal","status":"publish","type":"page","link":"https:\/\/legalexits.com\/it\/aviso-legal\/","title":{"rendered":"Note legali"},"content":{"rendered":"<section class=\"l-section wpb_row height_custom\"><div class=\"l-section-h i-cf\"><div class=\"g-cols vc_row via_flex valign_top type_default stacking_default\"><div class=\"vc_col-sm-12 wpb_column vc_column_container\"><div class=\"vc_column-inner\"><div class=\"wpb_wrapper\"><div class=\"wpb_text_column\"><div class=\"wpb_wrapper\"><p>La presentazione del sito &quot;web&quot; \u00e8 stata rimossa da Legal Exits Worldwide SL, per un accordo e un permesso e per l&#039;accesso generale a tutti gli usi e alle informazioni, attivit\u00e0, prodotti e servizi diversi, propio o terceros, ofertados.<\/p>\n<p>Il presente testo, regolamento e informa de:<\/p>\n<ol>\n<li>Dati identificativi del titolo del web<\/li>\n<li>Definizioni<\/li>\n<li>Politica di privazione<\/li>\n<li>Disponibilit\u00e0 della pagina<\/li>\n<li>Condizioni d&#039;uso<\/li>\n<li>Disponibilit\u00e0 di contenuti<\/li>\n<li>Responsabilit\u00e0 dei conti<\/li>\n<li>Riproduzione di contenuti<\/li>\n<li>Propedad industriale e intellettuale<\/li>\n<li>Medidas de seguridad<\/li>\n<li>Protezione dei dati di carattere personale<\/li>\n<li>Pubblicazione<\/li>\n<li>Limitazione di responsabilit\u00e0<\/li>\n<li>Nullidad parziale<\/li>\n<li>Giurisdizione<\/li>\n<li>Legislazione applicabile<\/li>\n<\/ol>\n<p><strong>1. DATI IDENTIFICATIVI DEL TITOLARE DEL WEB<\/strong><\/p>\n<p>In aggiunta all&#039;informazione, Legal Exits Worldwide SL (en lo sucesivo El Titular) e il titolo del sito web www.legalexits.com (en lo sucesivo LA WEB) procede a comunicare i dati identificativi:<\/p>\n<ul>\n<li>Denominazione sociale: Legal Exits Worldwide SL<\/li>\n<li>Cif: B67766295<\/li>\n<li>Direcci\u00f3n de correo elettronico: dpd @ legalexits.com<\/li>\n<li>Domicilio: \u2022Avda. Bruselas CC Fa\u00f1abe Plaza 332 \u2013 38660 \u2013 Adeje<\/li>\n<\/ul>\n<p>La presente informazione conforme e regola le condizioni d&#039;uso, le limitazioni di responsabilit\u00e0 e le obbligazioni que los usuarios de la pagina Web que se publica bajo el nombre\/s de dominio asumen y se comprometen a respetar.<\/p>\n<p><strong>2. DEFINIZIONI<\/strong><\/p>\n<p>Entre altri termini, se utiliza;<\/p>\n<p>\u201cPagina\u201d; Dominio\/s que se pone una disposizione de los Usuarios de Internet.<\/p>\n<p>\u201cUsuario\u201d; Persona f\u00edsica o jur\u00eddica que utiliza o navega por la P\u00e1gina.<\/p>\n<p>\u201cContenido\u201d; Son le pagine che si conformano alla totalit\u00e0 del dominio, le quali si conformano all&#039;informazione e ai servizi che il titolare pone a disposizione degli utenti di Internet. En ellas se contienen los mensajes, textos, fotograf\u00edas, gr\u00e1ficos, iconos, logos, tecnolog\u00eda, links, texturas, dibujos, archivos de sonido y\/o imagen, grabaciones, software, aspecto, dise\u00f1o gr\u00e1fico y c\u00f3digos fuente y, en general, cualquier classe di materiale contenuto nella pagina.<\/p>\n<p>&quot;Ragnatela&quot;; Palabra tecnica che descrive il sistema di accesso a l&#039;informazione via Internet, che si configura per la pagina medio di confezioni con le lingue HTML, ASP, o simili, e meccanismi di programmazione tales come java, javascript, PHP, altri, ecc... En estas pagine dise\u00f1adas e publicadas bajo un nome di dominio Internet e il risultato dell&#039;informazione che il titolare pone una disposizione de los Usuarios de Internet.<\/p>\n<p>\u201cLacci, Collegamenti, Vinculos, ecc..\u201d; Tecnica per l&#039;uso che pu\u00f2 essere utilizzata per diverse pagine del Web, o per Internet, con un semplice clic sul testo, icona, pulsante o indicativo che contiene e allaccia.<\/p>\n<p>&quot;Biscotti&quot;; Medio tecnico per la traduzione e il seguito della navigazione in siti Web. Son peque\u00f1os ficheros de texto que se escriben en el ordenador del Usuario.<\/p>\n<p><strong>3. POLITICA DI PRIVACY<\/strong><\/p>\n<p>A attraverso questo sito web non si riportano dati di carattere personale de los usuarios sin su conocimiento, ni se ceden a terceros.<\/p>\n<p>Con la finalizzazione del servizio e il maggiore servizio e l&#039;obiettivo di facilitatore el uso, se analizan el n\u00famero de p\u00e1ginas visitadas, el n\u00famero de visite, as\u00ed como la actividad de los visitantes y su frecuencia de utilizaci\u00f3n. A questi effetti, la Legal Exits Worldwide SL utilizza l&#039;informazione elaborata dal fornitore di servizi di Internet.<\/p>\n<p>La Legal Exits Worldwide SL non utilizza i cookie per memorizzare informazioni sugli usi, non registra le istruzioni ip de acceso. En aquellos casi que se utilices cookies, e l&#039;usuario ser\u00e1 advertido en el primer acceso a la pagina inform\u00e1ndole de su uso e pol\u00edtica de uso.<\/p>\n<p>Il portale del titolo Legal Exits Worldwide SL contiene allacciamenti e siti web di terzi, le politiche di privacy e le dichiarazioni di Legal Exits Worldwide SL. Al accesso a tali siti web utilizzati pu\u00f2 decidere di accettare sus pol\u00edticas de privacidad y de cookies. Con il carattere generale, si naviga su Internet, si pu\u00f2 accettare o recuperare i cookie da terzi dalle opzioni di configurazione della navegador.<\/p>\n<p><strong>4. DISPONIBILIT\u00c0 DELLA PAGINA<\/strong><\/p>\n<p>Il titolo non garantisce la inesistenza di interruzioni o errori nell&#039;accesso alla pagina oa sus Contenidos, ni que \u00e9stos se encuentren actualizados, aunque desarrollar\u00e1 sus mejores esfuerzos para, en su caso, evitarlos, subsanarlos o actualizarlos. Por consiguiente, el titolare non se responsabiliza de los da\u00f1os o perjuicios de cualquier tipo producidos en el Usuario que tengan causa de fallos o desconexiones en las redes de telecomunicaciones que produzcan la suspensi\u00f3n, cancelaci\u00f3n o interrupci\u00f3n del servizio del Portal durante la prestaci\u00f3n del mismo o con carattere precedente.<\/p>\n<p>El title excluye, con las excepciones contempladas en la legislaci\u00f3n vigente, cualquier responsabilidad por los da\u00f1os y perjuicios de toda naturaleza que puedan deberse a la falta de disponibilidad, continuidad o calidad del funcionamiento de la P\u00e1gina y de los Contenidos, al no cumplimiento de la aspettativa di utilit\u00e0 que los Usuarios hubieren podido atribuir a la P\u00e1gina ya los Contenidos.<\/p>\n<p>L&#039;accesso alla pagina non implica l&#039;obbligo per la parte del titolo di controllo dell&#039;ausencia de virus, gusanos o cualquier otro elemento inform\u00e1tico da\u00f1ino. Corrisponde all&#039;usuario, en todo caso, la disponibilit\u00e0 di informazioni adecuadas per la rilevazione e la desinfecci\u00f3n de programmi informatici da\u00f1inos. Por lo tanto, el title no se hace responsable de los posibles errores de seguridad que se puedan producir durante la prestaci\u00f3n del servicio de la P\u00e1gina, ni de los posibles da\u00f1os que puedan causarse al sistema informativo del usuario o de terceros (hardware e software) , los ficheros o documentos almacenados en el mismo, como consecuencia de la presencia de virus en el ordenador dell&#039;usuario utilizzato per la connessione a los servicios y contenidos de la Web, de un mal funcionamiento del navegador o dell&#039;uso de versioni non attualizzate del mismo .<\/p>\n<p><strong>5. CONDIZIONI D&#039;USO<\/strong><\/p>\n<p>La semplice y mera utilizzo de la P\u00e1gina otorga la condizione de Usuario, bien sea persona f\u00edsica o jur\u00eddica, y obbligatoriamente implica l&#039;accettazione completa, plena y sin reservas de todas y cada una de las clausulas y condiciones generales incluidas en el Aviso Legal. Si el Usuario non estuviera conforme con le clausule e condizioni d&#039;uso de este Aviso Legal, si astendr\u00e1 de utilizar la P\u00e1gina.<\/p>\n<p>Este Aviso Legal est\u00e1 sujeto a cambios y actualizaciones por lo que la versi\u00f3n publicada por el title puede ser diferente en cada momento en que el Usuario acceda al Portal. Per tanto, l&#039;usuario debe leggere el Aviso Legal en todas y cada una de las occasioni en que acceda a la P\u00e1gina.<\/p>\n<p>Attraverso la pagina, il titolo facilita gli usi e l&#039;accesso e l&#039;utilizzo di diversi contenuti pubblicati su Internet medio per il titolo o di terzi.<\/p>\n<p>El Usuario est\u00e1 obligado y se compromete a utilizar la P\u00e1gina y los Contenidos de conformidad con la legislaci\u00f3n vigente, el Aviso Legal, y cualquier otro aviso o instrucciones puestos en su conocimiento, bien sea por medio de este aviso legal o en cualquier otro lugar dentro dentro de los contenidos que conforman la P\u00e1gina, as\u00ed como con las normas de convivencia, la moral y buenas costumbres normalmente accettata.<\/p>\n<p>A tal efecto, el Usuario se obliga y compromete a NO utilizar cualquiera de los Contenidos con fines o efectos il\u00edcitos, prohibidos en el Aviso Legal o por la legislaci\u00f3n vigente, lesivos de los derechos e intereses de terceros, o que de cualquier forma puedan da\u00f1ar , inutilizar, sobrecargar,<\/p>\n<p>deteriorare o impedire la normale utilizzazione dei contenuti, degli equipaggi informatici o dei documenti, degli archivi e delle classi di contenuti degli archivi in cui sono forniti gli strumenti informatici o i contratti per il titolo, di altri utenti o di altri utenti di Internet (hardware e software).<\/p>\n<p><strong>6. DISPONIBILITA&#039; DEI CONTENUTI<\/strong><\/p>\n<p>La prestazione del servizio dalla pagina e dai contenuti tiene, in principio, durata indefinita. Il titolo, non vincolante, pu\u00f2 essere terminato o sospeso la prestazione del servizio della pagina e\/o della custodia dei contenuti e del momento successivo.<\/p>\n<p><strong>7. RESPONSABILIT\u00c0 DEI CONTENUTI<\/strong><\/p>\n<p>La funzione di collegamenti, allacciamenti, ecc., que aparecen en esta Web \u00e8 esclusivamente l&#039;informazione all&#039;uso dell&#039;esistenza di altri Web che contiene informazioni sulla materia. Esto non constituye sugerencia ni recomendaci\u00f3n alguna.<\/p>\n<p>Il titolo non \u00e8 responsabile della legalit\u00e0 di altri siti web de terzis desde los que pueda accederse al portal. Tampoco risponde per la legalit\u00e0 di altri siti web di terzi, que pudiran estar vinculados o enlazados desde este sitio.<\/p>\n<p>Il titolo non \u00e8 responsabile per i contenuti delle pagine scritte, del funzionamento, dell&#039;utilit\u00e0 o del risultato degli hiperenlaces, non garantisce la protezione del virus e altri elementi in altri sistemi informatici (hardware e software), documentos o los ficheros del Usuario, excluyendo quale responsabile responsabile per los da\u00f1os causados al Usuario por cualquiera de estos motivos.<\/p>\n<p><strong>8. REPRODUCCI\u00d3N DE CONTENIDOS<\/strong><\/p>\n<p>El Usuario se obliga y se compromete a no transmitterir, difundir o poner a disposici\u00f3n de terceros cualquier clase de material contenido en la P\u00e1gina, tales como informaciones, textos, datos, contenidos, mensajes, gr\u00e1ficos, dibujos, archivos de sonido y\/o imagen , fotograf\u00edas, grabaciones, software, logotipos, marcas, iconos, tecnolog\u00eda, fotograf\u00edas, software, enlaces, dise\u00f1o gr\u00e1fico y c\u00f3digos fuente, o cualquier otro material al que tuviera acceso en su condici\u00f3n de Usuario de la P\u00e1gina, sin que esta enumeraci\u00f3n tenga car\u00e1cter limitativo.<\/p>\n<p>Asimismo, de conformidad con todo ello, el Usuario no podr\u00e1:<\/p>\n<ul>\n<li>Reproducir, copiar, distribuir, poner a disposici\u00f3n de cualquier forma, comunicar p\u00fablicicamente, transformar o modificar los Contenidos, a menos que se cuente con la autorizaci\u00f3n escrita y expl\u00edcita del titolare, que es responsable de los corrispondentientes derechos, o bien que ello resulte legalmente permesso.<\/li>\n<li>Suprimir, manipular o de cualquier forma, alterar el &quot;copyright&quot; e dem\u00e1s datos identificativos de la reserva de derechos del titular o de sus titulares, de las huellas y\/o identificatodores digitalis, o de cualesquiera otros medios t\u00e9cnicos establecidos para su reconocimiento.<\/li>\n<\/ul>\n<p>El Usuario deber\u00e1 abstenerse de obtener e incluso de intentar obtenerlos Contenidos empleando para ello medios o procedimientos distintos de los que, seg\u00fan los casos, se hayan puesto a su disposici\u00f3n o se hayan indicado en las p\u00e1ginas Web donde se encuentren los mismos o, en general , de los que se empleen abitualmente en Internet a este efecto, siempre que no entra\u00f1en un riesgo de da\u00f1o o inutilizaci\u00f3n de la P\u00e1gina, y\/o de los Contenidos.<\/p>\n<p><strong>9. PROPRIETA&#039; INDUSTRIALE E INTELLETTUALE<\/strong><\/p>\n<p>Derechos de propiedad intelectual e industrial son todos los derechos reconocidos por la legislaci\u00f3n de propiedad intelectual que tengan car\u00e1cter patrimonial o de explotaci\u00f3n per cualquier finalidad y para cualquier modalidad de uso, as\u00ed come todos los derechos reconocidos per la legislaci\u00f3n de propiedad industrial, inclusi en ambos casi la facultad de solicitar los registros e inscripciones oportunos para la obtenci\u00f3n o protecci\u00f3n de estos derechos (en adelante, los \u201cDerechos de Propiedad Intelectual e Industrial\u201d).<\/p>\n<p>Questa \u00e8 rigorosamente vietata l&#039;utilizzo di tutti gli elementi oggetto di attivit\u00e0 industriale e intellettuale con fini commerciali come come su distribuzione, modifica, alterazione o scomposizione.<\/p>\n<p>Denominaciones denominaciones, dise\u00f1os y\/o logotipos, as\u00ed como cualquier producto o servicio ofrecidos y reflejados en esta p\u00e1gina Web, son marcas registradas o propiedad de Legal Exits Worldwide SL, o terceros. No est\u00e1 permesso el uso de las mismas por personas diferentes de su leg\u00edtimo titular y sin el consentimiento de \u00e9ste.<\/p>\n<p>Los derechos de propiedad intelectual y marcas de terceros ser\u00e1n respetados por el usuario, el cual ser\u00e1 el \u00fanico responsabile dell&#039;uso que haga de los mismos.<\/p>\n<p>L&#039;infrazione di altri paesi pu\u00f2 essere costituita da una vulnerabilit\u00e0 delle presenti disposizioni, cos\u00ec come da un elenco di parole chiave con la legislazione spagnola.<\/p>\n<p><strong>10. MEDIDA DI SEGURIDAD<\/strong><\/p>\n<p>Il titolo ha adottato los niveles de seguridad de protecci\u00f3n de los Datos Personales legalmente requeridos, y procuran instalar aquellos otros medios y medidas t\u00e9cnicas adicionales a su alcance para evitar la p\u00e9rdida, mal uso, alteraci\u00f3n, acceso no autorizado y robo de los Datos Personales facilitados . Il titolo non \u00e8 responsabile di eventuali danni o perdite che possono derivare da interferenze, omissioni, interruzioni, virus informatici, aver\u00edas telef\u00f3nicas o desconexiones en el funcionamiento operativo de este sistema elettrico, motivadas por causas ajenas al titular; de retrasos o bloqueos en el uso del presente sistema elettronico causados por deficiencias o sobrecargas de l\u00edneas telef\u00f3nicas o sobrecargas en el Centro de Procesos de Datos, en el sistema de Internet o en altri sistemi elettronici, as\u00ed como de da\u00f1os que puedan ser causados por terceras persone tramite introduzioni illeg\u00edtimas fuera del controllo del titolare. No obstante, el Usuario debe ser consciente de que las medidas de seguridad no son inexpugnables.<\/p>\n<p><strong>11. PROTECCI\u00d3N DE DATOS DE CAR\u00c1CTER PERSONAL<\/strong><\/p>\n<p>Durante la navigazione attraverso LA WEB \u00e8 possibile richiedere dati di carattere personale attraverso diversi formulari web dispuestos al efecto o por correo elettronico. Dichos datos formar\u00e1n parte de los pertinentis ficheros en funci\u00f3n de la finalidad determinata e concreta que motiva el recabo de los mismos, la cual le ser\u00e1 informada en el momento de recapitas i dati personalis. Detta forma, l&#039;informazione particolare de cadenza tratamiento de dati se aportar\u00e1 junto a los formularios web o correo elettronico, siendo com\u00fan e todos ellos el responsabile del fichero: Legal Exits Worldwide SL.<\/p>\n<p>De acuerdo con los derechos que le confiere la normativa vigente en protecci\u00f3n de datos, podr\u00e1 ejercer los derechos de acceso, rettificazione, limitazione de tratamiento, supresi\u00f3n, portabilidad y oposici\u00f3n al tratamiento de sus datos de car\u00e1cter personal, as\u00ed como del consenso prestado para el tratamiento de los mismos, dirigiendo su petici\u00f3n a Legal Exits Worldwide SL REF: Protecci\u00f3n de Datos con domicilio en \u2022Avda. Bruselas CC Fa\u00f1abe Plaza 332 \u2013 38660 \u2013 Adeje o al correo electr\u00f3nico dpd@legalexits.com.<\/p>\n<p>Cualquier persona tiene derecho a obtener confirmaci\u00f3n sobre si en Legal Exits Worldwide SL sta tratando dati personali que les conciernan, o no. Las personas interesadas tienen derecho al acceso de sus datos personales, a solicitar la rectificaci\u00f3n de los datos inexactos o, en su caso, solicitar su supresi\u00f3n cuando, entre otros motivos, los datos ya no sean necesarios para los fines que fueron recogidos.<\/p>\n<p>En determinadas circunstancias, y por motivos relacionados con su situaci\u00f3n particular, los interesados podr\u00e1n solicitar la limitazione u oposici\u00f3n del tratamiento de sus datos, en cuyo caso Legal Exits Worldwide SL \u00fanicamente los conservar\u00e1, por motivos leg\u00edtimos imperiosos, el cumplimiento de cualquier normativa vigente impuesta por la administraci\u00f3n, o el ejercicio o la defensa de posibles reclamaciones.<\/p>\n<p>Per ulteriori informazioni sul trattamento dei dati personali, puoi visitare il web http:\/\/legalexits.avisolegal.info\/.<\/p>\n<p><strong>12. PUBBLICIT\u00c0<\/strong><\/p>\n<p>Parte del sito &quot;web&quot; pu\u00f2 essere un albergo contenuto pubblicitario o estar patrocinado. Los anunciantes y patrocinadores son los \u00fanicos responsables de asegurarse que el material remitido para su inclusione en el sitio \u201cweb\u201d cumple con las leyes que en cada caso puedan ser de aplicaci\u00f3n. Legal Exits Worldwide SL non \u00e8 responsabile di eventuali errori, inesatti o irregolarit\u00e0 che possono contenere i contenuti pubblicitari o i patrocinatori.<\/p>\n<p>En todo caso, per interponer cualquier reclamaci\u00f3n relacionada con los Contenidos publicitarios insertados en este sitio &quot;web&quot; pueden dirigirse a la siguiente direcci\u00f3n de correo elettronico: dpd @ legalexits.com<\/p>\n<p><strong>13. LIMITAZIONE DI RESPONSABILIT\u00c0<\/strong><\/p>\n<p>Il titolo \u00e8 escluso dalla responsabilit\u00e0 per le decisioni relative all&#039;uso che ne pu\u00f2 derivare in base all&#039;informazione, cos\u00ec come per i possibili errori di tipo grafico che possono contenere i documenti e i grafici della pagina. L&#039;informazione \u00e8 stata aggiunta a possibili cambi periodici sin prima dell&#039;avviso di contenuto per ampliamento, modifica, correzione o attuazione de los Contenidos.<\/p>\n<p>En la presente pagina Web puede haber publicidad de terceros y\/o link que facilitan el enlace a p\u00e1ginas Web de terceros. Legal Exits Worldwide SL in tutti i casi non sono responsabili per i servizi di terze parti ofrezcan, per le condizioni particolari o per i requisiti generali, per i contenuti delle pagine Web a los que se acceda por medio de los enlaces establecidos.<\/p>\n<p>Il titolo non risponde alla veracit\u00e0 delle informazioni che non riguardano l&#039;elaborazione propia y de las que indique otra fuente, por lo que tampoco asume responsabilidad alguna en cuanto a hipot\u00e9ticos perjuicios que pudieran originarse por el uso de dicha informaci\u00f3n. Il titolo \u00e8 riservato e rimosso per attualizzare, modificare o eliminare l&#039;informazione contenuta in pagine Web incluse, limitar o non autorizzare l&#039;accesso a tale informazione. Se esonera al titolo de responsabilidad ante cualquier da\u00f1o o perjuicio que pudiera sufrir el Usuario come consecuencia de errores, defectos u omisiones, en la informaci\u00f3n facilitada por el titular siempre que proceda de fuentes ajenas a la misma.<\/p>\n<p><strong>14. NULIDAD PARZIALE<\/strong><\/p>\n<p>Si parte de estas condiciones generales de contrataci\u00f3n fuera contraria a derecho, y por tanto, inv\u00e1lida, no afectar\u00e1 a las otras disposiciones que son conforme a derecho, por lo tanto, las partes se comprometen a renegociar aquellas clausulas o condiciones del servicio que resultaran nulas ya incorporarlas al resto de las condiciones v\u00e1lidas.<\/p>\n<p><strong>15. GIURISDIZIONE<\/strong><\/p>\n<p>Para cuantas cuestiones se susciten sobre la interpretaci\u00f3n, aplicaci\u00f3n y cumplimiento de este Aviso Legal, as\u00ed como de las reclamaciones que puedan derivarse de su uso, todos las partes intervinientes se someten a los Jueces y Tribunales de S\/C de Tenerife, renunciando de forma expresa a cualquier otro fuero que pudiera corrispondenti.<\/p>\n<p><strong>16. LEGISLACI\u00d3N APPLICABILE<\/strong><\/p>\n<p>El Aviso Legal se rige por la ley espa\u00f1ola.<\/p>\n<p>Prenotazioni di tutti gli autori per le letture e i risultati internazionali di propriet\u00e0 intellettuale. Queda expresamente prohibida su copia, reproducci\u00f3n o difusi\u00f3n, total o parcial, por cualquier medio.<\/p>\n<\/div><\/div><\/div><\/div><\/div><\/div><\/div><\/section>","protected":false},"excerpt":{"rendered":"La presentazione del sito &quot;web&quot; \u00e8 stata eliminata da Legal Exits Worldwide SL, per un accordo e un permesso e per l&#039;accesso generale a tutti gli usi e alle informazioni, attivit\u00e0, prodotti e servizi diversi, propio o terceros, ofertados. El presente texto, regula e informa de: Dati identificativi del titolo del web Definiciones Pol\u00edtica de...","protected":false},"author":12,"featured_media":0,"parent":0,"menu_order":0,"comment_status":"closed","ping_status":"closed","template":"","meta":{"ngg_post_thumbnail":0,"footnotes":""},"class_list":["post-650","page","type-page","status-publish","hentry"],"yoast_head":"<!-- This site is optimized with the Yoast SEO plugin v26.8 - https:\/\/yoast.com\/product\/yoast-seo-wordpress\/ -->\n<title>AVISO LEGAL - Timeshare Legal Exits<\/title>\n<meta name=\"robots\" content=\"index, follow, max-snippet:-1, max-image-preview:large, max-video-preview:-1\" \/>\n<link rel=\"canonical\" href=\"https:\/\/legalexits.com\/it\/aviso-legal\/\" \/>\n<meta property=\"og:locale\" content=\"it_IT\" \/>\n<meta property=\"og:type\" content=\"article\" \/>\n<meta property=\"og:title\" content=\"AVISO LEGAL - Timeshare Legal Exits\" \/>\n<meta property=\"og:url\" content=\"https:\/\/legalexits.com\/it\/aviso-legal\/\" \/>\n<meta property=\"og:site_name\" content=\"Timeshare Legal Exits\" \/>\n<meta property=\"article:modified_time\" content=\"2022-02-07T16:10:09+00:00\" \/>\n<meta name=\"twitter:card\" content=\"summary_large_image\" \/>\n<meta name=\"twitter:label1\" content=\"Tempo di lettura stimato\" \/>\n\t<meta name=\"twitter:data1\" content=\"13 minuti\" \/>\n<script type=\"application\/ld+json\" class=\"yoast-schema-graph\">{\"@context\":\"https:\/\/schema.org\",\"@graph\":[{\"@type\":\"WebPage\",\"@id\":\"https:\/\/legalexits.com\/de\/aviso-legal\/\",\"url\":\"https:\/\/legalexits.com\/de\/aviso-legal\/\",\"name\":\"AVISO LEGAL - Timeshare Legal Exits\",\"isPartOf\":{\"@id\":\"https:\/\/legalexits.com\/#website\"},\"datePublished\":\"2021-04-07T10:49:03+00:00\",\"dateModified\":\"2022-02-07T16:10:09+00:00\",\"breadcrumb\":{\"@id\":\"https:\/\/legalexits.com\/de\/aviso-legal\/#breadcrumb\"},\"inLanguage\":\"it-IT\",\"potentialAction\":[{\"@type\":\"ReadAction\",\"target\":[\"https:\/\/legalexits.com\/de\/aviso-legal\/\"]}]},{\"@type\":\"BreadcrumbList\",\"@id\":\"https:\/\/legalexits.com\/de\/aviso-legal\/#breadcrumb\",\"itemListElement\":[{\"@type\":\"ListItem\",\"position\":1,\"name\":\"Home\",\"item\":\"https:\/\/legalexits.com\/\"},{\"@type\":\"ListItem\",\"position\":2,\"name\":\"AVISO LEGAL\"}]},{\"@type\":\"WebSite\",\"@id\":\"https:\/\/legalexits.com\/#website\",\"url\":\"https:\/\/legalexits.com\/\",\"name\":\"Timeshare Legal Exits\",\"description\":\"Relinquishing timeshare contracts legally\",\"potentialAction\":[{\"@type\":\"SearchAction\",\"target\":{\"@type\":\"EntryPoint\",\"urlTemplate\":\"https:\/\/legalexits.com\/?s={search_term_string}\"},\"query-input\":{\"@type\":\"PropertyValueSpecification\",\"valueRequired\":true,\"valueName\":\"search_term_string\"}}],\"inLanguage\":\"it-IT\"}]}<\/script>\n<!-- \/ Yoast SEO plugin. -->","yoast_head_json":{"title":"AVISO LEGAL - Uscite Legali Multipropriet\u00e0","robots":{"index":"index","follow":"follow","max-snippet":"max-snippet:-1","max-image-preview":"max-image-preview:large","max-video-preview":"max-video-preview:-1"},"canonical":"https:\/\/legalexits.com\/it\/aviso-legal\/","og_locale":"it_IT","og_type":"article","og_title":"AVISO LEGAL - Timeshare Legal Exits","og_url":"https:\/\/legalexits.com\/it\/aviso-legal\/","og_site_name":"Timeshare Legal Exits","article_modified_time":"2022-02-07T16:10:09+00:00","twitter_card":"summary_large_image","twitter_misc":{"Tempo di lettura stimato":"13 minuti"},"schema":{"@context":"https:\/\/schema.org","@graph":[{"@type":"WebPage","@id":"https:\/\/legalexits.com\/de\/aviso-legal\/","url":"https:\/\/legalexits.com\/de\/aviso-legal\/","name":"AVISO LEGAL - Uscite Legali Multipropriet\u00e0","isPartOf":{"@id":"https:\/\/legalexits.com\/#website"},"datePublished":"2021-04-07T10:49:03+00:00","dateModified":"2022-02-07T16:10:09+00:00","breadcrumb":{"@id":"https:\/\/legalexits.com\/de\/aviso-legal\/#breadcrumb"},"inLanguage":"it-IT","potentialAction":[{"@type":"ReadAction","target":["https:\/\/legalexits.com\/de\/aviso-legal\/"]}]},{"@type":"BreadcrumbList","@id":"https:\/\/legalexits.com\/de\/aviso-legal\/#breadcrumb","itemListElement":[{"@type":"ListItem","position":1,"name":"Home","item":"https:\/\/legalexits.com\/"},{"@type":"ListItem","position":2,"name":"AVISO LEGAL"}]},{"@type":"WebSite","@id":"https:\/\/legalexits.com\/#website","url":"https:\/\/legalexits.com\/","name":"Uscite legali in multipropriet\u00e0","description":"Rinunciare legalmente ai contratti di multipropriet\u00e0","potentialAction":[{"@type":"SearchAction","target":{"@type":"EntryPoint","urlTemplate":"https:\/\/legalexits.com\/?s={search_term_string}"},"query-input":{"@type":"PropertyValueSpecification","valueRequired":true,"valueName":"search_term_string"}}],"inLanguage":"it-IT"}]}},"_links":{"self":[{"href":"https:\/\/legalexits.com\/it\/wp-json\/wp\/v2\/pages\/650","targetHints":{"allow":["GET"]}}],"collection":[{"href":"https:\/\/legalexits.com\/it\/wp-json\/wp\/v2\/pages"}],"about":[{"href":"https:\/\/legalexits.com\/it\/wp-json\/wp\/v2\/types\/page"}],"author":[{"embeddable":true,"href":"https:\/\/legalexits.com\/it\/wp-json\/wp\/v2\/users\/12"}],"replies":[{"embeddable":true,"href":"https:\/\/legalexits.com\/it\/wp-json\/wp\/v2\/comments?post=650"}],"version-history":[{"count":8,"href":"https:\/\/legalexits.com\/it\/wp-json\/wp\/v2\/pages\/650\/revisions"}],"predecessor-version":[{"id":1754,"href":"https:\/\/legalexits.com\/it\/wp-json\/wp\/v2\/pages\/650\/revisions\/1754"}],"wp:attachment":[{"href":"https:\/\/legalexits.com\/it\/wp-json\/wp\/v2\/media?parent=650"}],"curies":[{"name":"wp","href":"https:\/\/api.w.org\/{rel}","templated":true}]}}