{"id":654,"date":"2021-04-07T11:33:17","date_gmt":"2021-04-07T11:33:17","guid":{"rendered":"https:\/\/legalexits.com\/?page_id=654"},"modified":"2021-09-30T14:14:48","modified_gmt":"2021-09-30T14:14:48","slug":"proteccion-de-datos","status":"publish","type":"page","link":"https:\/\/legalexits.com\/it\/proteccion-de-datos\/","title":{"rendered":"Protezione dei dati"},"content":{"rendered":"<section class=\"l-section wpb_row height_custom\"><div class=\"l-section-h i-cf\"><div class=\"g-cols vc_row via_flex valign_top type_default stacking_default\"><div class=\"vc_col-sm-12 wpb_column vc_column_container\"><div class=\"vc_column-inner\"><div class=\"wpb_wrapper\"><div class=\"wpb_text_column\"><div class=\"wpb_wrapper\"><p><strong><em>Protezione dati<\/em><\/strong><\/p>\n<p><em>&nbsp;<\/em><\/p>\n<p><em>Selezionando la casella, accetti la politica di protezione dei dati.<\/em><\/p>\n<p><em>In conformit\u00e0 con la normativa vigente in materia di Protezione dei Dati Personali, Ti informiamo che i dati forniti nel form cos\u00ec come il tuo indirizzo email, fanno parte del database di Viking Real Estate &amp; Consultants S.L.U.<\/em><\/p>\n<p><em>Lo scopo \u00e8 per la gestione interna, professionale, commerciale e la lealt\u00e0, nonch\u00e9 la risposta alle domande sollevate. Allo stesso modo, il tuo account e-mail verr\u00e0 memorizzato per inviare informazioni sulla nostra attivit\u00e0. <\/em><\/p>\n<p><em>Il tuo account e-mail verr\u00e0 conservato a tempo indeterminato fino a quando non ne richiedi la cancellazione.<\/em><\/p>\n<p><em>Se non desideri ricevere maggiori informazioni, in seguito, sui nostri prodotti o servizi, puoi annullare l'iscrizione al seguente indirizzo email dpd@viking-realestate.com, indicando nell'oggetto \"unsubscribe\" o \"non inviare email\", oppure seguendo le istruzioni in fondo all'email ricevuta o nel formato ricevuto.<\/em><\/p>\n<p><em>\u00c8 possibile consultare le informazioni aggiuntive e dettagliate sulla protezione dei dati sul nostro sito Web: <\/em><a href=\"http:\/\/vikingrealestates.avisolegal.info\/\"><em>http:\/\/vikingrealestates.avisolegal.info\/<\/em><\/a><em>. <\/em><\/p>\n<\/div><\/div><\/div><\/div><\/div><\/div><\/div><\/section>","protected":false},"excerpt":{"rendered":"Protezione dei dati Selezionando la casella si accetta la politica di protezione dei dati. In ottemperanza alla normativa vigente in materia di Protezione dei Dati Personali, La informiamo che i dati forniti nel form cos\u00ec come il Suo indirizzo email, fanno parte del database di Viking Real Estate &amp; Consultants SLU La finalit\u00e0...","protected":false},"author":12,"featured_media":0,"parent":0,"menu_order":0,"comment_status":"closed","ping_status":"closed","template":"","meta":{"ngg_post_thumbnail":0,"footnotes":""},"class_list":["post-654","page","type-page","status-publish","hentry"],"yoast_head":"<!-- This site is optimized with the Yoast SEO plugin v26.8 - https:\/\/yoast.com\/product\/yoast-seo-wordpress\/ -->\n<title>Data Protection - Timeshare Legal Exits<\/title>\n<meta name=\"robots\" content=\"index, follow, max-snippet:-1, max-image-preview:large, max-video-preview:-1\" \/>\n<link rel=\"canonical\" href=\"https:\/\/legalexits.com\/it\/proteccion-de-datos\/\" \/>\n<meta property=\"og:locale\" content=\"it_IT\" \/>\n<meta property=\"og:type\" content=\"article\" \/>\n<meta property=\"og:title\" content=\"Data Protection - Timeshare Legal Exits\" \/>\n<meta property=\"og:url\" content=\"https:\/\/legalexits.com\/it\/proteccion-de-datos\/\" \/>\n<meta property=\"og:site_name\" content=\"Timeshare Legal Exits\" \/>\n<meta property=\"article:modified_time\" content=\"2021-09-30T14:14:48+00:00\" \/>\n<meta name=\"twitter:card\" content=\"summary_large_image\" \/>\n<meta name=\"twitter:label1\" content=\"Tempo di lettura stimato\" \/>\n\t<meta name=\"twitter:data1\" content=\"1 minuto\" \/>\n<script type=\"application\/ld+json\" class=\"yoast-schema-graph\">{\"@context\":\"https:\/\/schema.org\",\"@graph\":[{\"@type\":\"WebPage\",\"@id\":\"https:\/\/legalexits.com\/es\/proteccion-de-datos\/\",\"url\":\"https:\/\/legalexits.com\/es\/proteccion-de-datos\/\",\"name\":\"Data Protection - Timeshare Legal Exits\",\"isPartOf\":{\"@id\":\"https:\/\/legalexits.com\/#website\"},\"datePublished\":\"2021-04-07T11:33:17+00:00\",\"dateModified\":\"2021-09-30T14:14:48+00:00\",\"breadcrumb\":{\"@id\":\"https:\/\/legalexits.com\/es\/proteccion-de-datos\/#breadcrumb\"},\"inLanguage\":\"it-IT\",\"potentialAction\":[{\"@type\":\"ReadAction\",\"target\":[\"https:\/\/legalexits.com\/es\/proteccion-de-datos\/\"]}]},{\"@type\":\"BreadcrumbList\",\"@id\":\"https:\/\/legalexits.com\/es\/proteccion-de-datos\/#breadcrumb\",\"itemListElement\":[{\"@type\":\"ListItem\",\"position\":1,\"name\":\"Home\",\"item\":\"https:\/\/legalexits.com\/\"},{\"@type\":\"ListItem\",\"position\":2,\"name\":\"Data Protection\"}]},{\"@type\":\"WebSite\",\"@id\":\"https:\/\/legalexits.com\/#website\",\"url\":\"https:\/\/legalexits.com\/\",\"name\":\"Timeshare Legal Exits\",\"description\":\"Relinquishing timeshare contracts legally\",\"potentialAction\":[{\"@type\":\"SearchAction\",\"target\":{\"@type\":\"EntryPoint\",\"urlTemplate\":\"https:\/\/legalexits.com\/?s={search_term_string}\"},\"query-input\":{\"@type\":\"PropertyValueSpecification\",\"valueRequired\":true,\"valueName\":\"search_term_string\"}}],\"inLanguage\":\"it-IT\"}]}<\/script>\n<!-- \/ Yoast SEO plugin. -->","yoast_head_json":{"title":"Protezione dei dati - Uscite legali in multipropriet\u00e0","robots":{"index":"index","follow":"follow","max-snippet":"max-snippet:-1","max-image-preview":"max-image-preview:large","max-video-preview":"max-video-preview:-1"},"canonical":"https:\/\/legalexits.com\/it\/proteccion-de-datos\/","og_locale":"it_IT","og_type":"article","og_title":"Data Protection - Timeshare Legal Exits","og_url":"https:\/\/legalexits.com\/it\/proteccion-de-datos\/","og_site_name":"Timeshare Legal Exits","article_modified_time":"2021-09-30T14:14:48+00:00","twitter_card":"summary_large_image","twitter_misc":{"Tempo di lettura stimato":"1 minuto"},"schema":{"@context":"https:\/\/schema.org","@graph":[{"@type":"WebPage","@id":"https:\/\/legalexits.com\/es\/proteccion-de-datos\/","url":"https:\/\/legalexits.com\/es\/proteccion-de-datos\/","name":"Protezione dei dati - Uscite legali in multipropriet\u00e0","isPartOf":{"@id":"https:\/\/legalexits.com\/#website"},"datePublished":"2021-04-07T11:33:17+00:00","dateModified":"2021-09-30T14:14:48+00:00","breadcrumb":{"@id":"https:\/\/legalexits.com\/es\/proteccion-de-datos\/#breadcrumb"},"inLanguage":"it-IT","potentialAction":[{"@type":"ReadAction","target":["https:\/\/legalexits.com\/es\/proteccion-de-datos\/"]}]},{"@type":"BreadcrumbList","@id":"https:\/\/legalexits.com\/es\/proteccion-de-datos\/#breadcrumb","itemListElement":[{"@type":"ListItem","position":1,"name":"Home","item":"https:\/\/legalexits.com\/"},{"@type":"ListItem","position":2,"name":"Data Protection"}]},{"@type":"WebSite","@id":"https:\/\/legalexits.com\/#website","url":"https:\/\/legalexits.com\/","name":"Uscite legali in multipropriet\u00e0","description":"Rinunciare legalmente ai contratti di multipropriet\u00e0","potentialAction":[{"@type":"SearchAction","target":{"@type":"EntryPoint","urlTemplate":"https:\/\/legalexits.com\/?s={search_term_string}"},"query-input":{"@type":"PropertyValueSpecification","valueRequired":true,"valueName":"search_term_string"}}],"inLanguage":"it-IT"}]}},"_links":{"self":[{"href":"https:\/\/legalexits.com\/it\/wp-json\/wp\/v2\/pages\/654","targetHints":{"allow":["GET"]}}],"collection":[{"href":"https:\/\/legalexits.com\/it\/wp-json\/wp\/v2\/pages"}],"about":[{"href":"https:\/\/legalexits.com\/it\/wp-json\/wp\/v2\/types\/page"}],"author":[{"embeddable":true,"href":"https:\/\/legalexits.com\/it\/wp-json\/wp\/v2\/users\/12"}],"replies":[{"embeddable":true,"href":"https:\/\/legalexits.com\/it\/wp-json\/wp\/v2\/comments?post=654"}],"version-history":[{"count":6,"href":"https:\/\/legalexits.com\/it\/wp-json\/wp\/v2\/pages\/654\/revisions"}],"predecessor-version":[{"id":1894,"href":"https:\/\/legalexits.com\/it\/wp-json\/wp\/v2\/pages\/654\/revisions\/1894"}],"wp:attachment":[{"href":"https:\/\/legalexits.com\/it\/wp-json\/wp\/v2\/media?parent=654"}],"curies":[{"name":"wp","href":"https:\/\/api.w.org\/{rel}","templated":true}]}}