{"id":12,"date":"2021-02-26T11:49:24","date_gmt":"2021-02-26T11:49:24","guid":{"rendered":"https:\/\/legalexits.com\/?page_id=12"},"modified":"2026-03-18T14:35:43","modified_gmt":"2026-03-18T14:35:43","slug":"home","status":"publish","type":"page","link":"https:\/\/legalexits.com\/nb\/","title":{"rendered":"Hjem"},"content":{"rendered":"<section class=\"l-section wpb_row us_custom_165d319d height_huge width_full color_primary with_img with_shape\"><div class=\"l-section-img\" role=\"img\" aria-label=\"Bilde\" data-img-width=\"1900\" data-img-height=\"1200\" style=\"background-image: url(https:\/\/legalexits.com\/wp-content\/uploads\/2021\/03\/d4_slide_01.jpg);background-position: top center;\"><\/div><div class=\"l-section-shape type_custom pos_top\" style=\"height:1vh;color:#ffffff\"><svg xmlns=\"http:\/\/www.w3.org\/2000\/svg\" viewbox=\"0 0 64 8\" preserveaspectratio=\"none\" width=\"100%\" height=\"100%\">\r\n\t<path fill=\"currentColor\" d=\"M64 8 L0 8 L0 0 L64 0 Z\"\/>\r\n<\/svg><\/div><div class=\"l-section-shape type_custom pos_bottom\" style=\"height:3vh;color:#ffffff\"><svg xmlns=\"http:\/\/www.w3.org\/2000\/svg\" viewbox=\"0 0 64 8\" preserveaspectratio=\"none\" width=\"100%\" height=\"100%\">\r\n\t<path fill=\"currentColor\" d=\"M64 8 L0 8 L0 0 L64 0 Z\"\/>\r\n<\/svg><\/div><div class=\"l-section-h i-cf\"><div class=\"g-cols vc_row via_flex valign_top type_default stacking_default\"><div class=\"vc_col-sm-12 wpb_column vc_column_container\"><div class=\"vc_column-inner\"><div class=\"wpb_wrapper\"><div class=\"w-separator size_custom\" style=\"height:150px\" id=\"y804\"><style>@media(max-width:714px){ #y804{height:100px!important}}<\/style><\/div><\/div><\/div><\/div><div class=\"vc_col-sm-12 wpb_column vc_column_container\"><div class=\"vc_column-inner\"><div class=\"wpb_wrapper\"><div class=\"wpb_text_column us_custom_975078c2\"><div class=\"wpb_wrapper\"><h1 style=\"text-align: center;\">Velkommen til Legal Exits<\/h1>\n<\/div><\/div><div class=\"w-separator size_custom\" style=\"height:10px\"><\/div><div class=\"w-btn-wrapper align_center\"><a class=\"w-btn us-btn-style_1 us_custom_206df7d9 icon_atleft\" title=\"Se brosjyre\" target=\"_blank\" rel=\"nofollow\" href=\"https:\/\/legalexits.com\/wp-content\/uploads\/2021\/04\/Legal-Exits-Worldwide-v1.pdf\"><i class=\"material-icons\">beskrivelse<\/i><span class=\"w-btn-label\">Se brosjyre<\/span><\/a><\/div><div class=\"w-separator size_custom\" style=\"height:50px\"><\/div><\/div><\/div><\/div><\/div><\/div><\/section><section class=\"l-section wpb_row height_auto\"><div class=\"l-section-h i-cf\"><div class=\"g-cols vc_row via_flex valign_top type_default stacking_default\"><div class=\"vc_col-sm-12 wpb_column vc_column_container\"><div class=\"vc_column-inner\"><div class=\"wpb_wrapper\"><div class=\"wpb_text_column us_custom_bdf96d4d has_text_color\"><div class=\"wpb_wrapper\"><p style=\"text-align: left;\"><strong><span style=\"text-decoration: underline;\">Velkommen til Legal Exits<\/span><\/strong>, din betrodde juridiske partner p\u00e5 Tenerife. V\u00e5rt firma er dedikert til \u00e5 kjempe for rettighetene til v\u00e5re kunder med en standhaftig forpliktelse til rettferdighet og integritet.<\/p>\n<p style=\"text-align: left;\">Med mange \u00e5rs erfaring og et team av advokater p\u00e5 toppniv\u00e5, spesialiserer vi oss p\u00e5 \u00e5 navigere i komplekse juridiske saker, inkludert de p\u00e5g\u00e5ende likvidasjonene. V\u00e5rt oppdrag er \u00e5 gi uovertruffen juridisk representasjon og strategisk veiledning skreddersydd til hver klients unike behov.<\/p>\n<\/div><\/div><\/div><\/div><\/div><\/div><\/div><\/section><section class=\"l-section wpb_row height_auto\"><div class=\"l-section-h i-cf\"><div class=\"g-cols vc_row via_flex valign_top type_default stacking_default\"><div class=\"vc_col-sm-6 wpb_column vc_column_container\"><div class=\"vc_column-inner\"><div class=\"wpb_wrapper\"><div class=\"wpb_text_column us_custom_e8c76630 has_text_color\"><div class=\"wpb_wrapper\"><p style=\"text-align: left;\"><strong><span style=\"text-decoration: underline;\">M\u00f8t v\u00e5re advokater:<\/span><\/strong> L\u00e6r mer om de dyktige fagfolkene som utgj\u00f8r v\u00e5rt anerkjente team av advokater.<\/p>\n<\/div><\/div><div class=\"w-btn-wrapper align_none\"><a class=\"w-btn us-btn-style_1\" title=\"V\u00e5re advokater\" target=\"_blank\" rel=\"nofollow\" href=\"https:\/\/legalexits.com\/nb\/our-lawyers\/\"><span class=\"w-btn-label\">V\u00e5re advokater<\/span><\/a><\/div><\/div><\/div><\/div><div class=\"vc_col-sm-6 wpb_column vc_column_container\"><div class=\"vc_column-inner\"><div class=\"wpb_wrapper\"><div class=\"wpb_text_column us_custom_e8c76630 has_text_color\"><div class=\"wpb_wrapper\"><p style=\"text-align: left;\"><span style=\"text-decoration: underline;\"><strong>V\u00e5rt oppdrag:<\/strong><\/span> Oppdag firmaets kjerneverdier og forpliktelse til fortreffelighet innen juridisk bistand.<\/p>\n<\/div><\/div><div class=\"w-btn-wrapper align_none\"><a class=\"w-btn us-btn-style_1 us_custom_50cc7d67\" title=\"V\u00e5re advokater\" target=\"_blank\" rel=\"nofollow\" href=\"https:\/\/legalexits.com\/nb\/our-company\/\"><span class=\"w-btn-label\">V\u00e5rt oppdrag<\/span><\/a><\/div><\/div><\/div><\/div><\/div><\/div><\/section><section class=\"l-section wpb_row height_auto\"><div class=\"l-section-h i-cf\"><div class=\"g-cols vc_row via_flex valign_top type_default stacking_default\"><div class=\"vc_col-sm-12 wpb_column vc_column_container\"><div class=\"vc_column-inner\"><div class=\"wpb_wrapper\"><div class=\"wpb_text_column us_custom_f5e8d523 has_text_color\"><div class=\"wpb_wrapper\"><p style=\"text-align: left;\">Hos Legal Exits tror vi p\u00e5 \u00e5penhet, kommunikasjon og resultater. Stol p\u00e5 at vi taler hardt p\u00e5 dine vegne og beskytter rettighetene dine hvert trinn p\u00e5 veien.<\/p>\n<\/div><\/div><\/div><\/div><\/div><div class=\"vc_col-sm-12 wpb_column vc_column_container\"><div class=\"vc_column-inner\"><div class=\"wpb_wrapper\"><\/div><\/div><\/div><\/div><\/div><\/section><section class=\"l-section wpb_row height_custom with_img\"><div class=\"l-section-img\" role=\"img\" aria-label=\"Bilde\" data-img-width=\"2560\" data-img-height=\"1708\" style=\"background-image: url(https:\/\/legalexits.com\/wp-content\/uploads\/2021\/03\/AdobeStock_315418289-purchased-scaled.jpeg);background-position: top center;\"><\/div><div class=\"l-section-overlay\" style=\"background:rgba(0,0,77,0.75)\"><\/div><div class=\"l-section-h i-cf\"><div class=\"g-cols vc_row via_flex valign_top type_default stacking_default\"><div class=\"vc_col-sm-12 wpb_column vc_column_container\"><div class=\"vc_column-inner\"><div class=\"wpb_wrapper\"><div class=\"wpb_text_column us_custom_6df4bc3a has_text_color\"><div class=\"wpb_wrapper\"><h1 style=\"text-align: center;\">Start foresp\u00f8rselen din i dag!<\/h1>\n<p>&nbsp;<\/p>\n<\/div><\/div><div class=\"w-separator size_medium\"><\/div><div class=\"g-cols wpb_row via_flex valign_top type_default stacking_default\"><div class=\"vc_col-sm-4 wpb_column vc_column_container\"><div class=\"vc_column-inner\"><div class=\"wpb_wrapper\"><div class=\"w-iconbox us_custom_6df4bc3a has_text_color iconpos_top style_outlined color_custom align_center\"><div class=\"w-iconbox-icon\" style=\"font-size:2rem;--icon-color:#ffffff;--icon-bg-color:#ffffff;\"><i class=\"fas fa-gavel\"><\/i><\/div><div class=\"w-iconbox-meta\"><h4 class=\"w-iconbox-title\">Avst\u00e5else av timeshare<\/h4><div class=\"w-iconbox-text\"><p style=\"text-align: center;\">Hvis du \u00f8nsker \u00e5 gi fra deg timeshare, bruk v\u00e5rt avst\u00e5elsesskjema og du vil motta ytterligere informasjon spesifikk for ditt eierskap.<\/p>\n<p>\u00a0<\/p>\n<\/div><\/div><\/div><\/div><\/div><\/div><div class=\"vc_col-sm-4 wpb_column vc_column_container\"><div class=\"vc_column-inner\"><div class=\"wpb_wrapper\"><\/div><\/div><\/div><div class=\"vc_col-sm-4 wpb_column vc_column_container\"><div class=\"vc_column-inner\"><div class=\"wpb_wrapper\"><div class=\"w-iconbox us_custom_6df4bc3a has_text_color iconpos_top style_outlined color_custom align_center\"><div class=\"w-iconbox-icon\" style=\"font-size:2rem;--icon-color:#ffffff;--icon-bg-color:#ffffff;\"><i class=\"fas fa-balance-scale\"><\/i><\/div><div class=\"w-iconbox-meta\"><h4 class=\"w-iconbox-title\">Berettigelse til kompensasjon<\/h4><div class=\"w-iconbox-text\"><p style=\"text-align: center;\">Sjekk og se om du er berettiget til kompensasjon i dag! Bare klikk p\u00e5 knappen nedenfor for \u00e5 avtale en gratis og uforpliktende samtale.<\/p>\n<p>\u00a0<\/p>\n<\/div><\/div><\/div><\/div><\/div><\/div><div class=\"vc_col-sm-12 wpb_column vc_column_container\"><div class=\"vc_column-inner\"><div class=\"wpb_wrapper\"><\/div><\/div><\/div><\/div><div class=\"w-separator size_large\"><\/div><div class=\"g-cols wpb_row via_flex valign_middle type_default stacking_default\"><div class=\"vc_col-sm-6 wpb_column vc_column_container\"><div class=\"vc_column-inner\"><div class=\"wpb_wrapper\"><div class=\"w-actionbox us_custom_bcfd46c8 color_primary controls_bottom\"><div class=\"w-actionbox-text\"><h2 class=\"w-actionbox-title\">Oppsigelsesskjema<\/h2><\/div><div class=\"w-actionbox-controls\"><a class=\"w-btn us-btn-style_3\" href=\"https:\/\/legalexits.com\/nb\/timeshare-relinquishment-form\/\"><span class=\"w-btn-label\">Fullf\u00f8r skjema<\/span><\/a><\/div><\/div><\/div><\/div><\/div><div class=\"vc_col-sm-6 wpb_column vc_column_container\"><div class=\"vc_column-inner\"><div class=\"wpb_wrapper\"><div class=\"w-actionbox us_custom_bcfd46c8 color_primary controls_bottom\"><div class=\"w-actionbox-text\"><h2 class=\"w-actionbox-title\">Berettigelse til kompensasjon<\/h2><\/div><div class=\"w-actionbox-controls\"><a class=\"w-btn us-btn-style_3\" href=\"https:\/\/legalexits.com\/nb\/compensation-eligibility\/\"><span class=\"w-btn-label\">Sjekk kvalifisering<\/span><\/a><\/div><\/div><\/div><\/div><\/div><\/div><\/div><\/div><\/div><\/div><\/div><\/section><section class=\"l-section wpb_row us_custom_8cd4af33 height_small width_full\"><div class=\"l-section-h i-cf\"><div class=\"g-cols vc_row via_flex valign_top type_default stacking_default\"><div class=\"vc_col-sm-12 wpb_column vc_column_container has_bg_color stretched\"><div class=\"vc_column-inner us_custom_8cd4af33\"><div class=\"wpb_wrapper\"><div class=\"w-separator size_medium\"><\/div><div class=\"w-actionbox us_custom_0998e206 has_text_color color_primary controls_bottom\"><div class=\"w-actionbox-text\"><h2 class=\"w-actionbox-title\">Be om konsultasjon<\/h2><\/div><div class=\"w-actionbox-controls\"><a class=\"w-btn us-btn-style_3\" href=\"https:\/\/legalexits.com\/nb\/contact-us\/\"><span class=\"w-btn-label\">Klikk p\u00e5 meg<\/span><\/a><\/div><\/div><\/div><\/div><\/div><\/div><\/div><\/section>","protected":false},"excerpt":{"rendered":"Welcome to Legal Exits descriptionSee Brochure Welcome to Legal Exits, your trusted legal partner in Tenerife. Our firm is dedicated to fighting for the rights of our clients with a steadfast commitment to justice and integrity. With years of experience and a team of top-tier lawyers, we specialize in navigating complex legal matters, including the...","protected":false},"author":12,"featured_media":1816,"parent":0,"menu_order":0,"comment_status":"closed","ping_status":"closed","template":"","meta":{"ngg_post_thumbnail":0,"footnotes":""},"class_list":["post-12","page","type-page","status-publish","has-post-thumbnail","hentry"],"yoast_head":"<!-- This site is optimized with the Yoast SEO plugin v26.8 - https:\/\/yoast.com\/product\/yoast-seo-wordpress\/ -->\n<title>Home - Timeshare Legal Exits<\/title>\n<meta name=\"description\" content=\"If you wish to relinquish your timeshare, use our relinquishment form and you will receive further information specific to your ownership\" \/>\n<meta name=\"robots\" content=\"index, follow, max-snippet:-1, max-image-preview:large, max-video-preview:-1\" \/>\n<link rel=\"canonical\" href=\"https:\/\/legalexits.com\/nb\/\" \/>\n<meta property=\"og:locale\" content=\"nb_NO\" \/>\n<meta property=\"og:type\" content=\"article\" \/>\n<meta property=\"og:title\" content=\"Home - Timeshare Legal Exits\" \/>\n<meta property=\"og:description\" content=\"If you wish to relinquish your timeshare, use our relinquishment form and you will receive further information specific to your ownership\" \/>\n<meta property=\"og:url\" content=\"https:\/\/legalexits.com\/nb\/\" \/>\n<meta property=\"og:site_name\" content=\"Timeshare Legal Exits\" \/>\n<meta property=\"article:modified_time\" content=\"2026-03-18T14:35:43+00:00\" \/>\n<meta property=\"og:image\" content=\"https:\/\/legalexits.com\/wp-content\/uploads\/2022\/06\/Diseno-sin-titulo-20.png\" \/>\n\t<meta property=\"og:image:width\" content=\"1200\" \/>\n\t<meta property=\"og:image:height\" content=\"630\" \/>\n\t<meta property=\"og:image:type\" content=\"image\/png\" \/>\n<meta name=\"twitter:card\" content=\"summary_large_image\" \/>\n<meta name=\"twitter:image\" content=\"https:\/\/legalexits.com\/wp-content\/uploads\/2022\/06\/Diseno-sin-titulo-20.png\" \/>\n<meta name=\"twitter:label1\" content=\"Ansl. lesetid\" \/>\n\t<meta name=\"twitter:data1\" content=\"3 minutter\" \/>\n<script type=\"application\/ld+json\" class=\"yoast-schema-graph\">{\"@context\":\"https:\/\/schema.org\",\"@graph\":[{\"@type\":\"WebPage\",\"@id\":\"https:\/\/legalexits.com\/\",\"url\":\"https:\/\/legalexits.com\/\",\"name\":\"Home - Timeshare Legal Exits\",\"isPartOf\":{\"@id\":\"https:\/\/legalexits.com\/#website\"},\"primaryImageOfPage\":{\"@id\":\"https:\/\/legalexits.com\/#primaryimage\"},\"image\":{\"@id\":\"https:\/\/legalexits.com\/#primaryimage\"},\"thumbnailUrl\":\"https:\/\/legalexits.com\/wp-content\/uploads\/2022\/06\/Diseno-sin-titulo-20.png\",\"datePublished\":\"2021-02-26T11:49:24+00:00\",\"dateModified\":\"2026-03-18T14:35:43+00:00\",\"description\":\"If you wish to relinquish your timeshare, use our relinquishment form and you will receive further information specific to your ownership\",\"breadcrumb\":{\"@id\":\"https:\/\/legalexits.com\/#breadcrumb\"},\"inLanguage\":\"nb-NO\",\"potentialAction\":[{\"@type\":\"ReadAction\",\"target\":[\"https:\/\/legalexits.com\/\"]}]},{\"@type\":\"ImageObject\",\"inLanguage\":\"nb-NO\",\"@id\":\"https:\/\/legalexits.com\/#primaryimage\",\"url\":\"https:\/\/legalexits.com\/wp-content\/uploads\/2022\/06\/Diseno-sin-titulo-20.png\",\"contentUrl\":\"https:\/\/legalexits.com\/wp-content\/uploads\/2022\/06\/Diseno-sin-titulo-20.png\",\"width\":1200,\"height\":630},{\"@type\":\"BreadcrumbList\",\"@id\":\"https:\/\/legalexits.com\/#breadcrumb\",\"itemListElement\":[{\"@type\":\"ListItem\",\"position\":1,\"name\":\"Home\",\"item\":\"https:\/\/legalexits.com\/\"},{\"@type\":\"ListItem\",\"position\":2,\"name\":\"Home\"}]},{\"@type\":\"WebSite\",\"@id\":\"https:\/\/legalexits.com\/#website\",\"url\":\"https:\/\/legalexits.com\/\",\"name\":\"Timeshare Legal Exits\",\"description\":\"Relinquishing timeshare contracts legally\",\"potentialAction\":[{\"@type\":\"SearchAction\",\"target\":{\"@type\":\"EntryPoint\",\"urlTemplate\":\"https:\/\/legalexits.com\/?s={search_term_string}\"},\"query-input\":{\"@type\":\"PropertyValueSpecification\",\"valueRequired\":true,\"valueName\":\"search_term_string\"}}],\"inLanguage\":\"nb-NO\"}]}<\/script>\n<!-- \/ Yoast SEO plugin. -->","yoast_head_json":{"title":"Hjem - Timeshare Legal Exits","description":"Hvis du \u00f8nsker \u00e5 gi fra deg timeshare, bruk v\u00e5rt tilbakemeldingsskjema og du vil motta ytterligere informasjon spesifikk for ditt eierskap","robots":{"index":"index","follow":"follow","max-snippet":"max-snippet:-1","max-image-preview":"max-image-preview:large","max-video-preview":"max-video-preview:-1"},"canonical":"https:\/\/legalexits.com\/nb\/","og_locale":"nb_NO","og_type":"article","og_title":"Home - Timeshare Legal Exits","og_description":"If you wish to relinquish your timeshare, use our relinquishment form and you will receive further information specific to your ownership","og_url":"https:\/\/legalexits.com\/nb\/","og_site_name":"Timeshare Legal Exits","article_modified_time":"2026-03-18T14:35:43+00:00","og_image":[{"width":1200,"height":630,"url":"https:\/\/legalexits.com\/wp-content\/uploads\/2022\/06\/Diseno-sin-titulo-20.png","type":"image\/png"}],"twitter_card":"summary_large_image","twitter_image":"https:\/\/legalexits.com\/wp-content\/uploads\/2022\/06\/Diseno-sin-titulo-20.png","twitter_misc":{"Ansl. lesetid":"3 minutter"},"schema":{"@context":"https:\/\/schema.org","@graph":[{"@type":"WebPage","@id":"https:\/\/legalexits.com\/","url":"https:\/\/legalexits.com\/","name":"Hjem - Timeshare Legal Exits","isPartOf":{"@id":"https:\/\/legalexits.com\/#website"},"primaryImageOfPage":{"@id":"https:\/\/legalexits.com\/#primaryimage"},"image":{"@id":"https:\/\/legalexits.com\/#primaryimage"},"thumbnailUrl":"https:\/\/legalexits.com\/wp-content\/uploads\/2022\/06\/Diseno-sin-titulo-20.png","datePublished":"2021-02-26T11:49:24+00:00","dateModified":"2026-03-18T14:35:43+00:00","description":"Hvis du \u00f8nsker \u00e5 gi fra deg timeshare, bruk v\u00e5rt tilbakemeldingsskjema og du vil motta ytterligere informasjon spesifikk for ditt eierskap","breadcrumb":{"@id":"https:\/\/legalexits.com\/#breadcrumb"},"inLanguage":"nb-NO","potentialAction":[{"@type":"ReadAction","target":["https:\/\/legalexits.com\/"]}]},{"@type":"ImageObject","inLanguage":"nb-NO","@id":"https:\/\/legalexits.com\/#primaryimage","url":"https:\/\/legalexits.com\/wp-content\/uploads\/2022\/06\/Diseno-sin-titulo-20.png","contentUrl":"https:\/\/legalexits.com\/wp-content\/uploads\/2022\/06\/Diseno-sin-titulo-20.png","width":1200,"height":630},{"@type":"BreadcrumbList","@id":"https:\/\/legalexits.com\/#breadcrumb","itemListElement":[{"@type":"ListItem","position":1,"name":"Home","item":"https:\/\/legalexits.com\/"},{"@type":"ListItem","position":2,"name":"Home"}]},{"@type":"WebSite","@id":"https:\/\/legalexits.com\/#website","url":"https:\/\/legalexits.com\/","name":"Timeshare Legal Exits","description":"\u00c5 gi fra seg timeshare-kontrakter p\u00e5 lovlig vis","potentialAction":[{"@type":"SearchAction","target":{"@type":"EntryPoint","urlTemplate":"https:\/\/legalexits.com\/?s={search_term_string}"},"query-input":{"@type":"PropertyValueSpecification","valueRequired":true,"valueName":"search_term_string"}}],"inLanguage":"nb-NO"}]}},"_links":{"self":[{"href":"https:\/\/legalexits.com\/nb\/wp-json\/wp\/v2\/pages\/12","targetHints":{"allow":["GET"]}}],"collection":[{"href":"https:\/\/legalexits.com\/nb\/wp-json\/wp\/v2\/pages"}],"about":[{"href":"https:\/\/legalexits.com\/nb\/wp-json\/wp\/v2\/types\/page"}],"author":[{"embeddable":true,"href":"https:\/\/legalexits.com\/nb\/wp-json\/wp\/v2\/users\/12"}],"replies":[{"embeddable":true,"href":"https:\/\/legalexits.com\/nb\/wp-json\/wp\/v2\/comments?post=12"}],"version-history":[{"count":196,"href":"https:\/\/legalexits.com\/nb\/wp-json\/wp\/v2\/pages\/12\/revisions"}],"predecessor-version":[{"id":2406,"href":"https:\/\/legalexits.com\/nb\/wp-json\/wp\/v2\/pages\/12\/revisions\/2406"}],"wp:featuredmedia":[{"embeddable":true,"href":"https:\/\/legalexits.com\/nb\/wp-json\/wp\/v2\/media\/1816"}],"wp:attachment":[{"href":"https:\/\/legalexits.com\/nb\/wp-json\/wp\/v2\/media?parent=12"}],"curies":[{"name":"wp","href":"https:\/\/api.w.org\/{rel}","templated":true}]}}