{"id":1222,"date":"2021-10-11T13:14:15","date_gmt":"2021-10-11T13:14:15","guid":{"rendered":"https:\/\/legalexits.com\/terms-and-conditions\/"},"modified":"2021-10-11T13:14:15","modified_gmt":"2021-10-11T13:14:15","slug":"terms-and-conditions","status":"publish","type":"page","link":"https:\/\/legalexits.com\/nb\/terms-and-conditions\/","title":{"rendered":"Vilk\u00e5r og betingelser"},"content":{"rendered":"<h1>Timeshare Legal Exits Affiliate Program Vilk\u00e5r for bruk<\/h1>\n<h2>Avtale<\/h2>\n<p>Ved \u00e5 registrere deg for \u00e5 v\u00e6re en affiliate i Timeshare Legal Exits Affiliate Program (&quot;Program&quot;) godtar du \u00e5 v\u00e6re bundet av f\u00f8lgende vilk\u00e5r og betingelser (&quot;Tjenestevilk\u00e5r&quot;).<\/p>\n<p><strong>Timeshare Legal Exits<\/strong> forbeholder seg retten til \u00e5 oppdatere og endre vilk\u00e5rene for bruk fra tid til annen uten varsel. Alle nye funksjoner som forsterker eller forbedrer det n\u00e5v\u00e6rende programmet, inkludert utgivelsen av nye verkt\u00f8y og ressurser, skal v\u00e6re underlagt vilk\u00e5rene for bruk. Fortsatt bruk av programmet etter slike endringer skal utgj\u00f8re ditt samtykke til slike endringer.<\/p>\n<p>Brudd p\u00e5 noen av vilk\u00e5rene nedenfor vil resultere i oppsigelse av kontoen din og tap av eventuelle utest\u00e5ende provisjonsbetalinger fra tilknyttede selskaper opptjent under bruddet. Du godtar \u00e5 bruke affiliateprogrammet p\u00e5 egen risiko.<\/p>\n<h2>Kontovilk\u00e5r<\/h2>\n<ul>\n<li>Du m\u00e5 v\u00e6re 18 \u00e5r eller eldre for \u00e5 v\u00e6re en del av dette programmet.<\/li>\n<li>Du m\u00e5 bo i USA for \u00e5 v\u00e6re en affiliate.<\/li>\n<li>Du m\u00e5 v\u00e6re et menneske. Kontoer registrert av &quot;bots&quot; eller andre automatiserte metoder er ikke tillatt.<\/li>\n<li>Du m\u00e5 oppgi ditt juridiske fulle navn, en gyldig e-postadresse og all annen informasjon som kreves for \u00e5 fullf\u00f8re registreringsprosessen.<\/li>\n<li>P\u00e5loggingen din kan bare brukes av \u00e9n person \u2013 en enkelt p\u00e5logging som deles av flere personer er ikke tillatt.<\/li>\n<li>Du er ansvarlig for \u00e5 opprettholde sikkerheten til kontoen din og passordet ditt. <strong>Timeshare Legal Exits<\/strong> kan ikke og vil ikke v\u00e6re ansvarlig for tap eller skade fra din manglende overholdelse av denne sikkerhetsforpliktelsen.<\/li>\n<li>Du er ansvarlig for alt innhold som legges ut og aktivitet som skjer under kontoen din.<\/li>\n<li>\u00c9n person eller juridisk enhet kan ikke ha mer enn \u00e9n konto.<\/li>\n<li>Du kan ikke bruke tilknyttede programmet til ulovlige eller uautoriserte form\u00e5l. Du m\u00e5 ikke, ved bruk av tjenesten, bryte noen lover i din jurisdiksjon (inkludert, men ikke begrenset til lover om opphavsrett).<\/li>\n<li>Du kan ikke bruke affiliateprogrammet til \u00e5 tjene penger p\u00e5 egen h\u00e5nd <strong>Timeshare Legal Exits<\/strong> produktkontoer.<\/li>\n<\/ul>\n<h2>Lenker\/grafikk p\u00e5 nettstedet ditt, i e-postene dine eller annen kommunikasjon<\/h2>\n<p>N\u00e5r du har registrert deg for affiliateprogrammet, vil du bli tildelt en unik affiliatekode. Du har tillatelse til \u00e5 plassere lenker, bannere eller annen grafikk vi gir med din tilknyttede kode p\u00e5 nettstedet ditt, i e-postene dine eller i annen kommunikasjon. Vi vil gi deg retningslinjer, lenkestiler og grafisk kunst du kan bruke n\u00e5r du lenker til <strong>Timeshare Legal Exits<\/strong>. Vi kan endre utformingen av kunstverket n\u00e5r som helst uten varsel, men vi vil ikke endre dimensjonene til bildene uten riktig varsel.<\/p>\n<p>For \u00e5 tillate n\u00f8yaktig sporing, rapportering og p\u00e5l\u00f8ping av henvisningsgebyrer, vil vi gi deg spesielle lenkeformater som skal brukes i alle koblinger mellom nettstedet ditt og <strong>Timeshare Legal Exits<\/strong>. Du m\u00e5 s\u00f8rge for at hver av koblingene mellom nettstedet ditt og <strong>Timeshare Legal Exits<\/strong> bruker slike spesielle lenkeformater p\u00e5 riktig m\u00e5te. Lenker til <strong>Timeshare Legal Exits<\/strong> plassert p\u00e5 nettstedet ditt i henhold til denne avtalen og som bruker slike spesielle lenkeformater p\u00e5 riktig m\u00e5te, refereres til som &quot;spesielle lenker.&quot; Du vil kun tjene henvisningsgebyrer med hensyn til salg p\u00e5 en <strong>Timeshare Legal Exits<\/strong> produkt som oppst\u00e5r direkte gjennom spesielle lenker; vi vil ikke v\u00e6re ansvarlige overfor deg med hensyn til svikt fra deg eller noen du refererer til ved bruk av spesielle lenker eller feilaktig inntasting av tilknyttede koder, inkludert i den grad slik svikt kan f\u00f8re til en reduksjon av bel\u00f8p som ellers ville blitt utbetalt til deg i henhold til denne avtalen.<\/p>\n<p>Tilknyttede lenker b\u00f8r peke til siden til produktet som markedsf\u00f8res.<\/p>\n<h2>Henvisningsgebyr\/provisjon og betaling<\/h2>\n<p>For at et produktsalg skal v\u00e6re kvalifisert til \u00e5 tjene et henvisningsgebyr, m\u00e5 kunden klikke gjennom en spesialkobling fra nettstedet ditt, e-post eller annen kommunikasjon til <strong>https:\/\/legalexits.com<\/strong> og fullf\u00f8r en bestilling p\u00e5 et produkt under den \u00f8kten.<\/p>\n<p>Vi betaler kun provisjon p\u00e5 lenker som automatisk spores og rapporteres av systemene v\u00e5re. Vi vil ikke betale provisjon hvis noen sier at de har kj\u00f8pt eller noen sier de har skrevet inn en henvisningskode hvis den ikke ble sporet av systemet v\u00e5rt. Vi kan bare betale provisjoner p\u00e5 virksomhet generert gjennom riktig formaterte spesiallenker som automatisk ble sporet av systemene v\u00e5re.<\/p>\n<p>Vi forbeholder oss retten til \u00e5 diskvalifisere provisjoner opptjent gjennom uredelige, ulovlige eller altfor aggressive, tvilsomme salgs- eller markedsf\u00f8ringsmetoder.<\/p>\n<p>Betalinger begynner f\u00f8rst n\u00e5r du har tjent mer enn <strong>$20<\/strong> i tilknyttede inntekter. Hvis din affiliate-konto aldri krysser <strong>$20<\/strong> terskel, vil ikke provisjonene dine bli realisert eller betalt. Vi er kun ansvarlige for \u00e5 betale kontoer som har krysset <strong>$20<\/strong> terskel.<\/p>\n<h2>Identifisere deg selv som en Timeshare Legal Exits Affiliate<\/h2>\n<p>Du kan ikke utstede noen pressemelding med hensyn til denne avtalen eller din deltakelse i programmet; slik handling kan f\u00f8re til at du avslutter programmet. I tillegg kan du ikke p\u00e5 noen m\u00e5te gi feilaktig fremstilling eller pynte p\u00e5 forholdet mellom oss og deg, si at du utvikler produktene v\u00e5re, si at du er en del av <strong>Timeshare Legal Exits<\/strong> eller uttrykke eller antyde et forhold eller tilknytning mellom oss og deg eller en annen person eller enhet med unntak av det som er uttrykkelig tillatt i denne avtalen (inkludert ved \u00e5 uttrykke eller antyde at vi st\u00f8tter, sponser, st\u00f8tter eller bidrar med penger til veldedige form\u00e5l eller andre form\u00e5l).<\/p>\n<p>Du kan ikke kj\u00f8pe produkter via tilknyttede lenker til eget bruk. Slike kj\u00f8p kan resultere (etter eget skj\u00f8nn) i tilbakeholdelse av henvisningsgebyrer og\/eller oppsigelse av denne avtalen.<\/p>\n<h2>Nedbetalingsplan<\/h2>\n<p>S\u00e5 lenge din n\u00e5v\u00e6rende tilknyttede inntekt er over <strong>$20<\/strong>, f\u00e5r du betalt hver m\u00e5ned. Hvis du ikke har tjent <strong>$20<\/strong> siden din siste betaling, betaler vi deg den p\u00e5f\u00f8lgende m\u00e5neden etter at du har passert terskelen.<\/p>\n<h2>Kundedefinisjon<\/h2>\n<p>Kunder som kj\u00f8per produkter gjennom dette programmet vil bli ansett for \u00e5 v\u00e6re v\u00e5re kunder. F\u00f8lgelig vil alle v\u00e5re regler, retningslinjer og driftsprosedyrer ang\u00e5ende kundebestillinger, kundeservice og produktsalg gjelde for disse kundene. Vi kan endre v\u00e5re retningslinjer og driftsprosedyrer n\u00e5r som helst. For eksempel vil vi bestemme prisene som skal belastes for produkter som selges under dette programmet i samsvar med v\u00e5re egne prispolitikk. Produktpriser og tilgjengelighet kan variere fra tid til annen. Fordi prisendringer kan p\u00e5virke produktene du har oppf\u00f8rt p\u00e5 nettstedet ditt, b\u00f8r du ikke vise produktpriser p\u00e5 nettstedet ditt. Vi vil bruke kommersielt rimelige anstrengelser for \u00e5 presentere n\u00f8yaktig informasjon, men vi kan ikke garantere tilgjengeligheten eller prisen p\u00e5 et bestemt produkt.<\/p>\n<h2>Ditt ansvar<\/h2>\n<p>Du vil v\u00e6re eneansvarlig for utvikling, drift og vedlikehold av nettstedet ditt og for alt materiale som vises p\u00e5 nettstedet ditt. For eksempel vil du v\u00e6re eneansvarlig for:<\/p>\n<p>\u2013 Den tekniske driften av nettstedet ditt og alt relatert utstyr<br \/>\n\u2013 \u00c5 sikre at visningen av spesielle lenker p\u00e5 nettstedet ditt ikke bryter med noen avtale mellom deg og noen tredjepart (inkludert, uten begrensning, eventuelle begrensninger eller krav som stilles til deg av en tredjepart som er vert for nettstedet ditt)<br \/>\n\u2013 N\u00f8yaktigheten, sannheten og hensiktsmessigheten til materiale som er lagt ut p\u00e5 nettstedet ditt (inkludert blant annet alt produktrelatert materiale og all informasjon du inkluderer i eller assosierer med spesielle lenker)<br \/>\n\u2013 Sikre at materiale som legges ut p\u00e5 nettstedet ditt ikke krenker eller krenker rettighetene til noen tredjepart (inkludert for eksempel opphavsrett, varemerker, personvern eller andre personlige eller eiendomsrettigheter)<br \/>\n\u2013 Sikre at materiale som legges ut p\u00e5 nettstedet ditt ikke er injurierende eller p\u00e5 annen m\u00e5te ulovlig<br \/>\n\u2013 Sikre at nettstedet ditt n\u00f8yaktig og tilstrekkelig avsl\u00f8rer, enten gjennom en personvernpolicy eller p\u00e5 annen m\u00e5te, hvordan du samler inn, bruker, lagrer og avsl\u00f8rer data samlet inn fra bes\u00f8kende, inkludert, der det er aktuelt, at tredjeparter (inkludert annons\u00f8rer) kan vise innhold og\/ eller annonser og samle inn informasjon direkte fra bes\u00f8kende og kan plassere eller gjenkjenne informasjonskapsler p\u00e5 bes\u00f8kendes nettlesere.<\/p>\n<h2>Overholdelse av lover<\/h2>\n<p>Som en betingelse for din deltakelse i programmet, godtar du at mens du er en programdeltaker vil du overholde alle lover, forordninger, regler, forskrifter, p\u00e5legg, lisenser, tillatelser, dommer, avgj\u00f8relser eller andre krav fra enhver statlig myndighet som har jurisdiksjon over deg, om disse lovene osv. n\u00e5 er i kraft eller senere trer i kraft i l\u00f8pet av tiden du er programdeltaker. Uten \u00e5 begrense den foreg\u00e5ende forpliktelsen, samtykker du i at du som betingelse for din deltakelse i programmet vil overholde alle gjeldende lover (f\u00f8deral, statlig eller p\u00e5 annen m\u00e5te) som styrer markedsf\u00f8rings-e-post, inkludert uten begrensning, CAN-SPAM Act of 2003 og alle andre anti-spam lover.<\/p>\n<h2>Avtalens og programmets varighet<\/h2>\n<p>Avtalens gyldighetstid starter n\u00e5r vi godtar programs\u00f8knaden din og avsluttes n\u00e5r den sies opp av en av partene. Enten du eller vi kan si opp denne avtalen n\u00e5r som helst, med eller uten grunn, ved \u00e5 gi den andre parten skriftlig varsel om oppsigelse. Ved oppsigelse av denne avtalen, uansett \u00e5rsak, vil du umiddelbart slutte \u00e5 bruke, og fjerne fra nettstedet ditt, alle lenker til <strong>https:\/\/legalexits.com<\/strong>, og alle v\u00e5re varemerker, varemerker og logoer, og alt annet materiale levert av eller p\u00e5 vegne av oss til deg i henhold til dette eller i forbindelse med programmet. <strong>Timeshare Legal Exits<\/strong> forbeholder seg retten til \u00e5 avslutte programmet n\u00e5r som helst. Ved programavslutning, <strong>Timeshare Legal Exits<\/strong> vil betale eventuelle utest\u00e5ende inntekter opptjent ovenfor <strong>$20<\/strong>.<\/p>\n<h2>Avslutning<\/h2>\n<p><strong>Timeshare Legal Exits<\/strong>, etter eget skj\u00f8nn, har rett til \u00e5 suspendere eller avslutte kontoen din og nekte enhver n\u00e5v\u00e6rende eller fremtidig bruk av programmet, eller andre <strong>Timeshare Legal Exits<\/strong> tjeneste, uansett \u00e5rsak til enhver tid. En slik oppsigelse av tjenesten vil resultere i deaktivering eller sletting av kontoen din eller tilgangen din til kontoen din, og inndragning og oppgivelse av alle potensielle eller skal betales provisjoner p\u00e5 kontoen din hvis de ble opptjent gjennom uredelig, ulovlig eller altfor aggressive, tvilsomme salgs- eller markedsf\u00f8ringsmetoder. <strong>Timeshare Legal Exits<\/strong> forbeholder seg retten til \u00e5 nekte service til hvem som helst av hvilken som helst grunn n\u00e5r som helst.<\/p>\n<h2>Forholdet mellom partene<\/h2>\n<p>Du og vi er uavhengige kontrakt\u00f8rer, og ingenting i denne avtalen vil skape noe partnerskap, joint venture, byr\u00e5, franchise, salgsrepresentant eller ansettelsesforhold mellom partene. Du har ingen myndighet til \u00e5 gi eller akseptere tilbud eller representasjoner p\u00e5 v\u00e5re vegne. Du vil ikke komme med noen uttalelser, verken p\u00e5 nettstedet ditt eller p\u00e5 annen m\u00e5te, som med rimelighet vil motsi noe i denne delen.<\/p>\n<h2>Ansvarsbegrensninger<\/h2>\n<p>Vi vil ikke v\u00e6re ansvarlige for indirekte, spesielle eller f\u00f8lgeskader (eller tap av inntekter, fortjeneste eller data) som oppst\u00e5r i forbindelse med denne avtalen eller programmet, selv om vi har blitt informert om muligheten for slike skader. Videre vil v\u00e5rt samlede ansvar som oppst\u00e5r med hensyn til denne avtalen og programmet ikke overstige de totale henvisningsgebyrene som er betalt eller skal betales til deg i henhold til denne avtalen.<\/p>\n<h2>Ansvarsfraskrivelser<\/h2>\n<p>Vi gir ingen uttrykte eller underforst\u00e5tte garantier eller representasjoner med hensyn til programmet eller noen produkter som selges gjennom programmet (inkludert, uten begrensning, garantier for egnethet, salgbarhet, ikke-krenkelse eller underforst\u00e5tte garantier som oppst\u00e5r som f\u00f8lge av ytelse, handel, eller handelsbruk). I tillegg gir vi ingen erkl\u00e6ring om at driften av <strong>Timeshare Legal Exits<\/strong> vil v\u00e6re uavbrutt eller feilfri, og vi vil ikke v\u00e6re ansvarlige for konsekvensene av eventuelle avbrudd eller feil.<\/p>\n<h2>Uavhengig etterforskning<\/h2>\n<p>DU GODTAR AT DU HAR LEST DENNE AVTALEN OG GODTAR ALLE DENNE VILK\u00c5R OG BETINGELSER. DU FORST\u00c5R AT VI TIL HVERT TIDSPUNKT (DIREKTE ELLER INDIREKTE) KAN BE KUNDE HENVISNINGER P\u00c5 VILK\u00c5R SOM KAN AVSKILE FRA DE SOM ER I DENNE AVTALEN ELLER DRIFT NETTSIDER SOM LIGNER MED ELLER KONKURRANTEN DIN. DU HAR UAVHENGIG VURDERT \u00d8NSKELIGHETEN AV \u00c5 DELTA I PROGRAMMET, og DU STOLER IKKE P\u00c5 NOEN REPRESENTASJON, GARANTI ELLER ERKL\u00c6RING ANNET ENN SOM ER ANGITT I DENNE AVTALEN.<\/p>\n<h2>Megling<\/h2>\n<p>Enhver tvist knyttet p\u00e5 noen m\u00e5te til denne avtalen (inkludert ethvert faktisk eller p\u00e5st\u00e5tt brudd p\u00e5 denne), alle transaksjoner eller aktiviteter under denne avtalen eller ditt forhold til oss eller noen av v\u00e5re tilknyttede selskaper skal underkastes konfidensiell voldgift, bortsett fra at i den grad du p\u00e5 noen m\u00e5te har krenket eller truet med \u00e5 krenke v\u00e5re immaterielle rettigheter, kan vi s\u00f8ke p\u00e5bud eller annen passende lettelse i enhver statlig eller f\u00f8deral domstol (og du samtykker til ikke-eksklusiv jurisdiksjon og verneting i slike domstoler) eller enhver annen domstol med kompetent jurisdiksjon . Voldgift i henhold til denne avtalen skal gjennomf\u00f8res i henhold til reglene som da gjelder for American Arbitration Association. Voldgiftsdommerens kjennelse skal v\u00e6re bindende og kan f\u00f8res som en dom i enhver domstol med kompetent jurisdiksjon. S\u00e5 langt det er tillatt av gjeldende lov, skal ingen voldgift i henhold til denne avtalen kobles til en voldgift som involverer noen annen part som er underlagt denne avtalen, enten gjennom klassevoldgiftssaker eller p\u00e5 annen m\u00e5te.<\/p>\n<h2>Diverse<\/h2>\n<p>Denne avtalen vil bli styrt av lovene i USA, uten referanse til regler som regulerer lovvalg. Du kan ikke tildele denne avtalen, ved lov eller p\u00e5 annen m\u00e5te, uten v\u00e5rt skriftlige samtykke. Med forbehold om denne begrensningen, vil denne avtalen v\u00e6re bindende for, gjelde til fordel for og kunne h\u00e5ndheves mot partene og deres respektive etterf\u00f8lgere og overdragere. V\u00e5r unnlatelse av \u00e5 h\u00e5ndheve din strenge oppfyllelse av noen bestemmelse i denne avtalen vil ikke utgj\u00f8re en fraskrivelse av v\u00e5r rett til senere \u00e5 h\u00e5ndheve en slik bestemmelse eller noen annen bestemmelse i denne avtalen.<\/p>\n<p>Feilen av <strong>Timeshare Legal Exits<\/strong> \u00e5 ut\u00f8ve eller h\u00e5ndheve noen rettighet eller bestemmelse i vilk\u00e5rene for bruk, skal ikke utgj\u00f8re en fraskrivelse av slik rett eller bestemmelse. Vilk\u00e5rene for bruk utgj\u00f8r hele avtalen mellom deg og <strong>Timeshare Legal Exits<\/strong> og styrer din bruk av tjenesten, og erstatter eventuelle tidligere avtaler mellom deg og <strong>Timeshare Legal Exits<\/strong> (inkludert, men ikke begrenset til, eventuelle tidligere versjoner av vilk\u00e5rene for bruk).<\/p>","protected":false},"excerpt":{"rendered":"<p>Timeshare Legal Exits Affiliate Program Vilk\u00e5r for tjenesteavtale Ved \u00e5 registrere deg for \u00e5 v\u00e6re en Affiliate i Timeshare Legal Exits Affiliate Program (\u201cProgram\u201d) godtar du \u00e5 v\u00e6re bundet av f\u00f8lgende vilk\u00e5r og betingelser (\u201cTjenestevilk\u00e5r\u201d). Timeshare Legal Exits forbeholder seg retten til \u00e5 oppdatere og endre vilk\u00e5rene for bruk fra tid til annen...<\/p>","protected":false},"author":12,"featured_media":0,"parent":0,"menu_order":0,"comment_status":"closed","ping_status":"closed","template":"","meta":{"ngg_post_thumbnail":0,"footnotes":""},"class_list":["post-1222","page","type-page","status-publish","hentry"],"yoast_head":"<!-- This site is optimized with the Yoast SEO plugin v26.8 - https:\/\/yoast.com\/product\/yoast-seo-wordpress\/ -->\n<title>Terms and Conditions - Timeshare Legal Exits<\/title>\n<meta name=\"robots\" content=\"index, follow, max-snippet:-1, max-image-preview:large, max-video-preview:-1\" \/>\n<link rel=\"canonical\" href=\"https:\/\/legalexits.com\/nb\/terms-and-conditions\/\" \/>\n<meta property=\"og:locale\" content=\"nb_NO\" \/>\n<meta property=\"og:type\" content=\"article\" \/>\n<meta property=\"og:title\" content=\"Terms and Conditions - Timeshare Legal Exits\" \/>\n<meta property=\"og:description\" content=\"Timeshare Legal Exits Affiliate Program Terms of Service Agreement By signing up to be an Affiliate in the Timeshare Legal Exits Affiliate Program (&#8220;Program&#8221;) you are agreeing to be bound by the following terms and conditions (&#8220;Terms of Service&#8221;). Timeshare Legal Exits reserves the right to update and change the Terms of Service from time...\" \/>\n<meta property=\"og:url\" content=\"https:\/\/legalexits.com\/nb\/terms-and-conditions\/\" \/>\n<meta property=\"og:site_name\" content=\"Timeshare Legal Exits\" \/>\n<meta name=\"twitter:card\" content=\"summary_large_image\" \/>\n<meta name=\"twitter:label1\" content=\"Ansl. lesetid\" \/>\n\t<meta name=\"twitter:data1\" content=\"11 minutter\" \/>\n<script type=\"application\/ld+json\" class=\"yoast-schema-graph\">{\"@context\":\"https:\/\/schema.org\",\"@graph\":[{\"@type\":\"WebPage\",\"@id\":\"https:\/\/legalexits.com\/sv\/terms-and-conditions\/\",\"url\":\"https:\/\/legalexits.com\/sv\/terms-and-conditions\/\",\"name\":\"Terms and Conditions - Timeshare Legal Exits\",\"isPartOf\":{\"@id\":\"https:\/\/legalexits.com\/#website\"},\"datePublished\":\"2021-10-11T13:14:15+00:00\",\"breadcrumb\":{\"@id\":\"https:\/\/legalexits.com\/sv\/terms-and-conditions\/#breadcrumb\"},\"inLanguage\":\"nb-NO\",\"potentialAction\":[{\"@type\":\"ReadAction\",\"target\":[\"https:\/\/legalexits.com\/sv\/terms-and-conditions\/\"]}]},{\"@type\":\"BreadcrumbList\",\"@id\":\"https:\/\/legalexits.com\/sv\/terms-and-conditions\/#breadcrumb\",\"itemListElement\":[{\"@type\":\"ListItem\",\"position\":1,\"name\":\"Home\",\"item\":\"https:\/\/legalexits.com\/\"},{\"@type\":\"ListItem\",\"position\":2,\"name\":\"Terms and Conditions\"}]},{\"@type\":\"WebSite\",\"@id\":\"https:\/\/legalexits.com\/#website\",\"url\":\"https:\/\/legalexits.com\/\",\"name\":\"Timeshare Legal Exits\",\"description\":\"Relinquishing timeshare contracts legally\",\"potentialAction\":[{\"@type\":\"SearchAction\",\"target\":{\"@type\":\"EntryPoint\",\"urlTemplate\":\"https:\/\/legalexits.com\/?s={search_term_string}\"},\"query-input\":{\"@type\":\"PropertyValueSpecification\",\"valueRequired\":true,\"valueName\":\"search_term_string\"}}],\"inLanguage\":\"nb-NO\"}]}<\/script>\n<!-- \/ Yoast SEO plugin. -->","yoast_head_json":{"title":"Vilk\u00e5r og betingelser - Timeshare Legal Exits","robots":{"index":"index","follow":"follow","max-snippet":"max-snippet:-1","max-image-preview":"max-image-preview:large","max-video-preview":"max-video-preview:-1"},"canonical":"https:\/\/legalexits.com\/nb\/terms-and-conditions\/","og_locale":"nb_NO","og_type":"article","og_title":"Terms and Conditions - Timeshare Legal Exits","og_description":"Timeshare Legal Exits Affiliate Program Terms of Service Agreement By signing up to be an Affiliate in the Timeshare Legal Exits Affiliate Program (&#8220;Program&#8221;) you are agreeing to be bound by the following terms and conditions (&#8220;Terms of Service&#8221;). Timeshare Legal Exits reserves the right to update and change the Terms of Service from time...","og_url":"https:\/\/legalexits.com\/nb\/terms-and-conditions\/","og_site_name":"Timeshare Legal Exits","twitter_card":"summary_large_image","twitter_misc":{"Ansl. lesetid":"11 minutter"},"schema":{"@context":"https:\/\/schema.org","@graph":[{"@type":"WebPage","@id":"https:\/\/legalexits.com\/sv\/terms-and-conditions\/","url":"https:\/\/legalexits.com\/sv\/terms-and-conditions\/","name":"Vilk\u00e5r og betingelser - Timeshare Legal Exits","isPartOf":{"@id":"https:\/\/legalexits.com\/#website"},"datePublished":"2021-10-11T13:14:15+00:00","breadcrumb":{"@id":"https:\/\/legalexits.com\/sv\/terms-and-conditions\/#breadcrumb"},"inLanguage":"nb-NO","potentialAction":[{"@type":"ReadAction","target":["https:\/\/legalexits.com\/sv\/terms-and-conditions\/"]}]},{"@type":"BreadcrumbList","@id":"https:\/\/legalexits.com\/sv\/terms-and-conditions\/#breadcrumb","itemListElement":[{"@type":"ListItem","position":1,"name":"Home","item":"https:\/\/legalexits.com\/"},{"@type":"ListItem","position":2,"name":"Terms and Conditions"}]},{"@type":"WebSite","@id":"https:\/\/legalexits.com\/#website","url":"https:\/\/legalexits.com\/","name":"Timeshare Legal Exits","description":"\u00c5 gi fra seg timeshare-kontrakter p\u00e5 lovlig vis","potentialAction":[{"@type":"SearchAction","target":{"@type":"EntryPoint","urlTemplate":"https:\/\/legalexits.com\/?s={search_term_string}"},"query-input":{"@type":"PropertyValueSpecification","valueRequired":true,"valueName":"search_term_string"}}],"inLanguage":"nb-NO"}]}},"_links":{"self":[{"href":"https:\/\/legalexits.com\/nb\/wp-json\/wp\/v2\/pages\/1222","targetHints":{"allow":["GET"]}}],"collection":[{"href":"https:\/\/legalexits.com\/nb\/wp-json\/wp\/v2\/pages"}],"about":[{"href":"https:\/\/legalexits.com\/nb\/wp-json\/wp\/v2\/types\/page"}],"author":[{"embeddable":true,"href":"https:\/\/legalexits.com\/nb\/wp-json\/wp\/v2\/users\/12"}],"replies":[{"embeddable":true,"href":"https:\/\/legalexits.com\/nb\/wp-json\/wp\/v2\/comments?post=1222"}],"version-history":[{"count":0,"href":"https:\/\/legalexits.com\/nb\/wp-json\/wp\/v2\/pages\/1222\/revisions"}],"wp:attachment":[{"href":"https:\/\/legalexits.com\/nb\/wp-json\/wp\/v2\/media?parent=1222"}],"curies":[{"name":"wp","href":"https:\/\/api.w.org\/{rel}","templated":true}]}}