{"id":145,"date":"2021-03-01T14:40:14","date_gmt":"2021-03-01T14:40:14","guid":{"rendered":"https:\/\/legalexits.com\/?page_id=145"},"modified":"2024-05-30T23:27:25","modified_gmt":"2024-05-30T23:27:25","slug":"compensation-eligibility","status":"publish","type":"page","link":"https:\/\/legalexits.com\/nb\/compensation-eligibility\/","title":{"rendered":"Berettigelse til kompensasjon"},"content":{"rendered":"<section class=\"l-section wpb_row height_custom\"><div class=\"l-section-h i-cf\"><div class=\"g-cols vc_row via_flex valign_top type_default stacking_default\"><div class=\"vc_col-sm-12 wpb_column vc_column_container\"><div class=\"vc_column-inner\"><div class=\"wpb_wrapper\"><div class=\"wpb_text_column\"><div class=\"wpb_wrapper\"><h1>Berettigelse til kompensasjon<\/h1>\n<p><strong>Avtal en uforpliktende gratis konsultasjon ved \u00e5 klikke p\u00e5 knappen nedenfor for \u00e5 se om du er kvalifisert for kompensasjon.<br \/>\n<\/strong><strong>Du kan f\u00e5 svaret p\u00e5 bare 5 minutter!<\/strong><\/p>\n<\/div><\/div><div class=\"w-separator size_small\"><\/div><div class=\"w-btn-wrapper align_none\"><a class=\"w-btn us-btn-style_1 icon_atleft\" target=\"_blank\" rel=\"nofollow\" href=\"https:\/\/calendly.com\/legalexits\/telephone-conslutation\"><i class=\"material-icons\">rute<\/i><span class=\"w-btn-label\">AVTAL GRATIS KONSULTASJON<\/span><\/a><\/div><\/div><\/div><\/div><\/div><\/div><\/section>","protected":false},"excerpt":{"rendered":"Compensation Eligibility Schedule a no obligation free consultation by clicking the button below to see if you are eligable for compensation. You could have your answer in just 5 minutes! scheduleSCHEDULE FREE CONSULTATION","protected":false},"author":12,"featured_media":1796,"parent":0,"menu_order":0,"comment_status":"closed","ping_status":"closed","template":"","meta":{"ngg_post_thumbnail":0,"footnotes":""},"class_list":["post-145","page","type-page","status-publish","has-post-thumbnail","hentry"],"yoast_head":"<!-- This site is optimized with the Yoast SEO plugin v26.8 - https:\/\/yoast.com\/product\/yoast-seo-wordpress\/ -->\n<title>Compensation Eligibility - Timeshare Legal Exits<\/title>\n<meta name=\"description\" content=\"Use our simple online claims calculator to find out if you are eligible to claim compensation.You could have your answer in just 5 minutes!\" \/>\n<meta name=\"robots\" content=\"index, follow, max-snippet:-1, max-image-preview:large, max-video-preview:-1\" \/>\n<link rel=\"canonical\" href=\"https:\/\/legalexits.com\/nb\/compensation-eligibility\/\" \/>\n<meta property=\"og:locale\" content=\"nb_NO\" \/>\n<meta property=\"og:type\" content=\"article\" \/>\n<meta property=\"og:title\" content=\"Compensation Eligibility - Timeshare Legal Exits\" \/>\n<meta property=\"og:description\" content=\"Use our simple online claims calculator to find out if you are eligible to claim compensation.You could have your answer in just 5 minutes!\" \/>\n<meta property=\"og:url\" content=\"https:\/\/legalexits.com\/nb\/compensation-eligibility\/\" \/>\n<meta property=\"og:site_name\" content=\"Timeshare Legal Exits\" \/>\n<meta property=\"article:modified_time\" content=\"2024-05-30T23:27:25+00:00\" \/>\n<meta property=\"og:image\" content=\"https:\/\/legalexits.com\/wp-content\/uploads\/2022\/05\/Calculate-your-compensation.png\" \/>\n\t<meta property=\"og:image:width\" content=\"1200\" \/>\n\t<meta property=\"og:image:height\" content=\"630\" \/>\n\t<meta property=\"og:image:type\" content=\"image\/png\" \/>\n<meta name=\"twitter:card\" content=\"summary_large_image\" \/>\n<meta name=\"twitter:image\" content=\"https:\/\/legalexits.com\/wp-content\/uploads\/2022\/05\/Calculate-your-compensation.png\" \/>\n<meta name=\"twitter:label1\" content=\"Ansl. lesetid\" \/>\n\t<meta name=\"twitter:data1\" content=\"1 minutt\" \/>\n<script type=\"application\/ld+json\" class=\"yoast-schema-graph\">{\"@context\":\"https:\/\/schema.org\",\"@graph\":[{\"@type\":\"WebPage\",\"@id\":\"https:\/\/legalexits.com\/compensation-eligibility\/\",\"url\":\"https:\/\/legalexits.com\/compensation-eligibility\/\",\"name\":\"Compensation Eligibility - Timeshare Legal Exits\",\"isPartOf\":{\"@id\":\"https:\/\/legalexits.com\/#website\"},\"primaryImageOfPage\":{\"@id\":\"https:\/\/legalexits.com\/compensation-eligibility\/#primaryimage\"},\"image\":{\"@id\":\"https:\/\/legalexits.com\/compensation-eligibility\/#primaryimage\"},\"thumbnailUrl\":\"https:\/\/legalexits.com\/wp-content\/uploads\/2022\/05\/Calculate-your-compensation.png\",\"datePublished\":\"2021-03-01T14:40:14+00:00\",\"dateModified\":\"2024-05-30T23:27:25+00:00\",\"description\":\"Use our simple online claims calculator to find out if you are eligible to claim compensation.You could have your answer in just 5 minutes!\",\"breadcrumb\":{\"@id\":\"https:\/\/legalexits.com\/compensation-eligibility\/#breadcrumb\"},\"inLanguage\":\"nb-NO\",\"potentialAction\":[{\"@type\":\"ReadAction\",\"target\":[\"https:\/\/legalexits.com\/compensation-eligibility\/\"]}]},{\"@type\":\"ImageObject\",\"inLanguage\":\"nb-NO\",\"@id\":\"https:\/\/legalexits.com\/compensation-eligibility\/#primaryimage\",\"url\":\"https:\/\/legalexits.com\/wp-content\/uploads\/2022\/05\/Calculate-your-compensation.png\",\"contentUrl\":\"https:\/\/legalexits.com\/wp-content\/uploads\/2022\/05\/Calculate-your-compensation.png\",\"width\":1200,\"height\":630},{\"@type\":\"BreadcrumbList\",\"@id\":\"https:\/\/legalexits.com\/compensation-eligibility\/#breadcrumb\",\"itemListElement\":[{\"@type\":\"ListItem\",\"position\":1,\"name\":\"Home\",\"item\":\"https:\/\/legalexits.com\/\"},{\"@type\":\"ListItem\",\"position\":2,\"name\":\"Compensation Eligibility\"}]},{\"@type\":\"WebSite\",\"@id\":\"https:\/\/legalexits.com\/#website\",\"url\":\"https:\/\/legalexits.com\/\",\"name\":\"Timeshare Legal Exits\",\"description\":\"Relinquishing timeshare contracts legally\",\"potentialAction\":[{\"@type\":\"SearchAction\",\"target\":{\"@type\":\"EntryPoint\",\"urlTemplate\":\"https:\/\/legalexits.com\/?s={search_term_string}\"},\"query-input\":{\"@type\":\"PropertyValueSpecification\",\"valueRequired\":true,\"valueName\":\"search_term_string\"}}],\"inLanguage\":\"nb-NO\"}]}<\/script>\n<!-- \/ Yoast SEO plugin. -->","yoast_head_json":{"title":"Berettigelse for kompensasjon \u2013 Timeshare Juridiske Exits","description":"Bruk v\u00e5r enkle online kravkalkulator for \u00e5 finne ut om du er kvalifisert til \u00e5 kreve erstatning. Du kan f\u00e5 svaret p\u00e5 bare 5 minutter!","robots":{"index":"index","follow":"follow","max-snippet":"max-snippet:-1","max-image-preview":"max-image-preview:large","max-video-preview":"max-video-preview:-1"},"canonical":"https:\/\/legalexits.com\/nb\/compensation-eligibility\/","og_locale":"nb_NO","og_type":"article","og_title":"Compensation Eligibility - Timeshare Legal Exits","og_description":"Use our simple online claims calculator to find out if you are eligible to claim compensation.You could have your answer in just 5 minutes!","og_url":"https:\/\/legalexits.com\/nb\/compensation-eligibility\/","og_site_name":"Timeshare Legal Exits","article_modified_time":"2024-05-30T23:27:25+00:00","og_image":[{"width":1200,"height":630,"url":"https:\/\/legalexits.com\/wp-content\/uploads\/2022\/05\/Calculate-your-compensation.png","type":"image\/png"}],"twitter_card":"summary_large_image","twitter_image":"https:\/\/legalexits.com\/wp-content\/uploads\/2022\/05\/Calculate-your-compensation.png","twitter_misc":{"Ansl. lesetid":"1 minutt"},"schema":{"@context":"https:\/\/schema.org","@graph":[{"@type":"WebPage","@id":"https:\/\/legalexits.com\/compensation-eligibility\/","url":"https:\/\/legalexits.com\/compensation-eligibility\/","name":"Berettigelse for kompensasjon \u2013 Timeshare Juridiske Exits","isPartOf":{"@id":"https:\/\/legalexits.com\/#website"},"primaryImageOfPage":{"@id":"https:\/\/legalexits.com\/compensation-eligibility\/#primaryimage"},"image":{"@id":"https:\/\/legalexits.com\/compensation-eligibility\/#primaryimage"},"thumbnailUrl":"https:\/\/legalexits.com\/wp-content\/uploads\/2022\/05\/Calculate-your-compensation.png","datePublished":"2021-03-01T14:40:14+00:00","dateModified":"2024-05-30T23:27:25+00:00","description":"Bruk v\u00e5r enkle online kravkalkulator for \u00e5 finne ut om du er kvalifisert til \u00e5 kreve erstatning. Du kan f\u00e5 svaret p\u00e5 bare 5 minutter!","breadcrumb":{"@id":"https:\/\/legalexits.com\/compensation-eligibility\/#breadcrumb"},"inLanguage":"nb-NO","potentialAction":[{"@type":"ReadAction","target":["https:\/\/legalexits.com\/compensation-eligibility\/"]}]},{"@type":"ImageObject","inLanguage":"nb-NO","@id":"https:\/\/legalexits.com\/compensation-eligibility\/#primaryimage","url":"https:\/\/legalexits.com\/wp-content\/uploads\/2022\/05\/Calculate-your-compensation.png","contentUrl":"https:\/\/legalexits.com\/wp-content\/uploads\/2022\/05\/Calculate-your-compensation.png","width":1200,"height":630},{"@type":"BreadcrumbList","@id":"https:\/\/legalexits.com\/compensation-eligibility\/#breadcrumb","itemListElement":[{"@type":"ListItem","position":1,"name":"Home","item":"https:\/\/legalexits.com\/"},{"@type":"ListItem","position":2,"name":"Compensation Eligibility"}]},{"@type":"WebSite","@id":"https:\/\/legalexits.com\/#website","url":"https:\/\/legalexits.com\/","name":"Timeshare Legal Exits","description":"\u00c5 gi fra seg timeshare-kontrakter p\u00e5 lovlig vis","potentialAction":[{"@type":"SearchAction","target":{"@type":"EntryPoint","urlTemplate":"https:\/\/legalexits.com\/?s={search_term_string}"},"query-input":{"@type":"PropertyValueSpecification","valueRequired":true,"valueName":"search_term_string"}}],"inLanguage":"nb-NO"}]}},"_links":{"self":[{"href":"https:\/\/legalexits.com\/nb\/wp-json\/wp\/v2\/pages\/145","targetHints":{"allow":["GET"]}}],"collection":[{"href":"https:\/\/legalexits.com\/nb\/wp-json\/wp\/v2\/pages"}],"about":[{"href":"https:\/\/legalexits.com\/nb\/wp-json\/wp\/v2\/types\/page"}],"author":[{"embeddable":true,"href":"https:\/\/legalexits.com\/nb\/wp-json\/wp\/v2\/users\/12"}],"replies":[{"embeddable":true,"href":"https:\/\/legalexits.com\/nb\/wp-json\/wp\/v2\/comments?post=145"}],"version-history":[{"count":60,"href":"https:\/\/legalexits.com\/nb\/wp-json\/wp\/v2\/pages\/145\/revisions"}],"predecessor-version":[{"id":2298,"href":"https:\/\/legalexits.com\/nb\/wp-json\/wp\/v2\/pages\/145\/revisions\/2298"}],"wp:featuredmedia":[{"embeddable":true,"href":"https:\/\/legalexits.com\/nb\/wp-json\/wp\/v2\/media\/1796"}],"wp:attachment":[{"href":"https:\/\/legalexits.com\/nb\/wp-json\/wp\/v2\/media?parent=145"}],"curies":[{"name":"wp","href":"https:\/\/api.w.org\/{rel}","templated":true}]}}