{"id":650,"date":"2021-04-07T10:49:03","date_gmt":"2021-04-07T10:49:03","guid":{"rendered":"https:\/\/legalexits.com\/?page_id=650"},"modified":"2022-02-07T16:10:09","modified_gmt":"2022-02-07T16:10:09","slug":"aviso-legal","status":"publish","type":"page","link":"https:\/\/legalexits.com\/nb\/aviso-legal\/","title":{"rendered":"AVISO LOVLIG"},"content":{"rendered":"<section class=\"l-section wpb_row height_custom\"><div class=\"l-section-h i-cf\"><div class=\"g-cols vc_row via_flex valign_top type_default stacking_default\"><div class=\"vc_col-sm-12 wpb_column vc_column_container\"><div class=\"vc_column-inner\"><div class=\"wpb_wrapper\"><div class=\"wpb_text_column\"><div class=\"wpb_wrapper\"><p>Den presenterte siden &quot;nettet&quot; har blitt l\u00f8st av Legal Exits Worldwide SL, for \u00e5 gi tilgang til generell tilgang til informasjon, aktiviteter, produkter og diverse tjenester, tjenester eller tjenester, tilbud.<\/p>\n<p>Den presenterer teksten, regelen og informasjonen:<\/p>\n<ol>\n<li>Identifikasjonsdata for tittelen p\u00e5 nettet<\/li>\n<li>Definisjoner<\/li>\n<li>Privatlivspolitikk<\/li>\n<li>Disponibilidad de la p\u00e1gina<\/li>\n<li>Betingelser for bruk<\/li>\n<li>Disponibilidad de contenidos<\/li>\n<li>Ansvarlig for innholdet<\/li>\n<li>Reproduksjon av innhold<\/li>\n<li>Propiedad industriell og intellektuell<\/li>\n<li>Medidas de seguridad<\/li>\n<li>Personlig beskyttelsesdata<\/li>\n<li>Publicidad<\/li>\n<li>Ansvarsbegrensning<\/li>\n<li>Nulidad parcial<\/li>\n<li>Jurisdicci\u00f3n<\/li>\n<li>Lovgivning gjeldende<\/li>\n<\/ol>\n<p><strong>1. DATOS IDENTIFIKATIVOS DEL TITULAR DE LA WEB<\/strong><\/p>\n<p>En cumplimiento del deber de informaci\u00f3n, Legal Exits Worldwide SL (en lo sucesivo El Titular) p\u00e5 calidad de titular av nettsiden www.legalexits.com (en lo sucesivo LA WEB) fortsetter en kommunikasjon med identifikasjonsdata:<\/p>\n<ul>\n<li>Denominaci\u00f3n social: Legal Exits Worldwide SL<\/li>\n<li>Cif: B67766295<\/li>\n<li>Elektronisk retningslinje: dpd @ legalexits.com<\/li>\n<li>Bosted: \u2022Avda. Bruselas CC Fa\u00f1abe Plaza 332 \u2013 38660 \u2013 Adeje<\/li>\n<\/ul>\n<p>La presente informaci\u00f3n conforma y regula las condiciones de uso, la limitaciones de responsabilidad y las obligaciones que los usuarios de la p\u00e1gina Web que se publica bajo el nombre\/s de dominio asumen y se comprometen a repetar.<\/p>\n<p><strong>2. DEFINISJONER<\/strong><\/p>\n<p>Entre otros t\u00e9rminos, se utiliza;<\/p>\n<p>&quot;P\u00e1gina&quot;; Dominio\/s que se pone a disposici\u00f3n de los Usuarios de Internet.<\/p>\n<p>&quot;Bruker&quot;; Persona f\u00edsica o jur\u00eddica que utiliza o navega por la P\u00e1gina.<\/p>\n<p>&quot;Contenido&quot;; Son las p\u00e1ginas que conforman la totalidad del dominio, las cuales conforman la informaci\u00f3n y los servicios que el titular pone a disposici\u00f3n de los Usuarios de Internet. En ellas se contienen los mensajes, textos, fotograf\u00edas, gr\u00e1ficos, iconos, logos, tecnologia, links, texturas, dibujos, archivos de sonido y\/o imagen, grabaciones, software, aspecto, dise\u00f1o gr\u00e1fico y c\u00f3digos fuente y, en general, cualquier clase de material contenido en la P\u00e1gina.<\/p>\n<p>&quot;Web&quot;; Palabra t\u00e9cnica que beskriver et system for tilgang til informasjon via Internett, som kan konfigurere medio de p\u00e1ginas confeccionadas med lenguaje HTML, ASP, eller lignende, og mecanism de programaci\u00f3n tales como java, javascript, PHP, u otros, etc... En p\u00e1ginas dise\u00f1adas y publicadas bajo un nombre de dominio internet son el resultado de la informaci\u00f3n que el titular pone a disposici\u00f3n de los Usuarios de Internet.<\/p>\n<p>&quot;Enlaces, Links, V\u00ednculos, etc..&quot;; T\u00e9cnica por la cual un Usuario puede navegar por diferentes p\u00e1ginas de la web, or internet, with un simple click sobre el texto, icono, bot\u00f3n or indicativo que contiene el enlace.<\/p>\n<p>&quot;informasjonskapsler&quot;; Medio t\u00e9cnico para la trazabilidad y seguimiento de la navegaci\u00f3n en los sitios Web. Son peque\u00f1os ficheros de texto que se escriben en el ordenador del Usuario.<\/p>\n<p><strong>3. POL\u00cdTICA DE PRIVACIDAD<\/strong><\/p>\n<p>A trav\u00e9s de este sitio web no se recaban datas de car\u00e1cter personal de los usuarios sin su conocimiento, ni se ceden a terceros.<\/p>\n<p>Med den endelige tjenesten og den viktigste tjenesten for brukeren, kan du analysere bes\u00f8ksnummeret p\u00e5 sidene, bes\u00f8ksnummeret, og det samme som aktiviteten til bes\u00f8ket og bruken av hyppigheten. En efektos av Legal Exits Worldwide SL bruker informasjon om estad\u00edstica elaborada por el proveedor de servicios de internet.<\/p>\n<p>La Legal Exits Worldwide SL bruker ingen informasjonskapsler for \u00e5 gjenkjenne informasjon om bruksomr\u00e5der, og registrerer direkte ip-tilgang. En aquellos casos que se utilices cookies, el usuario ser\u00e1 advertido en el primer acceso a la p\u00e1gina inform\u00e1ndole de su uso y pol\u00edtica de uso.<\/p>\n<p>Portalen for dette er tittelen til Legal Exits Worldwide SL inneholder et nettsted for terceros, politikk med privatliv og juridiske Exits Worldwide SL. Al acceder a tales sitios web usted puede decidir si acepta sus politicis de privacidad y de cookies. Med generelle funksjoner kan du bruke Internett som aksepterer eller rechazar las cookies de terceros desde las opciones de configuraci\u00f3n de su navegador.<\/p>\n<p><strong>4. DISPONIBILIDAD DE LA P\u00c1GINA<\/strong><\/p>\n<p>El titular no garantiza la inexistencia de interrupciones o errores en el acceso a la P\u00e1gina oa sus Contenidos, ni que \u00e9stos se encuentren actualizados, aunque desarrollar\u00e1 sus mejores esfuerzos para, en su caso, evitarlos, subsanarlos o actualizarlos. Por consiguiente, el titular no se responsabilza de los da\u00f1os o perjuicios de cualquier tipo producidos en el Usuario que tengan causa de fallos o desconexiones en las redes de telecomunicaciones que produzcan la suspensi\u00f3n, cancelaci\u00f3n o la interrupci\u00f3n du prestemo del service con car\u00e1cter previo.<\/p>\n<p>El titular excluye, con las excepciones contempladas en la legislaci\u00f3n vigente, cualquier responsabilidad por los da\u00f1os y perjuicios de toda naturaleza que puedan deberse a la falta de disponibilidad, continuidad o calidad del funcionamiento de la los\u00e1ginamiento de la los\u00e1ginami expectativa de utilidad que los Usuarios hubieren podido atribuir a la P\u00e1gina ya los Contenidos.<\/p>\n<p>El acceso a la P\u00e1gina no implica la obligaci\u00f3n por parte del titular de controlar la ausencia de virus, gusanos o cualquier otro elemento inform\u00e1tico da\u00f1ino. Corresponde al Usuario, en todo caso, la disponibilidad de herramientas adecuadas para la detecci\u00f3n y desinfecci\u00f3n de programas inform\u00e1ticos da\u00f1inos. Por lo tanto, el titular er ikke ansvarlig for los posibles feil de seguridad que se puedan producer durante la prestaci\u00f3n del servicio de la P\u00e1gina, ni de los posibles da\u00f1os que puedan causarse al sistema inform\u00e1tico del usuario o de terceros (maskinvare og programvare) , los ficheros o documentos almacenados en el mismo, como consecuencia de la presencia de virus en el ordenador del usuario utilizado para la conexi\u00f3n a los servicios y contenidos de la Web, de un mal funcionamiento del navegador o del uso de versiones no actualizadas del mismo .<\/p>\n<p><strong>5. BRUKSBETINGELSER<\/strong><\/p>\n<p>La simple y mera utilizaci\u00f3n de la P\u00e1gina otorga la condici\u00f3n de Usuario, bien sea persona f\u00edsica o jur\u00eddica, y obligatoriamente implica la acceptaci\u00f3n completa, plena y sin reserves de todas y cada una de las cl\u00e1usulas in las cl\u00e1usulas in algemene juridiske betingelser. Si el Usuario no estuviera conforme con las cl\u00e1usulas y condiciones de uso de este Aviso Legal, se abstendr\u00e1 de utilizar la P\u00e1gina.<\/p>\n<p>Este Aviso Legal est\u00e1 sujeto a cambios y actualizaciones por lo que la version publicada por el titular puede ser diferente en cada momento en que el Usuario acceda al Portal. Por tanto, el Usuario debe leer el Aviso Legal en todas y cada una de las ocasiones en que acceda a la P\u00e1gina.<\/p>\n<p>A trav\u00e9s de la P\u00e1gina, el titular facilita a los Usuarios el acceso y la utilizaci\u00f3n de diversos Contenidos publicados por media de Internet por el titular or por terceros autorizados.<\/p>\n<p>El Usuario est\u00e1 obligado y se compromete a utilizar la P\u00e1gina y los Contenidos de conformidad con la legislaci\u00f3n vigente, el Aviso Legal, y cualquier otro aviso o instrucciones puestos en su conocimiento, bien sea por medio de este denquitroer legal o en cualquier de los contenidos que conforman la P\u00e1gina, as\u00ed como con las normas de convivencia, la moral y buenas costumbres generalmente aceptadas.<\/p>\n<p>A tal efecto, el Usuario se obliga y compromete a NO utilizar cualquiera de los Contenidos con fines o efectos il\u00edcitos, prohibidos en el Aviso Legal o por la legislaci\u00f3n vigente, lesivos de los derechos e intereses de terceros, o que de puedanquier for , inutilizar, sobrecargar,<\/p>\n<p>deteriorar o impedir la normal utilizaci\u00f3n de los Contenidos, los equipos inform\u00e1ticos or los documentos, archivos y toda clase de contenidos almacenados and cualquier equipo inform\u00e1tico propios o contratados por el titular, de otros Usuarios or de cualquier usuario de internet software (hardware usuarioy software).<\/p>\n<p><strong>6. DISPONIBILIDAD DE LOS CONTENIDOS<\/strong><\/p>\n<p>La prestaci\u00f3n del servicio de la P\u00e1gina y de los Contenidos tiene, en principio, duraci\u00f3n indefinida. El titular, no obstante, podr\u00e1 dar por terminada o suspender la prestaci\u00f3n del servicio de la p\u00e1gina y\/o de cualquiera de los contenidos en cualquier momento.<\/p>\n<p><strong>7. RESPONSABILIDAD DE LOS CONTENIDOS<\/strong><\/p>\n<p>Funksjonene for lenker, sammenf\u00f8yninger, etc., som er tilgjengelige p\u00e5 nettet er eksklusive p\u00e5 den informative brukeren av andres eksistens p\u00e5 nettet som inneholder informasjon om materien. Esto no constituye sugerencia ni recomendaci\u00f3n alguna.<\/p>\n<p>Det er ingen ansvarlig for tittelen p\u00e5 otros sitios web desde los que pueda accederse al portal. Tampoco responde por la legalidad de otros sitios web de terceros, que pudieran estar vinculados o enlazados desde este sitio.<\/p>\n<p>Det er ingen ansvarlig for tittelen p\u00e5 dichas p\u00e1ginas enlazadas, del funcionamiento, utilidad o resultado de los Hiperenlaces, ni garantiza la ausencia de virus u otros elementos and los mismos que puedan producer alteraciones and el system inform\u00e1tico (maskinvare og programvare), documentos o los ficheros del Usuario, excluyendo cualquier responsabilidad por los da\u00f1os causados al Usuario por cualquiera de estos motivos.<\/p>\n<p><strong>8. REPRODUCCI\u00d3N DE CONTENIDOS<\/strong><\/p>\n<p>El Usuario se obliga y se compromete a no transmitir, difundir o poner a disposici\u00f3n de terceros cualquier clase de material contenido en la P\u00e1gina, tales como informaciones, textos, datas, contenidos, mensajes, gr\u00e1ficos, dibujos, archivos de sonido , fotograf\u00edas, grabaciones, programvare, logotyper, merker, ikoner, teknologi, fotografier, programvare, enlaces, dise\u00f1o gr\u00e1fico y c\u00f3digos fuente, o cualquier otro material al que tuviera acceso en su condici\u00f3n de Usuario de la P\u00e1gina tenga en car\u00e1queraci\u00f3n limitativo.<\/p>\n<p>Asimismo, de conformidad con todo ello, el Usuario no podr\u00e1:<\/p>\n<ul>\n<li>Reprodusere, kopiere, distribuere, bestille en disposision de cualquier forma, comunicar p\u00fablicamente, transformere eller modifisere los Contenidos, en menos que se cuente con la autorizaci\u00f3n escrita y expl\u00edcita del titular, que es ansvarlig for los korrespondenter derechos, o bilaterale juridiske resultater permitido.<\/li>\n<li>Suprimir, manipulerer o de cualquier forma, endrer &quot;copyright&quot; og dem\u00e1s identifikasjonsdata de la reserva de derechos del titular o de sus titulares, de las huellas y\/o identificadores digitales, o de cualesquiera otros medios t\u00e9cnicos estables estable.<\/li>\n<\/ul>\n<p>El Usuario deber\u00e1 abstenerse de obtener e incluso de intentar obtenerlos Contenidos empleando para ello medios o procedimientos distintos de los que, seg\u00fan los casos, se hayan puesto a su disposici\u00f3n o se hayan indicado en las p\u00e1ginas Web donde los se enmosen o. , de los que se empleen habitualmente en Internet a este efecto, siempre que no entra\u00f1en un riesgo de da\u00f1o o inutilizaci\u00f3n de la P\u00e1gina, y\/o de los Contenidos.<\/p>\n<p><strong>9. PROPIEDAD INDUSTRIAL E INTELECTUAL<\/strong><\/p>\n<p>Derechos de propiedad intellektuell e industriell s\u00f8nn todos los derechos reconocidos por la legislaci\u00f3n de propiedad intellektuell que tengan car\u00e1cter patrimonial o de explotaci\u00f3n para cualquier finalidad y para cualquier modalidad de uso, as\u00ed como todos los derechos reconocidos in de la propiedad industrielle, Casos la facultad de solicitar los registros og inscripciones oportunos para la obtenci\u00f3n o protecci\u00f3n de estos derechos (en adelante, los &quot;Derechos de Propiedad Intellectual e Industrial&quot;).<\/p>\n<p>Queda estrictamente prohibido la utilizaci\u00f3n de todos los elementos objeto de propiedad industrielle og intellektuelle con fines comerciales as\u00ed como su distribuci\u00f3n, modificaci\u00f3n, alteraci\u00f3n eller descompilaci\u00f3n.<\/p>\n<p>Cualesquiera denominaciones, dise\u00f1os y\/o logotipos, as\u00ed como cualquier producto or service ofrecidos y reflejados en esta p\u00e1gina Web, son marcas registradas or propiedad of Legal Exits Worldwide SL, or the terceros. No est\u00e1 permitido el uso de las mismas por personas diferentes de su leg\u00edtimo titular y sin el consentimiento de \u00e9ste.<\/p>\n<p>Los derechos de propiedad intellektuelle y marcas de terceros ser\u00e1n respetados por el usuario, el cual ser\u00e1 el \u00fanico ansvarlig de uso que haga de los mismos.<\/p>\n<p>La infracci\u00f3n de cualquiera de los citados derechos puede constituir una vulneraci\u00f3n de las presentes disposiciones, as\u00ed como un delito castigado de acuerdo con legislaci\u00f3n espa\u00f1ola.<\/p>\n<p><strong>10. MEDIDAS DE SEGURIDAD<\/strong><\/p>\n<p>El titular har adoptado los niveles de seguridad de protecci\u00f3n de los Datos Personales legalmente requeridos, y procuran instalar aquellos otros medios y medidas t\u00e9cnicas adicionales a su alcance para evitar la p\u00e9rdida, mal bruk, alteraci\u00f3n autorizado, los acceso . El titular no ser\u00e1 responsable de posibles da\u00f1os o perjuicios que se pudieran derivar de interferencias, utelatelser, interrupciones, virus inform\u00e1ticos, aver\u00edas telef\u00f3nicas o desconexiones en el funcionamiento operativo de este sistema electr\u00f3nico, motivadas por causas; de retrasos o bloqueos en el uso del presente sistema electr\u00f3nico causados por deficiencias o sobrecargas de l\u00edneas telef\u00f3nicas o sobrecargas en el Centro de Procesos de Datos, en el sistema de internet o en otros sistemas electr\u00f3nicos, as\u00ed como de porda\u00f1os serasquesados personas mediante intromisiones ileg\u00edtimas fuera del control del titular. No obstante, el Usuario debe ser consciente de que las medidas de seguridad no son inexpugnables.<\/p>\n<p><strong>11. PROTECCI\u00d3N DE DATOS DE CAR\u00c1CTER PERSONAL<\/strong><\/p>\n<p>Durante la navegaci\u00f3n a trav\u00e9s de LA WEB er mulig er que soliciten datas de car\u00e1cter personal a trav\u00e9s de diferentes formularios web dispuestos al efecto or por correo electr\u00f3nico. Dichos data formar\u00e1n parte de los pertinentes ficheros en funci\u00f3n de la finalidad determinada y concreta que motiva el recabo de los mismos, la cual le ser\u00e1 informada en el momento de recabar los datas personals. De esta forma, spesifikt informasjon om overf\u00f8ringen av dataene som er aportar\u00e1 junto a los formularios web eller correo electronic, seedo com\u00fan and todos ellos el ansvarlig del fichero: Legal Exits Worldwide SL.<\/p>\n<p>De acuerdo con los derechos que le confiere la normativa vigente en protecci\u00f3n de data, podr\u00e1 eiercer los derechos de acceso, korrigering, limitaci\u00f3n de tratamiento, supresi\u00f3n, portabilidad y oposici\u00f3n al tratamiento de sus data del assentim comto personal para assentim comto tratamiento de los mismos, dirigiendo su petici\u00f3n a Legal Exits Worldwide SL REF: Protecci\u00f3n de Datos con domicilio en \u2022Avda. Bruselas CC Fa\u00f1abe Plaza 332 \u2013 38660 \u2013 Adeje o al correo electr\u00f3nico dpd@legalexits.com.<\/p>\n<p>Cualquier persona tiene derecho a obtener confirmaci\u00f3n sobre si en Legal Exits Worldwide SL estamos tratando datas personals que les conciernan, o no. Las personas interesadas tienen derecho al acceso de sus datas personals, a solicitar la rectificaci\u00f3n de los data inexactos o, en su caso, solicitar su supresi\u00f3n cuando, entre otros motivos, los data ya no sean necesarios para los fines que fueron recogidos.<\/p>\n<p>En determinadas circunstancias, y por motivos relacionados con su situaci\u00f3n particular, los interesados podr\u00e1n solicitar la limitaci\u00f3n u oposici\u00f3n del tratamiento de sus data, en cuyo caso Juridiske utganger over hele verden SL \u00fanicamente los conservar\u00e1, por motiquimios legis\u00edtimos de cumeriosio por la administrasjon, o el ejercicio o la defensa de posibles reclamaciones.<\/p>\n<p>For mer informasjon om informasjon om personopplysninger, kan du bes\u00f8ke nettstedet http:\/\/legalexits.avisolegal.info\/.<\/p>\n<p><strong>12. PUBLICIDAD<\/strong><\/p>\n<p>Parte del sitio &quot;web&quot; puede albergar contenidos publicitarios eller estar patrocinado. Los anunciantes y patrocinadores son los \u00fanicos responsables de asegurarse que el material remitido para su inclusi\u00f3n en el sitio &quot;web&quot; cumple con las leyes que en cada caso puedan ser de aplicaci\u00f3n. Juridiske utganger Worldwide SL er ikke ansvarlige for feil, un\u00f8yaktig eller uregelmessig konkurranseutsatt leverand\u00f8r av publisiteter eller patrosinadorer.<\/p>\n<p>En todo caso, para interponer cualquier reclamaci\u00f3n relacionada con los Contenidos publicitarios insertados en este sitio \u201cweb\u201d pueden dirigirse a la suuiente directecci\u00f3n de correo electr\u00f3nico: dpd @ legalexits.com<\/p>\n<p><strong>13. BEGRENSNING AV ANSVAR<\/strong><\/p>\n<p>El titular excluye toda responsabilidad por las decisiones que el Usuario pueda tomar basado en esta informaci\u00f3n, as\u00ed como por los posibles errores tipogr\u00e1ficos que puedan contener los documentos y gr\u00e1ficos de la P\u00e1gina. La informaci\u00f3n est\u00e1 sometida a posibles cambios peri\u00f3dicos sin previo aviso de su contenido por ampliaci\u00f3n, mejora, correcci\u00f3n or actualizaci\u00f3n de los Contenidos.<\/p>\n<p>En la presente p\u00e1gina Web har publisert de terceros y\/o lenker som tilrettelegger el enlace en p\u00e1ginas Web de terceros. Legal Exits Worldwide SL en todos estos casos ingen er ansvarlige los servicios que estos terceros ofrezcan, ni de las condiciones particulares eller generales que requieran, ni de los contenidos de las p\u00e1ginas Web a los que se acceda por medio de los enlaces establecidos.<\/p>\n<p>El titular no responde de la veracidad de las informaciones que no Sean de elaboraci\u00f3n propia y de las que indique otra fuente, por lo que tampoco assume responsabilidad alguna en cuanto a hipot\u00e9ticos perjuicios que pudieran originarse por el uso de dicha informere. Den tittelen er reservert el derecho a actualizar, modificar eller eliminer la informaci\u00f3n contenida en sus paginas web pudiendo incluso limitar eller ingen tillatelse til tilgang til informasjon. Se exonera al titular de responsabilidad ante cualquier da\u00f1o o perjuicio que pudiera sufrir el Usuario como consecuencia de errores, defectos u missisiones, en la informaci\u00f3n facilitada por el titular siempre que proceda de fuentes ajenas a la misma.<\/p>\n<p><strong>14. NULIDAD PARSIAL<\/strong><\/p>\n<p>Si parte de estas condiciones generales de contrataci\u00f3n fuera contraria a derecho, y por tanto, inv\u00e1lida, no afectar\u00e1 a las otras disposiciones que son conforme a derecho, por lo tanto, las partes se comprometen a renegociar aquellas condiciones servique del nuccio ya incorporarlas al resto de las condiciones v\u00e1lidas.<\/p>\n<p><strong>15. JURISDIKSJON<\/strong><\/p>\n<p>Para cuantas cuestiones se susciten sobre la interpretaci\u00f3n, aplicaci\u00f3n y cumplimiento de este Aviso Legal, as\u00ed como de las reclamaciones que puedan derivarse de su uso, todos las partes intervinientes se someten a los Jueces y Tribunales de Tenma de Tenma expresa a cualquier otro fuero que pudiera corresponderles.<\/p>\n<p><strong>16. LOVGIVNING GJELDER<\/strong><\/p>\n<p>El Aviso Legal se rige por la ley espa\u00f1ola.<\/p>\n<p>Reservados todos los derechos de autor por las leyes y tratados internacionales de propiedad intellektuelle. Queda expresamente prohibida su copia, reproducci\u00f3n o difusi\u00f3n, total o parcial, por cualquier medio.<\/p>\n<\/div><\/div><\/div><\/div><\/div><\/div><\/div><\/section>","protected":false},"excerpt":{"rendered":"Den presenterte siden &quot;nettet&quot; har blitt l\u00f8st av Legal Exits Worldwide SL, for \u00e5 gi tilgang til generell tilgang til informasjon, aktiviteter, produkter og diverse tjenester, tjenester eller tjenester, tilbud. Den presenterer teksten, regulerer og informasjonen: Identifikasjonsdata for tittelen p\u00e5 nettet Definisjoner politikk de...","protected":false},"author":12,"featured_media":0,"parent":0,"menu_order":0,"comment_status":"closed","ping_status":"closed","template":"","meta":{"ngg_post_thumbnail":0,"footnotes":""},"class_list":["post-650","page","type-page","status-publish","hentry"],"yoast_head":"<!-- This site is optimized with the Yoast SEO plugin v26.8 - https:\/\/yoast.com\/product\/yoast-seo-wordpress\/ -->\n<title>AVISO LEGAL - Timeshare Legal Exits<\/title>\n<meta name=\"robots\" content=\"index, follow, max-snippet:-1, max-image-preview:large, max-video-preview:-1\" \/>\n<link rel=\"canonical\" href=\"https:\/\/legalexits.com\/nb\/aviso-legal\/\" \/>\n<meta property=\"og:locale\" content=\"nb_NO\" \/>\n<meta property=\"og:type\" content=\"article\" \/>\n<meta property=\"og:title\" content=\"AVISO LEGAL - Timeshare Legal Exits\" \/>\n<meta property=\"og:url\" content=\"https:\/\/legalexits.com\/nb\/aviso-legal\/\" \/>\n<meta property=\"og:site_name\" content=\"Timeshare Legal Exits\" \/>\n<meta property=\"article:modified_time\" content=\"2022-02-07T16:10:09+00:00\" \/>\n<meta name=\"twitter:card\" content=\"summary_large_image\" \/>\n<meta name=\"twitter:label1\" content=\"Ansl. lesetid\" \/>\n\t<meta name=\"twitter:data1\" content=\"13 minutter\" \/>\n<script type=\"application\/ld+json\" class=\"yoast-schema-graph\">{\"@context\":\"https:\/\/schema.org\",\"@graph\":[{\"@type\":\"WebPage\",\"@id\":\"https:\/\/legalexits.com\/de\/aviso-legal\/\",\"url\":\"https:\/\/legalexits.com\/de\/aviso-legal\/\",\"name\":\"AVISO LEGAL - Timeshare Legal Exits\",\"isPartOf\":{\"@id\":\"https:\/\/legalexits.com\/#website\"},\"datePublished\":\"2021-04-07T10:49:03+00:00\",\"dateModified\":\"2022-02-07T16:10:09+00:00\",\"breadcrumb\":{\"@id\":\"https:\/\/legalexits.com\/de\/aviso-legal\/#breadcrumb\"},\"inLanguage\":\"nb-NO\",\"potentialAction\":[{\"@type\":\"ReadAction\",\"target\":[\"https:\/\/legalexits.com\/de\/aviso-legal\/\"]}]},{\"@type\":\"BreadcrumbList\",\"@id\":\"https:\/\/legalexits.com\/de\/aviso-legal\/#breadcrumb\",\"itemListElement\":[{\"@type\":\"ListItem\",\"position\":1,\"name\":\"Home\",\"item\":\"https:\/\/legalexits.com\/\"},{\"@type\":\"ListItem\",\"position\":2,\"name\":\"AVISO LEGAL\"}]},{\"@type\":\"WebSite\",\"@id\":\"https:\/\/legalexits.com\/#website\",\"url\":\"https:\/\/legalexits.com\/\",\"name\":\"Timeshare Legal Exits\",\"description\":\"Relinquishing timeshare contracts legally\",\"potentialAction\":[{\"@type\":\"SearchAction\",\"target\":{\"@type\":\"EntryPoint\",\"urlTemplate\":\"https:\/\/legalexits.com\/?s={search_term_string}\"},\"query-input\":{\"@type\":\"PropertyValueSpecification\",\"valueRequired\":true,\"valueName\":\"search_term_string\"}}],\"inLanguage\":\"nb-NO\"}]}<\/script>\n<!-- \/ Yoast SEO plugin. -->","yoast_head_json":{"title":"AVISO LEGAL - Timeshare Legal Exits","robots":{"index":"index","follow":"follow","max-snippet":"max-snippet:-1","max-image-preview":"max-image-preview:large","max-video-preview":"max-video-preview:-1"},"canonical":"https:\/\/legalexits.com\/nb\/aviso-legal\/","og_locale":"nb_NO","og_type":"article","og_title":"AVISO LEGAL - Timeshare Legal Exits","og_url":"https:\/\/legalexits.com\/nb\/aviso-legal\/","og_site_name":"Timeshare Legal Exits","article_modified_time":"2022-02-07T16:10:09+00:00","twitter_card":"summary_large_image","twitter_misc":{"Ansl. lesetid":"13 minutter"},"schema":{"@context":"https:\/\/schema.org","@graph":[{"@type":"WebPage","@id":"https:\/\/legalexits.com\/de\/aviso-legal\/","url":"https:\/\/legalexits.com\/de\/aviso-legal\/","name":"AVISO LEGAL - Timeshare Legal Exits","isPartOf":{"@id":"https:\/\/legalexits.com\/#website"},"datePublished":"2021-04-07T10:49:03+00:00","dateModified":"2022-02-07T16:10:09+00:00","breadcrumb":{"@id":"https:\/\/legalexits.com\/de\/aviso-legal\/#breadcrumb"},"inLanguage":"nb-NO","potentialAction":[{"@type":"ReadAction","target":["https:\/\/legalexits.com\/de\/aviso-legal\/"]}]},{"@type":"BreadcrumbList","@id":"https:\/\/legalexits.com\/de\/aviso-legal\/#breadcrumb","itemListElement":[{"@type":"ListItem","position":1,"name":"Home","item":"https:\/\/legalexits.com\/"},{"@type":"ListItem","position":2,"name":"AVISO LEGAL"}]},{"@type":"WebSite","@id":"https:\/\/legalexits.com\/#website","url":"https:\/\/legalexits.com\/","name":"Timeshare Legal Exits","description":"\u00c5 gi fra seg timeshare-kontrakter p\u00e5 lovlig vis","potentialAction":[{"@type":"SearchAction","target":{"@type":"EntryPoint","urlTemplate":"https:\/\/legalexits.com\/?s={search_term_string}"},"query-input":{"@type":"PropertyValueSpecification","valueRequired":true,"valueName":"search_term_string"}}],"inLanguage":"nb-NO"}]}},"_links":{"self":[{"href":"https:\/\/legalexits.com\/nb\/wp-json\/wp\/v2\/pages\/650","targetHints":{"allow":["GET"]}}],"collection":[{"href":"https:\/\/legalexits.com\/nb\/wp-json\/wp\/v2\/pages"}],"about":[{"href":"https:\/\/legalexits.com\/nb\/wp-json\/wp\/v2\/types\/page"}],"author":[{"embeddable":true,"href":"https:\/\/legalexits.com\/nb\/wp-json\/wp\/v2\/users\/12"}],"replies":[{"embeddable":true,"href":"https:\/\/legalexits.com\/nb\/wp-json\/wp\/v2\/comments?post=650"}],"version-history":[{"count":8,"href":"https:\/\/legalexits.com\/nb\/wp-json\/wp\/v2\/pages\/650\/revisions"}],"predecessor-version":[{"id":1754,"href":"https:\/\/legalexits.com\/nb\/wp-json\/wp\/v2\/pages\/650\/revisions\/1754"}],"wp:attachment":[{"href":"https:\/\/legalexits.com\/nb\/wp-json\/wp\/v2\/media?parent=650"}],"curies":[{"name":"wp","href":"https:\/\/api.w.org\/{rel}","templated":true}]}}