{"id":654,"date":"2021-04-07T11:33:17","date_gmt":"2021-04-07T11:33:17","guid":{"rendered":"https:\/\/legalexits.com\/?page_id=654"},"modified":"2021-09-30T14:14:48","modified_gmt":"2021-09-30T14:14:48","slug":"proteccion-de-datos","status":"publish","type":"page","link":"https:\/\/legalexits.com\/nb\/proteccion-de-datos\/","title":{"rendered":"Data beskyttelse"},"content":{"rendered":"<section class=\"l-section wpb_row height_custom\"><div class=\"l-section-h i-cf\"><div class=\"g-cols vc_row via_flex valign_top type_default stacking_default\"><div class=\"vc_col-sm-12 wpb_column vc_column_container\"><div class=\"vc_column-inner\"><div class=\"wpb_wrapper\"><div class=\"wpb_text_column\"><div class=\"wpb_wrapper\"><p><strong><em>Data beskyttelse<\/em><\/strong><\/p>\n<p><em>&nbsp;<\/em><\/p>\n<p><em>Ved \u00e5 merke av i boksen godtar du retningslinjene for databeskyttelse.<\/em><\/p>\n<p><em>I samsvar med gjeldende regelverk om beskyttelse av personopplysninger informerer vi deg om at opplysningene i skjemaet samt din e-postadresse er en del av databasen til Viking Real Estate &amp; Consultants SLU<\/em><\/p>\n<p><em>Hensikten er intern, profesjonell, kommersiell ledelse og lojalitet, samt \u00e5 svare p\u00e5 henvendelsen(e) som stilles. P\u00e5 samme m\u00e5te vil e-postkontoen din lagres for \u00e5 sende informasjon om aktiviteten v\u00e5r. <\/em><\/p>\n<p><em>E-postkontoen din beholdes p\u00e5 ubestemt tid s\u00e5 lenge du ikke ber om sletting.<\/em><\/p>\n<p><em>Hvis du ikke \u00f8nsker \u00e5 motta mer informasjon, senere, om produktene eller tjenestene v\u00e5re, kan du melde deg av p\u00e5 f\u00f8lgende e-postadresse dpd@viking-realestate.com, og angi i emnet &quot;avslutt abonnement&quot; eller &quot;ikke send e-post&quot;, eller f\u00f8lge instruksjonene nederst i e-posten mottatt eller i mottatt format.<\/em><\/p>\n<p><em>Du kan se ytterligere og detaljert informasjon om databeskyttelse p\u00e5 nettstedet v\u00e5rt: <\/em><a href=\"http:\/\/vikingrealestates.avisolegal.info\/\"><em>http:\/\/vikingrealestates.avisolegal.info\/<\/em><\/a><em>. <\/em><\/p>\n<\/div><\/div><\/div><\/div><\/div><\/div><\/div><\/section>","protected":false},"excerpt":{"rendered":"Databeskyttelse Ved \u00e5 merke av i boksen godtar du retningslinjene for databeskyttelse. I samsvar med gjeldende regelverk om beskyttelse av personopplysninger informerer vi deg om at opplysningene som er oppgitt i skjemaet samt din e-postadresse er en del av databasen til Viking Real Estate &amp; Consultants SLU. Form\u00e5let...","protected":false},"author":12,"featured_media":0,"parent":0,"menu_order":0,"comment_status":"closed","ping_status":"closed","template":"","meta":{"ngg_post_thumbnail":0,"footnotes":""},"class_list":["post-654","page","type-page","status-publish","hentry"],"yoast_head":"<!-- This site is optimized with the Yoast SEO plugin v26.8 - https:\/\/yoast.com\/product\/yoast-seo-wordpress\/ -->\n<title>Data Protection - Timeshare Legal Exits<\/title>\n<meta name=\"robots\" content=\"index, follow, max-snippet:-1, max-image-preview:large, max-video-preview:-1\" \/>\n<link rel=\"canonical\" href=\"https:\/\/legalexits.com\/nb\/proteccion-de-datos\/\" \/>\n<meta property=\"og:locale\" content=\"nb_NO\" \/>\n<meta property=\"og:type\" content=\"article\" \/>\n<meta property=\"og:title\" content=\"Data Protection - Timeshare Legal Exits\" \/>\n<meta property=\"og:url\" content=\"https:\/\/legalexits.com\/nb\/proteccion-de-datos\/\" \/>\n<meta property=\"og:site_name\" content=\"Timeshare Legal Exits\" \/>\n<meta property=\"article:modified_time\" content=\"2021-09-30T14:14:48+00:00\" \/>\n<meta name=\"twitter:card\" content=\"summary_large_image\" \/>\n<meta name=\"twitter:label1\" content=\"Ansl. lesetid\" \/>\n\t<meta name=\"twitter:data1\" content=\"1 minutt\" \/>\n<script type=\"application\/ld+json\" class=\"yoast-schema-graph\">{\"@context\":\"https:\/\/schema.org\",\"@graph\":[{\"@type\":\"WebPage\",\"@id\":\"https:\/\/legalexits.com\/es\/proteccion-de-datos\/\",\"url\":\"https:\/\/legalexits.com\/es\/proteccion-de-datos\/\",\"name\":\"Data Protection - Timeshare Legal Exits\",\"isPartOf\":{\"@id\":\"https:\/\/legalexits.com\/#website\"},\"datePublished\":\"2021-04-07T11:33:17+00:00\",\"dateModified\":\"2021-09-30T14:14:48+00:00\",\"breadcrumb\":{\"@id\":\"https:\/\/legalexits.com\/es\/proteccion-de-datos\/#breadcrumb\"},\"inLanguage\":\"nb-NO\",\"potentialAction\":[{\"@type\":\"ReadAction\",\"target\":[\"https:\/\/legalexits.com\/es\/proteccion-de-datos\/\"]}]},{\"@type\":\"BreadcrumbList\",\"@id\":\"https:\/\/legalexits.com\/es\/proteccion-de-datos\/#breadcrumb\",\"itemListElement\":[{\"@type\":\"ListItem\",\"position\":1,\"name\":\"Home\",\"item\":\"https:\/\/legalexits.com\/\"},{\"@type\":\"ListItem\",\"position\":2,\"name\":\"Data Protection\"}]},{\"@type\":\"WebSite\",\"@id\":\"https:\/\/legalexits.com\/#website\",\"url\":\"https:\/\/legalexits.com\/\",\"name\":\"Timeshare Legal Exits\",\"description\":\"Relinquishing timeshare contracts legally\",\"potentialAction\":[{\"@type\":\"SearchAction\",\"target\":{\"@type\":\"EntryPoint\",\"urlTemplate\":\"https:\/\/legalexits.com\/?s={search_term_string}\"},\"query-input\":{\"@type\":\"PropertyValueSpecification\",\"valueRequired\":true,\"valueName\":\"search_term_string\"}}],\"inLanguage\":\"nb-NO\"}]}<\/script>\n<!-- \/ Yoast SEO plugin. -->","yoast_head_json":{"title":"Databeskyttelse - Timeshare juridiske utganger","robots":{"index":"index","follow":"follow","max-snippet":"max-snippet:-1","max-image-preview":"max-image-preview:large","max-video-preview":"max-video-preview:-1"},"canonical":"https:\/\/legalexits.com\/nb\/proteccion-de-datos\/","og_locale":"nb_NO","og_type":"article","og_title":"Data Protection - Timeshare Legal Exits","og_url":"https:\/\/legalexits.com\/nb\/proteccion-de-datos\/","og_site_name":"Timeshare Legal Exits","article_modified_time":"2021-09-30T14:14:48+00:00","twitter_card":"summary_large_image","twitter_misc":{"Ansl. lesetid":"1 minutt"},"schema":{"@context":"https:\/\/schema.org","@graph":[{"@type":"WebPage","@id":"https:\/\/legalexits.com\/es\/proteccion-de-datos\/","url":"https:\/\/legalexits.com\/es\/proteccion-de-datos\/","name":"Databeskyttelse - Timeshare juridiske utganger","isPartOf":{"@id":"https:\/\/legalexits.com\/#website"},"datePublished":"2021-04-07T11:33:17+00:00","dateModified":"2021-09-30T14:14:48+00:00","breadcrumb":{"@id":"https:\/\/legalexits.com\/es\/proteccion-de-datos\/#breadcrumb"},"inLanguage":"nb-NO","potentialAction":[{"@type":"ReadAction","target":["https:\/\/legalexits.com\/es\/proteccion-de-datos\/"]}]},{"@type":"BreadcrumbList","@id":"https:\/\/legalexits.com\/es\/proteccion-de-datos\/#breadcrumb","itemListElement":[{"@type":"ListItem","position":1,"name":"Home","item":"https:\/\/legalexits.com\/"},{"@type":"ListItem","position":2,"name":"Data Protection"}]},{"@type":"WebSite","@id":"https:\/\/legalexits.com\/#website","url":"https:\/\/legalexits.com\/","name":"Timeshare Legal Exits","description":"\u00c5 gi fra seg timeshare-kontrakter p\u00e5 lovlig vis","potentialAction":[{"@type":"SearchAction","target":{"@type":"EntryPoint","urlTemplate":"https:\/\/legalexits.com\/?s={search_term_string}"},"query-input":{"@type":"PropertyValueSpecification","valueRequired":true,"valueName":"search_term_string"}}],"inLanguage":"nb-NO"}]}},"_links":{"self":[{"href":"https:\/\/legalexits.com\/nb\/wp-json\/wp\/v2\/pages\/654","targetHints":{"allow":["GET"]}}],"collection":[{"href":"https:\/\/legalexits.com\/nb\/wp-json\/wp\/v2\/pages"}],"about":[{"href":"https:\/\/legalexits.com\/nb\/wp-json\/wp\/v2\/types\/page"}],"author":[{"embeddable":true,"href":"https:\/\/legalexits.com\/nb\/wp-json\/wp\/v2\/users\/12"}],"replies":[{"embeddable":true,"href":"https:\/\/legalexits.com\/nb\/wp-json\/wp\/v2\/comments?post=654"}],"version-history":[{"count":6,"href":"https:\/\/legalexits.com\/nb\/wp-json\/wp\/v2\/pages\/654\/revisions"}],"predecessor-version":[{"id":1894,"href":"https:\/\/legalexits.com\/nb\/wp-json\/wp\/v2\/pages\/654\/revisions\/1894"}],"wp:attachment":[{"href":"https:\/\/legalexits.com\/nb\/wp-json\/wp\/v2\/media?parent=654"}],"curies":[{"name":"wp","href":"https:\/\/api.w.org\/{rel}","templated":true}]}}