{"id":3,"date":"2021-02-26T11:29:29","date_gmt":"2021-02-26T11:29:29","guid":{"rendered":"https:\/\/legalexits.com\/?page_id=3"},"modified":"2022-02-07T16:14:59","modified_gmt":"2022-02-07T16:14:59","slug":"privacy-policy","status":"publish","type":"page","link":"https:\/\/legalexits.com\/nl\/privacy-policy\/","title":{"rendered":"Privacybeleid"},"content":{"rendered":"<section class=\"l-section wpb_row height_custom\"><div class=\"l-section-h i-cf\"><div class=\"g-cols vc_row via_flex valign_top type_default stacking_default\"><div class=\"vc_col-sm-12 wpb_column vc_column_container\"><div class=\"vc_column-inner\"><div class=\"wpb_wrapper\"><div class=\"wpb_text_column\"><div class=\"wpb_wrapper\"><p><strong>POL\u00cdTICA DE PRIVACIDAD<\/strong><\/p>\n<p>De juridische uitgangen van Worldwide SL, zijn gespecialiseerd in het beschermen van persoonlijke gegevens van de gebruikers van het web.<\/p>\n<p>Mediante la presente Pol\u00edtica de Privacidad (o Pol\u00edtica de Protecci\u00f3n de Datos) Legal Exits Worldwide SL informa a los\/las USUARIOS\/AS del sitio web www.legalexits.com de los usos een loss que se someten loss data de car\u00e1cter personal que se recaban en sitio Web, con el fin de que decidan, libre y voluntariamente, si desean facilitar la informaci\u00f3n solicitada.<\/p>\n<p>Legal Exits Worldwide SL, heeft betrekking op het wijzigen van de wet op het aanpassen van de wet, de juridische criteria, de praktijk van de sector en de belangen van de wet. Dit is een juridische procedure die een cambios y actualizaciones bevat voor de versie van de publicatie die op verschillende manieren kan worden gepubliceerd en waarmee u kunt toetreden. Por tanto, el\/la Usuario\/a debe leerlo en todas y cada una de las ocasiones en que acceda.<\/p>\n<p><strong>VERANTWOORDELIJK<\/strong><\/p>\n<p>El Responsable del Tratamiento de persoonlijke persoonlijke gegevens en de Legal Exits Worldwide SL, met directe gevolgen voor de Avda. Brussel CC Fa\u00f1abe Plaza 332 \u2013 38660 \u2013 Adeje<\/p>\n<ul>\n<li>E-mail: dpd@legalexits.com<\/li>\n<\/ul>\n<p><strong>FINALIDAD DEL TRATAMIENTO<\/strong><\/p>\n<p>Juridische uitgangen Wereldwijd SL is een van de gegevens die worden verstrekt door los\/las usuarios\/as con el fin de gestionar la sollicited que se realice por los mismos.<\/p>\n<p><strong>PRINCIPIOS DE APLICACI\u00d3N AL TRATAMIENTO DE LOS DATOS<\/strong><\/p>\n<p>En el tratamiento de los datos personales ser\u00e1n de aplicaci\u00f3n los siguientes principios:<\/p>\n<ul>\n<li>Los persoonlijke gegevens op voor de offici\u00eble, doorzichtige en juridische documenten.<\/li>\n<li>Los persoonlijke gegevens op met betrekking tot determinados expl\u00edcitos y leg\u00edtimos.<\/li>\n<li>Los persoonlijke gegevens op, die relevant zijn voor en beperkingen opleggen aan een relaci\u00f3n met el tratamiento.<\/li>\n<li>Los persoonlijke gegevens deben ser exactos y estar siempre actualizados.<\/li>\n<li>Losse persoonlijke gegevens van de formele legitimatie van de identiteitskaart van de betrokken partijen zijn niet nodig om boetes te kunnen betalen.<\/li>\n<li>Los persoonlijke gegevens van de mens op het gebied van de garantie op seguridad.<\/li>\n<\/ul>\n<p><strong>LEGITIMACI\u00d3N PARA EL TRATAMIENTO DE LOS DATOS<\/strong><\/p>\n<p>Legal Exits Worldwide SL is een legitieme reden voor persoonlijke gegevens, en een basis van toestemming voor het verkrijgen van een geldige reden voor het bevestigen van de relevante documenten en voor verschillende boetes.<\/p>\n<p><strong>COMUNICACIONES DE DATOS \u2013 DESTINATARIOS<\/strong><\/p>\n<p>Er is geen persoonlijke verklaring van rechtswege, wettelijke verplichting of een voorafgaande schriftelijke verklaring van toestemming en uitdrukkelijke toestemming. Geen transferencias internaciones de datos.<\/p>\n<p>En todo caso, se comunicar\u00e1n o ceder\u00e1n datos bajo petici\u00f3n, a:<\/p>\n<ul>\n<li>rganos jurisdiccionales.<\/li>\n<li>Algemeen bestuur van de Estado, de las Comunidades Aut\u00f3nomas, Local en Instituciones de car\u00e1cter p\u00fablico competentes, para el ejercicio de Competencias soortgelijke cuando as\u00ed lo Establezca una ley.<\/li>\n<li>Entidades p\u00fablicas que le vengan impuestas en norma de ley.<\/li>\n<li>Cualquier otra que resulte de la normativa vigente.<\/li>\n<\/ul>\n<p><strong>PLAZO DE CONSERVACI\u00d3N<\/strong><\/p>\n<p>Afhankelijk van de gegevens die het doel van de tratamiento zijn, met het karakter en de niet-limitatieve, losse persoonlijke gegevens die de conservaran de garantie bieden, kunnen de nodige juridische verplichtingen worden nageleefd:<\/p>\n<ul>\n<li>U kunt kiezen uit een contractuele relaci\u00f3n y\/o profesional, los mantendremos bloqueados durante los plazos de prescripci\u00f3n legal.<\/li>\n<\/ul>\n<p><strong>EXACTITUD DE LOS DATOS<\/strong><\/p>\n<p>Door otro lado, con el fin de que los data obrantes en nuestros registros y ficheros, inform\u00e1ticos y\/o en papel, siempre correspondan, se tratar\u00e1 de mantener actualizados. De manera que, a estos efectos, el\/la interesado\/a deber\u00e1 comunicar cualquier cambio y\/o modificaci\u00f3n a Legal Exits Worldwide SL<\/p>\n<p><strong>BESTEMMINGEN<\/strong><\/p>\n<p>Los datos personales no ser\u00e1n cedidos of comunicados a terceros, salvo en los supuestos necesarios para el desarrollo, control y cumplimiento de la\/s finalidad\/es expresada\/s, en los supuestos previstos, seg\u00fan Ley.<\/p>\n<p><strong>DERECHOS DE LOS USUARIOS<\/strong><\/p>\n<p>Geen obstante, el\/la interesado\/a de los datos personales en todo caso podr\u00e1 ejercitar los derechos que le asisten, de acuerdo con el Reglamento General de Protecci\u00f3n de Datos, y que son:<\/p>\n<ul>\n<li>Derecho de Informaci\u00f3n: een recenter ge\u00efnformeerd de forma clara ANTES de sus datos sean recogidos y\/o recabados, sobre aquells que ser\u00e1n tratados, con qu\u00e9 finalidad se tratan, donde se han obtenido y\/o recabados com lasicaun posibles y\/o las posibles.<\/li>\n<li>Derecho de Acceso: para conocer qu\u00e9 thatos est\u00e1n siendo tratados, con qu\u00e9 finalidad se tratan, donde se han obtenido y\/o recabados y las posibles comunicaciones.<\/li>\n<li>Derecho de Rectificaci\u00f3n: para modificar aquellos datos inexactos of incompletos.<\/li>\n<li>Derecho de Cancelaci\u00f3n: para cancelar data inadecuados o excesivos.<\/li>\n<li>Derecho de Oposici\u00f3n: para evitar que se traten thatos o que dejen de tratarse, aunque s\u00f3lo en los supuestos que establece la ley.<\/li>\n<li>Derecho de Limitaci\u00f3n de Tratamiento: para que se suspenda el tratamiento de datos en los supuestos que establece la ley.<\/li>\n<li>Derecho a la Portabilidad de los Data: para poder recibir datas facilitados en un formato electric estructurado y de uso habitual y poder transmitterirlos a otro responsable.<\/li>\n<li>Derecho een geen ser Objeto de Decisiones Individualizadas: con el fin de que no se tome una decisi\u00f3n sobre sus datos, que produzca efectos jur\u00eddicos o afecte al interesado\/a, basada solo en el tratamiento.<\/li>\n<\/ul>\n<p>Alle\/La interesado\/a podr\u00e1 ejercitar tales derechos mediante acompa\u00f1ada de un fotocopia de su DNI, a la direcci\u00f3n: Avda. Bruselas CC Fa\u00f1abe Plaza 332 \u2013 38660 \u2013 Adeje oa de elektrische besturing: dpd@legalexits.com<\/p>\n<p>Er is sprake van een zorgvuldige bescherming van persoonlijke gegevens, een tussenkomst van een herstel (Tutela de derechos) voor de Agencia Espa\u00f1ola de Protecci\u00f3n de Datos (www.agpd.es).<\/p>\n<p><strong>MEDIDAS DE SEGURIDAD<\/strong><\/p>\n<p>Finalmente se informa que Legal Exits Worldwide SL, adoptar\u00e1 en su sistema de informaci\u00f3n las medidas t\u00e9cnicas y organizativas adecuadas, dando cumplimiento al principio de responsabilidad proactiva, a fin de garantizar la seguridad y confidencialidad de los dataos , tratamiento of acceso no autorizado; teniendo en cuenta el estado de la t\u00e9cnica, los costes de aplicaci\u00f3n, y la naturaleza, el alcance, el contexto y los fines del tratamiento, as\u00ed com riesgos de probabilidad y gravedad variables associadas a cada uno de los tratamientos.<\/p>\n<p><strong>MAS INFORMACI\u00d3N EN EL TRATAMIENTO DE DATOS<\/strong><\/p>\n<p>Als je alguna pregunta sobre esta Pol\u00edtica de Privacidad, rogamos que se ponga en contacto enviando een e-mail naar dpd@legalexits.com<\/p>\n<p>Meer informatie over aanvullende informatie en aanvullende informatie over gegevensbescherming en nieuwe pagina&#039;s op het web: http:\/\/legalexits.avisolegal.info\/<\/p>\n<p>Raadpleeg de NORMATIVA VIGENTE DE PROTECCI\u00d3N DE DATOS PERSONALES op: http:\/\/normativa.avisolegal.info.<\/p>\n<\/div><\/div><\/div><\/div><\/div><\/div><\/div><\/section>","protected":false},"excerpt":{"rendered":"POL\u00cdTICA DE PRIVACIDAD Juridische uitgangen Worldwide SL, is een speciale sensibiliserende en persoonlijke bescherming van de persoonlijke gegevens van de gebruikers van het web. Mediante la presente Pol\u00edtica de Privacidad (o Pol\u00edtica de Protecci\u00f3n de Datos) Legal Exits Worldwide SL informa a los\/las USUARIOS\/AS del sitio web www.legalexits.com de los...","protected":false},"author":12,"featured_media":0,"parent":0,"menu_order":0,"comment_status":"closed","ping_status":"open","template":"","meta":{"ngg_post_thumbnail":0,"footnotes":""},"class_list":["post-3","page","type-page","status-publish","hentry"],"yoast_head":"<!-- This site is optimized with the Yoast SEO plugin v26.8 - https:\/\/yoast.com\/product\/yoast-seo-wordpress\/ -->\n<title>Privacy Policy - Timeshare Legal Exits<\/title>\n<meta name=\"robots\" content=\"index, follow, max-snippet:-1, max-image-preview:large, max-video-preview:-1\" \/>\n<link rel=\"canonical\" href=\"https:\/\/legalexits.com\/nl\/privacy-policy\/\" \/>\n<meta property=\"og:locale\" content=\"nl_NL\" \/>\n<meta property=\"og:type\" content=\"article\" \/>\n<meta property=\"og:title\" content=\"Privacy Policy - Timeshare Legal Exits\" \/>\n<meta property=\"og:url\" content=\"https:\/\/legalexits.com\/nl\/privacy-policy\/\" \/>\n<meta property=\"og:site_name\" content=\"Timeshare Legal Exits\" \/>\n<meta property=\"article:modified_time\" content=\"2022-02-07T16:14:59+00:00\" \/>\n<meta name=\"twitter:card\" content=\"summary_large_image\" \/>\n<meta name=\"twitter:label1\" content=\"Geschatte leestijd\" \/>\n\t<meta name=\"twitter:data1\" content=\"4 minuten\" \/>\n<script type=\"application\/ld+json\" class=\"yoast-schema-graph\">{\"@context\":\"https:\/\/schema.org\",\"@graph\":[{\"@type\":\"WebPage\",\"@id\":\"https:\/\/legalexits.com\/privacy-policy\/\",\"url\":\"https:\/\/legalexits.com\/privacy-policy\/\",\"name\":\"Privacy Policy - Timeshare Legal Exits\",\"isPartOf\":{\"@id\":\"https:\/\/legalexits.com\/#website\"},\"datePublished\":\"2021-02-26T11:29:29+00:00\",\"dateModified\":\"2022-02-07T16:14:59+00:00\",\"breadcrumb\":{\"@id\":\"https:\/\/legalexits.com\/privacy-policy\/#breadcrumb\"},\"inLanguage\":\"nl-NL\",\"potentialAction\":[{\"@type\":\"ReadAction\",\"target\":[\"https:\/\/legalexits.com\/privacy-policy\/\"]}]},{\"@type\":\"BreadcrumbList\",\"@id\":\"https:\/\/legalexits.com\/privacy-policy\/#breadcrumb\",\"itemListElement\":[{\"@type\":\"ListItem\",\"position\":1,\"name\":\"Home\",\"item\":\"https:\/\/legalexits.com\/\"},{\"@type\":\"ListItem\",\"position\":2,\"name\":\"Privacy Policy\"}]},{\"@type\":\"WebSite\",\"@id\":\"https:\/\/legalexits.com\/#website\",\"url\":\"https:\/\/legalexits.com\/\",\"name\":\"Timeshare Legal Exits\",\"description\":\"Relinquishing timeshare contracts legally\",\"potentialAction\":[{\"@type\":\"SearchAction\",\"target\":{\"@type\":\"EntryPoint\",\"urlTemplate\":\"https:\/\/legalexits.com\/?s={search_term_string}\"},\"query-input\":{\"@type\":\"PropertyValueSpecification\",\"valueRequired\":true,\"valueName\":\"search_term_string\"}}],\"inLanguage\":\"nl-NL\"}]}<\/script>\n<!-- \/ Yoast SEO plugin. -->","yoast_head_json":{"title":"Privacybeleid - Juridische uitgangen timeshare","robots":{"index":"index","follow":"follow","max-snippet":"max-snippet:-1","max-image-preview":"max-image-preview:large","max-video-preview":"max-video-preview:-1"},"canonical":"https:\/\/legalexits.com\/nl\/privacy-policy\/","og_locale":"nl_NL","og_type":"article","og_title":"Privacy Policy - Timeshare Legal Exits","og_url":"https:\/\/legalexits.com\/nl\/privacy-policy\/","og_site_name":"Timeshare Legal Exits","article_modified_time":"2022-02-07T16:14:59+00:00","twitter_card":"summary_large_image","twitter_misc":{"Geschatte leestijd":"4 minuten"},"schema":{"@context":"https:\/\/schema.org","@graph":[{"@type":"WebPage","@id":"https:\/\/legalexits.com\/privacy-policy\/","url":"https:\/\/legalexits.com\/privacy-policy\/","name":"Privacybeleid - Juridische uitgangen timeshare","isPartOf":{"@id":"https:\/\/legalexits.com\/#website"},"datePublished":"2021-02-26T11:29:29+00:00","dateModified":"2022-02-07T16:14:59+00:00","breadcrumb":{"@id":"https:\/\/legalexits.com\/privacy-policy\/#breadcrumb"},"inLanguage":"nl-NL","potentialAction":[{"@type":"ReadAction","target":["https:\/\/legalexits.com\/privacy-policy\/"]}]},{"@type":"BreadcrumbList","@id":"https:\/\/legalexits.com\/privacy-policy\/#breadcrumb","itemListElement":[{"@type":"ListItem","position":1,"name":"Home","item":"https:\/\/legalexits.com\/"},{"@type":"ListItem","position":2,"name":"Privacy Policy"}]},{"@type":"WebSite","@id":"https:\/\/legalexits.com\/#website","url":"https:\/\/legalexits.com\/","name":"Juridische uitgangen voor timeshare","description":"Op legale wijze afstand doen van timeshare-contracten","potentialAction":[{"@type":"SearchAction","target":{"@type":"EntryPoint","urlTemplate":"https:\/\/legalexits.com\/?s={search_term_string}"},"query-input":{"@type":"PropertyValueSpecification","valueRequired":true,"valueName":"search_term_string"}}],"inLanguage":"nl-NL"}]}},"_links":{"self":[{"href":"https:\/\/legalexits.com\/nl\/wp-json\/wp\/v2\/pages\/3","targetHints":{"allow":["GET"]}}],"collection":[{"href":"https:\/\/legalexits.com\/nl\/wp-json\/wp\/v2\/pages"}],"about":[{"href":"https:\/\/legalexits.com\/nl\/wp-json\/wp\/v2\/types\/page"}],"author":[{"embeddable":true,"href":"https:\/\/legalexits.com\/nl\/wp-json\/wp\/v2\/users\/12"}],"replies":[{"embeddable":true,"href":"https:\/\/legalexits.com\/nl\/wp-json\/wp\/v2\/comments?post=3"}],"version-history":[{"count":6,"href":"https:\/\/legalexits.com\/nl\/wp-json\/wp\/v2\/pages\/3\/revisions"}],"predecessor-version":[{"id":1577,"href":"https:\/\/legalexits.com\/nl\/wp-json\/wp\/v2\/pages\/3\/revisions\/1577"}],"wp:attachment":[{"href":"https:\/\/legalexits.com\/nl\/wp-json\/wp\/v2\/media?parent=3"}],"curies":[{"name":"wp","href":"https:\/\/api.w.org\/{rel}","templated":true}]}}