{"id":650,"date":"2021-04-07T10:49:03","date_gmt":"2021-04-07T10:49:03","guid":{"rendered":"https:\/\/legalexits.com\/?page_id=650"},"modified":"2022-02-07T16:10:09","modified_gmt":"2022-02-07T16:10:09","slug":"aviso-legal","status":"publish","type":"page","link":"https:\/\/legalexits.com\/nl\/aviso-legal\/","title":{"rendered":"Juridische informatie"},"content":{"rendered":"<section class=\"l-section wpb_row height_custom\"><div class=\"l-section-h i-cf\"><div class=\"g-cols vc_row via_flex valign_top type_default stacking_default\"><div class=\"vc_col-sm-12 wpb_column vc_column_container\"><div class=\"vc_column-inner\"><div class=\"wpb_wrapper\"><div class=\"wpb_text_column\"><div class=\"wpb_wrapper\"><p>De presentatie van het &quot;web&quot; is gekoppeld aan Legal Exits Worldwide SL, voor een algemene vergunning voor de algemene toegang tot de gebruikers en activiteiten, producten en diensten voor verschillende doeleinden, producten en diensten.<\/p>\n<p>Deze tekst regelt en informeert over:<\/p>\n<ol>\n<li>Datos identificativos del titular de la web<\/li>\n<li>definities<\/li>\n<li>Politieke privacy<\/li>\n<li>Beschikbaarheid van de pagina<\/li>\n<li>Voorwaarden voor gebruik<\/li>\n<li>Beschikbaarheid van contenidos<\/li>\n<li>Responsabilidad de contenidos<\/li>\n<li>Reproductie van contenidos<\/li>\n<li>Propiedad industrieel en intellectueel<\/li>\n<li>Medidas de seguridad<\/li>\n<li>Persoonlijke gegevensbescherming<\/li>\n<li>Publicidad<\/li>\n<li>Beperking van verantwoordelijkheid<\/li>\n<li>Nulidad parcial<\/li>\n<li>Jurisdicci\u00f3n<\/li>\n<li>Toepasselijke wetgeving<\/li>\n<\/ol>\n<p><strong>1. DATOS IDENTIFICATIVOS DEL TITULAR DE LA WEB<\/strong><\/p>\n<p>En cumplimiento del deber de informaci\u00f3n, Legal Exits Worldwide SL (en de sucesivo El Titular) en de calidad de titular del website www.legalexits.com (en de sucesivo LA WEB) procede a comunicarles los dataos identificativos:<\/p>\n<ul>\n<li>Sociale benaming: Legal Exits Worldwide SL<\/li>\n<li>Cif: B67766295<\/li>\n<li>Direcci\u00f3n de correo electr\u00f3nico: dpd @ legalexits.com<\/li>\n<li>Domicilio: \u2022Avda. Brussel CC Fa\u00f1abe Plaza 332 \u2013 38660 \u2013 Adeje<\/li>\n<\/ul>\n<p>La presente informaci\u00f3n conforma y regula las condiciones de uso, las limitaciones de responsabilidad y las obligaciones que los usuarios de la page Web que se se publica el nombre\/s the dominio asumen y se comprometen a respetar.<\/p>\n<p><strong>DEFINITIES<\/strong><\/p>\n<p>De website gebruikt onder meer:<\/p>\n<p>\u201cPagina\u201d; Dominio\/s que se pone a disposici\u00f3n de los Usuarios de Internet.<\/p>\n<p>\"Gebruiker\"; Natuurlijke of rechtspersoon die de pagina gebruikt of doorbladert.<\/p>\n<p>\"Inhoud\"; Dit zijn de pagina's die het hele domein vormen, die de informatie en diensten vormen die de eigenaar ter beschikking stelt aan internetgebruikers. Ze bevatten berichten, teksten, foto's, afbeeldingen, iconen, logo's, technologie, links, texturen, tekeningen, geluids- en\/of beeldbestanden, opnamen, software, uiterlijk, grafisch ontwerp, broncodes en, in het algemeen, elk soort materiaal in de pagina.<\/p>\n<p>\"Web\"; Technisch woord dat het toegangssysteem beschrijft tot informatie via internet. Dit is geconfigureerd via pagina's gemaakt met HTML, ASP of een vergelijkbare taal, en programmeermechanismen zoals java, javascript, PHP of andere, enz ... Deze pagina's ontworpen en gepubliceerd onder een internetdomeinnaam zijn het resultaat van de informatie die de eigenaar ter beschikking stelt aan internetgebruikers.<\/p>\n<p>\"Verbindingen\"; Techniek waarmee een gebruiker door verschillende pagina's van het web of internet kan navigeren met een simpele klik op de tekst, het pictogram, de knop of de indicatie die de link bevat.<\/p>\n<p>\"Cookies\"; Technische middelen voor de traceerbaarheid en monitoring van navigatie op websites. Het zijn kleine tekstbestanden die op de computer van de Gebruiker worden geschreven.<\/p>\n<p><strong>PRIVACYBELEID<\/strong><\/p>\n<p>Via deze website worden zonder hun medeweten geen persoonlijke gegevens van gebruikers verzameld, noch aan derden doorgegeven.<\/p>\n<p>Met de laatste dienst van het verlenen van diensten en het faciliteren van het gebruik van de pagina&#039;s, het aantal bezoeken en activiteiten van de bezoekers en het gebruik ervan. Alle juridische uitgangen wereldwijd SL maken gebruik van een informatieve estad\u00edstica elaborada el proofedor de servicios de internet.<\/p>\n<p>La Legal Exits Worldwide SL geen gebruik van cookies voor het registreren van gebruikersinformatie, voor het registreren van toegang tot de toegangscode. Als u gebruik wilt maken van cookies, kunt u gebruik maken van advertenties en de eerste toegang tot een pagina met informatie over het gebruik van cookies en het beleid van het gebruik.<\/p>\n<p>Het portaal naar de titel van Legal Exits Worldwide SL sluit aan op een web van de terceros, cuyas politicas de privacys de ajenas a la de Legal Exits Worldwide SL. Al acceder a tales sitios web usted puede decidir si acepta sus politicas de privacidad y de cookies. Con car\u00e1cter general, si navega por internet usted puede aceptar of rechazar las cookies de terceros desdes configuraci\u00f3n the sun navegador.<\/p>\n<p><strong>BESCHIKBAARHEID VAN DE PAGINA<\/strong><\/p>\n<p>De eigenaar garandeert niet de afwezigheid van onderbrekingen of fouten in de toegang tot de pagina of de inhoud ervan, noch dat deze worden bijgewerkt, hoewel hij zijn best zal doen om deze, waar nodig, te vermijden, te corrigeren of bij te werken. Bijgevolg is de eigenaar niet verantwoordelijk voor schade van welke aard dan ook aan de Gebruiker veroorzaakt door storingen of onderbrekingen in de telecommunicatienetwerken die de opschorting, annulering of onderbreking van de Portal-service veroorzaken tijdens de levering ervan of vooraf.<\/p>\n<p>De eigenaar sluit, met uitzondering van de huidige wetgeving, elke aansprakelijkheid uit voor schade van welke aard dan ook die te wijten kan zijn aan het gebrek aan beschikbaarheid, continu\u00efteit of kwaliteit van de werking van de pagina en de inhoud, aan het niet voldoen aan de verwachting van bruikbaarheid die gebruikers mogelijk hebben toegeschreven aan de pagina en de inhoud.<\/p>\n<p>De eigenaar van de website heeft geen verplichting om de afwezigheid van virussen, computerwormen of andere malware die schade aan uw computer kan toebrengen, te controleren. In ieder geval is het de verantwoordelijkheid van de Gebruiker om over de juiste tools te beschikken voor de detectie en desinfectie van schadelijke computerprogramma's. Daarom is de eigenaar niet verantwoordelijk voor eventuele beveiligingsfouten die kunnen optreden tijdens het aanbieden van de Page-service, noch voor mogelijke schade die kan worden toegebracht aan het computersysteem van de gebruiker of derden (hardware en software), de bestanden of documenten daarin opgeslagen, als gevolg van de aanwezigheid van virussen op de computer van de gebruiker die wordt gebruikt om verbinding te maken met de diensten en inhoud van het web, een storing van de browser of het gebruik van niet-ge\u00fcpdatete versies daarvan.<\/p>\n<p><strong>GEBRUIKSVOORWAARDEN<\/strong><\/p>\n<p>Het eenvoudige en loutere gebruik van de pagina verleent de gebruiker, een natuurlijke of rechtspersoon, en impliceert noodzakelijkerwijs de volledige en onvoorwaardelijke aanvaarding van elk van de clausules en algemene voorwaarden die zijn opgenomen in de algemene voorwaarden. Als de gebruiker niet akkoord gaat met de clausules en gebruiksvoorwaarden van deze algemene voorwaarden, zal hij afzien van het gebruik van de pagina.<\/p>\n<p>Deze algemene voorwaarden zijn onderhevig aan wijzigingen en updates, dus de versie die door de eigenaar wordt gepubliceerd, kan elke keer dat de gebruiker toegang heeft tot het portaal anders zijn. Daarom moet de gebruiker elke keer dat hij de pagina bezoekt de algemene voorwaarden lezen.<\/p>\n<p>Via de pagina biedt de eigenaar gebruikers toegang tot het gebruik van verschillende inhoud die door de eigenaar of geautoriseerde derden via internet is gepubliceerd.<\/p>\n<p>De gebruiker is verplicht en verbindt zich ertoe de pagina en de inhoud te gebruiken in overeenstemming met de huidige wetgeving, de algemene voorwaarden en alle andere kennisgevingen of instructies die hem bekend zijn gemaakt, hetzij via deze algemene voorwaarden of op een andere plaats binnen de inhoud die de pagina, evenals met de regels van co\u00ebxistentie, moraal en algemeen aanvaarde goede gewoonten.<\/p>\n<p>Een efecto, el Usuario se obliga y compromete a NO utilizar cualquiera de los Contenidos con fines o efectos il\u00edcitos, prohibidos en el Aviso Legal o por la legalci\u00f3n vigente, lesivos de los derechos e intereses the terquerosual, o el Aviso Legal , inutilizar, sobrecargar,<\/p>\n<p>verslechteren van het normale gebruik van de Contenidos, los van de informatie over documenten, archieven en van de clase de contenidos almacenados en cualquier equipo inform\u00e1tico propios o contratados el titular, de otros Usuarios o de cual internet (hardware).<\/p>\n<p><strong>BESCHIKBAARHEID VAN DE INHOUD<\/strong><\/p>\n<p>Het verlenen van de dienst van de Pagina en de Inhoud is in principe van onbepaalde duur. De eigenaar kan echter op elk moment de levering van de paginaservice en\/of de inhoud ervan be\u00ebindigen of opschorten.<\/p>\n<p><strong>VERANTWOORDELIJKHEID VOOR DE INHOUD<\/strong><\/p>\n<p>De functie van de links enz., die op deze website verschijnen, is uitsluitend om de gebruiker te informeren over het bestaan van andere websites die informatie hierover bevatten. Dit is geen suggestie of aanbeveling.<\/p>\n<p>De eigenaar is niet verantwoordelijk voor de wettelijkheid van  websites van derden van waaruit toegang tot het portaal kan worden verkregen. Hij is ook niet verantwoordelijk voor de wettelijkheid van andere websites van derden, die vanaf deze site kunnen worden gelinkt.<\/p>\n<p>De eigenaar is niet verantwoordelijk voor de inhoud van genoemde gelinkte pagina's, de werking, het nut of het resultaat van de Hyperlinks, noch garandeert hij de afwezigheid van virussen of andere elementen daarin die wijzigingen in het computersysteem (hardware en software) kunnen veroorzaken, documenten of bestanden van de gebruiker, hierbij elke verantwoordelijkheid voor schade die om een van deze redenen aan de gebruiker is toegebracht uitsluitend.<\/p>\n<p><strong>INHOUD AFSPELEN<\/strong><\/p>\n<p>De Gebruiker verbindt zich ertoe om geen materiaal van de Pagina, zoals informatie, teksten, gegevens, inhoud, berichten, grafieken, tekeningen, geluids- en\/of beeldbestanden, , foto's, opnames, software, logo's, merken, iconen, technologie, foto's, software, links, grafisch ontwerp en broncodes, of enig ander materiaal waartoe je als Gebruiker van de Pagina toegang hebt, zonder dat deze opsomming het karakter beperkend heeft, door te geven, te verspreiden of ter beschikking te stellen aan derden.<\/p>\n<p>Evenzo mag de Gebruiker in overeenstemming met dit alles niet:<\/p>\n<ul>\n<li>Reproducir, copiar, distribuir, poner a disposici\u00f3n de cualquier forma, comunicar p\u00fablicamente, transformar of modificar los Contenidos, a menos que se cuente con la autorizaci\u00f3n escrita y expl\u00edcita del titular, que es verantwoordelijk de losientes vergunning.<\/li>\n<li>Suprimir, manipular of the cualquier forma, alterar el &quot;copyright&quot; en dem\u00e1s datas identificativos de la reserva de rechos del titular of the sus titulares, de las huellas y\/o identificadores digitals, of de cualesquiera otros medios.<\/li>\n<\/ul>\n<p>De Gebruiker moet zich onthouden van het verkrijgen en zelfs proberen te verkrijgen van de Inhoud met behulp van andere middelen of procedures dan die welke, afhankelijk van het geval, hem ter beschikking zijn gesteld of zijn aangegeven op de webpagina's waar ze worden gevonden of, in het algemeen, van degenen die gewoonlijk op internet voor dit doel worden gebruikt, zolang ze geen risico met zich meebrengen voor beschadiging of onbruikbaarmaking van de Pagina en\/of de Inhoud.<\/p>\n<p><strong>INDUSTRIEEL EN INTELLECTUEEL EIGENDOM<\/strong><\/p>\n<p>Intellectuele en industri\u00eble eigendomsrechten zijn alle rechten erkend door de intellectuele eigendomswetgeving die patrimoniaal of exploitatiekarakter hebben voor elk doel en voor elke gebruiksmodaliteit, evenals alle rechten erkend door de industri\u00eble eigendomswetgeving, inbegrepen in zowel In gevallen, de bevoegdheid om de juiste gegevens en inschrijvingen op te vragen om deze rechten te verkrijgen of te beschermen (hierna de \"Intellectuele en industri\u00eble eigendomsrechten\").<\/p>\n<p>Het gebruik van alle elementen van industri\u00eble en intellectuele eigendom voor commerci\u00eble doeleinden, evenals hun distributie, wijziging, wijziging of decompilatie, is ten strengste verboden.<\/p>\n<p>Gebruiksvoorwaarden, dise\u00f1os y\/o logotipos, as\u00ed como cualquier producto o servicio ofrecidos y reflejados en esta page Web, son marcas registradas of propiedad de Legal Exits Worldwide SL, o de terceros. Er is geen toestemming voor het gebruik van verschillende persona&#039;s van de wettelijke titel en de toestemming voor het verlenen van toestemming.<\/p>\n<p>De intellectuele eigendomsrechten en handelsmerken van derden worden gerespecteerd door de gebruiker, die als enige verantwoordelijk is voor het gebruik ervan.<\/p>\n<p>De inbreuk op een van de bovengenoemde rechten kan een schending van deze bepalingen vormen, evenals een misdrijf dat strafbaar is in overeenstemming met de Spaanse wetgeving.<\/p>\n<p><strong>VEILIGHEIDSMAATREGELEN<\/strong><\/p>\n<p>De eigenaar heeft de wettelijk vereiste beveiligingsniveaus voor de bescherming van Persoonsgegevens aangenomen en probeert andere middelen en aanvullende technische maatregelen tot zijn beschikking te stellen om verlies, misbruik, wijziging, ongeoorloofde toegang en diefstal van de verstrekte Persoonsgegevens te voorkomen. De eigenaar is niet verantwoordelijk voor mogelijke schade of verliezen die kunnen voortvloeien uit interferentie, weglatingen, onderbrekingen, computervirussen, telefoonstoringen of onderbrekingen in de operationele werking van dit elektronische systeem, ingegeven door oorzaken buiten de controle van de eigenaar; van vertragingen of blokkades in het gebruik van dit elektronische systeem veroorzaakt door tekortkomingen of overbelasting van telefoonlijnen of overbelasting in het gegevensverwerkingscentrum, in het internetsysteem of in andere elektronische systemen, evenals schade die kan worden veroorzaakt door derden door personen onrechtmatige inmenging buiten de controle van de eigenaar. De Gebruiker dient zich er echter van bewust te zijn dat de veiligheidsmaatregelen niet ondoordringbaar zijn.<\/p>\n<p><strong>BESCHERMING VAN PERSOONLIJKE GEGEVENS<\/strong><\/p>\n<p>Het is mogelijk om persoonlijke gegevens van verschillende soorten formulieren op het web te tonen die kunnen worden gebruikt voor elektronische communicatie. Dit vormt een belangrijk onderdeel van de relevante gegevens van de definitieve vaststelling van de concrete motivering van de los mismos, een duidelijk overzicht van de relevante informatie en het moment waarop de persoonlijke gegevens worden bevestigd. De eerstgenoemde, de specifieke informatie over het cada-tratamiento de datos aportar\u00e1 junto en los formulerios web of correo electr\u00f3nico, Siendo com\u00fan todos ellos el fichero: Legal Exits Worldwide SL.<\/p>\n<p>De acuerdo con los derechos que le confiere la normativa vigente and protecci\u00f3n de datos, podr\u00e1 ejercer los derechos de acceso, rectificaci\u00f3n, limitaci\u00f3n de tratamiento, supresi\u00f3n, portabilidad y oposici\u00f3n to al tratamiento\u00e1c com sus dataos de carit\u00e9 tratamiento de los mismos, dirigiendo su petici\u00f3n a Legal Exits Worldwide SL REF: Protecci\u00f3n de Datos con domicilio en \u2022Avda. Bruselas CC Fa\u00f1abe Plaza 332 \u2013 38660 \u2013 Adeje o al correo electr\u00f3nico dpd@legalexits.com.<\/p>\n<p>Er is een persoonsgegeven die een bevestigde bevestiging heeft gekregen en Juridische uitgangen Wereldwijd SL is vastgelegd voor persoonlijke gegevens over de conciernan, o nee. Las personas interesadas derecho al acceso de sus datos personales, a sollicitar la rectificaci\u00f3n de los data inexactos o, en su caso, sollicitar su supresi\u00f3n cuando, entre otros motives, loss thatos ya no sean necesarios para los fines que fueron recogidos.<\/p>\n<p>En determinadas circunstancias, y por motivos relacionados con su situaci\u00f3n particular, los interesados podr\u00e1n sollicitar la limitaci\u00f3n u ooposici\u00f3n del tratamiento de sus datos, en cuyo caso Legal Exits Worldwide SL \u00fanicamente los conservar\u00e1, por motivos legal\u00edtimos door de administraci\u00f3n, o el ejercicio o la defensa de posibles reclamaciones.<\/p>\n<p>Voor meer informatie over persoonlijke gegevens, bezoek de website http:\/\/legalexits.avisolegal.info\/.<\/p>\n<p><strong>RECLAME<\/strong><\/p>\n<p>Parte del sitio &quot;web&quot; puede albergar contenidos publicitarios o estar patrocinado. Los anunciantes y patrocinadores son los \u00fanicos de asegurarse el material remitido para su inclusi\u00f3n en el sitio &quot;web&quot; cumple con las leyes que en cada caso puedan ser de aplicaci\u00f3n. Legal Exits Worldwide SL is niet verantwoordelijk voor eventuele fouten, onnauwkeurigheden of onregelmatigheden in de publicatie van publicaties over de patrocinadores.<\/p>\n<p>En om het geval, de interponer kan een reclamaci\u00f3n relacionada con los Contenidos publicitarios insertados en este sitio \u201cweb\u201d pueden dirigirse a la siguiente direcci\u00f3n de correo electric: dpd @ legalexits.com<\/p>\n<p><strong>BEPERKING VAN AANSPRAKELIJKHEID<\/strong><\/p>\n<p>De titulaire uitsluiting van de verantwoordelijkheid voor het nemen van beslissingen over het gebruik van documenten en het verstrekken van informatie over de mogelijke fouten die gemaakt zijn in het documenteren van de pagina&#039;s. Het is mogelijk dat er iets aan de hand is met het oog op de huidige contenido door ampliaci\u00f3n, mejora, correcci\u00f3n o actualizaci\u00f3n de los Contenidos.<\/p>\n<p>En la presente p\u00e1gina Web puede haber publicidad de terceros y\/o links que facilitan el enlace a p\u00e1ginas Web de terceros. Legal Exits Worldwide SL en andere zaken die niet verantwoordelijk zijn voor het verlenen van diensten aan de overige voorwaarden, voor algemene voorwaarden en voor algemene voorwaarden voor het zoeken naar een website die toegang geeft tot de overige voorwaarden.<\/p>\n<p>De eigenaar is niet verantwoordelijk voor de waarheidsgetrouwheid van de informatie die niet door hemzelf is gemaakt en voor informatie die door een andere bron wordt aangegeven, dus hij aanvaardt geen enkele verantwoordelijkheid voor hypothetische schade die zou kunnen voortvloeien uit het gebruik van deze informatie. De eigenaar behoudt zich het recht voor om de informatie op zijn webpagina's bij te werken, te wijzigen of te verwijderen en kan zelfs de toegang tot dergelijke informatie beperken of weigeren. De eigenaar van de verantwoordelijkheid is vrijgesteld voor alle schade of schade die de Gebruiker kan lijden als gevolg van fouten, defecten of weglatingen in de door de eigenaar verstrekte informatie, op voorwaarde dat deze afkomstig is van andere bronnen.<\/p>\n<p><strong>GEDEELTELIJKE NIETIGHEID<\/strong><\/p>\n<p>Indien een deel van deze algemene contractvoorwaarden in strijd zou zijn met de wet en dus ongeldig, heeft dit geen invloed op de andere bepalingen die in overeenstemming zijn met de wet, daarom komen de partijen overeen om opnieuw te onderhandelen over die clausules of voorwaarden van de dienst die nietig zullen zijn en om ze op te nemen in de rest van de geldige voorwaarden.<\/p>\n<p><strong>JURISDICTIE<\/strong><\/p>\n<p>Voor alle vragen die kunnen rijzen over de interpretatie, toepassing en naleving van deze juridische kennisgeving, evenals de claims die kunnen voortvloeien uit het gebruik ervan, leggen alle betrokken partijen zich voor aan de rechters en rechtbanken van S \/ C de Tenerife, met een uitdrukkelijk aan enige andere jurisdictie die daarmee overeenstemt.<\/p>\n<p><strong>TOEPASSELIJKE WETGEVING<\/strong><\/p>\n<p>De juridische kennisgeving wordt beheerst door de Spaanse wetgeving.<\/p>\n<p>Alle auteursrechten zijn voorbehouden door internationale intellectuele eigendomswetten en verdragen. Het kopi\u00ebren, reproduceren of verspreiden, geheel of gedeeltelijk, op welke manier dan ook is uitdrukkelijk verboden.<\/p>\n<\/div><\/div><\/div><\/div><\/div><\/div><\/div><\/section>","protected":false},"excerpt":{"rendered":"De presentatie van het &quot;web&quot; is gekoppeld aan Legal Exits Worldwide SL, voor een algemene vergunning voor de algemene toegang tot de gebruikers en activiteiten, producten en diensten voor verschillende doeleinden, producten en diensten. El presente texto, regula en informa de: Data identificativos del titular de la web Definiciones Pol\u00edtica de...","protected":false},"author":12,"featured_media":0,"parent":0,"menu_order":0,"comment_status":"closed","ping_status":"closed","template":"","meta":{"ngg_post_thumbnail":0,"footnotes":""},"class_list":["post-650","page","type-page","status-publish","hentry"],"yoast_head":"<!-- This site is optimized with the Yoast SEO plugin v26.8 - https:\/\/yoast.com\/product\/yoast-seo-wordpress\/ -->\n<title>AVISO LEGAL - Timeshare Legal Exits<\/title>\n<meta name=\"robots\" content=\"index, follow, max-snippet:-1, max-image-preview:large, max-video-preview:-1\" \/>\n<link rel=\"canonical\" href=\"https:\/\/legalexits.com\/nl\/aviso-legal\/\" \/>\n<meta property=\"og:locale\" content=\"nl_NL\" \/>\n<meta property=\"og:type\" content=\"article\" \/>\n<meta property=\"og:title\" content=\"AVISO LEGAL - Timeshare Legal Exits\" \/>\n<meta property=\"og:url\" content=\"https:\/\/legalexits.com\/nl\/aviso-legal\/\" \/>\n<meta property=\"og:site_name\" content=\"Timeshare Legal Exits\" \/>\n<meta property=\"article:modified_time\" content=\"2022-02-07T16:10:09+00:00\" \/>\n<meta name=\"twitter:card\" content=\"summary_large_image\" \/>\n<meta name=\"twitter:label1\" content=\"Geschatte leestijd\" \/>\n\t<meta name=\"twitter:data1\" content=\"13 minuten\" \/>\n<script type=\"application\/ld+json\" class=\"yoast-schema-graph\">{\"@context\":\"https:\/\/schema.org\",\"@graph\":[{\"@type\":\"WebPage\",\"@id\":\"https:\/\/legalexits.com\/de\/aviso-legal\/\",\"url\":\"https:\/\/legalexits.com\/de\/aviso-legal\/\",\"name\":\"AVISO LEGAL - Timeshare Legal Exits\",\"isPartOf\":{\"@id\":\"https:\/\/legalexits.com\/#website\"},\"datePublished\":\"2021-04-07T10:49:03+00:00\",\"dateModified\":\"2022-02-07T16:10:09+00:00\",\"breadcrumb\":{\"@id\":\"https:\/\/legalexits.com\/de\/aviso-legal\/#breadcrumb\"},\"inLanguage\":\"nl-NL\",\"potentialAction\":[{\"@type\":\"ReadAction\",\"target\":[\"https:\/\/legalexits.com\/de\/aviso-legal\/\"]}]},{\"@type\":\"BreadcrumbList\",\"@id\":\"https:\/\/legalexits.com\/de\/aviso-legal\/#breadcrumb\",\"itemListElement\":[{\"@type\":\"ListItem\",\"position\":1,\"name\":\"Home\",\"item\":\"https:\/\/legalexits.com\/\"},{\"@type\":\"ListItem\",\"position\":2,\"name\":\"AVISO LEGAL\"}]},{\"@type\":\"WebSite\",\"@id\":\"https:\/\/legalexits.com\/#website\",\"url\":\"https:\/\/legalexits.com\/\",\"name\":\"Timeshare Legal Exits\",\"description\":\"Relinquishing timeshare contracts legally\",\"potentialAction\":[{\"@type\":\"SearchAction\",\"target\":{\"@type\":\"EntryPoint\",\"urlTemplate\":\"https:\/\/legalexits.com\/?s={search_term_string}\"},\"query-input\":{\"@type\":\"PropertyValueSpecification\",\"valueRequired\":true,\"valueName\":\"search_term_string\"}}],\"inLanguage\":\"nl-NL\"}]}<\/script>\n<!-- \/ Yoast SEO plugin. -->","yoast_head_json":{"title":"AVISO LEGAL - Juridische uitgangen voor timeshare","robots":{"index":"index","follow":"follow","max-snippet":"max-snippet:-1","max-image-preview":"max-image-preview:large","max-video-preview":"max-video-preview:-1"},"canonical":"https:\/\/legalexits.com\/nl\/aviso-legal\/","og_locale":"nl_NL","og_type":"article","og_title":"AVISO LEGAL - Timeshare Legal Exits","og_url":"https:\/\/legalexits.com\/nl\/aviso-legal\/","og_site_name":"Timeshare Legal Exits","article_modified_time":"2022-02-07T16:10:09+00:00","twitter_card":"summary_large_image","twitter_misc":{"Geschatte leestijd":"13 minuten"},"schema":{"@context":"https:\/\/schema.org","@graph":[{"@type":"WebPage","@id":"https:\/\/legalexits.com\/de\/aviso-legal\/","url":"https:\/\/legalexits.com\/de\/aviso-legal\/","name":"AVISO LEGAL - Juridische uitgangen voor timeshare","isPartOf":{"@id":"https:\/\/legalexits.com\/#website"},"datePublished":"2021-04-07T10:49:03+00:00","dateModified":"2022-02-07T16:10:09+00:00","breadcrumb":{"@id":"https:\/\/legalexits.com\/de\/aviso-legal\/#breadcrumb"},"inLanguage":"nl-NL","potentialAction":[{"@type":"ReadAction","target":["https:\/\/legalexits.com\/de\/aviso-legal\/"]}]},{"@type":"BreadcrumbList","@id":"https:\/\/legalexits.com\/de\/aviso-legal\/#breadcrumb","itemListElement":[{"@type":"ListItem","position":1,"name":"Home","item":"https:\/\/legalexits.com\/"},{"@type":"ListItem","position":2,"name":"AVISO LEGAL"}]},{"@type":"WebSite","@id":"https:\/\/legalexits.com\/#website","url":"https:\/\/legalexits.com\/","name":"Juridische uitgangen voor timeshare","description":"Op legale wijze afstand doen van timeshare-contracten","potentialAction":[{"@type":"SearchAction","target":{"@type":"EntryPoint","urlTemplate":"https:\/\/legalexits.com\/?s={search_term_string}"},"query-input":{"@type":"PropertyValueSpecification","valueRequired":true,"valueName":"search_term_string"}}],"inLanguage":"nl-NL"}]}},"_links":{"self":[{"href":"https:\/\/legalexits.com\/nl\/wp-json\/wp\/v2\/pages\/650","targetHints":{"allow":["GET"]}}],"collection":[{"href":"https:\/\/legalexits.com\/nl\/wp-json\/wp\/v2\/pages"}],"about":[{"href":"https:\/\/legalexits.com\/nl\/wp-json\/wp\/v2\/types\/page"}],"author":[{"embeddable":true,"href":"https:\/\/legalexits.com\/nl\/wp-json\/wp\/v2\/users\/12"}],"replies":[{"embeddable":true,"href":"https:\/\/legalexits.com\/nl\/wp-json\/wp\/v2\/comments?post=650"}],"version-history":[{"count":8,"href":"https:\/\/legalexits.com\/nl\/wp-json\/wp\/v2\/pages\/650\/revisions"}],"predecessor-version":[{"id":1754,"href":"https:\/\/legalexits.com\/nl\/wp-json\/wp\/v2\/pages\/650\/revisions\/1754"}],"wp:attachment":[{"href":"https:\/\/legalexits.com\/nl\/wp-json\/wp\/v2\/media?parent=650"}],"curies":[{"name":"wp","href":"https:\/\/api.w.org\/{rel}","templated":true}]}}