{"id":3,"date":"2021-02-26T11:29:29","date_gmt":"2021-02-26T11:29:29","guid":{"rendered":"https:\/\/legalexits.com\/?page_id=3"},"modified":"2022-02-07T16:14:59","modified_gmt":"2022-02-07T16:14:59","slug":"privacy-policy","status":"publish","type":"page","link":"https:\/\/legalexits.com\/ru\/privacy-policy\/","title":{"rendered":"\u041f\u043e\u043b\u0438\u0442\u0438\u043a\u0430 \u043a\u043e\u043d\u0444\u0438\u0434\u0435\u043d\u0446\u0438\u0430\u043b\u044c\u043d\u043e\u0441\u0442\u0438"},"content":{"rendered":"<section class=\"l-section wpb_row height_custom\"><div class=\"l-section-h i-cf\"><div class=\"g-cols vc_row via_flex valign_top type_default stacking_default\"><div class=\"vc_col-sm-12 wpb_column vc_column_container\"><div class=\"vc_column-inner\"><div class=\"wpb_wrapper\"><div class=\"wpb_text_column\"><div class=\"wpb_wrapper\"><p><strong>\u041f\u041e\u041b\u0418\u0422\u0418\u041a\u0410 \u041a\u041e\u041d\u0424\u0418\u0414\u0415\u041d\u0426\u0418\u0410\u041b\u042c\u041d\u041e\u0421\u0422\u0418<\/strong><\/p>\n<p>La entidad Legal Exits Worldwide SL, \u044f\u0432\u043b\u044f\u0435\u0442\u0441\u044f \u043e\u0441\u043e\u0431\u0435\u043d\u043d\u043e \u0447\u0443\u0432\u0441\u0442\u0432\u0438\u0442\u0435\u043b\u044c\u043d\u044b\u043c \u0432 \u0437\u0430\u0449\u0438\u0442\u0435 \u0434\u0430\u043d\u043d\u044b\u0445 \u0434\u0435-\u043f\u0435\u0440\u0441\u043e\u043d\u0430\u043b\u0430-\u0434\u0435-\u043b\u043e\u0441-\/\u043b\u0430\u0441-\u043f\u043e\u043b\u044c\u0437\u043e\u0432\u0430\u0442\u0435\u043b\u0435\u0439\/\u043a\u0430\u043a-\u0434\u0435-\u043b\u043e\u0441-\u0441\u0435\u0440\u0432\u0438\u0441\u043e\u0432-\u0434\u0435\u043b\u044c-\u0441\u0438\u0442\u0438\u043e-\u0432\u0435\u0431.<\/p>\n<p>Mediante la Presente Pol\u00edtica de Privacidad (o Pol\u00edtica de Protecci\u00f3n de Datos) Legal Exits Worldwide SL informa los\/las USUARIOS\/AS del site web www.legalexits.com de los usos a los que se someten los datos de car\u00e1cter personal que se recaban en siteo Web, \u043a\u043e\u043d-\u044d\u043b\u044c-\u0444\u0438\u043d-\u0434\u0435-que decidan, \u0431\u0435\u0441\u043f\u043b\u0430\u0442\u043d\u043e \u0438 \u0434\u043e\u0431\u0440\u043e\u0432\u043e\u043b\u044c\u043d\u043e, \u0441\u0438 desean facilitar la informaci\u00f3n solicitada.<\/p>\n<p>Legal Exits Worldwide SL, se reserva la facultad de modificar esta Pol\u00edtica con el objeto de adapterla novedades legislativas, criterios jurisprudenciales, pr\u00e1cticas del \u0441\u0435\u043a\u0442\u043e\u0440, o intereses de la entidad. Por ello, este Aviso Legal est\u00e1 sujeto a cambios y actizaciones por lo que la version publicada puede ser diferente en cada momento en que el\/la Usuario\/acceda. Por tanto, el\/la Usuario\/a debe leerlo en todas y cada una de las ocasiones en que acceda.<\/p>\n<p><strong>\u041e\u0422\u0412\u0415\u0422\u0421\u0422\u0412\u0415\u041d\u041d\u042b\u0419<\/strong><\/p>\n<p>El Responsable del Tratamiento de los datos de car\u00e1cter personal es el Legal Exits Worldwide SL, con direcci\u00f3n a estos efectos en Avda. Bruselas CC Fa\u00f1abe Plaza 332 \u2013 38660 \u2013 \u0410\u0434\u0435\u0445\u0435<\/p>\n<ul>\n<li>\u042d\u043b\u0435\u043a\u0442\u0440\u043e\u043d\u043d\u0430\u044f \u043f\u043e\u0447\u0442\u0430: dpd@legalexits.com<\/li>\n<\/ul>\n<p><strong>\u0424\u0418\u041d\u0410\u041b\u0418\u0414\u0410\u0414 \u0414\u0415\u041b\u042c \u0422\u0420\u0410\u0422\u0410\u041c\u0418\u0415\u041d\u0422\u041e<\/strong><\/p>\n<p>Legal Exits Worldwide SL tratar\u00e1 los datos aportados por los\/las usuarios\/as con el fin de gestionar la solicitud que se realice por los mismos.<\/p>\n<p><strong>\u041f\u0420\u0418\u041d\u0426\u0418\u041f\u042b \u041f\u0420\u0418\u041c\u0415\u041d\u0415\u041d\u0418\u042f AL TRATAMIENTO DE LOS DATOS<\/strong><\/p>\n<p>En el tratamiento de los datos personales ser\u00e1n de aplicaci\u00f3n los siguientes principios:<\/p>\n<ul>\n<li>Los datos personales deben ser tratados de forma l\u00edcita, leal y Transparente.<\/li>\n<li>Los datos personales deben ser recogidos con \u0448\u0442\u0440\u0430\u0444\u044b determinados expl\u00edcitos y leg\u00edtimos.<\/li>\n<li>Los datos personales deben ser adecuados, pertinentes y limitados a lo necesario en relaci\u00f3n con el tratamiento.<\/li>\n<li>Los datos personales deben ser calculates y estar siempreactualizados.<\/li>\n<li>Los datos personales deben mantenerse de forma que se licensea la identificaci\u00f3n de los interesados durante no m\u00e1s tiempo del necesario para los fines del tratamiento.<\/li>\n<li>Los datos personales deben ser tratados de tal manera que se garantice su seguridad.<\/li>\n<\/ul>\n<p><strong>\u041f\u0420\u0410\u0412\u041e\u0412\u0410\u042f \u0418\u041d\u0424\u041e\u0420\u041c\u0410\u0426\u0418\u042f \u0414\u041b\u042f \u0422\u0420\u0410\u0422\u0410\u041c\u0418\u0415\u041d\u0422\u041e-\u0414\u0415-\u041b\u041e\u0421-\u0414\u0410\u0422\u041e\u0421<\/strong><\/p>\n<p>Legal Exits Worldwide SL \u044f\u0432\u043b\u044f\u0435\u0442\u0441\u044f \u043b\u0435\u0433\u0438\u0442\u0438\u043c\u043d\u044b\u043c \u0432 \u043e\u0442\u043d\u043e\u0448\u0435\u043d\u0438\u0438 \u043b\u0438\u0447\u043d\u044b\u0445 \u0434\u0430\u043d\u043d\u044b\u0445, \u043e\u0441\u043d\u043e\u0432\u0430\u043d\u043d\u044b\u043c \u043d\u0430 \u0441\u043e\u0433\u043b\u0430\u0441\u0438\u0438 \u043d\u0430 \u043e\u0442\u043a\u0443\u043f \u043f\u043e \u0438\u043d\u0442\u0435\u0440\u0435\u0441\u0430\u043c \/ \u043f\u043e\u0441\u0440\u0435\u0434\u043d\u0438\u043a\u0443 \u0432 \u0443\u0442\u0432\u0435\u0440\u0436\u0434\u0435\u043d\u0438\u0438 \u0441\u043e\u043e\u0442\u0432\u0435\u0442\u0441\u0442\u0432\u0443\u044e\u0449\u0438\u0445 \u0444\u043e\u0440\u043c\u0443\u043b\u044f\u0440\u043e\u0432 \u0438 \u0434\u043e\u043a\u0443\u043c\u0435\u043d\u0442\u043e\u0432, \u0432 \u0441\u043e\u043e\u0442\u0432\u0435\u0442\u0441\u0442\u0432\u0438\u0438 \u0441 \u0440\u0430\u0437\u043b\u0438\u0447\u043d\u044b\u043c\u0438 \u0448\u0442\u0440\u0430\u0444\u0430\u043c\u0438.<\/p>\n<p><strong>\u0421\u041e\u041e\u0411\u0429\u0415\u041d\u0418\u042f \u0414\u0415 \u0414\u0410\u0422\u041e\u0421 \u2013 DESTINATARIOS<\/strong><\/p>\n<p>\u041d\u0435\u0442 habr\u00e1 cesi\u00f3n de datos personales a terceros, salvo obligaci\u00f3n legal o previa autorizaci\u00f3n del interesado\/a consintiendo de forma clara, inequ\u00edvoca y expresa. \u041d\u0435\u0442 habr\u00e1 transferencias internaciones de datos.<\/p>\n<p>En todo caso, se comunicar\u00e1n o ceder\u00e1n datos bajo petici\u00f3n, a:<\/p>\n<ul>\n<li>\u041e\u0440\u0433\u0430\u043d\u044b \u044e\u0440\u0438\u0441\u0434\u0438\u043a\u0446\u0438\u0438.<\/li>\n<li>\u0413\u0435\u043d\u0435\u0440\u0430\u043b\u044c\u043d\u0430\u044f \u0430\u0434\u043c\u0438\u043d\u0438\u0441\u0442\u0440\u0430\u0446\u0438\u044f \u0434\u0435\u043b\u044c Estado, \u0434\u0435 \u043b\u0430\u0441 Comunidades Autonomas, \u043c\u0435\u0441\u0442\u043d\u044b\u0435 \u0438 Instituciones \u0434\u0435 \u043f\u0443\u0431\u043b\u0438\u0447\u043d\u044b\u0445 \u043a\u043e\u043c\u043f\u0435\u0442\u0435\u043d\u0442\u043d\u044b\u0445 \u0441\u043f\u0435\u0446\u0438\u0430\u043b\u0438\u0441\u0442\u043e\u0432, \u043f\u0443\u043d\u043a\u0442 el ejercicio \u0434\u0435 \u043a\u043e\u043c\u043f\u0435\u0442\u0435\u043d\u0446\u0438\u0439, \u043f\u043e\u0434\u043e\u0431\u043d\u044b\u0445 \u0438\u043b\u0438 cuando as\u00ed lo establezca una ley.<\/li>\n<li>Entidades p\u00fablicas \u0434\u0438\u0435 \u043b\u0435 vengan impuestas \u0430\u043d \u043d\u043e\u0440\u043c\u0430 \u0434\u0435 \u043b\u0435\u0439.<\/li>\n<li>Cualquier otra que resulte de la normativa vigente.<\/li>\n<\/ul>\n<p><strong>\u041f\u041b\u041e\u0429\u0410\u0414\u042c \u041a\u041e\u041d\u0421\u0415\u0420\u0412\u0410\u0426\u0418\u0418<\/strong><\/p>\n<p>Dependiendo la tipolog\u00eda de datos objeto de tratamiento, con car\u00e1cter enunciativo y no limitativo, los datos personales proporcionados se conservar\u00e1n durante el plazo copliiente para cumplir con las obligaciones legales, mientras no se oponga al tratamiento o revoque el acceptimiento:<\/p>\n<ul>\n<li>Una vez extinguida la relaci\u00f3n contractual y\/o profesional, los mantendremos bloqueados durante los plazos de prescripci\u00f3n legal.<\/li>\n<\/ul>\n<p><strong>EXACTITUD DE LOS DATOS<\/strong><\/p>\n<p>Por otro lado, con el fin de que los datos obrantes en nuestros registros y ficheros, inform\u00e1ticos y\/o en papel, siempre correctan, se tratar\u00e1 de manteneractualizados. De manera que, a estos efectos, el\/la interesado\/a deber\u00e1 comunicar cualquier cambio y\/o modificaci\u00f3n a Legal Exits Worldwide SL<\/p>\n<p><strong>\u041d\u0410\u0417\u041d\u0410\u0427\u0415\u041d\u0418\u0415<\/strong><\/p>\n<p>Los datos personales no ser\u00e1n cedidos o comunicados a terceros, salvo en los supuestos necesarios para el desarrollo, control y cumplimiento de la\/s finalidad\/es expresada\/s, en los supuestos previstos, seg\u00fan Ley.<\/p>\n<p><strong>\u0414\u0415\u0420\u0415\u0427\u041e\u0421 \u0414\u0415 \u041b\u041e\u0421 \u0423\u0421\u0423\u0410\u0420\u0418\u041e\u0421<\/strong><\/p>\n<p>No obstante, el\/la interesado\/a de los datos personales en todo caso podr\u00e1 ejercitar los derechos que le asisten, de acuerdo con el Reglamento General de Protecci\u00f3n de Datos, y que son:<\/p>\n<ul>\n<li>Derecho de Informaci\u00f3n: tiene derecho a ser informado de forma clara ANTES de que sus datos sean recogidos y\/o recabados, sobre aquellos que ser\u00e1n tratados, con Qu\u00e9 finalidad se tratan, donde se han obtenido y\/o recabados y las posibles comunicaciones.<\/li>\n<li>Derecho de Acceso: \u043f\u0443\u043d\u043a\u0442 conocer Qu\u00e9 datos est\u00e1n siendo tratados, con Qu\u00e9 finalidad se tratan, donde se han obtenido y\/o recabados y las posibles comunicaciones.<\/li>\n<li>Derecho de Rectificaci\u00f3n: para modificar aquellos datos inexactos o incompletos.<\/li>\n<li>Derecho de Cancelaci\u00f3n: para cancelar datos inadecuados o excesivos.<\/li>\n<li>Derecho de Oposici\u00f3n: para evitar que se traten datos o que dejen de tratarse, aunque s\u00f3lo en los supuestos que establece la ley.<\/li>\n<li>Derecho de Limitaci\u00f3n de Tratamiento: para solicitar que se suspenda el tratamiento de datos en los supuestos que establece la ley.<\/li>\n<li>Derecho a la Portabilidad de los Datos: \u043f\u0443\u043d\u043a\u0442 poder recibir datos facilitados en un formato electronico estructurado y de uso \u043f\u0440\u0438\u0432\u044b\u0447\u043d\u044b\u0439 \u0443 poder transferirlos a otro responsable.<\/li>\n<li>Derecho a no ser Objeto de Decisiones Individualizadas: con el fin de que no se tome una decisi\u00f3n sobre sus datos, que produzca efectos jur\u00eddicos o afecte al interesado\/a, basada solo en el tratamiento.<\/li>\n<\/ul>\n<p>El\/La interesado\/a podr\u00e1 ejercitar tales derechos mediante solicitud acompa\u00f1ada de una fotocopia de su DNI, \u0432 \u043d\u0430\u043f\u0440\u0430\u0432\u043b\u0435\u043d\u0438\u0438: Avda. Bruselas CC Fa\u00f1abe Plaza 332 \u2013 38660 \u2013 Adeje oa la direcci\u00f3n de correo electronico: dpd@legalexits.com<\/p>\n<p>En caso de subjectar vulnerado su derecho a la protecci\u00f3n de datos personales, podr\u00e1 interponer una reclamaci\u00f3n (Tutela de derechos) ante la Agencia Espa\u00f1ola de Protecci\u00f3n de Datos (www.agpd.es).<\/p>\n<p><strong>\u041c\u0415\u0414\u0418\u0414\u0410\u0421 \u0414\u0415 \u0421\u0415\u0413\u0423\u0420\u0418\u0414\u0410\u0414<\/strong><\/p>\n<p>Finalmente se informa que Legal Exits Worldwide SL, \u0443\u0441\u044b\u043d\u043e\u0432\u0438\u0432\u0448\u0430\u044f \u0441\u0438\u0441\u0442\u0435\u043c\u0443 \u0438\u043d\u0444\u043e\u0440\u043c\u0430\u0446\u0438\u0438 las medidas t\u00e9cnicas y organizativas adecuadas, dando cumplimiento al principio de responsabilidad proactiva, a fin de garantizar la seguridad y confidencialidad de los datos almacenados, alter\u00e9rd\u00e9rdacin as\u00ed, su , tratamiento o acceso no autorizado; teniendo en cuenta el estado de la t\u00e9cnica, los costes de aplicaci\u00f3n, y la naturaleza, el alcance, el contexto y los fines del tratamiento, as\u00ed como riesgos de probabilidad ygravedadvariablesasociadas a cada uno de los tratamientos.<\/p>\n<p><strong>MAS INFORMACI\u00d3N EN EL TRATAMIENTO DE DATOS<\/strong><\/p>\n<p>Si tiene alguna pregunta sobre esta Pol\u00edtica de Privacidad, rogamos que se ponga en contacto enviando un email a dpd@legalexits.com<\/p>\n<p>\u041a\u043e\u043d\u0441\u0443\u043b\u044c\u0442\u0430\u043d\u0442 \u043f\u043e \u0434\u043e\u043f\u043e\u043b\u043d\u0438\u0442\u0435\u043b\u044c\u043d\u043e\u0439 \u0438\u043d\u0444\u043e\u0440\u043c\u0430\u0446\u0438\u0438 \u0438 \u043f\u043e\u0434\u0440\u043e\u0431\u043d\u043e\u0441\u0442\u044f\u043c Protecci\u00f3n de Datos en nuestra p\u00e1gina web: http:\/\/legalexits.avisolegal.info\/<\/p>\n<p>\u041a\u043e\u043d\u0441\u0443\u043b\u044c\u0442\u0430\u043d\u0442 \u043f\u043e \u041d\u041e\u0420\u041c\u0410\u0422\u0418\u0412\u041d\u041e\u0419 \u0417\u0410\u0429\u0418\u0422\u0415 \u041b\u0418\u0427\u041d\u042b\u0425 \u0414\u0410\u041d\u041d\u042b\u0425 \u043d\u0430 \u0441\u0430\u0439\u0442\u0435: http:\/\/normativa.avisolegal.info.<\/p>\n<\/div><\/div><\/div><\/div><\/div><\/div><\/div><\/section>","protected":false},"excerpt":{"rendered":"\u041f\u041e\u041b\u0418\u0422\u0418\u041a\u0410 \u041a\u041e\u041d\u0424\u0418\u0414\u0415\u041d\u0426\u0418\u0410\u041b\u042c\u041d\u041e\u0421\u0422\u0418 La entidad Legal Exits Worldwide SL, est\u00e1 especialmente sensibilizado en la protecci\u00f3n de datos de car\u00e1cter personal de los\/las Usuarios\/as de los servicios del siteo Web. Mediante la Presente Pol\u00edtica de Privacidad (o Pol\u00edtica de Protecci\u00f3n de Datos) Legal Exits Worldwide SL informa los\/las USUARIOS\/AS del site web www.legalexits.com de los...","protected":false},"author":12,"featured_media":0,"parent":0,"menu_order":0,"comment_status":"closed","ping_status":"open","template":"","meta":{"ngg_post_thumbnail":0,"footnotes":""},"class_list":["post-3","page","type-page","status-publish","hentry"],"yoast_head":"<!-- This site is optimized with the Yoast SEO plugin v26.8 - https:\/\/yoast.com\/product\/yoast-seo-wordpress\/ -->\n<title>Privacy Policy - Timeshare Legal Exits<\/title>\n<meta name=\"robots\" content=\"index, follow, max-snippet:-1, max-image-preview:large, max-video-preview:-1\" \/>\n<link rel=\"canonical\" href=\"https:\/\/legalexits.com\/ru\/privacy-policy\/\" \/>\n<meta property=\"og:locale\" content=\"ru_RU\" \/>\n<meta property=\"og:type\" content=\"article\" \/>\n<meta property=\"og:title\" content=\"Privacy Policy - Timeshare Legal Exits\" \/>\n<meta property=\"og:url\" content=\"https:\/\/legalexits.com\/ru\/privacy-policy\/\" \/>\n<meta property=\"og:site_name\" content=\"Timeshare Legal Exits\" \/>\n<meta property=\"article:modified_time\" content=\"2022-02-07T16:14:59+00:00\" \/>\n<meta name=\"twitter:card\" content=\"summary_large_image\" \/>\n<meta name=\"twitter:label1\" content=\"Est. reading time\" \/>\n\t<meta name=\"twitter:data1\" content=\"4 minutes\" \/>\n<script type=\"application\/ld+json\" class=\"yoast-schema-graph\">{\"@context\":\"https:\/\/schema.org\",\"@graph\":[{\"@type\":\"WebPage\",\"@id\":\"https:\/\/legalexits.com\/privacy-policy\/\",\"url\":\"https:\/\/legalexits.com\/privacy-policy\/\",\"name\":\"Privacy Policy - Timeshare Legal Exits\",\"isPartOf\":{\"@id\":\"https:\/\/legalexits.com\/#website\"},\"datePublished\":\"2021-02-26T11:29:29+00:00\",\"dateModified\":\"2022-02-07T16:14:59+00:00\",\"breadcrumb\":{\"@id\":\"https:\/\/legalexits.com\/privacy-policy\/#breadcrumb\"},\"inLanguage\":\"ru-RU\",\"potentialAction\":[{\"@type\":\"ReadAction\",\"target\":[\"https:\/\/legalexits.com\/privacy-policy\/\"]}]},{\"@type\":\"BreadcrumbList\",\"@id\":\"https:\/\/legalexits.com\/privacy-policy\/#breadcrumb\",\"itemListElement\":[{\"@type\":\"ListItem\",\"position\":1,\"name\":\"Home\",\"item\":\"https:\/\/legalexits.com\/\"},{\"@type\":\"ListItem\",\"position\":2,\"name\":\"Privacy Policy\"}]},{\"@type\":\"WebSite\",\"@id\":\"https:\/\/legalexits.com\/#website\",\"url\":\"https:\/\/legalexits.com\/\",\"name\":\"Timeshare Legal Exits\",\"description\":\"Relinquishing timeshare contracts legally\",\"potentialAction\":[{\"@type\":\"SearchAction\",\"target\":{\"@type\":\"EntryPoint\",\"urlTemplate\":\"https:\/\/legalexits.com\/?s={search_term_string}\"},\"query-input\":{\"@type\":\"PropertyValueSpecification\",\"valueRequired\":true,\"valueName\":\"search_term_string\"}}],\"inLanguage\":\"ru-RU\"}]}<\/script>\n<!-- \/ Yoast SEO plugin. -->","yoast_head_json":{"title":"\u041f\u043e\u043b\u0438\u0442\u0438\u043a\u0430 \u043a\u043e\u043d\u0444\u0438\u0434\u0435\u043d\u0446\u0438\u0430\u043b\u044c\u043d\u043e\u0441\u0442\u0438 - \u041f\u0440\u0430\u0432\u043e\u0432\u044b\u0435 \u0432\u044b\u0445\u043e\u0434\u044b \u0438\u0437 \u0442\u0430\u0439\u043c\u0448\u0435\u0440\u0430","robots":{"index":"index","follow":"follow","max-snippet":"max-snippet:-1","max-image-preview":"max-image-preview:large","max-video-preview":"max-video-preview:-1"},"canonical":"https:\/\/legalexits.com\/ru\/privacy-policy\/","og_locale":"ru_RU","og_type":"article","og_title":"Privacy Policy - Timeshare Legal Exits","og_url":"https:\/\/legalexits.com\/ru\/privacy-policy\/","og_site_name":"Timeshare Legal Exits","article_modified_time":"2022-02-07T16:14:59+00:00","twitter_card":"summary_large_image","twitter_misc":{"Est. reading time":"4 minutes"},"schema":{"@context":"https:\/\/schema.org","@graph":[{"@type":"WebPage","@id":"https:\/\/legalexits.com\/privacy-policy\/","url":"https:\/\/legalexits.com\/privacy-policy\/","name":"\u041f\u043e\u043b\u0438\u0442\u0438\u043a\u0430 \u043a\u043e\u043d\u0444\u0438\u0434\u0435\u043d\u0446\u0438\u0430\u043b\u044c\u043d\u043e\u0441\u0442\u0438 - \u041f\u0440\u0430\u0432\u043e\u0432\u044b\u0435 \u0432\u044b\u0445\u043e\u0434\u044b \u0438\u0437 \u0442\u0430\u0439\u043c\u0448\u0435\u0440\u0430","isPartOf":{"@id":"https:\/\/legalexits.com\/#website"},"datePublished":"2021-02-26T11:29:29+00:00","dateModified":"2022-02-07T16:14:59+00:00","breadcrumb":{"@id":"https:\/\/legalexits.com\/privacy-policy\/#breadcrumb"},"inLanguage":"ru-RU","potentialAction":[{"@type":"ReadAction","target":["https:\/\/legalexits.com\/privacy-policy\/"]}]},{"@type":"BreadcrumbList","@id":"https:\/\/legalexits.com\/privacy-policy\/#breadcrumb","itemListElement":[{"@type":"ListItem","position":1,"name":"Home","item":"https:\/\/legalexits.com\/"},{"@type":"ListItem","position":2,"name":"Privacy Policy"}]},{"@type":"WebSite","@id":"https:\/\/legalexits.com\/#website","url":"https:\/\/legalexits.com\/","name":"\u041f\u0440\u0430\u0432\u043e\u0432\u044b\u0435 \u0432\u044b\u0445\u043e\u0434\u044b \u0438\u0437 \u0442\u0430\u0439\u043c\u0448\u0435\u0440\u0430","description":"\u0417\u0430\u043a\u043e\u043d\u043d\u044b\u0439 \u043e\u0442\u043a\u0430\u0437 \u043e\u0442 \u0434\u043e\u0433\u043e\u0432\u043e\u0440\u043e\u0432 \u0442\u0430\u0439\u043c\u0448\u0435\u0440\u0430","potentialAction":[{"@type":"SearchAction","target":{"@type":"EntryPoint","urlTemplate":"https:\/\/legalexits.com\/?s={search_term_string}"},"query-input":{"@type":"PropertyValueSpecification","valueRequired":true,"valueName":"search_term_string"}}],"inLanguage":"ru-RU"}]}},"_links":{"self":[{"href":"https:\/\/legalexits.com\/ru\/wp-json\/wp\/v2\/pages\/3","targetHints":{"allow":["GET"]}}],"collection":[{"href":"https:\/\/legalexits.com\/ru\/wp-json\/wp\/v2\/pages"}],"about":[{"href":"https:\/\/legalexits.com\/ru\/wp-json\/wp\/v2\/types\/page"}],"author":[{"embeddable":true,"href":"https:\/\/legalexits.com\/ru\/wp-json\/wp\/v2\/users\/12"}],"replies":[{"embeddable":true,"href":"https:\/\/legalexits.com\/ru\/wp-json\/wp\/v2\/comments?post=3"}],"version-history":[{"count":6,"href":"https:\/\/legalexits.com\/ru\/wp-json\/wp\/v2\/pages\/3\/revisions"}],"predecessor-version":[{"id":1577,"href":"https:\/\/legalexits.com\/ru\/wp-json\/wp\/v2\/pages\/3\/revisions\/1577"}],"wp:attachment":[{"href":"https:\/\/legalexits.com\/ru\/wp-json\/wp\/v2\/media?parent=3"}],"curies":[{"name":"wp","href":"https:\/\/api.w.org\/{rel}","templated":true}]}}