{"id":12,"date":"2021-02-26T11:49:24","date_gmt":"2021-02-26T11:49:24","guid":{"rendered":"https:\/\/legalexits.com\/?page_id=12"},"modified":"2026-03-18T14:35:43","modified_gmt":"2026-03-18T14:35:43","slug":"home","status":"publish","type":"page","link":"https:\/\/legalexits.com\/sv\/","title":{"rendered":"Hem"},"content":{"rendered":"<section class=\"l-section wpb_row us_custom_165d319d height_huge width_full color_primary with_img with_shape\"><div class=\"l-section-img\" role=\"img\" aria-label=\"Bild\" data-img-width=\"1900\" data-img-height=\"1200\" style=\"background-image: url(https:\/\/legalexits.com\/wp-content\/uploads\/2021\/03\/d4_slide_01.jpg);background-position: top center;\"><\/div><div class=\"l-section-shape type_custom pos_top\" style=\"height:1vh;color:#ffffff\"><svg xmlns=\"http:\/\/www.w3.org\/2000\/svg\" viewbox=\"0 0 64 8\" preserveaspectratio=\"none\" width=\"100%\" height=\"100%\">\r\n\t<path fill=\"currentColor\" d=\"M64 8 L0 8 L0 0 L64 0 Z\"\/>\r\n<\/svg><\/div><div class=\"l-section-shape type_custom pos_bottom\" style=\"height:3vh;color:#ffffff\"><svg xmlns=\"http:\/\/www.w3.org\/2000\/svg\" viewbox=\"0 0 64 8\" preserveaspectratio=\"none\" width=\"100%\" height=\"100%\">\r\n\t<path fill=\"currentColor\" d=\"M64 8 L0 8 L0 0 L64 0 Z\"\/>\r\n<\/svg><\/div><div class=\"l-section-h i-cf\"><div class=\"g-cols vc_row via_flex valign_top type_default stacking_default\"><div class=\"vc_col-sm-12 wpb_column vc_column_container\"><div class=\"vc_column-inner\"><div class=\"wpb_wrapper\"><div class=\"w-separator size_custom\" style=\"height:150px\" id=\"b34d\"><style>@media(max-width:714px){ #b34d{height:100px!important}}<\/style><\/div><\/div><\/div><\/div><div class=\"vc_col-sm-12 wpb_column vc_column_container\"><div class=\"vc_column-inner\"><div class=\"wpb_wrapper\"><div class=\"wpb_text_column us_custom_975078c2\"><div class=\"wpb_wrapper\"><h1 style=\"text-align: center;\">V\u00e4lkommen till Legal Exits<\/h1>\n<\/div><\/div><div class=\"w-separator size_custom\" style=\"height:10px\"><\/div><div class=\"w-btn-wrapper align_center\"><a class=\"w-btn us-btn-style_1 us_custom_206df7d9 icon_atleft\" title=\"Se broschyr\" target=\"_blank\" rel=\"nofollow\" href=\"https:\/\/legalexits.com\/wp-content\/uploads\/2021\/04\/Legal-Exits-Worldwide-v1.pdf\"><i class=\"material-icons\">beskrivning<\/i><span class=\"w-btn-label\">Se broschyr<\/span><\/a><\/div><div class=\"w-separator size_custom\" style=\"height:50px\"><\/div><\/div><\/div><\/div><\/div><\/div><\/section><section class=\"l-section wpb_row height_auto\"><div class=\"l-section-h i-cf\"><div class=\"g-cols vc_row via_flex valign_top type_default stacking_default\"><div class=\"vc_col-sm-12 wpb_column vc_column_container\"><div class=\"vc_column-inner\"><div class=\"wpb_wrapper\"><div class=\"wpb_text_column us_custom_bdf96d4d has_text_color\"><div class=\"wpb_wrapper\"><p style=\"text-align: left;\"><strong><span style=\"text-decoration: underline;\">V\u00e4lkommen till Legal Exits<\/span><\/strong>, din p\u00e5litliga juridiska partner p\u00e5 Teneriffa. V\u00e5rt f\u00f6retag \u00e4r dedikerat till att k\u00e4mpa f\u00f6r v\u00e5ra kunders r\u00e4ttigheter med ett orubbligt engagemang f\u00f6r r\u00e4ttvisa och integritet.<\/p>\n<p style=\"text-align: left;\">Med m\u00e5nga \u00e5rs erfarenhet och ett team av jurister p\u00e5 toppniv\u00e5, \u00e4r vi specialiserade p\u00e5 att navigera i komplexa juridiska fr\u00e5gor, inklusive de p\u00e5g\u00e5ende likvidationerna. V\u00e5rt uppdrag \u00e4r att tillhandah\u00e5lla o\u00f6vertr\u00e4ffad juridisk representation och strategisk v\u00e4gledning skr\u00e4ddarsydd f\u00f6r varje kunds unika behov.<\/p>\n<\/div><\/div><\/div><\/div><\/div><\/div><\/div><\/section><section class=\"l-section wpb_row height_auto\"><div class=\"l-section-h i-cf\"><div class=\"g-cols vc_row via_flex valign_top type_default stacking_default\"><div class=\"vc_col-sm-6 wpb_column vc_column_container\"><div class=\"vc_column-inner\"><div class=\"wpb_wrapper\"><div class=\"wpb_text_column us_custom_e8c76630 has_text_color\"><div class=\"wpb_wrapper\"><p style=\"text-align: left;\"><strong><span style=\"text-decoration: underline;\">M\u00f6t v\u00e5ra advokater:<\/span><\/strong> L\u00e4r dig mer om de skickliga yrkesm\u00e4nnen som utg\u00f6r v\u00e5rt uppskattade team av advokater.<\/p>\n<\/div><\/div><div class=\"w-btn-wrapper align_none\"><a class=\"w-btn us-btn-style_1\" title=\"V\u00e5ra advokater\" target=\"_blank\" rel=\"nofollow\" href=\"https:\/\/legalexits.com\/sv\/our-lawyers\/\"><span class=\"w-btn-label\">V\u00e5ra advokater<\/span><\/a><\/div><\/div><\/div><\/div><div class=\"vc_col-sm-6 wpb_column vc_column_container\"><div class=\"vc_column-inner\"><div class=\"wpb_wrapper\"><div class=\"wpb_text_column us_custom_e8c76630 has_text_color\"><div class=\"wpb_wrapper\"><p style=\"text-align: left;\"><span style=\"text-decoration: underline;\"><strong>V\u00e5rt uppdrag:<\/strong><\/span> Uppt\u00e4ck v\u00e5rt f\u00f6retags k\u00e4rnv\u00e4rden och engagemang f\u00f6r excellens i juridisk opinionsbildning.<\/p>\n<\/div><\/div><div class=\"w-btn-wrapper align_none\"><a class=\"w-btn us-btn-style_1 us_custom_50cc7d67\" title=\"V\u00e5ra advokater\" target=\"_blank\" rel=\"nofollow\" href=\"https:\/\/legalexits.com\/sv\/our-company\/\"><span class=\"w-btn-label\">V\u00e5rt uppdrag<\/span><\/a><\/div><\/div><\/div><\/div><\/div><\/div><\/section><section class=\"l-section wpb_row height_auto\"><div class=\"l-section-h i-cf\"><div class=\"g-cols vc_row via_flex valign_top type_default stacking_default\"><div class=\"vc_col-sm-12 wpb_column vc_column_container\"><div class=\"vc_column-inner\"><div class=\"wpb_wrapper\"><div class=\"wpb_text_column us_custom_f5e8d523 has_text_color\"><div class=\"wpb_wrapper\"><p style=\"text-align: left;\">P\u00e5 Legal Exits tror vi p\u00e5 transparens, kommunikation och resultat. Lita p\u00e5 att vi f\u00f6respr\u00e5kar h\u00e5rt \u00e5 dina v\u00e4gnar och skyddar dina r\u00e4ttigheter varje steg p\u00e5 v\u00e4gen.<\/p>\n<\/div><\/div><\/div><\/div><\/div><div class=\"vc_col-sm-12 wpb_column vc_column_container\"><div class=\"vc_column-inner\"><div class=\"wpb_wrapper\"><\/div><\/div><\/div><\/div><\/div><\/section><section class=\"l-section wpb_row height_custom with_img\"><div class=\"l-section-img\" role=\"img\" aria-label=\"Bild\" data-img-width=\"2560\" data-img-height=\"1708\" style=\"background-image: url(https:\/\/legalexits.com\/wp-content\/uploads\/2021\/03\/AdobeStock_315418289-purchased-scaled.jpeg);background-position: top center;\"><\/div><div class=\"l-section-overlay\" style=\"background:rgba(0,0,77,0.75)\"><\/div><div class=\"l-section-h i-cf\"><div class=\"g-cols vc_row via_flex valign_top type_default stacking_default\"><div class=\"vc_col-sm-12 wpb_column vc_column_container\"><div class=\"vc_column-inner\"><div class=\"wpb_wrapper\"><div class=\"wpb_text_column us_custom_6df4bc3a has_text_color\"><div class=\"wpb_wrapper\"><h1 style=\"text-align: center;\">P\u00e5b\u00f6rja er f\u00f6rfr\u00e5gan idag!<\/h1>\n<p>&nbsp;<\/p>\n<\/div><\/div><div class=\"w-separator size_medium\"><\/div><div class=\"g-cols wpb_row via_flex valign_top type_default stacking_default\"><div class=\"vc_col-sm-4 wpb_column vc_column_container\"><div class=\"vc_column-inner\"><div class=\"wpb_wrapper\"><div class=\"w-iconbox us_custom_6df4bc3a has_text_color iconpos_top style_outlined color_custom align_center\"><div class=\"w-iconbox-icon\" style=\"font-size:2rem;--icon-color:#ffffff;--icon-bg-color:#ffffff;\"><i class=\"fas fa-gavel\"><\/i><\/div><div class=\"w-iconbox-meta\"><h4 class=\"w-iconbox-title\">Timeshare \u00f6verl\u00e5tande<\/h4><div class=\"w-iconbox-text\"><p style=\"text-align: center;\">Om ni vill avst\u00e5 fr\u00e5n er timeshare, anv\u00e4nd v\u00e5rt formul\u00e4r f\u00f6r avst\u00e5else s\u00e5 f\u00e5r du ytterligare information som \u00e4r specifik f\u00f6r ert \u00e4gande.<\/p>\n<p>\u00a0<\/p>\n<\/div><\/div><\/div><\/div><\/div><\/div><div class=\"vc_col-sm-4 wpb_column vc_column_container\"><div class=\"vc_column-inner\"><div class=\"wpb_wrapper\"><\/div><\/div><\/div><div class=\"vc_col-sm-4 wpb_column vc_column_container\"><div class=\"vc_column-inner\"><div class=\"wpb_wrapper\"><div class=\"w-iconbox us_custom_6df4bc3a has_text_color iconpos_top style_outlined color_custom align_center\"><div class=\"w-iconbox-icon\" style=\"font-size:2rem;--icon-color:#ffffff;--icon-bg-color:#ffffff;\"><i class=\"fas fa-balance-scale\"><\/i><\/div><div class=\"w-iconbox-meta\"><h4 class=\"w-iconbox-title\">Ers\u00e4ttningsber\u00e4ttigande<\/h4><div class=\"w-iconbox-text\"><p style=\"text-align: center;\">Kolla och se om du \u00e4r ber\u00e4ttigad till ers\u00e4ttning idag! Klicka bara p\u00e5 knappen nedan f\u00f6r att boka ett kostnadsfritt och f\u00f6rpliktande samtal.<\/p>\n<p>\u00a0<\/p>\n<\/div><\/div><\/div><\/div><\/div><\/div><div class=\"vc_col-sm-12 wpb_column vc_column_container\"><div class=\"vc_column-inner\"><div class=\"wpb_wrapper\"><\/div><\/div><\/div><\/div><div class=\"w-separator size_large\"><\/div><div class=\"g-cols wpb_row via_flex valign_middle type_default stacking_default\"><div class=\"vc_col-sm-6 wpb_column vc_column_container\"><div class=\"vc_column-inner\"><div class=\"wpb_wrapper\"><div class=\"w-actionbox us_custom_bcfd46c8 color_primary controls_bottom\"><div class=\"w-actionbox-text\"><h2 class=\"w-actionbox-title\">\u00d6verl\u00e5tningsformul\u00e4r<\/h2><\/div><div class=\"w-actionbox-controls\"><a class=\"w-btn us-btn-style_3\" href=\"https:\/\/legalexits.com\/sv\/timeshare-relinquishment-form\/\"><span class=\"w-btn-label\">Fyll i formul\u00e4ret<\/span><\/a><\/div><\/div><\/div><\/div><\/div><div class=\"vc_col-sm-6 wpb_column vc_column_container\"><div class=\"vc_column-inner\"><div class=\"wpb_wrapper\"><div class=\"w-actionbox us_custom_bcfd46c8 color_primary controls_bottom\"><div class=\"w-actionbox-text\"><h2 class=\"w-actionbox-title\">Ers\u00e4ttningsber\u00e4ttigande<\/h2><\/div><div class=\"w-actionbox-controls\"><a class=\"w-btn us-btn-style_3\" href=\"https:\/\/legalexits.com\/sv\/compensation-eligibility\/\"><span class=\"w-btn-label\">Kontrollera beh\u00f6righet<\/span><\/a><\/div><\/div><\/div><\/div><\/div><\/div><\/div><\/div><\/div><\/div><\/div><\/section><section class=\"l-section wpb_row us_custom_8cd4af33 height_small width_full\"><div class=\"l-section-h i-cf\"><div class=\"g-cols vc_row via_flex valign_top type_default stacking_default\"><div class=\"vc_col-sm-12 wpb_column vc_column_container has_bg_color stretched\"><div class=\"vc_column-inner us_custom_8cd4af33\"><div class=\"wpb_wrapper\"><div class=\"w-separator size_medium\"><\/div><div class=\"w-actionbox us_custom_0998e206 has_text_color color_primary controls_bottom\"><div class=\"w-actionbox-text\"><h2 class=\"w-actionbox-title\">Efterfr\u00e5ga en r\u00e5dgivning efter era eventuella behov<\/h2><\/div><div class=\"w-actionbox-controls\"><a class=\"w-btn us-btn-style_3\" href=\"https:\/\/legalexits.com\/sv\/contact-us\/\"><span class=\"w-btn-label\">Klicka h\u00e4r<\/span><\/a><\/div><\/div><\/div><\/div><\/div><\/div><\/div><\/section>","protected":false},"excerpt":{"rendered":"Welcome to Legal Exits descriptionSee Brochure Welcome to Legal Exits, your trusted legal partner in Tenerife. Our firm is dedicated to fighting for the rights of our clients with a steadfast commitment to justice and integrity. With years of experience and a team of top-tier lawyers, we specialize in navigating complex legal matters, including the...","protected":false},"author":12,"featured_media":1816,"parent":0,"menu_order":0,"comment_status":"closed","ping_status":"closed","template":"","meta":{"ngg_post_thumbnail":0,"footnotes":""},"class_list":["post-12","page","type-page","status-publish","has-post-thumbnail","hentry"],"yoast_head":"<!-- This site is optimized with the Yoast SEO plugin v26.8 - https:\/\/yoast.com\/product\/yoast-seo-wordpress\/ -->\n<title>Home - Timeshare Legal Exits<\/title>\n<meta name=\"description\" content=\"If you wish to relinquish your timeshare, use our relinquishment form and you will receive further information specific to your ownership\" \/>\n<meta name=\"robots\" content=\"index, follow, max-snippet:-1, max-image-preview:large, max-video-preview:-1\" \/>\n<link rel=\"canonical\" href=\"https:\/\/legalexits.com\/sv\/\" \/>\n<meta property=\"og:locale\" content=\"sv_SE\" \/>\n<meta property=\"og:type\" content=\"article\" \/>\n<meta property=\"og:title\" content=\"Home - Timeshare Legal Exits\" \/>\n<meta property=\"og:description\" content=\"If you wish to relinquish your timeshare, use our relinquishment form and you will receive further information specific to your ownership\" \/>\n<meta property=\"og:url\" content=\"https:\/\/legalexits.com\/sv\/\" \/>\n<meta property=\"og:site_name\" content=\"Timeshare Legal Exits\" \/>\n<meta property=\"article:modified_time\" content=\"2026-03-18T14:35:43+00:00\" \/>\n<meta property=\"og:image\" content=\"https:\/\/legalexits.com\/wp-content\/uploads\/2022\/06\/Diseno-sin-titulo-20.png\" \/>\n\t<meta property=\"og:image:width\" content=\"1200\" \/>\n\t<meta property=\"og:image:height\" content=\"630\" \/>\n\t<meta property=\"og:image:type\" content=\"image\/png\" \/>\n<meta name=\"twitter:card\" content=\"summary_large_image\" \/>\n<meta name=\"twitter:image\" content=\"https:\/\/legalexits.com\/wp-content\/uploads\/2022\/06\/Diseno-sin-titulo-20.png\" \/>\n<meta name=\"twitter:label1\" content=\"Ber\u00e4knad l\u00e4stid\" \/>\n\t<meta name=\"twitter:data1\" content=\"3 minuter\" \/>\n<script type=\"application\/ld+json\" class=\"yoast-schema-graph\">{\"@context\":\"https:\/\/schema.org\",\"@graph\":[{\"@type\":\"WebPage\",\"@id\":\"https:\/\/legalexits.com\/\",\"url\":\"https:\/\/legalexits.com\/\",\"name\":\"Home - Timeshare Legal Exits\",\"isPartOf\":{\"@id\":\"https:\/\/legalexits.com\/#website\"},\"primaryImageOfPage\":{\"@id\":\"https:\/\/legalexits.com\/#primaryimage\"},\"image\":{\"@id\":\"https:\/\/legalexits.com\/#primaryimage\"},\"thumbnailUrl\":\"https:\/\/legalexits.com\/wp-content\/uploads\/2022\/06\/Diseno-sin-titulo-20.png\",\"datePublished\":\"2021-02-26T11:49:24+00:00\",\"dateModified\":\"2026-03-18T14:35:43+00:00\",\"description\":\"If you wish to relinquish your timeshare, use our relinquishment form and you will receive further information specific to your ownership\",\"breadcrumb\":{\"@id\":\"https:\/\/legalexits.com\/#breadcrumb\"},\"inLanguage\":\"sv-SE\",\"potentialAction\":[{\"@type\":\"ReadAction\",\"target\":[\"https:\/\/legalexits.com\/\"]}]},{\"@type\":\"ImageObject\",\"inLanguage\":\"sv-SE\",\"@id\":\"https:\/\/legalexits.com\/#primaryimage\",\"url\":\"https:\/\/legalexits.com\/wp-content\/uploads\/2022\/06\/Diseno-sin-titulo-20.png\",\"contentUrl\":\"https:\/\/legalexits.com\/wp-content\/uploads\/2022\/06\/Diseno-sin-titulo-20.png\",\"width\":1200,\"height\":630},{\"@type\":\"BreadcrumbList\",\"@id\":\"https:\/\/legalexits.com\/#breadcrumb\",\"itemListElement\":[{\"@type\":\"ListItem\",\"position\":1,\"name\":\"Home\",\"item\":\"https:\/\/legalexits.com\/\"},{\"@type\":\"ListItem\",\"position\":2,\"name\":\"Home\"}]},{\"@type\":\"WebSite\",\"@id\":\"https:\/\/legalexits.com\/#website\",\"url\":\"https:\/\/legalexits.com\/\",\"name\":\"Timeshare Legal Exits\",\"description\":\"Relinquishing timeshare contracts legally\",\"potentialAction\":[{\"@type\":\"SearchAction\",\"target\":{\"@type\":\"EntryPoint\",\"urlTemplate\":\"https:\/\/legalexits.com\/?s={search_term_string}\"},\"query-input\":{\"@type\":\"PropertyValueSpecification\",\"valueRequired\":true,\"valueName\":\"search_term_string\"}}],\"inLanguage\":\"sv-SE\"}]}<\/script>\n<!-- \/ Yoast SEO plugin. -->","yoast_head_json":{"title":"Hem - Timeshare Legal Exits","description":"Om du vill avst\u00e5 din timeshare, anv\u00e4nd v\u00e5rt avst\u00e5endeformul\u00e4r s\u00e5 f\u00e5r du ytterligare information specifik f\u00f6r ditt \u00e4gande","robots":{"index":"index","follow":"follow","max-snippet":"max-snippet:-1","max-image-preview":"max-image-preview:large","max-video-preview":"max-video-preview:-1"},"canonical":"https:\/\/legalexits.com\/sv\/","og_locale":"sv_SE","og_type":"article","og_title":"Home - Timeshare Legal Exits","og_description":"If you wish to relinquish your timeshare, use our relinquishment form and you will receive further information specific to your ownership","og_url":"https:\/\/legalexits.com\/sv\/","og_site_name":"Timeshare Legal Exits","article_modified_time":"2026-03-18T14:35:43+00:00","og_image":[{"width":1200,"height":630,"url":"https:\/\/legalexits.com\/wp-content\/uploads\/2022\/06\/Diseno-sin-titulo-20.png","type":"image\/png"}],"twitter_card":"summary_large_image","twitter_image":"https:\/\/legalexits.com\/wp-content\/uploads\/2022\/06\/Diseno-sin-titulo-20.png","twitter_misc":{"Ber\u00e4knad l\u00e4stid":"3 minuter"},"schema":{"@context":"https:\/\/schema.org","@graph":[{"@type":"WebPage","@id":"https:\/\/legalexits.com\/","url":"https:\/\/legalexits.com\/","name":"Hem - Timeshare Legal Exits","isPartOf":{"@id":"https:\/\/legalexits.com\/#website"},"primaryImageOfPage":{"@id":"https:\/\/legalexits.com\/#primaryimage"},"image":{"@id":"https:\/\/legalexits.com\/#primaryimage"},"thumbnailUrl":"https:\/\/legalexits.com\/wp-content\/uploads\/2022\/06\/Diseno-sin-titulo-20.png","datePublished":"2021-02-26T11:49:24+00:00","dateModified":"2026-03-18T14:35:43+00:00","description":"Om du vill avst\u00e5 din timeshare, anv\u00e4nd v\u00e5rt avst\u00e5endeformul\u00e4r s\u00e5 f\u00e5r du ytterligare information specifik f\u00f6r ditt \u00e4gande","breadcrumb":{"@id":"https:\/\/legalexits.com\/#breadcrumb"},"inLanguage":"sv-SE","potentialAction":[{"@type":"ReadAction","target":["https:\/\/legalexits.com\/"]}]},{"@type":"ImageObject","inLanguage":"sv-SE","@id":"https:\/\/legalexits.com\/#primaryimage","url":"https:\/\/legalexits.com\/wp-content\/uploads\/2022\/06\/Diseno-sin-titulo-20.png","contentUrl":"https:\/\/legalexits.com\/wp-content\/uploads\/2022\/06\/Diseno-sin-titulo-20.png","width":1200,"height":630},{"@type":"BreadcrumbList","@id":"https:\/\/legalexits.com\/#breadcrumb","itemListElement":[{"@type":"ListItem","position":1,"name":"Home","item":"https:\/\/legalexits.com\/"},{"@type":"ListItem","position":2,"name":"Home"}]},{"@type":"WebSite","@id":"https:\/\/legalexits.com\/#website","url":"https:\/\/legalexits.com\/","name":"Timeshare Legal Exits","description":"Att avs\u00e4ga sig tidsdelningskontrakt lagligt","potentialAction":[{"@type":"SearchAction","target":{"@type":"EntryPoint","urlTemplate":"https:\/\/legalexits.com\/?s={search_term_string}"},"query-input":{"@type":"PropertyValueSpecification","valueRequired":true,"valueName":"search_term_string"}}],"inLanguage":"sv-SE"}]}},"_links":{"self":[{"href":"https:\/\/legalexits.com\/sv\/wp-json\/wp\/v2\/pages\/12","targetHints":{"allow":["GET"]}}],"collection":[{"href":"https:\/\/legalexits.com\/sv\/wp-json\/wp\/v2\/pages"}],"about":[{"href":"https:\/\/legalexits.com\/sv\/wp-json\/wp\/v2\/types\/page"}],"author":[{"embeddable":true,"href":"https:\/\/legalexits.com\/sv\/wp-json\/wp\/v2\/users\/12"}],"replies":[{"embeddable":true,"href":"https:\/\/legalexits.com\/sv\/wp-json\/wp\/v2\/comments?post=12"}],"version-history":[{"count":196,"href":"https:\/\/legalexits.com\/sv\/wp-json\/wp\/v2\/pages\/12\/revisions"}],"predecessor-version":[{"id":2406,"href":"https:\/\/legalexits.com\/sv\/wp-json\/wp\/v2\/pages\/12\/revisions\/2406"}],"wp:featuredmedia":[{"embeddable":true,"href":"https:\/\/legalexits.com\/sv\/wp-json\/wp\/v2\/media\/1816"}],"wp:attachment":[{"href":"https:\/\/legalexits.com\/sv\/wp-json\/wp\/v2\/media?parent=12"}],"curies":[{"name":"wp","href":"https:\/\/api.w.org\/{rel}","templated":true}]}}