{"id":1222,"date":"2021-10-11T13:14:15","date_gmt":"2021-10-11T13:14:15","guid":{"rendered":"https:\/\/legalexits.com\/terms-and-conditions\/"},"modified":"2021-10-11T13:14:15","modified_gmt":"2021-10-11T13:14:15","slug":"terms-and-conditions","status":"publish","type":"page","link":"https:\/\/legalexits.com\/sv\/terms-and-conditions\/","title":{"rendered":"Villkor"},"content":{"rendered":"<h1>Anv\u00e4ndarvillkor f\u00f6r Timeshare Legal Exits Affiliate Program<\/h1>\n<h2>Avtal<\/h2>\n<p>Genom att registrera dig f\u00f6r att vara en Affiliate i Timeshare Legal Exits Affiliate Program (\u201cProgram\u201d) samtycker du till att vara bunden av f\u00f6ljande villkor (\u201cAnv\u00e4ndarvillkor\u201d).<\/p>\n<p><strong>Timeshare Legal Exits<\/strong> f\u00f6rbeh\u00e5ller sig r\u00e4tten att uppdatera och \u00e4ndra anv\u00e4ndarvillkoren fr\u00e5n tid till annan utan f\u00f6reg\u00e5ende meddelande. Alla nya funktioner som ut\u00f6kar eller f\u00f6rb\u00e4ttrar det nuvarande programmet, inklusive lanseringen av nya verktyg och resurser, ska omfattas av anv\u00e4ndarvillkoren. Fortsatt anv\u00e4ndning av programmet efter s\u00e5dana \u00e4ndringar ska utg\u00f6ra ditt samtycke till s\u00e5dana \u00e4ndringar.<\/p>\n<p>Brott mot n\u00e5got av villkoren nedan kommer att leda till att ditt konto s\u00e4gs upp och att eventuella utest\u00e5ende provisionsbetalningar f\u00f6r affiliate som tj\u00e4nats in under \u00f6vertr\u00e4delsen f\u00f6rverkas. Du samtycker till att anv\u00e4nda Affiliate-programmet p\u00e5 egen risk.<\/p>\n<h2>Kontovillkor<\/h2>\n<ul>\n<li>Du m\u00e5ste vara 18 \u00e5r eller \u00e4ldre f\u00f6r att vara en del av detta program.<\/li>\n<li>Du m\u00e5ste bo i USA f\u00f6r att vara en affiliate.<\/li>\n<li>Du m\u00e5ste vara en m\u00e4nniska. Konton registrerade av &quot;bots&quot; eller andra automatiserade metoder \u00e4r inte till\u00e5tna.<\/li>\n<li>Du m\u00e5ste ange ditt juridiska fullst\u00e4ndiga namn, en giltig e-postadress och all annan information som efterfr\u00e5gas f\u00f6r att slutf\u00f6ra registreringsprocessen.<\/li>\n<li>Din inloggning f\u00e5r endast anv\u00e4ndas av en person \u2013 en enda inloggning som delas av flera personer \u00e4r inte till\u00e5ten.<\/li>\n<li>Du ansvarar f\u00f6r att uppr\u00e4tth\u00e5lla s\u00e4kerheten f\u00f6r ditt konto och l\u00f6senord. <strong>Timeshare Legal Exits<\/strong> kan inte och kommer inte att h\u00e5llas ansvarig f\u00f6r n\u00e5gon f\u00f6rlust eller skada fr\u00e5n din underl\u00e5tenhet att f\u00f6lja denna s\u00e4kerhetsf\u00f6rpliktelse.<\/li>\n<li>Du \u00e4r ansvarig f\u00f6r allt inneh\u00e5ll som publiceras och aktivitet som sker under ditt konto.<\/li>\n<li>En person eller juridisk person f\u00e5r inte ha mer \u00e4n ett konto.<\/li>\n<li>Du f\u00e5r inte anv\u00e4nda Affiliate-programmet f\u00f6r n\u00e5got olagligt eller obeh\u00f6rigt \u00e4ndam\u00e5l. Du f\u00e5r inte, n\u00e4r du anv\u00e4nder tj\u00e4nsten, bryta mot n\u00e5gra lagar i din jurisdiktion (inklusive men inte begr\u00e4nsat till upphovsr\u00e4ttslagar).<\/li>\n<li>Du f\u00e5r inte anv\u00e4nda affiliateprogrammet f\u00f6r att tj\u00e4na pengar p\u00e5 egen hand <strong>Timeshare Legal Exits<\/strong> produktkonton.<\/li>\n<\/ul>\n<h2>L\u00e4nkar\/grafik p\u00e5 din webbplats, i dina e-postmeddelanden eller annan kommunikation<\/h2>\n<p>N\u00e4r du har registrerat dig f\u00f6r affiliateprogrammet kommer du att tilldelas en unik affiliatekod. Du har till\u00e5telse att placera l\u00e4nkar, banners eller annan grafik som vi tillhandah\u00e5ller med din Affiliate-kod p\u00e5 din webbplats, i dina e-postmeddelanden eller i annan kommunikation. Vi kommer att ge dig riktlinjer, l\u00e4nkstilar och grafiska konstverk att anv\u00e4nda f\u00f6r att l\u00e4nka till <strong>Timeshare Legal Exits<\/strong>. Vi kan \u00e4ndra designen p\u00e5 konstverket n\u00e4r som helst utan f\u00f6rvarning, men vi kommer inte att \u00e4ndra dimensionerna p\u00e5 bilderna utan ordentligt meddelande.<\/p>\n<p>F\u00f6r att m\u00f6jligg\u00f6ra korrekt sp\u00e5rning, rapportering och ackumulering av h\u00e4nvisningsavgifter kommer vi att f\u00f6rse dig med speciella l\u00e4nkformat som ska anv\u00e4ndas i alla l\u00e4nkar mellan din webbplats och <strong>Timeshare Legal Exits<\/strong>. Du m\u00e5ste se till att var och en av l\u00e4nkarna mellan din webbplats och <strong>Timeshare Legal Exits<\/strong> korrekt anv\u00e4nder s\u00e5dana speciella l\u00e4nkformat. L\u00e4nkar till <strong>Timeshare Legal Exits<\/strong> placeras p\u00e5 din webbplats i enlighet med detta avtal och som korrekt anv\u00e4nder s\u00e5dana speciella l\u00e4nkformat kallas &quot;Speciall\u00e4nkar&quot;. Du kommer att tj\u00e4na h\u00e4nvisningsavgifter endast med avseende p\u00e5 f\u00f6rs\u00e4ljning p\u00e5 en <strong>Timeshare Legal Exits<\/strong> produkt som sker direkt via speciall\u00e4nkar; vi kommer inte att vara ansvariga gentemot dig med avseende p\u00e5 eventuella misslyckanden av dig eller n\u00e5gon du h\u00e4nvisar till anv\u00e4nder speciall\u00e4nkar eller anger felaktigt din affiliatekod, inklusive i den m\u00e5n ett s\u00e5dant fel kan resultera i n\u00e5gon minskning av belopp som annars skulle betalas till dig i enlighet med detta avtal.<\/p>\n<p>Affiliate-l\u00e4nkar b\u00f6r peka till sidan f\u00f6r produkten som marknadsf\u00f6rs.<\/p>\n<h2>Remissavgifter\/provisioner och betalning<\/h2>\n<p>F\u00f6r att en produktf\u00f6rs\u00e4ljning ska vara ber\u00e4ttigad till en h\u00e4nvisningsavgift m\u00e5ste kunden klicka sig igenom en speciall\u00e4nk fr\u00e5n din webbplats, e-post eller annan kommunikation till <strong>https:\/\/legalexits.com<\/strong> och slutf\u00f6ra en best\u00e4llning av en produkt under den sessionen.<\/p>\n<p>Vi kommer endast att betala provision p\u00e5 l\u00e4nkar som automatiskt sp\u00e5ras och rapporteras av v\u00e5ra system. Vi kommer inte att betala provision om n\u00e5gon s\u00e4ger att de har k\u00f6pt eller n\u00e5gon s\u00e4ger att de har angett en h\u00e4nvisningskod om den inte sp\u00e5rades av v\u00e5rt system. Vi kan bara betala provision p\u00e5 aff\u00e4rer som genereras genom korrekt formaterade speciall\u00e4nkar som sp\u00e5rades automatiskt av v\u00e5ra system.<\/p>\n<p>Vi f\u00f6rbeh\u00e5ller oss r\u00e4tten att diskvalificera provisioner som tj\u00e4nats in genom bedr\u00e4gliga, olagliga eller alltf\u00f6r aggressiva, tvivelaktiga f\u00f6rs\u00e4ljnings- eller marknadsf\u00f6ringsmetoder.<\/p>\n<p>Betalningar b\u00f6rjar f\u00f6rst n\u00e4r du har tj\u00e4nat mer \u00e4n <strong>$20<\/strong> i affiliate inkomst. Om ditt affiliatekonto aldrig passerar <strong>$20<\/strong> tr\u00f6skel, kommer dina provisioner inte att realiseras eller betalas ut. Vi ansvarar endast f\u00f6r att betala konton som har passerat <strong>$20<\/strong> tr\u00f6skel.<\/p>\n<h2>Identifiera dig sj\u00e4lv som en Timeshare Legal Exits Affiliate<\/h2>\n<p>Du f\u00e5r inte utf\u00e4rda n\u00e5got pressmeddelande med avseende p\u00e5 detta avtal eller ditt deltagande i programmet; s\u00e5dan \u00e5tg\u00e4rd kan leda till att du avslutas fr\u00e5n programmet. Dessutom f\u00e5r du inte p\u00e5 n\u00e5got s\u00e4tt f\u00f6rvr\u00e4nga eller f\u00f6rsk\u00f6na relationen mellan oss och dig, s\u00e4ga att du utvecklar v\u00e5ra produkter, s\u00e4ga att du \u00e4r en del av <strong>Timeshare Legal Exits<\/strong> eller uttrycka eller antyda n\u00e5gon relation eller anknytning mellan oss och dig eller n\u00e5gon annan person eller enhet f\u00f6rutom vad som uttryckligen till\u00e5ts i detta avtal (inklusive genom att uttrycka eller antyda att vi st\u00f6djer, sponsrar, st\u00f6djer eller bidrar med pengar till n\u00e5gon v\u00e4lg\u00f6renhet eller annan sak).<\/p>\n<p>Du f\u00e5r inte k\u00f6pa produkter via dina affiliate-l\u00e4nkar f\u00f6r eget bruk. S\u00e5dana k\u00f6p kan resultera (efter eget gottfinnande) i att h\u00e4nvisningsavgifter h\u00e5lls inne och\/eller att detta avtal s\u00e4gs upp.<\/p>\n<h2>Betalningsplan<\/h2>\n<p>S\u00e5 l\u00e4nge din nuvarande affiliate-intj\u00e4ning \u00e4r \u00f6ver <strong>$20<\/strong>, du f\u00e5r betalt varje m\u00e5nad. Om du inte har tj\u00e4nat <strong>$20<\/strong> sedan din senaste betalning betalar vi dig f\u00f6ljande m\u00e5nad efter att du har passerat tr\u00f6skeln.<\/p>\n<h2>Kunddefinition<\/h2>\n<p>Kunder som k\u00f6per produkter genom detta program kommer att anses vara v\u00e5ra kunder. F\u00f6ljaktligen kommer alla v\u00e5ra regler, policyer och operativa procedurer g\u00e4llande kundorder, kundservice och produktf\u00f6rs\u00e4ljning att g\u00e4lla f\u00f6r dessa kunder. Vi kan \u00e4ndra v\u00e5ra policyer och operativa rutiner n\u00e4r som helst. Till exempel kommer vi att fastst\u00e4lla priserna som ska tas ut f\u00f6r produkter som s\u00e4ljs under detta program i enlighet med v\u00e5ra egna prispolicyer. Produktpriser och tillg\u00e4nglighet kan variera fr\u00e5n tid till annan. Eftersom pris\u00e4ndringar kan p\u00e5verka produkter som du har listat p\u00e5 din webbplats, b\u00f6r du inte visa produktpriser p\u00e5 din webbplats. Vi kommer att anv\u00e4nda kommersiellt rimliga anstr\u00e4ngningar f\u00f6r att presentera korrekt information, men vi kan inte garantera tillg\u00e4ngligheten eller priset f\u00f6r n\u00e5gon viss produkt.<\/p>\n<h2>Ditt ansvar<\/h2>\n<p>Du kommer att vara ensam ansvarig f\u00f6r utvecklingen, driften och underh\u00e5llet av din webbplats och f\u00f6r allt material som visas p\u00e5 din webbplats. Till exempel kommer du att vara ensam ansvarig f\u00f6r:<\/p>\n<p>\u2013 Den tekniska driften av din webbplats och all relaterad utrustning<br \/>\n\u2013 Att s\u00e4kerst\u00e4lla att visningen av speciella l\u00e4nkar p\u00e5 din webbplats inte bryter mot n\u00e5got avtal mellan dig och n\u00e5gon tredje part (inklusive utan begr\u00e4nsning eventuella begr\u00e4nsningar eller krav som st\u00e4lls p\u00e5 dig av en tredje part som \u00e4r v\u00e4rd f\u00f6r din webbplats)<br \/>\n\u2013 Korrektheten, sanningen och l\u00e4mpligheten hos material som publicerats p\u00e5 din webbplats (inklusive bland annat allt produktrelaterat material och all information du inkluderar i eller associerar med speciall\u00e4nkar)<br \/>\n\u2013 Se till att material som publiceras p\u00e5 din webbplats inte kr\u00e4nker eller g\u00f6r intr\u00e5ng i tredje parts r\u00e4ttigheter (inklusive till exempel upphovsr\u00e4tt, varum\u00e4rken, integritet eller andra personliga eller \u00e4gander\u00e4tter)<br \/>\n\u2013 Se till att material som publiceras p\u00e5 din webbplats inte \u00e4r \u00e4rekr\u00e4nkande eller p\u00e5 annat s\u00e4tt olagligt<br \/>\n\u2013 Se till att din webbplats korrekt och adekvat avsl\u00f6jar, antingen genom en integritetspolicy eller p\u00e5 annat s\u00e4tt, hur du samlar in, anv\u00e4nder, lagrar och avsl\u00f6jar data som samlats in fr\u00e5n bes\u00f6kare, inklusive, i till\u00e4mpliga fall, att tredje part (inklusive annons\u00f6rer) kan visa inneh\u00e5ll och\/ eller annonser och samla in information direkt fr\u00e5n bes\u00f6kare och kan placera eller k\u00e4nna igen cookies p\u00e5 bes\u00f6karnas webbl\u00e4sare.<\/p>\n<h2>Efterlevnad av lagar<\/h2>\n<p>Som ett villkor f\u00f6r ditt deltagande i programmet samtycker du till att medan du \u00e4r en programdeltagare kommer du att f\u00f6lja alla lagar, f\u00f6rordningar, regler, f\u00f6rordningar, order, licenser, tillst\u00e5nd, domar, beslut eller andra krav fr\u00e5n n\u00e5gon statlig myndighet som har jurisdiktion \u00f6ver dig, oavsett om dessa lagar, etc. nu \u00e4r i kraft eller senare tr\u00e4der i kraft under den tid du \u00e4r en programdeltagare. Utan att begr\u00e4nsa ovanst\u00e5ende skyldighet samtycker du till att som ett villkor f\u00f6r ditt deltagande i programmet kommer du att f\u00f6lja alla till\u00e4mpliga lagar (federala, statliga eller p\u00e5 annat s\u00e4tt) som styr marknadsf\u00f6ring av e-post, inklusive utan begr\u00e4nsning, CAN-SPAM Act fr\u00e5n 2003 och alla andra antispamlagar.<\/p>\n<h2>Avtalets och programmets l\u00f6ptid<\/h2>\n<p>Avtalets giltighetstid b\u00f6rjar n\u00e4r vi godk\u00e4nner din programans\u00f6kan och slutar n\u00e4r den s\u00e4gs upp av n\u00e5gon av parterna. Antingen du eller vi kan s\u00e4ga upp detta avtal n\u00e4r som helst, med eller utan anledning, genom att ge den andra parten skriftligt meddelande om upps\u00e4gning. Vid upps\u00e4gning av detta avtal av n\u00e5gon anledning kommer du omedelbart att sluta anv\u00e4nda och ta bort fr\u00e5n din webbplats alla l\u00e4nkar till <strong>https:\/\/legalexits.com<\/strong>, och alla v\u00e5ra varum\u00e4rken, kl\u00e4dsel och logotyper och allt annat material som tillhandah\u00e5lls av eller p\u00e5 uppdrag av oss till dig i enlighet med detta eller i samband med programmet. <strong>Timeshare Legal Exits<\/strong> f\u00f6rbeh\u00e5ller sig r\u00e4tten att avsluta programmet n\u00e4r som helst. N\u00e4r programmet avslutas, <strong>Timeshare Legal Exits<\/strong> kommer att betala eventuella utest\u00e5ende int\u00e4kter som intj\u00e4nats ovan <strong>$20<\/strong>.<\/p>\n<h2>Upps\u00e4gning<\/h2>\n<p><strong>Timeshare Legal Exits<\/strong>, efter eget gottfinnande, har r\u00e4tt att st\u00e4nga av eller avsluta ditt konto och v\u00e4gra all nuvarande eller framtida anv\u00e4ndning av programmet, eller n\u00e5gon annan <strong>Timeshare Legal Exits<\/strong> service, oavsett anledning n\u00e4r som helst. En s\u00e5dan upps\u00e4gning av tj\u00e4nsten kommer att resultera i avaktivering eller radering av ditt konto eller din \u00e5tkomst till ditt konto, och att alla potentiella eller ska betalas provisioner p\u00e5 ditt konto f\u00f6rverkas och avst\u00e5s om de tj\u00e4nats in genom bedr\u00e4gliga, olagliga eller alltf\u00f6r aggressiva, tvivelaktiga f\u00f6rs\u00e4ljnings- eller marknadsf\u00f6ringsmetoder. <strong>Timeshare Legal Exits<\/strong> f\u00f6rbeh\u00e5ller sig r\u00e4tten att n\u00e4r som helst v\u00e4gra service till n\u00e5gon av vilken anledning som helst.<\/p>\n<h2>Parternas f\u00f6rh\u00e5llande<\/h2>\n<p>Du och vi \u00e4r oberoende entrepren\u00f6rer, och ingenting i detta avtal kommer att skapa n\u00e5got partnerskap, joint venture, agentur, franchiseavtal, s\u00e4ljare eller anst\u00e4llningsf\u00f6rh\u00e5llande mellan parterna. Du kommer inte att ha n\u00e5gon beh\u00f6righet att l\u00e4mna eller acceptera n\u00e5gra erbjudanden eller representationer \u00e5 v\u00e5ra v\u00e4gnar. Du kommer inte att g\u00f6ra n\u00e5gra uttalanden, vare sig p\u00e5 din webbplats eller p\u00e5 annat s\u00e4tt, som rimligen skulle mots\u00e4ga n\u00e5got i detta avsnitt.<\/p>\n<h2>Ansvarsbegr\u00e4nsningar<\/h2>\n<p>Vi kommer inte att h\u00e5llas ansvariga f\u00f6r indirekta, speciella eller f\u00f6ljdskador (eller f\u00f6rlust av int\u00e4kter, vinster eller data) som uppst\u00e5r i samband med detta avtal eller programmet, \u00e4ven om vi har informerats om m\u00f6jligheten till s\u00e5dana skador. Vidare kommer v\u00e5rt sammanlagda ansvar som uppst\u00e5r med avseende p\u00e5 detta avtal och programmet inte att \u00f6verstiga de totala h\u00e4nvisningsavgifterna som betalas eller ska betalas till dig enligt detta avtal.<\/p>\n<h2>Friskrivningsklausuler<\/h2>\n<p>Vi l\u00e4mnar inga uttryckliga eller underf\u00f6rst\u00e5dda garantier eller utf\u00e4stelser med avseende p\u00e5 programmet eller n\u00e5gra produkter som s\u00e4ljs genom programmet (inklusive, utan begr\u00e4nsning, garantier om l\u00e4mplighet, s\u00e4ljbarhet, icke-intr\u00e5ng eller n\u00e5gra underf\u00f6rst\u00e5dda garantier som h\u00e4rr\u00f6r fr\u00e5n en prestanda, handel, eller handelsanv\u00e4ndning). Dessutom g\u00f6r vi ingen representation att driften av <strong>Timeshare Legal Exits<\/strong> kommer att vara oavbruten eller felfri, och vi kommer inte att h\u00e5llas ansvariga f\u00f6r konsekvenserna av eventuella avbrott eller fel.<\/p>\n<h2>Oberoende utredning<\/h2>\n<p>DU BEKR\u00c4FTAR ATT DU HAR L\u00c4ST DETTA AVTAL OCH GODK\u00c4NNER ALLA DESS VILLKOR. DU F\u00d6RST\u00c5R ATT VI N\u00c4R SOM HELST (DIREKT ELLER INDIREKT) KAN BEH\u00d6RA KUNDH\u00c4NVISNINGAR P\u00c5 VILLKOR SOM KAN SKILJA FR\u00c5N DE SOM FINNS I DETTA AVTAL ELLER DRIFT WEBBPLATSER SOM LIKNAR DIN ELLER KONKURRENT. DU HAR SJ\u00c4LVST\u00c4NDIGT UTV\u00c4RDERAT \u00d6NSKLIGHETEN ATT DELTA I PROGRAMMET OCH LITAR INTE P\u00c5 N\u00c5GON REPRESENTATION, GARANTI ELLER UTTALANDE ANNAT \u00c4N SOM S\u00c4TTS I DETTA AVTAL.<\/p>\n<h2>Skiljedom<\/h2>\n<p>Alla tvister som p\u00e5 n\u00e5got s\u00e4tt relaterar till detta avtal (inklusive eventuella faktiska eller p\u00e5st\u00e5dda brott mot detta), transaktioner eller aktiviteter under detta avtal eller din relation med oss eller n\u00e5got av v\u00e5ra dotterbolag ska underkastas konfidentiell skiljedom, f\u00f6rutom att, i den m\u00e5n du p\u00e5 n\u00e5got s\u00e4tt har kr\u00e4nkt eller hotat att kr\u00e4nka v\u00e5ra immateriella r\u00e4ttigheter, kan vi s\u00f6ka f\u00f6rel\u00e4ggande eller annan l\u00e4mplig l\u00e4ttnad i n\u00e5gon statlig eller federal domstol (och du samtycker till icke-exklusiv jurisdiktion och plats i s\u00e5dana domstolar) eller n\u00e5gon annan domstol med beh\u00f6rig jurisdiktion . Skiljef\u00f6rfarande enligt detta avtal ska genomf\u00f6ras enligt de regler som d\u00e5 g\u00e4ller f\u00f6r American Arbitration Association. Skiljemannens avg\u00f6rande ska vara bindande och kan skrivas in som en dom i valfri domstol med beh\u00f6rig jurisdiktion. S\u00e5 l\u00e5ngt det \u00e4r till\u00e5tet enligt till\u00e4mplig lag ska inget skiljedomsf\u00f6rfarande enligt detta avtal f\u00f6renas med ett skiljef\u00f6rfarande som involverar n\u00e5gon annan part som omfattas av detta avtal, vare sig genom gruppskiljef\u00f6rfarande eller p\u00e5 annat s\u00e4tt.<\/p>\n<h2>Diverse<\/h2>\n<p>Detta avtal kommer att styras av lagarna i USA, utan h\u00e4nvisning till regler som styr val av lagar. Du f\u00e5r inte \u00f6verl\u00e5ta detta avtal, enligt lag eller p\u00e5 annat s\u00e4tt, utan v\u00e5rt skriftliga medgivande i f\u00f6rv\u00e4g. Med f\u00f6rbeh\u00e5ll f\u00f6r den begr\u00e4nsningen kommer detta avtal att vara bindande f\u00f6r, g\u00e4lla till f\u00f6rm\u00e5n f\u00f6r och vara verkst\u00e4llbart mot parterna och deras respektive eftertr\u00e4dare och \u00f6verl\u00e5tare. V\u00e5r underl\u00e5tenhet att genomdriva ditt strikta genomf\u00f6rande av n\u00e5gon best\u00e4mmelse i detta avtal kommer inte att utg\u00f6ra ett avst\u00e5ende fr\u00e5n v\u00e5r r\u00e4tt att senare genomdriva en s\u00e5dan best\u00e4mmelse eller n\u00e5gon annan best\u00e4mmelse i detta avtal.<\/p>\n<p>Misslyckandet av <strong>Timeshare Legal Exits<\/strong> att ut\u00f6va eller uppr\u00e4tth\u00e5lla n\u00e5gon r\u00e4ttighet eller best\u00e4mmelse i anv\u00e4ndarvillkoren ska inte utg\u00f6ra ett avst\u00e5ende fr\u00e5n s\u00e5dan r\u00e4ttighet eller best\u00e4mmelse. Anv\u00e4ndarvillkoren utg\u00f6r hela avtalet mellan dig och <strong>Timeshare Legal Exits<\/strong> och styr din anv\u00e4ndning av tj\u00e4nsten och ers\u00e4tter alla tidigare avtal mellan dig och <strong>Timeshare Legal Exits<\/strong> (inklusive, men inte begr\u00e4nsat till, eventuella tidigare versioner av anv\u00e4ndarvillkoren).<\/p>","protected":false},"excerpt":{"rendered":"<p>Timeshare Legal Exits Affiliate Program Servicevillkor Genom att registrera dig f\u00f6r att vara en Affiliate i Timeshare Legal Exits Affiliate Program (\u201cProgram\u201d) samtycker du till att vara bunden av f\u00f6ljande villkor (\u201cAnv\u00e4ndarvillkor\u201d). Timeshare Legal Exits f\u00f6rbeh\u00e5ller sig r\u00e4tten att uppdatera och \u00e4ndra anv\u00e4ndarvillkoren fr\u00e5n tid till annan...<\/p>","protected":false},"author":12,"featured_media":0,"parent":0,"menu_order":0,"comment_status":"closed","ping_status":"closed","template":"","meta":{"ngg_post_thumbnail":0,"footnotes":""},"class_list":["post-1222","page","type-page","status-publish","hentry"],"yoast_head":"<!-- This site is optimized with the Yoast SEO plugin v26.8 - https:\/\/yoast.com\/product\/yoast-seo-wordpress\/ -->\n<title>Terms and Conditions - Timeshare Legal Exits<\/title>\n<meta name=\"robots\" content=\"index, follow, max-snippet:-1, max-image-preview:large, max-video-preview:-1\" \/>\n<link rel=\"canonical\" href=\"https:\/\/legalexits.com\/sv\/terms-and-conditions\/\" \/>\n<meta property=\"og:locale\" content=\"sv_SE\" \/>\n<meta property=\"og:type\" content=\"article\" \/>\n<meta property=\"og:title\" content=\"Terms and Conditions - Timeshare Legal Exits\" \/>\n<meta property=\"og:description\" content=\"Timeshare Legal Exits Affiliate Program Terms of Service Agreement By signing up to be an Affiliate in the Timeshare Legal Exits Affiliate Program (&#8220;Program&#8221;) you are agreeing to be bound by the following terms and conditions (&#8220;Terms of Service&#8221;). Timeshare Legal Exits reserves the right to update and change the Terms of Service from time...\" \/>\n<meta property=\"og:url\" content=\"https:\/\/legalexits.com\/sv\/terms-and-conditions\/\" \/>\n<meta property=\"og:site_name\" content=\"Timeshare Legal Exits\" \/>\n<meta name=\"twitter:card\" content=\"summary_large_image\" \/>\n<meta name=\"twitter:label1\" content=\"Ber\u00e4knad l\u00e4stid\" \/>\n\t<meta name=\"twitter:data1\" content=\"11 minuter\" \/>\n<script type=\"application\/ld+json\" class=\"yoast-schema-graph\">{\"@context\":\"https:\/\/schema.org\",\"@graph\":[{\"@type\":\"WebPage\",\"@id\":\"https:\/\/legalexits.com\/sv\/terms-and-conditions\/\",\"url\":\"https:\/\/legalexits.com\/sv\/terms-and-conditions\/\",\"name\":\"Terms and Conditions - Timeshare Legal Exits\",\"isPartOf\":{\"@id\":\"https:\/\/legalexits.com\/#website\"},\"datePublished\":\"2021-10-11T13:14:15+00:00\",\"breadcrumb\":{\"@id\":\"https:\/\/legalexits.com\/sv\/terms-and-conditions\/#breadcrumb\"},\"inLanguage\":\"sv-SE\",\"potentialAction\":[{\"@type\":\"ReadAction\",\"target\":[\"https:\/\/legalexits.com\/sv\/terms-and-conditions\/\"]}]},{\"@type\":\"BreadcrumbList\",\"@id\":\"https:\/\/legalexits.com\/sv\/terms-and-conditions\/#breadcrumb\",\"itemListElement\":[{\"@type\":\"ListItem\",\"position\":1,\"name\":\"Home\",\"item\":\"https:\/\/legalexits.com\/\"},{\"@type\":\"ListItem\",\"position\":2,\"name\":\"Terms and Conditions\"}]},{\"@type\":\"WebSite\",\"@id\":\"https:\/\/legalexits.com\/#website\",\"url\":\"https:\/\/legalexits.com\/\",\"name\":\"Timeshare Legal Exits\",\"description\":\"Relinquishing timeshare contracts legally\",\"potentialAction\":[{\"@type\":\"SearchAction\",\"target\":{\"@type\":\"EntryPoint\",\"urlTemplate\":\"https:\/\/legalexits.com\/?s={search_term_string}\"},\"query-input\":{\"@type\":\"PropertyValueSpecification\",\"valueRequired\":true,\"valueName\":\"search_term_string\"}}],\"inLanguage\":\"sv-SE\"}]}<\/script>\n<!-- \/ Yoast SEO plugin. -->","yoast_head_json":{"title":"Regler och villkor - Timeshare Legal Exits","robots":{"index":"index","follow":"follow","max-snippet":"max-snippet:-1","max-image-preview":"max-image-preview:large","max-video-preview":"max-video-preview:-1"},"canonical":"https:\/\/legalexits.com\/sv\/terms-and-conditions\/","og_locale":"sv_SE","og_type":"article","og_title":"Terms and Conditions - Timeshare Legal Exits","og_description":"Timeshare Legal Exits Affiliate Program Terms of Service Agreement By signing up to be an Affiliate in the Timeshare Legal Exits Affiliate Program (&#8220;Program&#8221;) you are agreeing to be bound by the following terms and conditions (&#8220;Terms of Service&#8221;). Timeshare Legal Exits reserves the right to update and change the Terms of Service from time...","og_url":"https:\/\/legalexits.com\/sv\/terms-and-conditions\/","og_site_name":"Timeshare Legal Exits","twitter_card":"summary_large_image","twitter_misc":{"Ber\u00e4knad l\u00e4stid":"11 minuter"},"schema":{"@context":"https:\/\/schema.org","@graph":[{"@type":"WebPage","@id":"https:\/\/legalexits.com\/sv\/terms-and-conditions\/","url":"https:\/\/legalexits.com\/sv\/terms-and-conditions\/","name":"Regler och villkor - Timeshare Legal Exits","isPartOf":{"@id":"https:\/\/legalexits.com\/#website"},"datePublished":"2021-10-11T13:14:15+00:00","breadcrumb":{"@id":"https:\/\/legalexits.com\/sv\/terms-and-conditions\/#breadcrumb"},"inLanguage":"sv-SE","potentialAction":[{"@type":"ReadAction","target":["https:\/\/legalexits.com\/sv\/terms-and-conditions\/"]}]},{"@type":"BreadcrumbList","@id":"https:\/\/legalexits.com\/sv\/terms-and-conditions\/#breadcrumb","itemListElement":[{"@type":"ListItem","position":1,"name":"Home","item":"https:\/\/legalexits.com\/"},{"@type":"ListItem","position":2,"name":"Terms and Conditions"}]},{"@type":"WebSite","@id":"https:\/\/legalexits.com\/#website","url":"https:\/\/legalexits.com\/","name":"Timeshare Legal Exits","description":"Att avs\u00e4ga sig tidsdelningskontrakt lagligt","potentialAction":[{"@type":"SearchAction","target":{"@type":"EntryPoint","urlTemplate":"https:\/\/legalexits.com\/?s={search_term_string}"},"query-input":{"@type":"PropertyValueSpecification","valueRequired":true,"valueName":"search_term_string"}}],"inLanguage":"sv-SE"}]}},"_links":{"self":[{"href":"https:\/\/legalexits.com\/sv\/wp-json\/wp\/v2\/pages\/1222","targetHints":{"allow":["GET"]}}],"collection":[{"href":"https:\/\/legalexits.com\/sv\/wp-json\/wp\/v2\/pages"}],"about":[{"href":"https:\/\/legalexits.com\/sv\/wp-json\/wp\/v2\/types\/page"}],"author":[{"embeddable":true,"href":"https:\/\/legalexits.com\/sv\/wp-json\/wp\/v2\/users\/12"}],"replies":[{"embeddable":true,"href":"https:\/\/legalexits.com\/sv\/wp-json\/wp\/v2\/comments?post=1222"}],"version-history":[{"count":0,"href":"https:\/\/legalexits.com\/sv\/wp-json\/wp\/v2\/pages\/1222\/revisions"}],"wp:attachment":[{"href":"https:\/\/legalexits.com\/sv\/wp-json\/wp\/v2\/media?parent=1222"}],"curies":[{"name":"wp","href":"https:\/\/api.w.org\/{rel}","templated":true}]}}