{"id":3,"date":"2021-02-26T11:29:29","date_gmt":"2021-02-26T11:29:29","guid":{"rendered":"https:\/\/legalexits.com\/?page_id=3"},"modified":"2022-02-07T16:14:59","modified_gmt":"2022-02-07T16:14:59","slug":"privacy-policy","status":"publish","type":"page","link":"https:\/\/legalexits.com\/sv\/privacy-policy\/","title":{"rendered":"Integritetspolicy"},"content":{"rendered":"<section class=\"l-section wpb_row height_custom\"><div class=\"l-section-h i-cf\"><div class=\"g-cols vc_row via_flex valign_top type_default stacking_default\"><div class=\"vc_col-sm-12 wpb_column vc_column_container\"><div class=\"vc_column-inner\"><div class=\"wpb_wrapper\"><div class=\"wpb_text_column\"><div class=\"wpb_wrapper\"><p><strong>POL\u00cdTICA DE PRIVACIDAD<\/strong><\/p>\n<p>Entidad Legal Exits Worldwide SL, est\u00e1 especialmente sensibilizado en la protecci\u00f3n de datas de car\u00e1cter personal de los\/las Usuarios\/as de los servicios del sitio Web.<\/p>\n<p>Mediante la presente Pol\u00edtica de Privacidad (o Pol\u00edtica de Protecci\u00f3n de Datos) Legal Exits Worldwide SL informa a los\/las USUARIOS\/AS del sitio web www.legalexits.com de los usos a los que se someten los data de car\u00e1cter personal que se recaban en sitio Web, con el fin de que decidan, libre y voluntariamente, si desean facilitar la informaci\u00f3n solicitada.<\/p>\n<p>Legal Exits Worldwide SL, se reserva la facultad de modificar esta Pol\u00edtica con el objeto de adaptarla a novedades legislativas, criterios jurisprudenciales, pr\u00e1cticas del sector, o intresses de la entidad. Por ello, este Aviso Legal est\u00e1 sujeto a cambios y actualizaciones por lo que la version publicada puede ser diferente en cada momento en que el\/la Usuario\/a acceda. Por tanto, el\/la Usuario\/a debe leerlo en todas y cada una de las ocasiones en que acceda.<\/p>\n<p><strong>ANSVARSFULLT<\/strong><\/p>\n<p>Ansvarig del Tratamiento de los data de car\u00e1ctos personal es el Legal Exits Worldwide SL, con direcci\u00f3n a estos efectos en Avda. Bruselas CC Fa\u00f1abe Plaza 332 \u2013 38660 \u2013 Adeje<\/p>\n<ul>\n<li>E-post: dpd@legalexits.com<\/li>\n<\/ul>\n<p><strong>FINALIDAD DEL TRATAMIENTO<\/strong><\/p>\n<p>Legal Exits Worldwide SL tratar\u00e1 los datos aportados por los\/las usuarios\/as con el fin de gestionar la solicitud que se realice por los mismos.<\/p>\n<p><strong>PRINCIPIOS DE APLICACI\u00d3N AL TRATAMIENTO DE LOS DATOS<\/strong><\/p>\n<p>En el tratamiento de los data personals ser\u00e1n de aplicaci\u00f3n los f\u00f6ljande principios:<\/p>\n<ul>\n<li>Los data personals deben ser tratados de forma l\u00edcita, leal y transparente.<\/li>\n<li>Los datos personals deben ser recogidos con fines determinados expl\u00edcitos y leg\u00edtimos.<\/li>\n<li>Los data personals deben ser adecuados, pertinentes y limitados a lo necesario en relaci\u00f3n con el tratamiento.<\/li>\n<li>Los data personals deben ser exactos y estar siempre actualizados.<\/li>\n<li>Los data personals deben mantenerse de forma que se permita la identificaci\u00f3n de los interesados durante no m\u00e1s tiempo del necesario para los fines del tratamiento.<\/li>\n<li>Los data personals deben ser tratados de tal manera que se garantice su seguridad.<\/li>\n<\/ul>\n<p><strong>LEGITIMACI\u00d3N PARA EL TRATAMIENTO DE LOS DATOS<\/strong><\/p>\n<p>Legal Exits Worldwide SL est\u00e1 legitimado al tratamiento de datas personals, en base al consentimiento otorgado por el interesado\/a mediante la firma o acceptaci\u00f3n de los pertinentes formularios y\/o documentos, para uno o diverse fines espec\u00edficos.<\/p>\n<p><strong>COMUNICACIONES DE DATOS \u2013 DESTINATARIOS<\/strong><\/p>\n<p>No habr\u00e1 cesi\u00f3n de datos personals a terceros, salvo obligaci\u00f3n legal o previa autorizaci\u00f3n del interesado\/a consintiendo de forma clara, inequ\u00edvoca y expresa. Inga habr\u00e1 transferencias internaciones de data.<\/p>\n<p>En todo caso, se comunicar\u00e1n o ceder\u00e1n data bajo petici\u00f3n, en:<\/p>\n<ul>\n<li>\u00d3rganos jurisdiccionales.<\/li>\n<li>Administracion General del Estado, de las Comunidades Aut\u00f3nomas, Local e Instituciones de car\u00e1cter p\u00fablico competentes, para el ejercicio de competencias similares o cuando as\u00ed lo establezca una ley.<\/li>\n<li>Entidades p\u00fablicas que le vengan impuestas en norma de ley.<\/li>\n<li>Cualquier otra que resulte de la normativa vigente.<\/li>\n<\/ul>\n<p><strong>PLAZO DE CONSERVACI\u00d3N<\/strong><\/p>\n<p>Dependiendo la tipolog\u00eda de datos objeto de tratamiento, con car\u00e1cter enunciativo y no limitativo, los datas personals proporcionados se conservar\u00e1n durante el plazo correspondiente para cumplir con las obligaciones legales, mientras no se oponga al tratamiento o revoque: el consentim<\/p>\n<ul>\n<li>Una vez extinguida la relaci\u00f3n kontraktuella y\/o profesional, los mantendremos bloqueados durante los plazos de precripci\u00f3n legal.<\/li>\n<\/ul>\n<p><strong>EXACTITUD DE LOS DATOS<\/strong><\/p>\n<p>Por otro lado, con el fin de que los datos obrantes en nuestros registros y ficheros, inform\u00e1ticos y\/o en papel, siempre correspondan, se tratar\u00e1 de mantener actualizados. De manera que, a estos efectos, el\/la interesado\/a deber\u00e1 comunicar cualquier cambio y\/o modificaci\u00f3n a Legal Exits Worldwide SL<\/p>\n<p><strong>DESTINATARIOS<\/strong><\/p>\n<p>Los data personals no ser\u00e1n cedidos o comunicados a terceros, salvo en los supuestos necesarios para el desarrollo, control y cumplimiento de la\/s finalidad\/es expresada\/s, en los supuestos previstos, seg\u00fan Ley.<\/p>\n<p><strong>DERECHOS DE LOS USUARIOS<\/strong><\/p>\n<p>No obstante, el\/la interesado\/a de los data personals en todo caso podr\u00e1 ejercitar los derechos que le asisten, de acuerdo con el Reglamento General de Protecci\u00f3n de Datos, y que son:<\/p>\n<ul>\n<li>Derecho de Informaci\u00f3n: tiene derecho a ser informado de forma clara ANTES de que sus datos Sean recogidos y\/o recabados, sobre aquellos que ser\u00e1n tratados, con qu\u00e9 finalidad se tratan, donde se han obtenido y\/o recabados y las posibles.<\/li>\n<li>Derecho de Acceso: para conocer qu\u00e9 datos est\u00e1n siendo tratados, con qu\u00e9 finalidad se tratan, donde se han obtenido y\/o recabados y las posibles comunicaciones.<\/li>\n<li>Derecho de Rectificaci\u00f3n: para modificar aquellos data inexactos or incompletos.<\/li>\n<li>Derecho de Cancelaci\u00f3n: para avbryta data inadecuados o excesivos.<\/li>\n<li>Derecho de Oposici\u00f3n: para evitar que se traten datos o que dejen de tratarse, aunque s\u00f3lo en los supuestos que establece la ley.<\/li>\n<li>Derecho de Limitaci\u00f3n de Tratamiento: para solicitar que se suspenda el tratamiento de datos en los supuestos que establece la ley.<\/li>\n<li>Derecho a la Portabilidad de los Datos: para poder recibir data facilitados en un formato electr\u00f3nico estructurado y de uso habitual y poder transmitirlos a otro responsable.<\/li>\n<li>Derecho a no ser Objeto de Decisiones Individualizadas: con el fin de que no se tome una decisi\u00f3n sobre sus data, que produzca efectos jur\u00eddicos o afecte al interesado\/a, basada solo en el tratamiento.<\/li>\n<\/ul>\n<p>El\/La interesado\/a podr\u00e1 ejercitar tales derechos mediante solicitud acompa\u00f1ada de una fotocopia de su DNI, a la direcci\u00f3n: Avda. Bruselas CC Fa\u00f1abe Plaza 332 \u2013 38660 \u2013 Adeje oa la direcci\u00f3n de correo electr\u00f3nico: dpd@legalexits.com<\/p>\n<p>En caso de considerar vulnerado su derecho a la protecci\u00f3n de data personals, podr\u00e1 interponer una reclamaci\u00f3n (Tutela de derechos) ante la Agencia Espa\u00f1ola de Protecci\u00f3n de Datos (www.agpd.es).<\/p>\n<p><strong>MEDIDAS DE SEGURIDAD<\/strong><\/p>\n<p>Finalmente se informa que Legal Exits Worldwide SL, adoptar\u00e1 en su system de informaci\u00f3n las medidas t\u00e9cnicas y organizativas adecuadas, dando cumplimiento al principio de responsabilidad proactiva, a fin de garantizar la seguridad y confidencialidad de los datos,, p\u00e9ra , tratamiento o acceso no autorizado; teniendo en cuenta el estado de la t\u00e9cnica, los costes de aplicaci\u00f3n, y la naturaleza, el alcance, el contexto y los fines del tratamiento, as\u00ed como riesgos de probabilidad y gravedad variabler asociadas a cada uno de los tratamiento.<\/p>\n<p><strong>MAS INFORMACI\u00d3N EN EL TRATAMIENTO DE DATOS<\/strong><\/p>\n<p>Om du \u00e4r s\u00e4ker p\u00e5 att polisen \u00e4r privat, m\u00e5ste du kontakta oss och skicka ett e-postmeddelande till dpd@legalexits.com<\/p>\n<p>Puede consultar la informaci\u00f3n adicional y detallada sobre Protecci\u00f3n de Datos en nuestra p\u00e1gina web: http:\/\/legalexits.avisolegal.info\/<\/p>\n<p>Puede consultar la NORMATIVA VIGENTE DE PROTECCI\u00d3N DE DATOS PERSONALES sv: http:\/\/normativa.avisolegal.info.<\/p>\n<\/div><\/div><\/div><\/div><\/div><\/div><\/div><\/section>","protected":false},"excerpt":{"rendered":"POL\u00cdTICA DE PRIVACIDAD Entidad Legal Exits Worldwide SL, est\u00e1 especialmente sensibilizado en la protecci\u00f3n de datas de car\u00e1cter person de los\/las Usuarios\/as de los servicios del sitio Web. Mediante la presente Pol\u00edtica de Privacidad (o Pol\u00edtica de Protecci\u00f3n de Datos) Legal Exits Worldwide SL informa a los\/las USUARIOS\/AS del sitio web www.legalexits.com de los...","protected":false},"author":12,"featured_media":0,"parent":0,"menu_order":0,"comment_status":"closed","ping_status":"open","template":"","meta":{"ngg_post_thumbnail":0,"footnotes":""},"class_list":["post-3","page","type-page","status-publish","hentry"],"yoast_head":"<!-- This site is optimized with the Yoast SEO plugin v26.8 - https:\/\/yoast.com\/product\/yoast-seo-wordpress\/ -->\n<title>Privacy Policy - Timeshare Legal Exits<\/title>\n<meta name=\"robots\" content=\"index, follow, max-snippet:-1, max-image-preview:large, max-video-preview:-1\" \/>\n<link rel=\"canonical\" href=\"https:\/\/legalexits.com\/sv\/privacy-policy\/\" \/>\n<meta property=\"og:locale\" content=\"sv_SE\" \/>\n<meta property=\"og:type\" content=\"article\" \/>\n<meta property=\"og:title\" content=\"Privacy Policy - Timeshare Legal Exits\" \/>\n<meta property=\"og:url\" content=\"https:\/\/legalexits.com\/sv\/privacy-policy\/\" \/>\n<meta property=\"og:site_name\" content=\"Timeshare Legal Exits\" \/>\n<meta property=\"article:modified_time\" content=\"2022-02-07T16:14:59+00:00\" \/>\n<meta name=\"twitter:card\" content=\"summary_large_image\" \/>\n<meta name=\"twitter:label1\" content=\"Ber\u00e4knad l\u00e4stid\" \/>\n\t<meta name=\"twitter:data1\" content=\"4 minuter\" \/>\n<script type=\"application\/ld+json\" class=\"yoast-schema-graph\">{\"@context\":\"https:\/\/schema.org\",\"@graph\":[{\"@type\":\"WebPage\",\"@id\":\"https:\/\/legalexits.com\/privacy-policy\/\",\"url\":\"https:\/\/legalexits.com\/privacy-policy\/\",\"name\":\"Privacy Policy - Timeshare Legal Exits\",\"isPartOf\":{\"@id\":\"https:\/\/legalexits.com\/#website\"},\"datePublished\":\"2021-02-26T11:29:29+00:00\",\"dateModified\":\"2022-02-07T16:14:59+00:00\",\"breadcrumb\":{\"@id\":\"https:\/\/legalexits.com\/privacy-policy\/#breadcrumb\"},\"inLanguage\":\"sv-SE\",\"potentialAction\":[{\"@type\":\"ReadAction\",\"target\":[\"https:\/\/legalexits.com\/privacy-policy\/\"]}]},{\"@type\":\"BreadcrumbList\",\"@id\":\"https:\/\/legalexits.com\/privacy-policy\/#breadcrumb\",\"itemListElement\":[{\"@type\":\"ListItem\",\"position\":1,\"name\":\"Home\",\"item\":\"https:\/\/legalexits.com\/\"},{\"@type\":\"ListItem\",\"position\":2,\"name\":\"Privacy Policy\"}]},{\"@type\":\"WebSite\",\"@id\":\"https:\/\/legalexits.com\/#website\",\"url\":\"https:\/\/legalexits.com\/\",\"name\":\"Timeshare Legal Exits\",\"description\":\"Relinquishing timeshare contracts legally\",\"potentialAction\":[{\"@type\":\"SearchAction\",\"target\":{\"@type\":\"EntryPoint\",\"urlTemplate\":\"https:\/\/legalexits.com\/?s={search_term_string}\"},\"query-input\":{\"@type\":\"PropertyValueSpecification\",\"valueRequired\":true,\"valueName\":\"search_term_string\"}}],\"inLanguage\":\"sv-SE\"}]}<\/script>\n<!-- \/ Yoast SEO plugin. -->","yoast_head_json":{"title":"Sekretesspolicy - Timeshare Legal Exits","robots":{"index":"index","follow":"follow","max-snippet":"max-snippet:-1","max-image-preview":"max-image-preview:large","max-video-preview":"max-video-preview:-1"},"canonical":"https:\/\/legalexits.com\/sv\/privacy-policy\/","og_locale":"sv_SE","og_type":"article","og_title":"Privacy Policy - Timeshare Legal Exits","og_url":"https:\/\/legalexits.com\/sv\/privacy-policy\/","og_site_name":"Timeshare Legal Exits","article_modified_time":"2022-02-07T16:14:59+00:00","twitter_card":"summary_large_image","twitter_misc":{"Ber\u00e4knad l\u00e4stid":"4 minuter"},"schema":{"@context":"https:\/\/schema.org","@graph":[{"@type":"WebPage","@id":"https:\/\/legalexits.com\/privacy-policy\/","url":"https:\/\/legalexits.com\/privacy-policy\/","name":"Sekretesspolicy - Timeshare Legal Exits","isPartOf":{"@id":"https:\/\/legalexits.com\/#website"},"datePublished":"2021-02-26T11:29:29+00:00","dateModified":"2022-02-07T16:14:59+00:00","breadcrumb":{"@id":"https:\/\/legalexits.com\/privacy-policy\/#breadcrumb"},"inLanguage":"sv-SE","potentialAction":[{"@type":"ReadAction","target":["https:\/\/legalexits.com\/privacy-policy\/"]}]},{"@type":"BreadcrumbList","@id":"https:\/\/legalexits.com\/privacy-policy\/#breadcrumb","itemListElement":[{"@type":"ListItem","position":1,"name":"Home","item":"https:\/\/legalexits.com\/"},{"@type":"ListItem","position":2,"name":"Privacy Policy"}]},{"@type":"WebSite","@id":"https:\/\/legalexits.com\/#website","url":"https:\/\/legalexits.com\/","name":"Timeshare Legal Exits","description":"Att avs\u00e4ga sig tidsdelningskontrakt lagligt","potentialAction":[{"@type":"SearchAction","target":{"@type":"EntryPoint","urlTemplate":"https:\/\/legalexits.com\/?s={search_term_string}"},"query-input":{"@type":"PropertyValueSpecification","valueRequired":true,"valueName":"search_term_string"}}],"inLanguage":"sv-SE"}]}},"_links":{"self":[{"href":"https:\/\/legalexits.com\/sv\/wp-json\/wp\/v2\/pages\/3","targetHints":{"allow":["GET"]}}],"collection":[{"href":"https:\/\/legalexits.com\/sv\/wp-json\/wp\/v2\/pages"}],"about":[{"href":"https:\/\/legalexits.com\/sv\/wp-json\/wp\/v2\/types\/page"}],"author":[{"embeddable":true,"href":"https:\/\/legalexits.com\/sv\/wp-json\/wp\/v2\/users\/12"}],"replies":[{"embeddable":true,"href":"https:\/\/legalexits.com\/sv\/wp-json\/wp\/v2\/comments?post=3"}],"version-history":[{"count":6,"href":"https:\/\/legalexits.com\/sv\/wp-json\/wp\/v2\/pages\/3\/revisions"}],"predecessor-version":[{"id":1577,"href":"https:\/\/legalexits.com\/sv\/wp-json\/wp\/v2\/pages\/3\/revisions\/1577"}],"wp:attachment":[{"href":"https:\/\/legalexits.com\/sv\/wp-json\/wp\/v2\/media?parent=3"}],"curies":[{"name":"wp","href":"https:\/\/api.w.org\/{rel}","templated":true}]}}