{"id":578,"date":"2021-03-10T11:37:29","date_gmt":"2021-03-10T11:37:29","guid":{"rendered":"https:\/\/legalexits.com\/cookie-policy-eu\/"},"modified":"2022-02-07T16:54:51","modified_gmt":"2022-02-07T16:54:51","slug":"cookie-policy-eu","status":"publish","type":"page","link":"https:\/\/legalexits.com\/sv\/cookie-policy-eu\/","title":{"rendered":"Cookiepolicy (EU)"},"content":{"rendered":"<p>POL\u00cdTICA DE COOKIES (EJEMPLO)<\/p>\n<p>&nbsp;<\/p>\n<p>&nbsp;<\/p>\n<p>\u00bfQu\u00e9 son las cookies en los ordenadores?<\/p>\n<p>Tambi\u00e9n conocidas como cookies de navegador o cookies de seguimiento, las cookies son peque\u00f1os archivos de texto, a menudo encriptados, que se ubican en los directorios del navegador. Los desarrolladores de p\u00e1ginas web los utilizan para permitir a sus usuarios navegar con m\u00e1s facilidad y desarrollar ciertas funciones. Debido a su papel central a la hora de aumentar e incluso permitir ciertos procesos de los distintos sitios web, desactivar las cookies puede hacer que los usuarios no utilicen ciertas p\u00e1ginas web.<\/p>\n<p>Las cookies se crean cuando el navegador de un usuario carga una p\u00e1gina concreta. Esta p\u00e1gina env\u00eda informaci\u00f3n al navegador, que crea entonces un archivo de texto. Cada vez que el usuario regresa a la misma p\u00e1gina, el navegador recupera este archivo y lo env\u00eda al servidor de la p\u00e1gina. La p\u00e1gina web que el usuario est\u00e1 visitando no es la \u00fanica que crea las cookies, sino que tambi\u00e9n lo hacen otras webs que desarrollan anuncios, herramientas u otros elementos presentes en la p\u00e1gina que est\u00e1 siendo cargada. Esas cookies regulan c\u00f3mo deben aparecer los anuncios o el funcionamiento de las herramientas y otros elementos de la web.<\/p>\n<p>&nbsp;<\/p>\n<p>\u00bfC\u00f3mo puedo configurar las cookies?<\/p>\n<p>La mayor\u00eda de navegadores actualmente permiten al usuario configurar si desean aceptar cookies y cu\u00e1les de ellas. Estos ajustes normalmente se encuentran en las \u2018opciones\u2019 o \u2018Preferencias\u2019 del men\u00fa de su navegador.<\/p>\n<p>Estas son las instrucciones para configurar las cookies en los principales navegadores, estas instrucciones son orientativas pudiendo ser cambiadas en cualquier momento por los responsables de los mismos:<\/p>\n<p>\u00b7 Chrome: Configuraci\u00f3n -&gt; Mostrar opciones avanzadas -&gt; Privacidad -&gt; Configuraci\u00f3n de contenido. Para m\u00e1s informaci\u00f3n, puede consultar el soporte de Google o la Ayuda del navegador.<\/p>\n<p>\u00b7 Firefox: Herramientas -&gt; Opciones -&gt; Privacidad -&gt; Historial -&gt; Configuraci\u00f3n Personalizada. Para m\u00e1s informaci\u00f3n, puede consultar el soporte de Mozilla o la Ayuda del navegador.<\/p>\n<p>\u00b7 Internet Explorer: Herramientas -&gt; Opciones de Internet -&gt; Privacidad -&gt; Configuraci\u00f3n. Para m\u00e1s informaci\u00f3n, puede consultar el soporte de Microsoft o la Ayuda del navegador.<\/p>\n<p>\u00b7 Safari: Preferencias -&gt; Seguridad. Para m\u00e1s informaci\u00f3n, puede consultar el soporte de Apple o la Ayuda del navegador.<\/p>\n<p>&nbsp;<\/p>\n<p>\u00bfQu\u00e9 tipo de cookies se utilizan en esta web?<\/p>\n<p>MODELO EJEMPLO \u201cRequiere revisi\u00f3n y adecuaci\u00f3n a la situaci\u00f3n real de las cookies de la p\u00e1gina\u201d<\/p>\n<p>&nbsp;<\/p>\n<p>Las Cookies, en funci\u00f3n de su permanencia, pueden dividirse en Cookies de sesi\u00f3n o permanentes. Las primeras expiran cuando el usuario cierra el navegador. Las segundas expiran en funci\u00f3n cuando se cumpla el objetivo<\/p>\n<p>para el que sirven (por ejemplo, para que las p\u00e1ginas se le muestren siempre en el mismo idioma) o bien cuando se borran manualmente.<\/p>\n<p>Adicionalmente, en funci\u00f3n de su objetivo, las Cookies pueden clasificarse de la siguiente forma:<\/p>\n<p>\u00b7 Cookies t\u00e9cnicas: Son aqu\u00e9llas que permiten al usuario la navegaci\u00f3n a trav\u00e9s de una p\u00e1gina web, plataforma o aplicaci\u00f3n y la utilizaci\u00f3n de las diferentes opciones o servicios que en ella existan como, por ejemplo, controlar el tr\u00e1fico y la comunicaci\u00f3n de datos, identificar la sesi\u00f3n, acceder a partes de acceso restringido, recordar los elementos que integran un pedido, realizar el proceso de compra de un pedido, realizar la solicitud de inscripci\u00f3n o participaci\u00f3n en un evento, utilizar elementos de seguridad durante la navegaci\u00f3n, almacenar contenidos para la difusi\u00f3n de videos o sonido o compartir contenidos a trav\u00e9s de redes sociales.<\/p>\n<p>\u00b7 Cookies de personalizaci\u00f3n: Son aqu\u00e9llas que permiten al usuario acceder al servicio con algunas caracter\u00edsticas de car\u00e1cter general predefinidas en funci\u00f3n de una serie de criterios en el terminal del usuario como por ejemplo serian el idioma, el tipo de navegador a trav\u00e9s del cual accede al servicio, la configuraci\u00f3n regional desde donde accede al servicio, etc.<\/p>\n<p>\u00b7 Cookies de registro: las Cookies de registro se generan una vez que el Usuario se ha registrado o posteriormente ha abierto su sesi\u00f3n, y se utilizan para identificarle en las web y servicios con los siguientes objetivos:<\/p>\n<p>o Mantener al usuario identificado de forma que, si cierra un servicio o web, el navegador o el ordenador y en otro momento u otro d\u00eda vuelve a entrar en dicho servicio o web, seguir\u00e1 identificado, facilitando as\u00ed su navegaci\u00f3n sin tener que volver a identificarse. Esta funcionalidad se puede suprimir si el usuario pulsa la funcionalidad \u201cSalir\u201d, de forma que esta Cookie se elimina y la pr\u00f3xima vez que entre en la web el usuario tendr\u00e1 que iniciar sesi\u00f3n para estar identificado.<\/p>\n<p>o Comprobar si el usuario est\u00e1 autorizado para acceder a ciertos servicios, por ejemplo, acceso a la zona de usuarios registrados.<\/p>\n<p>o Adicionalmente, algunos servicios pueden utilizar conectores de terceros tales como Facebook, Twitter o Google. Cuando el usuario se registra en un servicio con credenciales de una red social o sistema de identificaci\u00f3n de terceros, autoriza al mismo a guardar una cookie persistente que recuerda su identidad y le garantiza acceso a la web hasta que expira. El usuario puede borrar esta cookie y revocar el acceso a la web mediante redes sociales o sistema de identificaci\u00f3n de terceros actualizando sus preferencias en la red social que espec\u00edfica.<\/p>\n<p>\u00b7 Cookies de anal\u00edtica: Cada vez que un Usuario visita una Web o Servicio, una herramienta de un proveedor externo (Google Analytics y similares) genera una cookie anal\u00edtica en el dispositivo del usuario. Esta cookie que s\u00f3lo se genera en la visita, servir\u00e1 en pr\u00f3ximas visitas para identificar de forma an\u00f3nima al visitante. Los objetivos principales que se persiguen son:<\/p>\n<p>o Permitir la identificaci\u00f3n an\u00f3nima de los usuarios navegantes a trav\u00e9s de la \u201cCookie\u201d (identifica navegadores y dispositivos, no personas) y por lo tanto la contabilizaci\u00f3n aproximada del n\u00famero de visitantes y su tendencia en el tiempo.<\/p>\n<p>o Identificar de forma an\u00f3nima los contenidos m\u00e1s visitados y por lo tanto m\u00e1s atractivos para los usuarios<\/p>\n<p>o Saber si el usuario que est\u00e1 accediendo es nuevo o repite visita.<\/p>\n<p>&nbsp;<\/p>\n<p>&nbsp;<\/p>\n<p>Declaraci\u00f3n de cookies<\/p>\n<p>MODELO EJEMPLO \u201cRequiere revisi\u00f3n y adecuaci\u00f3n a la situaci\u00f3n real de las cookies de la p\u00e1gina\u201d<\/p>\n<p>&nbsp;<\/p>\n<p>INFO &#8211; COOKIES NECESARIAS<\/p>\n<p>CANTIDAD &#8211; 22 Las cookies necesarias ayudan a hacer una p\u00e1gina web utilizable activando funciones b\u00e1sicas como la navegaci\u00f3n en la p\u00e1gina y el acceso a \u00e1reas seguras de la p\u00e1gina web. La p\u00e1gina web no puede funcionar adecuadamente sin estas cookies.<\/p>\n<p>Nombre Proveedor Prop\u00f3sito Caducidad Tipo<\/p>\n<p>__cfduid [x5] cookiebot.zendesk.com static.zdassets.com assets.zendesk.com p14.zdassets.com support.cookiebot.com Utilizada por la red de contenido, Cloudflare, para identificar tr\u00e1fico web de confianza. 1 a\u00f1o HTTP Cookie<\/p>\n<p>__cfruid support.cookiebot.com Pendiente Session HTTP Cookie<\/p>\n<p>_gh_sess gist.github.com Conserva los estados de los usuarios en todas las peticiones de la p\u00e1gina. Session HTTP Cookie<\/p>\n<p>_help_center_session support.cookiebot.com Conserva los estados de los usuarios en todas las peticiones de la p\u00e1gina. Session HTTP Cookie<\/p>\n<p>_zendesk_session cookiebot.zendesk.com Conserva los estados de los usuarios en todas las peticiones de la p\u00e1gina. Session HTTP Cookie<\/p>\n<p>_zendesk_shared_session<\/p>\n[x2] cookiebot.zendesk.com support.cookiebot.com Conserva los estados de los usuarios en todas las peticiones de la p\u00e1gina. Session HTTP Cookie<\/p>\n<p>_zendesk_thirdparty_test cookiebot.zendesk.com Comprueba si el navegador del usuario del sitio web permite cookies de terceros. Session HTTP Cookie<\/p>\n<p>ARRAffinity cybot.com Utilizada para distribuir el tr\u00e1fico al sitio web en varios servidores para optimizar los tiempos de respuesta. Session HTTP Cookie<\/p>\n<p>ASP.NET_SessionId [x2] cookiebot.com manage.cookiebot.com Conserva los estados de los usuarios en todas las peticiones de la p\u00e1gina. Session HTTP Cookie<\/p>\n<p>ASPXAUTH cookiebot.com Identifica al usuario y permite la autenticaci\u00f3n con el servidor Session HTTP Cookie<\/p>\n<p>CookieConsent [x4] cookiebot.com manage.cookiebot.com support.cookiebot.com cybot.com Almacena el estado de consentimiento de cookies del usuario para el dominio actual 1 a\u00f1o HTTP Cookie<\/p>\n<p>has_recent_activity gist.github.com Se utiliza para indicar al repositorio de c\u00f3digo GitHub si el usuario ha navegado por otros recursos de GitHub durante la sesi\u00f3n actual. 1 d\u00eda HTTP Cookie<\/p>\n<p>ZD-suid cookiebot.com Unique id that identifies the user\u2019s session. Persistent HTML Local Storage<\/p>\n<p>&nbsp;<\/p>\n<p>&nbsp;<\/p>\n<p>INFO &#8211; PREFERENCIAS<\/p>\n<p>CANTIDAD \u2013 6 Las cookies de preferencias permiten a la p\u00e1gina web recordar informaci\u00f3n que cambia la forma en que la p\u00e1gina se comporta o el aspecto que tiene, como su idioma preferido o la regi\u00f3n en la que usted se encuentra.<\/p>\n<p>Nombre Proveedor Prop\u00f3sito Caducidad Tipo<\/p>\n<p>CookieConsentBulkSetting-<\/p>\n<p># consentcdn.cookiebot.com Habilita los permisos para almacenar cookies en m\u00faltiples p\u00e1ginas web Persistent HTML Local Storage<\/p>\n<p>CookieConsentBulkTicket cookiebot.com Habilita los permisos para almacenar cookies en m\u00faltiples p\u00e1ginas web 1 a\u00f1o HTTP Cookie<\/p>\n<p>userlang [x2] cookiebot.com manage.cookiebot.com Recuerda el idioma seleccionado por un usuario con el que visualizar una p\u00e1gina web 1 a\u00f1o HTTP Cookie<\/p>\n<p>ZD-settings cookiebot.com Arbitrary and anonymous settings for the user&#8217;s preferences when browsing a Zendesk knowledge base. Persistent HTML Local Storage<\/p>\n<p>ZD-store cookiebot.com Registra si el asistente de autoservicio Zendesk Answer Bot se ha mostrado al usuario del sitio web. Persistent HTML Local Storage<\/p>\n<p>&nbsp;<\/p>\n<p>INFO &#8211; ESTAD\u00cdSTICAS<\/p>\n<p>CANTIDAD \u2013 11 Las cookies estad\u00edsticas ayudan a los propietarios de p\u00e1ginas web a comprender c\u00f3mo interact\u00faan los visitantes con las p\u00e1ginas web reuniendo y proporcionando informaci\u00f3n de forma an\u00f3nima.<\/p>\n<p>Nombre Proveedor Prop\u00f3sito Caducidad Tipo<\/p>\n<p>_ga [x3] cookiebot.com manage.cookiebot.com cybot.com Registra una identificaci\u00f3n \u00fanica que se utiliza para generar datos estad\u00edsticos acerca de c\u00f3mo utiliza el visitante el sitio web. 2 a\u00f1os HTTP Cookie<\/p>\n<p>_gat cybot.com Utilizado por Google Analytics 1 d\u00eda HTTP Cookie<\/p>\n<p>CANTIDAD \u2013 11 Las cookies estad\u00edsticas ayudan a los propietarios de p\u00e1ginas web a comprender c\u00f3mo interact\u00faan los visitantes con las p\u00e1ginas web reuniendo y proporcionando informaci\u00f3n de forma an\u00f3nima.<\/p>\n<p>Nombre Proveedor Prop\u00f3sito Caducidad Tipo para controlar la tasa de peticiones<\/p>\n<p>_gid [x3] cookiebot.com manage.cookiebot.com cybot.com Registra una identificaci\u00f3n \u00fanica que se utiliza para generar datos estad\u00edsticos acerca de c\u00f3mo utiliza el visitante el sitio web. 1 d\u00eda HTTP Cookie<\/p>\n<p>collect google-analytics.com Used to send data to Google Analytics about the visitor&#8217;s device and behaviour. Tracks the visitor across devices and marketing channels. Session Pixel Tracker<\/p>\n<p>hc:da39a3ee5e6b4b0d3255bfef95601890afd80709:recentl<\/p>\n<p>y_visited_articles support.cookiebot.com Pendiente Persistent HTML Local Storage<\/p>\n<p>ZD-buid cookiebot.com Unique id that identifies the user on recurring visits. Persistent HTML Local Storage<\/p>\n<p>ZD-currentTime cookiebot.com Registers the date and time for the user&#8217;s latest visit to the website. Session HTML Local Storage<\/p>\n<p>&nbsp;<\/p>\n<p>&nbsp;<\/p>\n<p>INFO &#8211; MARKETING<\/p>\n<p>CANTIDAD \u2013 24 Las cookies de marketing se utilizan para rastrear a los visitantes en las p\u00e1ginas web. La intenci\u00f3n es mostrar anuncios relevantes y atractivos para el usuario individual, y por lo tanto, m\u00e1s valiosos para los editores y terceros anunciantes.<\/p>\n<p>Nombre Proveedor Prop\u00f3sito Caducidad Tipo<\/p>\n<p>_fbp cookiebot.com Utilizada por Facebook para proporcionar una serie de productos publicitarios como pujas en tiempo real de terceros anunciantes. 1 d\u00eda HTTP Cookie<\/p>\n<p>fr facebook.com Utilizada por Facebook para proporcionar una serie de productos publicitarios como pujas en tiempo real de terceros anunciantes. 3 meses HTTP Cookie<\/p>\n<p>GPS youtube.com Registra una identificaci\u00f3n \u00fanica en dispositivos m\u00f3viles para permitir el seguimiento seg\u00fan la ubicaci\u00f3n geogr\u00e1fica por GPS. 1 d\u00eda HTTP Cookie<\/p>\n<p>IDE doubleclick.net Utilizada por Google DoubleClick para registrar e informar sobre las acciones del usuario en el sitio web tras visualizar o hacer clic en uno de los anuncios del anunciante con el prop\u00f3sito de medir la eficacia de un anuncio y presentar anuncios espec\u00edficos para el usuario. 1 a\u00f1o HTTP Cookie<\/p>\n<p>pagead\/1p-user-list\/# google.com Pendiente Session Pixel Tracker<\/p>\n<p>PREF youtube.com Registra una identificaci\u00f3n \u00fanica que utiliza Google para mantener estad\u00edsticas sobre c\u00f3mo utiliza el visitante los v\u00eddeos de YouTube en sitios web diferentes. 8 meses HTTP Cookie<\/p>\n<p>test_cookie doubleclick.net Utilizada para comprobar si el navegador del usuario admite cookies. 1 d\u00eda HTTP Cookie<\/p>\n<p>tr facebook.com Utilizada por Facebook para proporcionar una serie de productos publicitarios como pujas en tiempo real de terceros anunciantes. Session Pixel Tracker<\/p>\n<p>VISITOR_INFO1_LIVE youtube.com Intenta calcular el ancho de banda del usuario en p\u00e1ginas con v\u00eddeos de YouTube integrados. 179 d\u00edas HTTP Cookie<\/p>\n<p>YSC youtube.com Registra una identificaci\u00f3n \u00fanica para mantener estad\u00edsticas de qu\u00e9 v\u00eddeos de YouTube ha visto el usuario. Session HTTP Cookie<\/p>\n<p>yt.innertube::nextId youtube.com Registra una identificaci\u00f3n \u00fanica para mantener estad\u00edsticas de qu\u00e9 v\u00eddeos de YouTube ha visto el usuario. Persistent HTML Local Storage<\/p>\n<p>yt.innertube::requests youtube.com Registra una identificaci\u00f3n \u00fanica para mantener estad\u00edsticas de qu\u00e9 v\u00eddeos de YouTube ha visto el usuario. Persistent HTML Local Storage<\/p>\n<p>yt-remote-cast-installed<\/p>\n[x2] youtube.com youtube-nocookie.com Registra las preferencias del reproductor de v\u00eddeo del usuario al ver v\u00eddeos incrustados de YouTube Session HTML Local Storage<\/p>\n<p>yt-remote-connected-<\/p>\n<p>devices [x2] youtube.com youtube-Registra las preferencias del reproductor de v\u00eddeo del usuario al ver Persistent HTML Local<\/p>\n<p>CANTIDAD \u2013 24 Las cookies de marketing se utilizan para rastrear a los visitantes en las p\u00e1ginas web. La intenci\u00f3n es mostrar anuncios relevantes y atractivos para el usuario individual, y por lo tanto, m\u00e1s valiosos para los editores y terceros anunciantes.<\/p>\n<p>Nombre Proveedor Prop\u00f3sito Caducidad Tipo nocookie.com v\u00eddeos incrustados de YouTube Storage<\/p>\n<p>yt-remote-device-id [x2] youtube.com youtube-nocookie.com Registra las preferencias del reproductor de v\u00eddeo del usuario al ver v\u00eddeos incrustados de YouTube Persistent HTML Local Storage<\/p>\n<p>yt-remote-fast-check-<\/p>\n<p>period [x2] youtube.com youtube-nocookie.com Registra las preferencias del reproductor de v\u00eddeo del usuario al ver v\u00eddeos incrustados de YouTube Session HTML Local Storage<\/p>\n<p>yt-remote-session-app<\/p>\n[x2] youtube.com youtube-nocookie.com Registra las preferencias del reproductor de v\u00eddeo del usuario al ver v\u00eddeos incrustados de YouTube Session HTML Local Storage<\/p>\n<p>yt-remote-session-name<\/p>\n[x2] youtube.com youtube-nocookie.com Registra las preferencias del reproductor de v\u00eddeo del usuario al ver v\u00eddeos incrustados de YouTube Session HTML Local Storage<\/p>\n\n","protected":false},"excerpt":{"rendered":"<p>POL\u00cdTICA DE COOKIES (EJEMPLO) \u00bfQu\u00e9 son las cookies en los ordenadores? Tambi\u00e9n conocidas como cookies de navegador o cookies de seguimiento, las cookies son peque\u00f1os archivos de texto, en menudo encriptados, que se ubican en los directorios del navegador. Los desarrolladores de paginas web los utilizan para permitir a sus usuarios navegar con...<\/p>","protected":false},"author":12,"featured_media":0,"parent":0,"menu_order":0,"comment_status":"closed","ping_status":"closed","template":"","meta":{"ngg_post_thumbnail":0,"footnotes":""},"class_list":["post-578","page","type-page","status-publish","hentry"],"yoast_head":"<!-- This site is optimized with the Yoast SEO plugin v26.8 - https:\/\/yoast.com\/product\/yoast-seo-wordpress\/ -->\n<title>Cookie Policy (EU) - Timeshare Legal Exits<\/title>\n<meta name=\"robots\" content=\"index, follow, max-snippet:-1, max-image-preview:large, max-video-preview:-1\" \/>\n<link rel=\"canonical\" href=\"https:\/\/legalexits.com\/sv\/cookie-policy-eu\/\" \/>\n<meta property=\"og:locale\" content=\"sv_SE\" \/>\n<meta property=\"og:type\" content=\"article\" \/>\n<meta property=\"og:title\" content=\"Cookie Policy (EU) - Timeshare Legal Exits\" \/>\n<meta property=\"og:description\" content=\"POL\u00cdTICA DE COOKIES (EJEMPLO) &nbsp; &nbsp; \u00bfQu\u00e9 son las cookies en los ordenadores? Tambi\u00e9n conocidas como cookies de navegador o cookies de seguimiento, las cookies son peque\u00f1os archivos de texto, a menudo encriptados, que se ubican en los directorios del navegador. Los desarrolladores de p\u00e1ginas web los utilizan para permitir a sus usuarios navegar con...\" \/>\n<meta property=\"og:url\" content=\"https:\/\/legalexits.com\/sv\/cookie-policy-eu\/\" \/>\n<meta property=\"og:site_name\" content=\"Timeshare Legal Exits\" \/>\n<meta property=\"article:modified_time\" content=\"2022-02-07T16:54:51+00:00\" \/>\n<meta name=\"twitter:card\" content=\"summary_large_image\" \/>\n<meta name=\"twitter:label1\" content=\"Ber\u00e4knad l\u00e4stid\" \/>\n\t<meta name=\"twitter:data1\" content=\"12 minuter\" \/>\n<script type=\"application\/ld+json\" class=\"yoast-schema-graph\">{\"@context\":\"https:\/\/schema.org\",\"@graph\":[{\"@type\":\"WebPage\",\"@id\":\"https:\/\/legalexits.com\/cookie-policy-eu\/\",\"url\":\"https:\/\/legalexits.com\/cookie-policy-eu\/\",\"name\":\"Cookie Policy (EU) - Timeshare Legal Exits\",\"isPartOf\":{\"@id\":\"https:\/\/legalexits.com\/#website\"},\"datePublished\":\"2021-03-10T11:37:29+00:00\",\"dateModified\":\"2022-02-07T16:54:51+00:00\",\"breadcrumb\":{\"@id\":\"https:\/\/legalexits.com\/cookie-policy-eu\/#breadcrumb\"},\"inLanguage\":\"sv-SE\",\"potentialAction\":[{\"@type\":\"ReadAction\",\"target\":[\"https:\/\/legalexits.com\/cookie-policy-eu\/\"]}]},{\"@type\":\"BreadcrumbList\",\"@id\":\"https:\/\/legalexits.com\/cookie-policy-eu\/#breadcrumb\",\"itemListElement\":[{\"@type\":\"ListItem\",\"position\":1,\"name\":\"Home\",\"item\":\"https:\/\/legalexits.com\/\"},{\"@type\":\"ListItem\",\"position\":2,\"name\":\"Cookie Policy (EU)\"}]},{\"@type\":\"WebSite\",\"@id\":\"https:\/\/legalexits.com\/#website\",\"url\":\"https:\/\/legalexits.com\/\",\"name\":\"Timeshare Legal Exits\",\"description\":\"Relinquishing timeshare contracts legally\",\"potentialAction\":[{\"@type\":\"SearchAction\",\"target\":{\"@type\":\"EntryPoint\",\"urlTemplate\":\"https:\/\/legalexits.com\/?s={search_term_string}\"},\"query-input\":{\"@type\":\"PropertyValueSpecification\",\"valueRequired\":true,\"valueName\":\"search_term_string\"}}],\"inLanguage\":\"sv-SE\"}]}<\/script>\n<!-- \/ Yoast SEO plugin. -->","yoast_head_json":{"title":"Cookiepolicy (EU) - Timeshare Legal Exits","robots":{"index":"index","follow":"follow","max-snippet":"max-snippet:-1","max-image-preview":"max-image-preview:large","max-video-preview":"max-video-preview:-1"},"canonical":"https:\/\/legalexits.com\/sv\/cookie-policy-eu\/","og_locale":"sv_SE","og_type":"article","og_title":"Cookie Policy (EU) - Timeshare Legal Exits","og_description":"POL\u00cdTICA DE COOKIES (EJEMPLO) &nbsp; &nbsp; \u00bfQu\u00e9 son las cookies en los ordenadores? Tambi\u00e9n conocidas como cookies de navegador o cookies de seguimiento, las cookies son peque\u00f1os archivos de texto, a menudo encriptados, que se ubican en los directorios del navegador. Los desarrolladores de p\u00e1ginas web los utilizan para permitir a sus usuarios navegar con...","og_url":"https:\/\/legalexits.com\/sv\/cookie-policy-eu\/","og_site_name":"Timeshare Legal Exits","article_modified_time":"2022-02-07T16:54:51+00:00","twitter_card":"summary_large_image","twitter_misc":{"Ber\u00e4knad l\u00e4stid":"12 minuter"},"schema":{"@context":"https:\/\/schema.org","@graph":[{"@type":"WebPage","@id":"https:\/\/legalexits.com\/cookie-policy-eu\/","url":"https:\/\/legalexits.com\/cookie-policy-eu\/","name":"Cookiepolicy (EU) - Timeshare Legal Exits","isPartOf":{"@id":"https:\/\/legalexits.com\/#website"},"datePublished":"2021-03-10T11:37:29+00:00","dateModified":"2022-02-07T16:54:51+00:00","breadcrumb":{"@id":"https:\/\/legalexits.com\/cookie-policy-eu\/#breadcrumb"},"inLanguage":"sv-SE","potentialAction":[{"@type":"ReadAction","target":["https:\/\/legalexits.com\/cookie-policy-eu\/"]}]},{"@type":"BreadcrumbList","@id":"https:\/\/legalexits.com\/cookie-policy-eu\/#breadcrumb","itemListElement":[{"@type":"ListItem","position":1,"name":"Home","item":"https:\/\/legalexits.com\/"},{"@type":"ListItem","position":2,"name":"Cookie Policy (EU)"}]},{"@type":"WebSite","@id":"https:\/\/legalexits.com\/#website","url":"https:\/\/legalexits.com\/","name":"Timeshare Legal Exits","description":"Att avs\u00e4ga sig tidsdelningskontrakt lagligt","potentialAction":[{"@type":"SearchAction","target":{"@type":"EntryPoint","urlTemplate":"https:\/\/legalexits.com\/?s={search_term_string}"},"query-input":{"@type":"PropertyValueSpecification","valueRequired":true,"valueName":"search_term_string"}}],"inLanguage":"sv-SE"}]}},"_links":{"self":[{"href":"https:\/\/legalexits.com\/sv\/wp-json\/wp\/v2\/pages\/578","targetHints":{"allow":["GET"]}}],"collection":[{"href":"https:\/\/legalexits.com\/sv\/wp-json\/wp\/v2\/pages"}],"about":[{"href":"https:\/\/legalexits.com\/sv\/wp-json\/wp\/v2\/types\/page"}],"author":[{"embeddable":true,"href":"https:\/\/legalexits.com\/sv\/wp-json\/wp\/v2\/users\/12"}],"replies":[{"embeddable":true,"href":"https:\/\/legalexits.com\/sv\/wp-json\/wp\/v2\/comments?post=578"}],"version-history":[{"count":3,"href":"https:\/\/legalexits.com\/sv\/wp-json\/wp\/v2\/pages\/578\/revisions"}],"predecessor-version":[{"id":924,"href":"https:\/\/legalexits.com\/sv\/wp-json\/wp\/v2\/pages\/578\/revisions\/924"}],"wp:attachment":[{"href":"https:\/\/legalexits.com\/sv\/wp-json\/wp\/v2\/media?parent=578"}],"curies":[{"name":"wp","href":"https:\/\/api.w.org\/{rel}","templated":true}]}}