{"id":654,"date":"2021-04-07T11:33:17","date_gmt":"2021-04-07T11:33:17","guid":{"rendered":"https:\/\/legalexits.com\/?page_id=654"},"modified":"2021-09-30T14:14:48","modified_gmt":"2021-09-30T14:14:48","slug":"proteccion-de-datos","status":"publish","type":"page","link":"https:\/\/legalexits.com\/sv\/proteccion-de-datos\/","title":{"rendered":"Dataskydd"},"content":{"rendered":"<section class=\"l-section wpb_row height_custom\"><div class=\"l-section-h i-cf\"><div class=\"g-cols vc_row via_flex valign_top type_default stacking_default\"><div class=\"vc_col-sm-12 wpb_column vc_column_container\"><div class=\"vc_column-inner\"><div class=\"wpb_wrapper\"><div class=\"wpb_text_column\"><div class=\"wpb_wrapper\"><p><strong><em>Dataskydd<\/em><\/strong><\/p>\n<p><em>&nbsp;<\/em><\/p>\n<p><em>Genom att markera rutan accepterar du dataskyddsprincipen.<\/em><\/p>\n<p><em>I enlighet med g\u00e4llande regler om skydd av personuppgifter informerar vi dig om att de uppgifter som tillhandah\u00e5lls i formul\u00e4ret samt din e-postadress ing\u00e5r i databasen f\u00f6r Viking Real Estate &amp; Consultants S.L.U.<\/em><\/p>\n<p><em>Syftet \u00e4r f\u00f6r intern, professionell, kommersiell ledning och lojalitet, samt att svara p\u00e5 fr\u00e5gan \/ de som tas upp. P\u00e5 samma s\u00e4tt lagras ditt e-postkonto f\u00f6r att skicka information om v\u00e5r aktivitet. <\/em><\/p>\n<p><em>Ditt e-postkonto kommer att beh\u00e5llas p\u00e5 obest\u00e4md tid s\u00e5 l\u00e4nge du inte beg\u00e4r att det tas bort.<\/em><\/p>\n<p><em>Om du inte vill f\u00e5 mer information senare om v\u00e5ra produkter eller tj\u00e4nster kan du avsluta prenumerationen p\u00e5 f\u00f6ljande e-postadress dpd@viking-realestate.com, som anger i \u00e4mnet \"avsluta prenumeration\" eller \"skicka inte e-post\", eller f\u00f6lja instruktionerna vid foten av det mottagna e-postmeddelandet eller i det mottagna formatet.<\/em><\/p>\n<p><em>Du kan l\u00e4sa den ytterligare och detaljerade informationen om dataskydd p\u00e5 v\u00e5r webbplats: <\/em><a href=\"http:\/\/vikingrealestates.avisolegal.info\/\"><em>http:\/\/vikingrealestates.avisolegal.info\/<\/em><\/a><em>. <\/em><\/p>\n<\/div><\/div><\/div><\/div><\/div><\/div><\/div><\/section>","protected":false},"excerpt":{"rendered":"Dataskydd Genom att markera rutan accepterar du dataskyddspolicyn. I enlighet med g\u00e4llande regler om skydd av personuppgifter informerar vi dig om att de uppgifter som l\u00e4mnas i formul\u00e4ret samt din e-postadress \u00e4r en del av databasen f\u00f6r Viking Real Estate &amp; Consultants SLU. Syftet...","protected":false},"author":12,"featured_media":0,"parent":0,"menu_order":0,"comment_status":"closed","ping_status":"closed","template":"","meta":{"ngg_post_thumbnail":0,"footnotes":""},"class_list":["post-654","page","type-page","status-publish","hentry"],"yoast_head":"<!-- This site is optimized with the Yoast SEO plugin v26.8 - https:\/\/yoast.com\/product\/yoast-seo-wordpress\/ -->\n<title>Data Protection - Timeshare Legal Exits<\/title>\n<meta name=\"robots\" content=\"index, follow, max-snippet:-1, max-image-preview:large, max-video-preview:-1\" \/>\n<link rel=\"canonical\" href=\"https:\/\/legalexits.com\/sv\/proteccion-de-datos\/\" \/>\n<meta property=\"og:locale\" content=\"sv_SE\" \/>\n<meta property=\"og:type\" content=\"article\" \/>\n<meta property=\"og:title\" content=\"Data Protection - Timeshare Legal Exits\" \/>\n<meta property=\"og:url\" content=\"https:\/\/legalexits.com\/sv\/proteccion-de-datos\/\" \/>\n<meta property=\"og:site_name\" content=\"Timeshare Legal Exits\" \/>\n<meta property=\"article:modified_time\" content=\"2021-09-30T14:14:48+00:00\" \/>\n<meta name=\"twitter:card\" content=\"summary_large_image\" \/>\n<meta name=\"twitter:label1\" content=\"Ber\u00e4knad l\u00e4stid\" \/>\n\t<meta name=\"twitter:data1\" content=\"1 minut\" \/>\n<script type=\"application\/ld+json\" class=\"yoast-schema-graph\">{\"@context\":\"https:\/\/schema.org\",\"@graph\":[{\"@type\":\"WebPage\",\"@id\":\"https:\/\/legalexits.com\/es\/proteccion-de-datos\/\",\"url\":\"https:\/\/legalexits.com\/es\/proteccion-de-datos\/\",\"name\":\"Data Protection - Timeshare Legal Exits\",\"isPartOf\":{\"@id\":\"https:\/\/legalexits.com\/#website\"},\"datePublished\":\"2021-04-07T11:33:17+00:00\",\"dateModified\":\"2021-09-30T14:14:48+00:00\",\"breadcrumb\":{\"@id\":\"https:\/\/legalexits.com\/es\/proteccion-de-datos\/#breadcrumb\"},\"inLanguage\":\"sv-SE\",\"potentialAction\":[{\"@type\":\"ReadAction\",\"target\":[\"https:\/\/legalexits.com\/es\/proteccion-de-datos\/\"]}]},{\"@type\":\"BreadcrumbList\",\"@id\":\"https:\/\/legalexits.com\/es\/proteccion-de-datos\/#breadcrumb\",\"itemListElement\":[{\"@type\":\"ListItem\",\"position\":1,\"name\":\"Home\",\"item\":\"https:\/\/legalexits.com\/\"},{\"@type\":\"ListItem\",\"position\":2,\"name\":\"Data Protection\"}]},{\"@type\":\"WebSite\",\"@id\":\"https:\/\/legalexits.com\/#website\",\"url\":\"https:\/\/legalexits.com\/\",\"name\":\"Timeshare Legal Exits\",\"description\":\"Relinquishing timeshare contracts legally\",\"potentialAction\":[{\"@type\":\"SearchAction\",\"target\":{\"@type\":\"EntryPoint\",\"urlTemplate\":\"https:\/\/legalexits.com\/?s={search_term_string}\"},\"query-input\":{\"@type\":\"PropertyValueSpecification\",\"valueRequired\":true,\"valueName\":\"search_term_string\"}}],\"inLanguage\":\"sv-SE\"}]}<\/script>\n<!-- \/ Yoast SEO plugin. -->","yoast_head_json":{"title":"Dataskydd - Timeshare Legal Exits","robots":{"index":"index","follow":"follow","max-snippet":"max-snippet:-1","max-image-preview":"max-image-preview:large","max-video-preview":"max-video-preview:-1"},"canonical":"https:\/\/legalexits.com\/sv\/proteccion-de-datos\/","og_locale":"sv_SE","og_type":"article","og_title":"Data Protection - Timeshare Legal Exits","og_url":"https:\/\/legalexits.com\/sv\/proteccion-de-datos\/","og_site_name":"Timeshare Legal Exits","article_modified_time":"2021-09-30T14:14:48+00:00","twitter_card":"summary_large_image","twitter_misc":{"Ber\u00e4knad l\u00e4stid":"1 minut"},"schema":{"@context":"https:\/\/schema.org","@graph":[{"@type":"WebPage","@id":"https:\/\/legalexits.com\/es\/proteccion-de-datos\/","url":"https:\/\/legalexits.com\/es\/proteccion-de-datos\/","name":"Dataskydd - Timeshare Legal Exits","isPartOf":{"@id":"https:\/\/legalexits.com\/#website"},"datePublished":"2021-04-07T11:33:17+00:00","dateModified":"2021-09-30T14:14:48+00:00","breadcrumb":{"@id":"https:\/\/legalexits.com\/es\/proteccion-de-datos\/#breadcrumb"},"inLanguage":"sv-SE","potentialAction":[{"@type":"ReadAction","target":["https:\/\/legalexits.com\/es\/proteccion-de-datos\/"]}]},{"@type":"BreadcrumbList","@id":"https:\/\/legalexits.com\/es\/proteccion-de-datos\/#breadcrumb","itemListElement":[{"@type":"ListItem","position":1,"name":"Home","item":"https:\/\/legalexits.com\/"},{"@type":"ListItem","position":2,"name":"Data Protection"}]},{"@type":"WebSite","@id":"https:\/\/legalexits.com\/#website","url":"https:\/\/legalexits.com\/","name":"Timeshare Legal Exits","description":"Att avs\u00e4ga sig tidsdelningskontrakt lagligt","potentialAction":[{"@type":"SearchAction","target":{"@type":"EntryPoint","urlTemplate":"https:\/\/legalexits.com\/?s={search_term_string}"},"query-input":{"@type":"PropertyValueSpecification","valueRequired":true,"valueName":"search_term_string"}}],"inLanguage":"sv-SE"}]}},"_links":{"self":[{"href":"https:\/\/legalexits.com\/sv\/wp-json\/wp\/v2\/pages\/654","targetHints":{"allow":["GET"]}}],"collection":[{"href":"https:\/\/legalexits.com\/sv\/wp-json\/wp\/v2\/pages"}],"about":[{"href":"https:\/\/legalexits.com\/sv\/wp-json\/wp\/v2\/types\/page"}],"author":[{"embeddable":true,"href":"https:\/\/legalexits.com\/sv\/wp-json\/wp\/v2\/users\/12"}],"replies":[{"embeddable":true,"href":"https:\/\/legalexits.com\/sv\/wp-json\/wp\/v2\/comments?post=654"}],"version-history":[{"count":6,"href":"https:\/\/legalexits.com\/sv\/wp-json\/wp\/v2\/pages\/654\/revisions"}],"predecessor-version":[{"id":1894,"href":"https:\/\/legalexits.com\/sv\/wp-json\/wp\/v2\/pages\/654\/revisions\/1894"}],"wp:attachment":[{"href":"https:\/\/legalexits.com\/sv\/wp-json\/wp\/v2\/media?parent=654"}],"curies":[{"name":"wp","href":"https:\/\/api.w.org\/{rel}","templated":true}]}}